{"id":38101,"date":"2026-04-27T14:40:09","date_gmt":"2026-04-27T12:40:09","guid":{"rendered":"https:\/\/vinselcep.com\/?post_type=product&#038;p=38101"},"modified":"2026-04-27T19:28:14","modified_gmt":"2026-04-27T17:28:14","slug":"cintetpopup","status":"publish","type":"product","link":"https:\/\/vinselcep.com\/es\/botiga-cava-vins-enoturisme-barcelona\/enoturisme-es\/cintetpopup\/","title":{"rendered":"Pop-Up Cintet x Vins El Cep"},"content":{"rendered":"<p><em>Para cualquier otra consulta o duda relacionada con visitas contacte a <a href=\"mailto:reserva@vinselcep.com\">reserva@vinselcep.com<\/a> o env\u00ede un Whatsapp al 620246257.<br \/>\n<\/em><\/p>\n","protected":false},"excerpt":{"rendered":"<div class=\"experiencies-1\">\n<h1>DISPONIBILIDAD:<\/h1>\n<h3>VIERNES 22 DE MAYO<\/h3>\n<h2>DURACI\u00d3N:<\/h2>\n<h3>3h aproximadamente<\/h3>\n<h3>IMPRESCINDIBLE RESERVA PREVIA CON 48h DE ANTELACI\u00d3N<\/h3>\n<p><span style=\"font-size: 11.0pt; font-family: 'Century Gothic',sans-serif;\">Hay noches que no se repiten. Y esta es una de ellas.<\/span><span style=\"font-size: 11.0pt; font-family: 'Century Gothic',sans-serif;\">En Vins El Cep nos hace especial ilusi\u00f3n abrir las puertas de nuestra bodega para acoger una experiencia gastron\u00f3mica pensada para vivir, compartir y recordar.<\/span><\/p>\n<\/div>\n<div>&nbsp;<\/div>\n<div class=\"experiencies-1\"><span style=\"font-size: 11.0pt; font-family: 'Century Gothic',sans-serif;\">Para esta ocasi\u00f3n, nos acompa\u00f1a Cintet, que ha creado un men\u00fa \u00fanico, inspirado en nuestro paisaje, nuestra historia y la esencia que define cada botella que nace aqu\u00ed.<\/span><span style=\"font-size: 11.0pt; font-family: 'Century Gothic',sans-serif;\">La velada comenzar\u00e1 con una breve visita por la bodega, un recorrido \u00edntimo para entender de d\u00f3nde venimos y qu\u00e9 hay detr\u00e1s de cada vino y cada cava. <\/span><\/div>\n<div>&nbsp;<\/div>\n<div class=\"experiencies-1\"><span style=\"font-size: 11.0pt; font-family: 'Century Gothic',sans-serif;\">A partir de ah\u00ed, nos sentaremos a la mesa para dejarnos llevar.<\/span><span style=\"font-size: 11.0pt; font-family: 'Century Gothic',sans-serif;\">Plato a plato, copa a copa, el di\u00e1logo ser\u00e1 constante: cada creaci\u00f3n de Cintet encontrar\u00e1 su equilibrio con una selecci\u00f3n de nuestros vinos y cavas. Habr\u00e1 botellas especiales, algunas a\u00f1adas antiguas y dif\u00edciles de encontrar, pero tambi\u00e9n vinos actuales que nos representan hoy y que nos gusta especialmente compartir.<\/span><span style=\"font-size: 11.0pt; font-family: 'Century Gothic',sans-serif;\">Una mesa compartida, conversaciones que fluyen, gastronom\u00eda y buen beber. Sin prisas. Con sentido.<\/span><\/div>\n<div>&nbsp;<\/div>\n<div>\n<p data-start=\"55\" data-end=\"70\"><strong data-start=\"55\" data-end=\"70\">Los platos:<\/strong><\/p>\n<p data-start=\"72\" data-end=\"112\"><strong data-start=\"72\" data-end=\"112\">Versi\u00f3n de \u201cmel i mat\u00f3\u201d con focaccia<\/strong><\/p>\n<p data-start=\"114\" data-end=\"177\"><strong data-start=\"114\" data-end=\"177\">Pat\u00e9 de pato con panecillo de leche, encurtidos y mermelada<\/strong><\/p>\n<p data-start=\"179\" data-end=\"254\"><strong data-start=\"179\" data-end=\"254\">Lubina curada con salsa de fresa y t\u00e9 de jazm\u00edn, aceite de hierba luisa<\/strong><\/p>\n<p data-start=\"256\" data-end=\"348\"><strong data-start=\"256\" data-end=\"348\">Panceta de cerdo crujiente con chutney de albaricoque, ketchup de ajo negro y hoja verde<\/strong><\/p>\n<p data-start=\"350\" data-end=\"435\"><strong data-start=\"350\" data-end=\"435\">Corvina a la brasa con beurre blanc de fumet, cebolla asada y espinacas salteadas<\/strong><\/p>\n<p data-start=\"437\" data-end=\"550\"><strong data-start=\"437\" data-end=\"550\">Mousse de chocolate blanco y cardamomo con coca de panadero a la brasa, mermelada de pl\u00e1tano y sirope de caf\u00e9<\/strong><\/p>\n<\/div>\n<div>&nbsp;<\/div>\n<div class=\"experiencies-1\"><span style=\"font-size: 11.0pt; font-family: 'Century Gothic',sans-serif;\">Una experiencia que habla de territorio, de creatividad y de conexiones. De las que permanecen.<\/span><br \/>\n* Para cualquier otra consulta o duda relacionada con visitas, contactar con <a href=\"mailto:reserva@vinselcep.com\">reserva@vinselcep.com<\/a> o enviar un WhatsApp al 620246257.<\/p>\n<h4 style=\"text-align: center;\"><b>RESERVA<\/b><\/h4>\n<\/div>\n","protected":false},"featured_media":38123,"template":"","meta":{"ngg_post_thumbnail":0},"product_brand":[],"product_cat":[300],"product_tag":[],"class_list":{"0":"post-38101","1":"product","2":"type-product","3":"status-publish","4":"has-post-thumbnail","6":"product_cat-enoturisme-es","8":"first","9":"instock","10":"virtual","11":"purchasable","12":"product-type-simple"},"yoast_head":"<!-- This site is optimized with the Yoast SEO Premium plugin v26.9 (Yoast SEO v26.9) - https:\/\/yoast.com\/product\/yoast-seo-premium-wordpress\/ -->\n<title>Visita y maridaje de 5 quesos con vinos y cava. Enoturismo en Sant Sadurn\u00ed (Barcelona). | Vins el Cep<\/title>\n<meta name=\"description\" content=\"Un maridaje muy especial con una selecci\u00f3n de quesos con nuestros vinos. La actividad incluye: Visita guiada al vi\u00f1edo y a la bodega + maridaje comentado de 5 quesos con vinos y cavas.\" \/>\n<meta name=\"robots\" content=\"index, follow, max-snippet:-1, max-image-preview:large, max-video-preview:-1\" \/>\n<link rel=\"canonical\" href=\"https:\/\/vinselcep.com\/es\/botiga-cava-vins-enoturisme-barcelona\/enoturisme-es\/cintetpopup\/\" \/>\n<meta property=\"og:locale\" content=\"es_ES\" \/>\n<meta property=\"og:type\" content=\"article\" \/>\n<meta property=\"og:title\" content=\"Pop-Up Cintet x Vins El Cep\" \/>\n<meta property=\"og:description\" content=\"Un maridaje muy especial con una selecci\u00f3n de quesos con nuestros vinos. La actividad incluye: Visita guiada al vi\u00f1edo y a la bodega + maridaje comentado de 5 quesos con vinos y cavas.\" \/>\n<meta property=\"og:url\" content=\"https:\/\/vinselcep.com\/es\/botiga-cava-vins-enoturisme-barcelona\/enoturisme-es\/cintetpopup\/\" \/>\n<meta property=\"og:site_name\" content=\"Vins el Cep\" \/>\n<meta property=\"article:publisher\" content=\"https:\/\/ca-es.facebook.com\/VinselCep\/\" \/>\n<meta property=\"article:modified_time\" content=\"2026-04-27T17:28:14+00:00\" \/>\n<meta property=\"og:image\" content=\"https:\/\/vinselcep.com\/wp-content\/uploads\/2026\/04\/Copia-de-POP-UP-2_Pagina_1-e1777308065105.jpg\" \/>\n\t<meta property=\"og:image:width\" content=\"855\" \/>\n\t<meta property=\"og:image:height\" content=\"1069\" \/>\n\t<meta property=\"og:image:type\" content=\"image\/jpeg\" \/>\n<meta name=\"twitter:card\" content=\"summary_large_image\" \/>\n<meta name=\"twitter:site\" content=\"@vinselcep\" \/>\n<meta name=\"twitter:label1\" content=\"Precio\" \/>\n\t<meta name=\"twitter:data1\" content=\"&euro;85.00\" \/>\n\t<meta name=\"twitter:label2\" content=\"Disponibilidad\" \/>\n\t<meta name=\"twitter:data2\" content=\"Disponible\" \/>\n<script type=\"application\/ld+json\" class=\"yoast-schema-graph\">{\"@context\":\"https:\/\/schema.org\",\"@graph\":[{\"@type\":[\"WebPage\",\"ItemPage\"],\"@id\":\"https:\/\/vinselcep.com\/es\/botiga-cava-vins-enoturisme-barcelona\/enoturisme-es\/cintetpopup\/\",\"url\":\"https:\/\/vinselcep.com\/es\/botiga-cava-vins-enoturisme-barcelona\/enoturisme-es\/cintetpopup\/\",\"name\":\"Visita y maridaje de 5 quesos con vinos y cava. Enoturismo en Sant Sadurn\u00ed (Barcelona). | Vins el Cep\",\"isPartOf\":{\"@id\":\"https:\/\/vinselcep.com\/es\/#website\"},\"primaryImageOfPage\":{\"@id\":\"https:\/\/vinselcep.com\/es\/botiga-cava-vins-enoturisme-barcelona\/enoturisme-es\/cintetpopup\/#primaryimage\"},\"image\":{\"@id\":\"https:\/\/vinselcep.com\/es\/botiga-cava-vins-enoturisme-barcelona\/enoturisme-es\/cintetpopup\/#primaryimage\"},\"thumbnailUrl\":\"https:\/\/vinselcep.com\/wp-content\/uploads\/2026\/04\/Copia-de-POP-UP-2_Pagina_1-e1777308065105.jpg\",\"datePublished\":\"2026-04-27T12:40:09+00:00\",\"dateModified\":\"2026-04-27T17:28:14+00:00\",\"description\":\"Un maridaje muy especial con una selecci\u00f3n de quesos con nuestros vinos. La actividad incluye: Visita guiada al vi\u00f1edo y a la bodega + maridaje comentado de 5 quesos con vinos y cavas.\",\"breadcrumb\":{\"@id\":\"https:\/\/vinselcep.com\/es\/botiga-cava-vins-enoturisme-barcelona\/enoturisme-es\/cintetpopup\/#breadcrumb\"},\"inLanguage\":\"es\",\"potentialAction\":[{\"@type\":\"ReadAction\",\"target\":[\"https:\/\/vinselcep.com\/es\/botiga-cava-vins-enoturisme-barcelona\/enoturisme-es\/cintetpopup\/\"]}]},{\"@type\":\"ImageObject\",\"inLanguage\":\"es\",\"@id\":\"https:\/\/vinselcep.com\/es\/botiga-cava-vins-enoturisme-barcelona\/enoturisme-es\/cintetpopup\/#primaryimage\",\"url\":\"https:\/\/vinselcep.com\/wp-content\/uploads\/2026\/04\/Copia-de-POP-UP-2_Pagina_1-e1777308065105.jpg\",\"contentUrl\":\"https:\/\/vinselcep.com\/wp-content\/uploads\/2026\/04\/Copia-de-POP-UP-2_Pagina_1-e1777308065105.jpg\",\"width\":855,\"height\":1069},{\"@type\":\"BreadcrumbList\",\"@id\":\"https:\/\/vinselcep.com\/es\/botiga-cava-vins-enoturisme-barcelona\/enoturisme-es\/cintetpopup\/#breadcrumb\",\"itemListElement\":[{\"@type\":\"ListItem\",\"position\":1,\"name\":\"Inici\",\"item\":\"https:\/\/vinselcep.com\/es\/\"},{\"@type\":\"ListItem\",\"position\":2,\"name\":\"Comprar cava, vino y experiencias de enoturismo en el Pened\u00e8s (Barcelona)\",\"item\":\"https:\/\/vinselcep.com\/es\/tienda-cava-vinos-enoturismo-barcelona\/\"},{\"@type\":\"ListItem\",\"position\":3,\"name\":\"Pop-Up Cintet x Vins El Cep\"}]},{\"@type\":\"WebSite\",\"@id\":\"https:\/\/vinselcep.com\/es\/#website\",\"url\":\"https:\/\/vinselcep.com\/es\/\",\"name\":\"Vins el Cep\",\"description\":\"Viticultors des de 1448\",\"publisher\":{\"@id\":\"https:\/\/vinselcep.com\/es\/#organization\"},\"potentialAction\":[{\"@type\":\"SearchAction\",\"target\":{\"@type\":\"EntryPoint\",\"urlTemplate\":\"https:\/\/vinselcep.com\/es\/?s={search_term_string}\"},\"query-input\":{\"@type\":\"PropertyValueSpecification\",\"valueRequired\":true,\"valueName\":\"search_term_string\"}}],\"inLanguage\":\"es\"},{\"@type\":\"Organization\",\"@id\":\"https:\/\/vinselcep.com\/es\/#organization\",\"name\":\"Vins el Cep\",\"url\":\"https:\/\/vinselcep.com\/es\/\",\"logo\":{\"@type\":\"ImageObject\",\"inLanguage\":\"es\",\"@id\":\"https:\/\/vinselcep.com\/es\/#\/schema\/logo\/image\/\",\"url\":\"https:\/\/vinselcep.com\/wp-content\/uploads\/2020\/11\/logo-vinselcep-positiu.png\",\"contentUrl\":\"https:\/\/vinselcep.com\/wp-content\/uploads\/2020\/11\/logo-vinselcep-positiu.png\",\"width\":600,\"height\":379,\"caption\":\"Vins el Cep\"},\"image\":{\"@id\":\"https:\/\/vinselcep.com\/es\/#\/schema\/logo\/image\/\"},\"sameAs\":[\"https:\/\/ca-es.facebook.com\/VinselCep\/\",\"https:\/\/x.com\/vinselcep\",\"https:\/\/www.instagram.com\/vinselcep\/\"]}]}<\/script>\n<meta property=\"product:price:amount\" content=\"85.00\" \/>\n<meta property=\"product:price:currency\" content=\"EUR\" \/>\n<meta property=\"og:availability\" content=\"instock\" \/>\n<meta property=\"product:availability\" content=\"instock\" \/>\n<meta property=\"product:retailer_item_id\" content=\"12JZE-1-1-3\" \/>\n<meta property=\"product:condition\" content=\"new\" \/>\n<!-- \/ Yoast SEO Premium plugin. -->","yoast_head_json":{"title":"Visita y maridaje de 5 quesos con vinos y cava. Enoturismo en Sant Sadurn\u00ed (Barcelona). | Vins el Cep","description":"Un maridaje muy especial con una selecci\u00f3n de quesos con nuestros vinos. La actividad incluye: Visita guiada al vi\u00f1edo y a la bodega + maridaje comentado de 5 quesos con vinos y cavas.","robots":{"index":"index","follow":"follow","max-snippet":"max-snippet:-1","max-image-preview":"max-image-preview:large","max-video-preview":"max-video-preview:-1"},"canonical":"https:\/\/vinselcep.com\/es\/botiga-cava-vins-enoturisme-barcelona\/enoturisme-es\/cintetpopup\/","og_locale":"es_ES","og_type":"article","og_title":"Pop-Up Cintet x Vins El Cep","og_description":"Un maridaje muy especial con una selecci\u00f3n de quesos con nuestros vinos. La actividad incluye: Visita guiada al vi\u00f1edo y a la bodega + maridaje comentado de 5 quesos con vinos y cavas.","og_url":"https:\/\/vinselcep.com\/es\/botiga-cava-vins-enoturisme-barcelona\/enoturisme-es\/cintetpopup\/","og_site_name":"Vins el Cep","article_publisher":"https:\/\/ca-es.facebook.com\/VinselCep\/","article_modified_time":"2026-04-27T17:28:14+00:00","og_image":[{"width":855,"height":1069,"url":"https:\/\/vinselcep.com\/wp-content\/uploads\/2026\/04\/Copia-de-POP-UP-2_Pagina_1-e1777308065105.jpg","type":"image\/jpeg"}],"twitter_card":"summary_large_image","twitter_site":"@vinselcep","twitter_misc":{"Precio":"&euro;85.00","Disponibilidad":"Disponible"},"schema":{"@context":"https:\/\/schema.org","@graph":[{"@type":["WebPage","ItemPage"],"@id":"https:\/\/vinselcep.com\/es\/botiga-cava-vins-enoturisme-barcelona\/enoturisme-es\/cintetpopup\/","url":"https:\/\/vinselcep.com\/es\/botiga-cava-vins-enoturisme-barcelona\/enoturisme-es\/cintetpopup\/","name":"Visita y maridaje de 5 quesos con vinos y cava. Enoturismo en Sant Sadurn\u00ed (Barcelona). | Vins el Cep","isPartOf":{"@id":"https:\/\/vinselcep.com\/es\/#website"},"primaryImageOfPage":{"@id":"https:\/\/vinselcep.com\/es\/botiga-cava-vins-enoturisme-barcelona\/enoturisme-es\/cintetpopup\/#primaryimage"},"image":{"@id":"https:\/\/vinselcep.com\/es\/botiga-cava-vins-enoturisme-barcelona\/enoturisme-es\/cintetpopup\/#primaryimage"},"thumbnailUrl":"https:\/\/vinselcep.com\/wp-content\/uploads\/2026\/04\/Copia-de-POP-UP-2_Pagina_1-e1777308065105.jpg","datePublished":"2026-04-27T12:40:09+00:00","dateModified":"2026-04-27T17:28:14+00:00","description":"Un maridaje muy especial con una selecci\u00f3n de quesos con nuestros vinos. La actividad incluye: Visita guiada al vi\u00f1edo y a la bodega + maridaje comentado de 5 quesos con vinos y cavas.","breadcrumb":{"@id":"https:\/\/vinselcep.com\/es\/botiga-cava-vins-enoturisme-barcelona\/enoturisme-es\/cintetpopup\/#breadcrumb"},"inLanguage":"es","potentialAction":[{"@type":"ReadAction","target":["https:\/\/vinselcep.com\/es\/botiga-cava-vins-enoturisme-barcelona\/enoturisme-es\/cintetpopup\/"]}]},{"@type":"ImageObject","inLanguage":"es","@id":"https:\/\/vinselcep.com\/es\/botiga-cava-vins-enoturisme-barcelona\/enoturisme-es\/cintetpopup\/#primaryimage","url":"https:\/\/vinselcep.com\/wp-content\/uploads\/2026\/04\/Copia-de-POP-UP-2_Pagina_1-e1777308065105.jpg","contentUrl":"https:\/\/vinselcep.com\/wp-content\/uploads\/2026\/04\/Copia-de-POP-UP-2_Pagina_1-e1777308065105.jpg","width":855,"height":1069},{"@type":"BreadcrumbList","@id":"https:\/\/vinselcep.com\/es\/botiga-cava-vins-enoturisme-barcelona\/enoturisme-es\/cintetpopup\/#breadcrumb","itemListElement":[{"@type":"ListItem","position":1,"name":"Inici","item":"https:\/\/vinselcep.com\/es\/"},{"@type":"ListItem","position":2,"name":"Comprar cava, vino y experiencias de enoturismo en el Pened\u00e8s (Barcelona)","item":"https:\/\/vinselcep.com\/es\/tienda-cava-vinos-enoturismo-barcelona\/"},{"@type":"ListItem","position":3,"name":"Pop-Up Cintet x Vins El Cep"}]},{"@type":"WebSite","@id":"https:\/\/vinselcep.com\/es\/#website","url":"https:\/\/vinselcep.com\/es\/","name":"Vins el Cep","description":"Viticultors des de 1448","publisher":{"@id":"https:\/\/vinselcep.com\/es\/#organization"},"potentialAction":[{"@type":"SearchAction","target":{"@type":"EntryPoint","urlTemplate":"https:\/\/vinselcep.com\/es\/?s={search_term_string}"},"query-input":{"@type":"PropertyValueSpecification","valueRequired":true,"valueName":"search_term_string"}}],"inLanguage":"es"},{"@type":"Organization","@id":"https:\/\/vinselcep.com\/es\/#organization","name":"Vins el Cep","url":"https:\/\/vinselcep.com\/es\/","logo":{"@type":"ImageObject","inLanguage":"es","@id":"https:\/\/vinselcep.com\/es\/#\/schema\/logo\/image\/","url":"https:\/\/vinselcep.com\/wp-content\/uploads\/2020\/11\/logo-vinselcep-positiu.png","contentUrl":"https:\/\/vinselcep.com\/wp-content\/uploads\/2020\/11\/logo-vinselcep-positiu.png","width":600,"height":379,"caption":"Vins el Cep"},"image":{"@id":"https:\/\/vinselcep.com\/es\/#\/schema\/logo\/image\/"},"sameAs":["https:\/\/ca-es.facebook.com\/VinselCep\/","https:\/\/x.com\/vinselcep","https:\/\/www.instagram.com\/vinselcep\/"]}]},"product_price_amount":"85.00","product_price_currency":"EUR","og_availability":"instock","product_availability":"instock","product_retailer_item_id":"12JZE-1-1-3","product_condition":"new"},"_links":{"self":[{"href":"https:\/\/vinselcep.com\/es\/wp-json\/wp\/v2\/product\/38101","targetHints":{"allow":["GET"]}}],"collection":[{"href":"https:\/\/vinselcep.com\/es\/wp-json\/wp\/v2\/product"}],"about":[{"href":"https:\/\/vinselcep.com\/es\/wp-json\/wp\/v2\/types\/product"}],"wp:featuredmedia":[{"embeddable":true,"href":"https:\/\/vinselcep.com\/es\/wp-json\/wp\/v2\/media\/38123"}],"wp:attachment":[{"href":"https:\/\/vinselcep.com\/es\/wp-json\/wp\/v2\/media?parent=38101"}],"wp:term":[{"taxonomy":"product_brand","embeddable":true,"href":"https:\/\/vinselcep.com\/es\/wp-json\/wp\/v2\/product_brand?post=38101"},{"taxonomy":"product_cat","embeddable":true,"href":"https:\/\/vinselcep.com\/es\/wp-json\/wp\/v2\/product_cat?post=38101"},{"taxonomy":"product_tag","embeddable":true,"href":"https:\/\/vinselcep.com\/es\/wp-json\/wp\/v2\/product_tag?post=38101"}],"curies":[{"name":"wp","href":"https:\/\/api.w.org\/{rel}","templated":true}]}}