{"id":37934,"date":"2026-02-20T14:04:05","date_gmt":"2026-02-20T13:04:05","guid":{"rendered":"https:\/\/vinselcep.com\/?post_type=product&#038;p=37934"},"modified":"2026-04-09T08:34:28","modified_gmt":"2026-04-09T06:34:28","slug":"respira-hatha-ioga","status":"publish","type":"product","link":"https:\/\/vinselcep.com\/es\/botiga-cava-vins-enoturisme-barcelona\/enoturisme-es\/respira-hatha-ioga\/","title":{"rendered":"RESPIRA!"},"content":{"rendered":"<p><em>Para cualquier otra consulta o duda relacionada con visitas contacte a <a href=\"mailto:reserva@vinselcep.com\">reserva@vinselcep.com<\/a> o env\u00ede un Whatsapp al 620246257.<br \/>\n<\/em><\/p>\n","protected":false},"excerpt":{"rendered":"<div class=\"experiencies-1\">\n<h3 class=\"experiencies-1\">Hatha Yoga Din\u00e1mico &amp; Vino en la Bodega Edici\u00f3n especial 25 a\u00f1os Ruta del Vino del Pened\u00e8s<\/h3>\n<h1>DISPONIBILIDAD:<\/h1>\n<h3>\u2022 S\u00e1bado 18 de abril de 2026 \u2022 10.00 h<br \/>\n\u2022 S\u00e1bado 24 de octubre de 2026 \u2022 10.00 h<\/h3>\n<h2>DURACI\u00d3N:<\/h2>\n<h3>2 h 30 min aproximadamente<\/h3>\n<h3><strong>PRECIO:<\/strong> 40\u20ac<\/h3>\n<h3>IMPRESCINDIBLE RESERVA PREVIA CON 48h DE ANTELACI\u00d3N<br \/>\nPlazas muy limitadas: m\u00e1ximo 15 personas<\/h3>\n<p>Con motivo del 25\u00ba aniversario de la Ruta del Vino del Pened\u00e8s, Vins El Cep presenta dos ediciones especiales de RESPIRA!, una experiencia que une bienestar, paisaje y vino para celebrar un cuarto de siglo impulsando el Pened\u00e8s como destino enotur\u00edstico de referencia.<\/p>\n<p>Esta propuesta exclusiva de 2026 forma parte de la programaci\u00f3n conmemorativa de los 25 a\u00f1os y quiere poner en valor la conexi\u00f3n profunda entre territorio, cultura del vino y calidad de vida.<\/p>\n<p>Te invitamos a vivir una ma\u00f1ana de calma en un entorno \u00fanico, rodeado de vi\u00f1edos, silencio y naturaleza. Una experiencia pensada para detener el ritmo, reconectar con el cuerpo y la mente, moverte de forma consciente y compartir despu\u00e9s un desayuno saludable maridado con vinos de la bodega.<\/p>\n<h4>\ud83e\uddd8\u200d\u2640\ufe0f <strong>Hatha Yoga Din\u00e1mico con Rosalia Zanon<\/strong><\/h4>\n<p>Sesi\u00f3n guiada por Rosalia Zanon, bailarina, profesora y creadora de artes esc\u00e9nicas.<\/p>\n<p>Graduada en el Instituto Nacional de Artes de General Roca (Argentina), obtuvo el t\u00edtulo de profesora de danza cl\u00e1sica y contempor\u00e1nea en 2010. Su trayectoria aporta una mirada sensible, fluida y consciente al movimiento.<\/p>\n<p>El Hatha Yoga Din\u00e1mico se basa en secuencias que, combinadas con la respiraci\u00f3n consciente, ayudan a encontrar el equilibrio entre mente y cuerpo. La pr\u00e1ctica comienza de forma suave y progresivamente gana intensidad, siempre respetando el ritmo de cada persona.<\/p>\n<ul>\n<li>\ud83d\udd59 Horario: de 10.00 a 11.00 h<\/li>\n<li>\u23f1 Duraci\u00f3n: 1 hora<\/li>\n<li>\ud83d\udc64 Nivel: apto para todos los p\u00fablicos, no se requiere experiencia previa<\/li>\n<\/ul>\n<h4>\ud83e\udd56\ud83c\udf53 <strong>Brindis especial 25 a\u00f1os &amp; Desayuno en la bodega<\/strong><\/h4>\n<p>Despu\u00e9s de la pr\u00e1ctica, celebraremos el 25\u00ba aniversario de la Ruta del Vino del Pened\u00e8s con un brindis especial con una copa de Cava Mim Pinot Noir Brut, s\u00edmbolo de trayectoria y compromiso con el territorio.<br \/>\nA continuaci\u00f3n, disfrutaremos de un desayuno saludable elaborado con productos de Cal Soler (www.calsoler.com), en colaboraci\u00f3n con productores del territorio.<br \/>\nIncluye:<br \/>\n\u2022 Cinc Cereals con tomate, lechuga y mozzarella<br \/>\n\u2022 R\u00fastico vegetal con at\u00fan<br \/>\n\u2022 Brocheta de fruta fresca de La Torre del Gall<\/p>\n<p>Maridado con una selecci\u00f3n de vinos de Vins El Cep:<br \/>\n\u2022 \ud83e\udd42 Vino Blanco GR5 Xarel\u00b7lo<br \/>\n\u2022 \ud83c\udf77 Vino Tinto GR5<\/p>\n<p>Un momento para compartir, brindar y celebrar 25 a\u00f1os de enoturismo en el Pened\u00e8s.<br \/>\nUn plan perfecto para venir con amigos o amigas, desconectar del d\u00eda a d\u00eda, recargar energ\u00edas y regalarte una ma\u00f1ana para ti.<\/p>\n<p>\ud83d\udc49 Al realizar la reserva, indica la fecha elegida (18 de abril o 24 de octubre).<br \/>\nReserva tu plaza y celebra los 25 a\u00f1os de la Ruta del Vino con una experiencia \u00fanica en Vins El Cep.<\/p>\n<p><b>La actividad incluye:<\/b><\/p>\n<ol>\n<li>Taller de Hatha Yoga Din\u00e1mico (10.00 \u2013 11.00 h)<\/li>\n<li>Brindis conmemorativo 25 a\u00f1os<\/li>\n<li>Desayuno saludable con productos de Cal Soler y vinos de Vins El Cep (11.15 \u2013 12.30 h)<\/li>\n<\/ol>\n<p><b>Informaci\u00f3n pr\u00e1ctica<\/b><\/p>\n<ul>\n<li>Llevar ropa c\u00f3moda<\/li>\n<li>\ud83e\uddd8 Es necesario traer tu propia esterilla<\/li>\n<li>\ud83d\udc65 Grupo exclusivo de 15 personas<\/li>\n<li>Plazas muy limitadas. Inscripciones por orden de reserva<\/li>\n<\/ul>\n<p>&nbsp;<\/p>\n<p>\ud83d\udce9 reserva@vinselcep.com<br \/>\n\ud83d\udcf2 WhatsApp: 620 246 257<\/p>\n<div class=\"experiencies-1\">\n<h4 style=\"text-align: center;\"><b>RESERVA<\/b><\/h4>\n<\/div>\n<\/div>\n","protected":false},"featured_media":37931,"template":"","meta":{"ngg_post_thumbnail":0},"product_brand":[],"product_cat":[300],"product_tag":[],"class_list":{"0":"post-37934","1":"product","2":"type-product","3":"status-publish","4":"has-post-thumbnail","6":"product_cat-enoturisme-es","7":"product_shipping_class-gratis","9":"first","10":"instock","11":"virtual","12":"purchasable","13":"product-type-simple"},"yoast_head":"<!-- This site is optimized with the Yoast SEO Premium plugin v26.9 (Yoast SEO v26.9) - https:\/\/yoast.com\/product\/yoast-seo-premium-wordpress\/ -->\n<title>Respira! Hatha Yoga Din\u00e1mico con Rosalia Zanon | Vins el Cep<\/title>\n<meta name=\"description\" content=\"Hatha Yoga Din\u00e1mico con Rosalia Zanon. Sesi\u00f3n guiada por Rosalia Zanon, bailarina, profesora y creadora de artes esc\u00e9nicas. Brindis especial 25 a\u00f1os &amp; desayuno en la bodega.\" \/>\n<meta name=\"robots\" content=\"index, follow, max-snippet:-1, max-image-preview:large, max-video-preview:-1\" \/>\n<link rel=\"canonical\" href=\"https:\/\/vinselcep.com\/es\/botiga-cava-vins-enoturisme-barcelona\/enoturisme-es\/respira-hatha-ioga\/\" \/>\n<meta property=\"og:locale\" content=\"es_ES\" \/>\n<meta property=\"og:type\" content=\"article\" \/>\n<meta property=\"og:title\" content=\"RESPIRA!\" \/>\n<meta property=\"og:description\" content=\"Hatha Yoga Din\u00e1mico con Rosalia Zanon. Sesi\u00f3n guiada por Rosalia Zanon, bailarina, profesora y creadora de artes esc\u00e9nicas. Brindis especial 25 a\u00f1os &amp; desayuno en la bodega.\" \/>\n<meta property=\"og:url\" content=\"https:\/\/vinselcep.com\/es\/botiga-cava-vins-enoturisme-barcelona\/enoturisme-es\/respira-hatha-ioga\/\" \/>\n<meta property=\"og:site_name\" content=\"Vins el Cep\" \/>\n<meta property=\"article:publisher\" content=\"https:\/\/ca-es.facebook.com\/VinselCep\/\" \/>\n<meta property=\"article:modified_time\" content=\"2026-04-09T06:34:28+00:00\" \/>\n<meta property=\"og:image\" content=\"https:\/\/vinselcep.com\/wp-content\/uploads\/2026\/02\/RESPIRA-Hatha-Yoga-Dinamico.webp\" \/>\n\t<meta property=\"og:image:width\" content=\"900\" \/>\n\t<meta property=\"og:image:height\" content=\"600\" \/>\n\t<meta property=\"og:image:type\" content=\"image\/webp\" \/>\n<meta name=\"twitter:card\" content=\"summary_large_image\" \/>\n<meta name=\"twitter:site\" content=\"@vinselcep\" \/>\n<meta name=\"twitter:label1\" content=\"Precio\" \/>\n\t<meta name=\"twitter:data1\" content=\"&euro;40.00\" \/>\n\t<meta name=\"twitter:label2\" content=\"Disponibilidad\" \/>\n\t<meta name=\"twitter:data2\" content=\"Disponible\" \/>\n<script type=\"application\/ld+json\" class=\"yoast-schema-graph\">{\"@context\":\"https:\/\/schema.org\",\"@graph\":[{\"@type\":[\"WebPage\",\"ItemPage\"],\"@id\":\"https:\/\/vinselcep.com\/es\/botiga-cava-vins-enoturisme-barcelona\/enoturisme-es\/respira-hatha-ioga\/\",\"url\":\"https:\/\/vinselcep.com\/es\/botiga-cava-vins-enoturisme-barcelona\/enoturisme-es\/respira-hatha-ioga\/\",\"name\":\"Respira! Hatha Yoga Din\u00e1mico con Rosalia Zanon | Vins el Cep\",\"isPartOf\":{\"@id\":\"https:\/\/vinselcep.com\/es\/#website\"},\"primaryImageOfPage\":{\"@id\":\"https:\/\/vinselcep.com\/es\/botiga-cava-vins-enoturisme-barcelona\/enoturisme-es\/respira-hatha-ioga\/#primaryimage\"},\"image\":{\"@id\":\"https:\/\/vinselcep.com\/es\/botiga-cava-vins-enoturisme-barcelona\/enoturisme-es\/respira-hatha-ioga\/#primaryimage\"},\"thumbnailUrl\":\"https:\/\/vinselcep.com\/wp-content\/uploads\/2026\/02\/RESPIRA-Hatha-Yoga-Dinamico.webp\",\"datePublished\":\"2026-02-20T13:04:05+00:00\",\"dateModified\":\"2026-04-09T06:34:28+00:00\",\"description\":\"Hatha Yoga Din\u00e1mico con Rosalia Zanon. Sesi\u00f3n guiada por Rosalia Zanon, bailarina, profesora y creadora de artes esc\u00e9nicas. Brindis especial 25 a\u00f1os & desayuno en la bodega.\",\"breadcrumb\":{\"@id\":\"https:\/\/vinselcep.com\/es\/botiga-cava-vins-enoturisme-barcelona\/enoturisme-es\/respira-hatha-ioga\/#breadcrumb\"},\"inLanguage\":\"es\",\"potentialAction\":[{\"@type\":\"ReadAction\",\"target\":[\"https:\/\/vinselcep.com\/es\/botiga-cava-vins-enoturisme-barcelona\/enoturisme-es\/respira-hatha-ioga\/\"]}]},{\"@type\":\"ImageObject\",\"inLanguage\":\"es\",\"@id\":\"https:\/\/vinselcep.com\/es\/botiga-cava-vins-enoturisme-barcelona\/enoturisme-es\/respira-hatha-ioga\/#primaryimage\",\"url\":\"https:\/\/vinselcep.com\/wp-content\/uploads\/2026\/02\/RESPIRA-Hatha-Yoga-Dinamico.webp\",\"contentUrl\":\"https:\/\/vinselcep.com\/wp-content\/uploads\/2026\/02\/RESPIRA-Hatha-Yoga-Dinamico.webp\",\"width\":900,\"height\":600},{\"@type\":\"BreadcrumbList\",\"@id\":\"https:\/\/vinselcep.com\/es\/botiga-cava-vins-enoturisme-barcelona\/enoturisme-es\/respira-hatha-ioga\/#breadcrumb\",\"itemListElement\":[{\"@type\":\"ListItem\",\"position\":1,\"name\":\"Inici\",\"item\":\"https:\/\/vinselcep.com\/es\/\"},{\"@type\":\"ListItem\",\"position\":2,\"name\":\"Comprar cava, vino y experiencias de enoturismo en el Pened\u00e8s (Barcelona)\",\"item\":\"https:\/\/vinselcep.com\/es\/tienda-cava-vinos-enoturismo-barcelona\/\"},{\"@type\":\"ListItem\",\"position\":3,\"name\":\"RESPIRA!\"}]},{\"@type\":\"WebSite\",\"@id\":\"https:\/\/vinselcep.com\/es\/#website\",\"url\":\"https:\/\/vinselcep.com\/es\/\",\"name\":\"Vins el Cep\",\"description\":\"Viticultors des de 1448\",\"publisher\":{\"@id\":\"https:\/\/vinselcep.com\/es\/#organization\"},\"potentialAction\":[{\"@type\":\"SearchAction\",\"target\":{\"@type\":\"EntryPoint\",\"urlTemplate\":\"https:\/\/vinselcep.com\/es\/?s={search_term_string}\"},\"query-input\":{\"@type\":\"PropertyValueSpecification\",\"valueRequired\":true,\"valueName\":\"search_term_string\"}}],\"inLanguage\":\"es\"},{\"@type\":\"Organization\",\"@id\":\"https:\/\/vinselcep.com\/es\/#organization\",\"name\":\"Vins el Cep\",\"url\":\"https:\/\/vinselcep.com\/es\/\",\"logo\":{\"@type\":\"ImageObject\",\"inLanguage\":\"es\",\"@id\":\"https:\/\/vinselcep.com\/es\/#\/schema\/logo\/image\/\",\"url\":\"https:\/\/vinselcep.com\/wp-content\/uploads\/2020\/11\/logo-vinselcep-positiu.png\",\"contentUrl\":\"https:\/\/vinselcep.com\/wp-content\/uploads\/2020\/11\/logo-vinselcep-positiu.png\",\"width\":600,\"height\":379,\"caption\":\"Vins el Cep\"},\"image\":{\"@id\":\"https:\/\/vinselcep.com\/es\/#\/schema\/logo\/image\/\"},\"sameAs\":[\"https:\/\/ca-es.facebook.com\/VinselCep\/\",\"https:\/\/x.com\/vinselcep\",\"https:\/\/www.instagram.com\/vinselcep\/\"]}]}<\/script>\n<meta property=\"product:price:amount\" content=\"40.00\" \/>\n<meta property=\"product:price:currency\" content=\"EUR\" \/>\n<meta property=\"og:availability\" content=\"instock\" \/>\n<meta property=\"product:availability\" content=\"instock\" \/>\n<meta property=\"product:retailer_item_id\" content=\"12JZE-1-1-2\" \/>\n<meta property=\"product:condition\" content=\"new\" \/>\n<!-- \/ Yoast SEO Premium plugin. -->","yoast_head_json":{"title":"Respira! Hatha Yoga Din\u00e1mico con Rosalia Zanon | Vins el Cep","description":"Hatha Yoga Din\u00e1mico con Rosalia Zanon. Sesi\u00f3n guiada por Rosalia Zanon, bailarina, profesora y creadora de artes esc\u00e9nicas. Brindis especial 25 a\u00f1os & desayuno en la bodega.","robots":{"index":"index","follow":"follow","max-snippet":"max-snippet:-1","max-image-preview":"max-image-preview:large","max-video-preview":"max-video-preview:-1"},"canonical":"https:\/\/vinselcep.com\/es\/botiga-cava-vins-enoturisme-barcelona\/enoturisme-es\/respira-hatha-ioga\/","og_locale":"es_ES","og_type":"article","og_title":"RESPIRA!","og_description":"Hatha Yoga Din\u00e1mico con Rosalia Zanon. Sesi\u00f3n guiada por Rosalia Zanon, bailarina, profesora y creadora de artes esc\u00e9nicas. Brindis especial 25 a\u00f1os & desayuno en la bodega.","og_url":"https:\/\/vinselcep.com\/es\/botiga-cava-vins-enoturisme-barcelona\/enoturisme-es\/respira-hatha-ioga\/","og_site_name":"Vins el Cep","article_publisher":"https:\/\/ca-es.facebook.com\/VinselCep\/","article_modified_time":"2026-04-09T06:34:28+00:00","og_image":[{"width":900,"height":600,"url":"https:\/\/vinselcep.com\/wp-content\/uploads\/2026\/02\/RESPIRA-Hatha-Yoga-Dinamico.webp","type":"image\/webp"}],"twitter_card":"summary_large_image","twitter_site":"@vinselcep","twitter_misc":{"Precio":"&euro;40.00","Disponibilidad":"Disponible"},"schema":{"@context":"https:\/\/schema.org","@graph":[{"@type":["WebPage","ItemPage"],"@id":"https:\/\/vinselcep.com\/es\/botiga-cava-vins-enoturisme-barcelona\/enoturisme-es\/respira-hatha-ioga\/","url":"https:\/\/vinselcep.com\/es\/botiga-cava-vins-enoturisme-barcelona\/enoturisme-es\/respira-hatha-ioga\/","name":"Respira! Hatha Yoga Din\u00e1mico con Rosalia Zanon | Vins el Cep","isPartOf":{"@id":"https:\/\/vinselcep.com\/es\/#website"},"primaryImageOfPage":{"@id":"https:\/\/vinselcep.com\/es\/botiga-cava-vins-enoturisme-barcelona\/enoturisme-es\/respira-hatha-ioga\/#primaryimage"},"image":{"@id":"https:\/\/vinselcep.com\/es\/botiga-cava-vins-enoturisme-barcelona\/enoturisme-es\/respira-hatha-ioga\/#primaryimage"},"thumbnailUrl":"https:\/\/vinselcep.com\/wp-content\/uploads\/2026\/02\/RESPIRA-Hatha-Yoga-Dinamico.webp","datePublished":"2026-02-20T13:04:05+00:00","dateModified":"2026-04-09T06:34:28+00:00","description":"Hatha Yoga Din\u00e1mico con Rosalia Zanon. Sesi\u00f3n guiada por Rosalia Zanon, bailarina, profesora y creadora de artes esc\u00e9nicas. Brindis especial 25 a\u00f1os & desayuno en la bodega.","breadcrumb":{"@id":"https:\/\/vinselcep.com\/es\/botiga-cava-vins-enoturisme-barcelona\/enoturisme-es\/respira-hatha-ioga\/#breadcrumb"},"inLanguage":"es","potentialAction":[{"@type":"ReadAction","target":["https:\/\/vinselcep.com\/es\/botiga-cava-vins-enoturisme-barcelona\/enoturisme-es\/respira-hatha-ioga\/"]}]},{"@type":"ImageObject","inLanguage":"es","@id":"https:\/\/vinselcep.com\/es\/botiga-cava-vins-enoturisme-barcelona\/enoturisme-es\/respira-hatha-ioga\/#primaryimage","url":"https:\/\/vinselcep.com\/wp-content\/uploads\/2026\/02\/RESPIRA-Hatha-Yoga-Dinamico.webp","contentUrl":"https:\/\/vinselcep.com\/wp-content\/uploads\/2026\/02\/RESPIRA-Hatha-Yoga-Dinamico.webp","width":900,"height":600},{"@type":"BreadcrumbList","@id":"https:\/\/vinselcep.com\/es\/botiga-cava-vins-enoturisme-barcelona\/enoturisme-es\/respira-hatha-ioga\/#breadcrumb","itemListElement":[{"@type":"ListItem","position":1,"name":"Inici","item":"https:\/\/vinselcep.com\/es\/"},{"@type":"ListItem","position":2,"name":"Comprar cava, vino y experiencias de enoturismo en el Pened\u00e8s (Barcelona)","item":"https:\/\/vinselcep.com\/es\/tienda-cava-vinos-enoturismo-barcelona\/"},{"@type":"ListItem","position":3,"name":"RESPIRA!"}]},{"@type":"WebSite","@id":"https:\/\/vinselcep.com\/es\/#website","url":"https:\/\/vinselcep.com\/es\/","name":"Vins el Cep","description":"Viticultors des de 1448","publisher":{"@id":"https:\/\/vinselcep.com\/es\/#organization"},"potentialAction":[{"@type":"SearchAction","target":{"@type":"EntryPoint","urlTemplate":"https:\/\/vinselcep.com\/es\/?s={search_term_string}"},"query-input":{"@type":"PropertyValueSpecification","valueRequired":true,"valueName":"search_term_string"}}],"inLanguage":"es"},{"@type":"Organization","@id":"https:\/\/vinselcep.com\/es\/#organization","name":"Vins el Cep","url":"https:\/\/vinselcep.com\/es\/","logo":{"@type":"ImageObject","inLanguage":"es","@id":"https:\/\/vinselcep.com\/es\/#\/schema\/logo\/image\/","url":"https:\/\/vinselcep.com\/wp-content\/uploads\/2020\/11\/logo-vinselcep-positiu.png","contentUrl":"https:\/\/vinselcep.com\/wp-content\/uploads\/2020\/11\/logo-vinselcep-positiu.png","width":600,"height":379,"caption":"Vins el Cep"},"image":{"@id":"https:\/\/vinselcep.com\/es\/#\/schema\/logo\/image\/"},"sameAs":["https:\/\/ca-es.facebook.com\/VinselCep\/","https:\/\/x.com\/vinselcep","https:\/\/www.instagram.com\/vinselcep\/"]}]},"product_price_amount":"40.00","product_price_currency":"EUR","og_availability":"instock","product_availability":"instock","product_retailer_item_id":"12JZE-1-1-2","product_condition":"new"},"_links":{"self":[{"href":"https:\/\/vinselcep.com\/es\/wp-json\/wp\/v2\/product\/37934","targetHints":{"allow":["GET"]}}],"collection":[{"href":"https:\/\/vinselcep.com\/es\/wp-json\/wp\/v2\/product"}],"about":[{"href":"https:\/\/vinselcep.com\/es\/wp-json\/wp\/v2\/types\/product"}],"wp:featuredmedia":[{"embeddable":true,"href":"https:\/\/vinselcep.com\/es\/wp-json\/wp\/v2\/media\/37931"}],"wp:attachment":[{"href":"https:\/\/vinselcep.com\/es\/wp-json\/wp\/v2\/media?parent=37934"}],"wp:term":[{"taxonomy":"product_brand","embeddable":true,"href":"https:\/\/vinselcep.com\/es\/wp-json\/wp\/v2\/product_brand?post=37934"},{"taxonomy":"product_cat","embeddable":true,"href":"https:\/\/vinselcep.com\/es\/wp-json\/wp\/v2\/product_cat?post=37934"},{"taxonomy":"product_tag","embeddable":true,"href":"https:\/\/vinselcep.com\/es\/wp-json\/wp\/v2\/product_tag?post=37934"}],"curies":[{"name":"wp","href":"https:\/\/api.w.org\/{rel}","templated":true}]}}