{"id":37030,"date":"2025-10-02T13:09:22","date_gmt":"2025-10-02T11:09:22","guid":{"rendered":"https:\/\/vinselcep.com\/?post_type=product&#038;p=37030"},"modified":"2026-02-18T08:56:59","modified_gmt":"2026-02-18T07:56:59","slug":"crochet-wine-edicion-navidad","status":"publish","type":"product","link":"https:\/\/vinselcep.com\/es\/botiga-cava-vins-enoturisme-barcelona\/enoturisme-es\/crochet-wine-edicion-navidad\/","title":{"rendered":"CROCHET &#038; WINE &#8211; NAVIDAD"},"content":{"rendered":"<ul>\n<li><em>Para cualquier otra consulta o duda relacionada con visitas contacte a <a href=\"mailto:reserva@vinselcep.com\">reserva@vinselcep.com<\/a> o env\u00ede un Whatsapp al 620246257.<\/em><\/li>\n<\/ul>\n","protected":false},"excerpt":{"rendered":"<div class=\"experiencies-1\">\n<h1>DISPONIBILIDAD:<\/h1>\n<h3>S\u00c1BADO 22 DE NOVIEMBRE<\/h3>\n<h2>DURACI\u00d3N:<\/h2>\n<h3>3H30 aproximadamente<\/h3>\n<h3>IMPRESCINDIBLE RESERVA PREVIA CON 48H DE ANTELACI\u00d3N<\/h3>\n<p>\u00a1Bienvenidas y bienvenidos a una nueva edici\u00f3n de Crochet and Wine especial Navidad, celebraremos la llegada de las fiestas con creatividad, buena compa\u00f1\u00eda y buen vino!<\/p>\n<p>\ud83c\udf84\u2728 <strong>Crochet, vino y dulces en un entorno id\u00edlico<\/strong> \u2728\ud83c\udf84<\/p>\n<p>Nos encontraremos en el coraz\u00f3n del Pened\u00e8s para vivir una experiencia \u00fanica, donde el crochet, el enoturismo y la Navidad se dar\u00e1n la mano.<br \/>\nEmpezaremos la ma\u00f1ana con una copa de cava MIM Pinot Noir Brut Reserva Ros\u00e9 para una c\u00e1lida bienvenida en la bodega y brindar por las fiestas que se acercan.<\/p>\n<p>\ud83e\udd50 <strong>Un desayuno con sabor a Navidad<\/strong><\/p>\n<p>A las 11:00\u202fh disfrutaremos de un desayuno especial de temporada, maridado con nuestros vinos GR5 Senders Xarel\u00b7lo blanco y GR5 Senders tinto, acompa\u00f1ados de una deliciosa selecci\u00f3n de productos dulces y salados de la reconocida Pasteler\u00eda Rossell y los emblem\u00e1ticos chocolates de Simon Coll.<\/p>\n<p>\ud83e\uddf6<strong> Taller de crochet navide\u00f1o con hilo DMC y copa en mano<\/strong><br \/>\nDespu\u00e9s del desayuno empezar\u00e1 el taller de crochet, conducido por <strong>Isabel Mart\u00edn<\/strong> (@_elcrochetdeisa), quien te acompa\u00f1ar\u00e1 paso a paso para crear una pieza \u00fanica para estas fiestas.<br \/>\nTodo ello maridado con una copa de Clos Gelida 4 Heretats Brut Nature Gran Reserva, que te har\u00e1 disfrutar a\u00fan m\u00e1s de cada punto.<br \/>\n\ud83c\udf81 Una actividad perfecta para conectar, desconectar y prepararte para la Navidad con calma y estilo.<\/p>\n<p><a href=\"https:\/\/elcrochetdeisa.blogspot.com\/\" target=\"_blank\" rel=\"noopener\">https:\/\/elcrochetdeisa.blogspot.com\/<\/a><br \/>\n<a href=\"https:\/\/www.instagram.com\/_elcrochetdeisa\/\" target=\"_blank\" rel=\"noopener\">https:\/\/www.instagram.com\/_elcrochetdeisa\/<\/a><\/p>\n<p><strong>La actividad incluye:<\/strong><\/p>\n<ol>\n<li style=\"list-style-type: none;\">\n<ol>\n<li><strong>Bienvenida a la bodega con una copa de cava MIM Pinot Noir Brut Reserva Rosat<\/strong> (10:30 am &#8211; 11:00 am)<\/li>\n<li><strong>Desayuno maridado con los vinos GR5 Senders (Blanco y tinto)<\/strong> y productos de la pasteler\u00eda Rossell y Sim\u00f3n Coll (11:00 am)<\/li>\n<li><strong>Taller de Crochet a cargo de Isabel Mart\u00edn<\/strong>, con hilos de DMC y copa de cava Clos Gelida 4 Heretats Brut Nature Gran Reserva (11:00 am &#8211; 14:00 pm)<\/li>\n<\/ol>\n<\/li>\n<\/ol>\n<p>* Para cualquier consulta, puedes contactar a <strong>reserva@vinselcep.com<\/strong> o enviar un WhatsApp al <strong>620246257<\/strong>.<\/p>\n<p>* Si tienes alguna intolerancia o alergia, inf\u00f3rmanos para personalizar tu men\u00fa.<\/p>\n<h4 style=\"text-align: center;\"><b>RESERVA<\/b><\/h4>\n<\/div>\n","protected":false},"featured_media":37033,"template":"","meta":{"ngg_post_thumbnail":0},"product_brand":[],"product_cat":[300],"product_tag":[],"class_list":{"0":"post-37030","1":"product","2":"type-product","3":"status-publish","4":"has-post-thumbnail","6":"product_cat-enoturisme-es","8":"first","9":"outofstock","10":"virtual","11":"purchasable","12":"product-type-simple"},"yoast_head":"<!-- This site is optimized with the Yoast SEO Premium plugin v26.9 (Yoast SEO v26.9) - https:\/\/yoast.com\/product\/yoast-seo-premium-wordpress\/ -->\n<title>Taller de Crochet &amp; Wine para celebrar la llegada de la Navidad con calidez, creatividad, buena compa\u00f1\u00eda y buen vino. | Vins el Cep<\/title>\n<meta name=\"description\" content=\"Workshop navide\u00f1o para crear piezas decorativas de crochet en un entorno id\u00edlico, se acompa\u00f1ar\u00e1 de un buen desayuno, vinos y cavas para celebrar la ocasi\u00f3n.\" \/>\n<meta name=\"robots\" content=\"index, follow, max-snippet:-1, max-image-preview:large, max-video-preview:-1\" \/>\n<link rel=\"canonical\" href=\"https:\/\/vinselcep.com\/es\/botiga-cava-vins-enoturisme-barcelona\/enoturisme-es\/crochet-wine-edicion-navidad\/\" \/>\n<meta property=\"og:locale\" content=\"es_ES\" \/>\n<meta property=\"og:type\" content=\"article\" \/>\n<meta property=\"og:title\" content=\"CROCHET &amp; WINE - NAVIDAD\" \/>\n<meta property=\"og:description\" content=\"Workshop navide\u00f1o para crear piezas decorativas de crochet en un entorno id\u00edlico, se acompa\u00f1ar\u00e1 de un buen desayuno, vinos y cavas para celebrar la ocasi\u00f3n.\" \/>\n<meta property=\"og:url\" content=\"https:\/\/vinselcep.com\/es\/botiga-cava-vins-enoturisme-barcelona\/enoturisme-es\/crochet-wine-edicion-navidad\/\" \/>\n<meta property=\"og:site_name\" content=\"Vins el Cep\" \/>\n<meta property=\"article:publisher\" content=\"https:\/\/ca-es.facebook.com\/VinselCep\/\" \/>\n<meta property=\"article:modified_time\" content=\"2026-02-18T07:56:59+00:00\" \/>\n<meta property=\"og:image\" content=\"https:\/\/vinselcep.com\/wp-content\/uploads\/2025\/10\/IMG_5586-scaled.jpg\" \/>\n\t<meta property=\"og:image:width\" content=\"2560\" \/>\n\t<meta property=\"og:image:height\" content=\"1707\" \/>\n\t<meta property=\"og:image:type\" content=\"image\/jpeg\" \/>\n<meta name=\"twitter:card\" content=\"summary_large_image\" \/>\n<meta name=\"twitter:site\" content=\"@vinselcep\" \/>\n<meta name=\"twitter:label1\" content=\"Precio\" \/>\n\t<meta name=\"twitter:data1\" content=\"&euro;42.00\" \/>\n\t<meta name=\"twitter:label2\" content=\"Disponibilidad\" \/>\n\t<meta name=\"twitter:data2\" content=\"Sin existencias\" \/>\n<script type=\"application\/ld+json\" class=\"yoast-schema-graph\">{\"@context\":\"https:\/\/schema.org\",\"@graph\":[{\"@type\":[\"WebPage\",\"ItemPage\"],\"@id\":\"https:\/\/vinselcep.com\/es\/botiga-cava-vins-enoturisme-barcelona\/enoturisme-es\/crochet-wine-edicion-navidad\/\",\"url\":\"https:\/\/vinselcep.com\/es\/botiga-cava-vins-enoturisme-barcelona\/enoturisme-es\/crochet-wine-edicion-navidad\/\",\"name\":\"Taller de Crochet & Wine para celebrar la llegada de la Navidad con calidez, creatividad, buena compa\u00f1\u00eda y buen vino. | Vins el Cep\",\"isPartOf\":{\"@id\":\"https:\/\/vinselcep.com\/es\/#website\"},\"primaryImageOfPage\":{\"@id\":\"https:\/\/vinselcep.com\/es\/botiga-cava-vins-enoturisme-barcelona\/enoturisme-es\/crochet-wine-edicion-navidad\/#primaryimage\"},\"image\":{\"@id\":\"https:\/\/vinselcep.com\/es\/botiga-cava-vins-enoturisme-barcelona\/enoturisme-es\/crochet-wine-edicion-navidad\/#primaryimage\"},\"thumbnailUrl\":\"https:\/\/vinselcep.com\/wp-content\/uploads\/2025\/10\/IMG_5586-scaled.jpg\",\"datePublished\":\"2025-10-02T11:09:22+00:00\",\"dateModified\":\"2026-02-18T07:56:59+00:00\",\"description\":\"Workshop navide\u00f1o para crear piezas decorativas de crochet en un entorno id\u00edlico, se acompa\u00f1ar\u00e1 de un buen desayuno, vinos y cavas para celebrar la ocasi\u00f3n.\",\"breadcrumb\":{\"@id\":\"https:\/\/vinselcep.com\/es\/botiga-cava-vins-enoturisme-barcelona\/enoturisme-es\/crochet-wine-edicion-navidad\/#breadcrumb\"},\"inLanguage\":\"es\",\"potentialAction\":[{\"@type\":\"ReadAction\",\"target\":[\"https:\/\/vinselcep.com\/es\/botiga-cava-vins-enoturisme-barcelona\/enoturisme-es\/crochet-wine-edicion-navidad\/\"]}]},{\"@type\":\"ImageObject\",\"inLanguage\":\"es\",\"@id\":\"https:\/\/vinselcep.com\/es\/botiga-cava-vins-enoturisme-barcelona\/enoturisme-es\/crochet-wine-edicion-navidad\/#primaryimage\",\"url\":\"https:\/\/vinselcep.com\/wp-content\/uploads\/2025\/10\/IMG_5586-scaled.jpg\",\"contentUrl\":\"https:\/\/vinselcep.com\/wp-content\/uploads\/2025\/10\/IMG_5586-scaled.jpg\",\"width\":2560,\"height\":1707},{\"@type\":\"BreadcrumbList\",\"@id\":\"https:\/\/vinselcep.com\/es\/botiga-cava-vins-enoturisme-barcelona\/enoturisme-es\/crochet-wine-edicion-navidad\/#breadcrumb\",\"itemListElement\":[{\"@type\":\"ListItem\",\"position\":1,\"name\":\"Inici\",\"item\":\"https:\/\/vinselcep.com\/es\/\"},{\"@type\":\"ListItem\",\"position\":2,\"name\":\"Comprar cava, vino y experiencias de enoturismo en el Pened\u00e8s (Barcelona)\",\"item\":\"https:\/\/vinselcep.com\/es\/tienda-cava-vinos-enoturismo-barcelona\/\"},{\"@type\":\"ListItem\",\"position\":3,\"name\":\"CROCHET &#038; WINE &#8211; NAVIDAD\"}]},{\"@type\":\"WebSite\",\"@id\":\"https:\/\/vinselcep.com\/es\/#website\",\"url\":\"https:\/\/vinselcep.com\/es\/\",\"name\":\"Vins el Cep\",\"description\":\"Viticultors des de 1448\",\"publisher\":{\"@id\":\"https:\/\/vinselcep.com\/es\/#organization\"},\"potentialAction\":[{\"@type\":\"SearchAction\",\"target\":{\"@type\":\"EntryPoint\",\"urlTemplate\":\"https:\/\/vinselcep.com\/es\/?s={search_term_string}\"},\"query-input\":{\"@type\":\"PropertyValueSpecification\",\"valueRequired\":true,\"valueName\":\"search_term_string\"}}],\"inLanguage\":\"es\"},{\"@type\":\"Organization\",\"@id\":\"https:\/\/vinselcep.com\/es\/#organization\",\"name\":\"Vins el Cep\",\"url\":\"https:\/\/vinselcep.com\/es\/\",\"logo\":{\"@type\":\"ImageObject\",\"inLanguage\":\"es\",\"@id\":\"https:\/\/vinselcep.com\/es\/#\/schema\/logo\/image\/\",\"url\":\"https:\/\/vinselcep.com\/wp-content\/uploads\/2020\/11\/logo-vinselcep-positiu.png\",\"contentUrl\":\"https:\/\/vinselcep.com\/wp-content\/uploads\/2020\/11\/logo-vinselcep-positiu.png\",\"width\":600,\"height\":379,\"caption\":\"Vins el Cep\"},\"image\":{\"@id\":\"https:\/\/vinselcep.com\/es\/#\/schema\/logo\/image\/\"},\"sameAs\":[\"https:\/\/ca-es.facebook.com\/VinselCep\/\",\"https:\/\/x.com\/vinselcep\",\"https:\/\/www.instagram.com\/vinselcep\/\"]}]}<\/script>\n<meta property=\"product:price:amount\" content=\"42.00\" \/>\n<meta property=\"product:price:currency\" content=\"EUR\" \/>\n<meta property=\"og:availability\" content=\"out of stock\" \/>\n<meta property=\"product:availability\" content=\"out of stock\" \/>\n<meta property=\"product:retailer_item_id\" content=\"12JZE-1-1-1-2\" \/>\n<meta property=\"product:condition\" content=\"new\" \/>\n<!-- \/ Yoast SEO Premium plugin. -->","yoast_head_json":{"title":"Taller de Crochet & Wine para celebrar la llegada de la Navidad con calidez, creatividad, buena compa\u00f1\u00eda y buen vino. | Vins el Cep","description":"Workshop navide\u00f1o para crear piezas decorativas de crochet en un entorno id\u00edlico, se acompa\u00f1ar\u00e1 de un buen desayuno, vinos y cavas para celebrar la ocasi\u00f3n.","robots":{"index":"index","follow":"follow","max-snippet":"max-snippet:-1","max-image-preview":"max-image-preview:large","max-video-preview":"max-video-preview:-1"},"canonical":"https:\/\/vinselcep.com\/es\/botiga-cava-vins-enoturisme-barcelona\/enoturisme-es\/crochet-wine-edicion-navidad\/","og_locale":"es_ES","og_type":"article","og_title":"CROCHET & WINE - NAVIDAD","og_description":"Workshop navide\u00f1o para crear piezas decorativas de crochet en un entorno id\u00edlico, se acompa\u00f1ar\u00e1 de un buen desayuno, vinos y cavas para celebrar la ocasi\u00f3n.","og_url":"https:\/\/vinselcep.com\/es\/botiga-cava-vins-enoturisme-barcelona\/enoturisme-es\/crochet-wine-edicion-navidad\/","og_site_name":"Vins el Cep","article_publisher":"https:\/\/ca-es.facebook.com\/VinselCep\/","article_modified_time":"2026-02-18T07:56:59+00:00","og_image":[{"width":2560,"height":1707,"url":"https:\/\/vinselcep.com\/wp-content\/uploads\/2025\/10\/IMG_5586-scaled.jpg","type":"image\/jpeg"}],"twitter_card":"summary_large_image","twitter_site":"@vinselcep","twitter_misc":{"Precio":"&euro;42.00","Disponibilidad":"Sin existencias"},"schema":{"@context":"https:\/\/schema.org","@graph":[{"@type":["WebPage","ItemPage"],"@id":"https:\/\/vinselcep.com\/es\/botiga-cava-vins-enoturisme-barcelona\/enoturisme-es\/crochet-wine-edicion-navidad\/","url":"https:\/\/vinselcep.com\/es\/botiga-cava-vins-enoturisme-barcelona\/enoturisme-es\/crochet-wine-edicion-navidad\/","name":"Taller de Crochet & Wine para celebrar la llegada de la Navidad con calidez, creatividad, buena compa\u00f1\u00eda y buen vino. | Vins el Cep","isPartOf":{"@id":"https:\/\/vinselcep.com\/es\/#website"},"primaryImageOfPage":{"@id":"https:\/\/vinselcep.com\/es\/botiga-cava-vins-enoturisme-barcelona\/enoturisme-es\/crochet-wine-edicion-navidad\/#primaryimage"},"image":{"@id":"https:\/\/vinselcep.com\/es\/botiga-cava-vins-enoturisme-barcelona\/enoturisme-es\/crochet-wine-edicion-navidad\/#primaryimage"},"thumbnailUrl":"https:\/\/vinselcep.com\/wp-content\/uploads\/2025\/10\/IMG_5586-scaled.jpg","datePublished":"2025-10-02T11:09:22+00:00","dateModified":"2026-02-18T07:56:59+00:00","description":"Workshop navide\u00f1o para crear piezas decorativas de crochet en un entorno id\u00edlico, se acompa\u00f1ar\u00e1 de un buen desayuno, vinos y cavas para celebrar la ocasi\u00f3n.","breadcrumb":{"@id":"https:\/\/vinselcep.com\/es\/botiga-cava-vins-enoturisme-barcelona\/enoturisme-es\/crochet-wine-edicion-navidad\/#breadcrumb"},"inLanguage":"es","potentialAction":[{"@type":"ReadAction","target":["https:\/\/vinselcep.com\/es\/botiga-cava-vins-enoturisme-barcelona\/enoturisme-es\/crochet-wine-edicion-navidad\/"]}]},{"@type":"ImageObject","inLanguage":"es","@id":"https:\/\/vinselcep.com\/es\/botiga-cava-vins-enoturisme-barcelona\/enoturisme-es\/crochet-wine-edicion-navidad\/#primaryimage","url":"https:\/\/vinselcep.com\/wp-content\/uploads\/2025\/10\/IMG_5586-scaled.jpg","contentUrl":"https:\/\/vinselcep.com\/wp-content\/uploads\/2025\/10\/IMG_5586-scaled.jpg","width":2560,"height":1707},{"@type":"BreadcrumbList","@id":"https:\/\/vinselcep.com\/es\/botiga-cava-vins-enoturisme-barcelona\/enoturisme-es\/crochet-wine-edicion-navidad\/#breadcrumb","itemListElement":[{"@type":"ListItem","position":1,"name":"Inici","item":"https:\/\/vinselcep.com\/es\/"},{"@type":"ListItem","position":2,"name":"Comprar cava, vino y experiencias de enoturismo en el Pened\u00e8s (Barcelona)","item":"https:\/\/vinselcep.com\/es\/tienda-cava-vinos-enoturismo-barcelona\/"},{"@type":"ListItem","position":3,"name":"CROCHET &#038; WINE &#8211; NAVIDAD"}]},{"@type":"WebSite","@id":"https:\/\/vinselcep.com\/es\/#website","url":"https:\/\/vinselcep.com\/es\/","name":"Vins el Cep","description":"Viticultors des de 1448","publisher":{"@id":"https:\/\/vinselcep.com\/es\/#organization"},"potentialAction":[{"@type":"SearchAction","target":{"@type":"EntryPoint","urlTemplate":"https:\/\/vinselcep.com\/es\/?s={search_term_string}"},"query-input":{"@type":"PropertyValueSpecification","valueRequired":true,"valueName":"search_term_string"}}],"inLanguage":"es"},{"@type":"Organization","@id":"https:\/\/vinselcep.com\/es\/#organization","name":"Vins el Cep","url":"https:\/\/vinselcep.com\/es\/","logo":{"@type":"ImageObject","inLanguage":"es","@id":"https:\/\/vinselcep.com\/es\/#\/schema\/logo\/image\/","url":"https:\/\/vinselcep.com\/wp-content\/uploads\/2020\/11\/logo-vinselcep-positiu.png","contentUrl":"https:\/\/vinselcep.com\/wp-content\/uploads\/2020\/11\/logo-vinselcep-positiu.png","width":600,"height":379,"caption":"Vins el Cep"},"image":{"@id":"https:\/\/vinselcep.com\/es\/#\/schema\/logo\/image\/"},"sameAs":["https:\/\/ca-es.facebook.com\/VinselCep\/","https:\/\/x.com\/vinselcep","https:\/\/www.instagram.com\/vinselcep\/"]}]},"product_price_amount":"42.00","product_price_currency":"EUR","og_availability":"out of stock","product_availability":"out of stock","product_retailer_item_id":"12JZE-1-1-1-2","product_condition":"new"},"_links":{"self":[{"href":"https:\/\/vinselcep.com\/es\/wp-json\/wp\/v2\/product\/37030","targetHints":{"allow":["GET"]}}],"collection":[{"href":"https:\/\/vinselcep.com\/es\/wp-json\/wp\/v2\/product"}],"about":[{"href":"https:\/\/vinselcep.com\/es\/wp-json\/wp\/v2\/types\/product"}],"wp:featuredmedia":[{"embeddable":true,"href":"https:\/\/vinselcep.com\/es\/wp-json\/wp\/v2\/media\/37033"}],"wp:attachment":[{"href":"https:\/\/vinselcep.com\/es\/wp-json\/wp\/v2\/media?parent=37030"}],"wp:term":[{"taxonomy":"product_brand","embeddable":true,"href":"https:\/\/vinselcep.com\/es\/wp-json\/wp\/v2\/product_brand?post=37030"},{"taxonomy":"product_cat","embeddable":true,"href":"https:\/\/vinselcep.com\/es\/wp-json\/wp\/v2\/product_cat?post=37030"},{"taxonomy":"product_tag","embeddable":true,"href":"https:\/\/vinselcep.com\/es\/wp-json\/wp\/v2\/product_tag?post=37030"}],"curies":[{"name":"wp","href":"https:\/\/api.w.org\/{rel}","templated":true}]}}