{"id":36834,"date":"2025-09-24T12:34:16","date_gmt":"2025-09-24T10:34:16","guid":{"rendered":"https:\/\/vinselcep.com\/?post_type=product&#038;p=36834"},"modified":"2025-09-30T12:20:55","modified_gmt":"2025-09-30T10:20:55","slug":"visita-eco-vins-el-cep-x-camins-del-nord","status":"publish","type":"product","link":"https:\/\/vinselcep.com\/es\/botiga-cava-vins-enoturisme-barcelona\/enoturisme-es\/visita-eco-vins-el-cep-x-camins-del-nord\/","title":{"rendered":"Visita Eco Vins El Cep x Camins del Nord"},"content":{"rendered":"<ul>\n<li><em>Para cualquier duda o consulta relacionada con visitas rogamos contacteis con <a href=\"mailto:reserva@vinselcep.com\">reserva@vinselcep.com<\/a> o por Whatsapp al 620246257.<br \/>\n<\/em><\/li>\n<\/ul>\n","protected":false},"excerpt":{"rendered":"<div class=\"experiencies-1\">\n<h1 class=\"ai-optimize-27\">DISPONIBILIDAD:<\/h1>\n<h3 class=\"ai-optimize-28\">S\u00c1BADO 18 OCTUBRE<\/h3>\n<h2 class=\"ai-optimize-29\">DURACI\u00d3N:<\/h2>\n<h3 class=\"ai-optimize-30\">2h aproximadamente<\/h3>\n<h3 class=\"ai-optimize-31\">IMPRESCINDIBLE RESERVA PREVIA CON 48h DE ANTELACI\u00d3N<\/h3>\n<h5>IDIOMA ACTIVIDAD: CATAL\u00c0\/CASTELL\u00c0<\/h5>\n<p class=\"ai-optimize-32\"><strong>\u00a1Vins el Cep se suma a la Semana Bio! <\/strong><strong>Una ocasi\u00f3n \u00fanica para descubrir esta bodega ecol\u00f3gica y biodin\u00e1mica de la mano de la queser\u00eda artesana Camins del Nord, ambos comprometidos con las tradiciones y respetuosos con la naturaleza.&nbsp;<\/strong><\/p>\n<p class=\"ai-optimize-33\">\ud83c\udf3f <strong>Ven a descubrir la esencia de Vins El Cep \ud83c\udf3f<br \/>\n<\/strong>&nbsp;A trav\u00e9s de un recorrido que se iniciar\u00e1 en el bosque de encinas podreis descubrir nuestros vi\u00f1edos biodin\u00e1micos y ecol\u00f3gicos, observaremos la diferencia entre un vi\u00f1edo viejo y uno joven y el paisaje \u00fanico que nos rodea. Seguiremos hacia la bodega y la cava, donde veremos los dep\u00f3sitos, las barricas de vino y las rimas, que nos permitir\u00e1n explicar el proceso de elaboraci\u00f3n de nuestros vinos y cavas. Un recorrido lleno de historia y pasi\u00f3n por la vi\u00f1a, que os har\u00e1 apreciar a\u00fan m\u00e1s cada sorbo degustado.&nbsp;<\/p>\n<p class=\"ai-optimize-33\">\ud83c\udf3f <strong>Nuestos vinos y cavas acompa\u00f1ados de los quesos de Camins del Nord \ud83c\udf3f<\/strong><\/p>\n<p class=\"ai-optimize-33\">Ya de vuelta a la mas\u00eda del siglo XV, Can Llopart de les Alzines, podr\u00e9is disfrutar de una cata de nuestros productos elaborados \u00edntegramente en Vins el Cep (s\u00ed, somos Elaboradores Integrales!) que acompa\u00f1aremos, en esta ocasi\u00f3n, de una selecci\u00f3n de quesos Km0, elaborados artesanalmente por Camins del Nord.<\/p>\n<p>Incluye visita y cata:<\/p>\n<ul>\n<li>P\u00e9t-Nat Xarel\u00b7lo<\/li>\n<li>Cava 4 Heretats Brut Nature<\/li>\n<li>Vino Pla del Bosc Xarel\u00b7lo vermell<\/li>\n<li>Vino Gr5 Senders negre<\/li>\n<\/ul>\n<p>Maridado con una selecci\u00f3n de quesos de Camins del Nord<\/p>\n<p class=\"ai-optimize-45\">* Para cualquier consulta, podeis contactarnos a <strong>reserva@vinselcep.com <\/strong>o enviar un<strong> WhatsApp al 620246257.<br \/>\n<\/strong><em>* Si teneis alguna alergia o intolerancia, rogamos nos lo hagais saber<\/em><\/p>\n<\/div>\n<p><a href=\"https:\/\/setmanabio.cat\/visites\/visita-eco-vins-el-cep-x-camins-del-nord\/\">Visita Eco Vins el Cep x Camins del Nord &#8211; Setmana Bio<\/a><\/p>\n<p>https:\/\/www.caminsdelnord.com\/&nbsp;<\/p>\n<p>&nbsp;<\/p>\n","protected":false},"featured_media":36885,"template":"","meta":{"ngg_post_thumbnail":0},"product_brand":[],"product_cat":[300],"product_tag":[],"class_list":{"0":"post-36834","1":"product","2":"type-product","3":"status-publish","4":"has-post-thumbnail","6":"product_cat-enoturisme-es","8":"first","9":"outofstock","10":"virtual","11":"purchasable","12":"product-type-simple"},"yoast_head":"<!-- This site is optimized with the Yoast SEO Premium plugin v26.9 (Yoast SEO v26.9) - https:\/\/yoast.com\/product\/yoast-seo-premium-wordpress\/ -->\n<title>Visita Eco Vins el Cep x Camins del Nord en motiu de la Setmana Bio. | Vins el Cep<\/title>\n<meta name=\"description\" content=\"Vins el Cep \u00e9s un celler pioner en viticultura biodin\u00e0mica, ecol\u00f2gic, veg\u00e0 i elaborador integral. En motiu de la Setmana Bio, us proposem la visita Eco Vins el Cep X Camins del Nord, una proposta per a con\u00e8ixer el celler i els nostres vins, en aquesta ocasi\u00f3 de la m\u00e0 de l&#039;obrador de formatges de Sant Sadurn\u00ed d&#039;Anoia, Camins del Nord.\" \/>\n<meta name=\"robots\" content=\"index, follow, max-snippet:-1, max-image-preview:large, max-video-preview:-1\" \/>\n<link rel=\"canonical\" href=\"https:\/\/vinselcep.com\/es\/botiga-cava-vins-enoturisme-barcelona\/enoturisme-es\/visita-eco-vins-el-cep-x-camins-del-nord\/\" \/>\n<meta property=\"og:locale\" content=\"es_ES\" \/>\n<meta property=\"og:type\" content=\"article\" \/>\n<meta property=\"og:title\" content=\"Visita Eco Vins El Cep x Camins del Nord\" \/>\n<meta property=\"og:description\" content=\"Vins el Cep \u00e9s un celler pioner en viticultura biodin\u00e0mica, ecol\u00f2gic, veg\u00e0 i elaborador integral. En motiu de la Setmana Bio, us proposem la visita Eco Vins el Cep X Camins del Nord, una proposta per a con\u00e8ixer el celler i els nostres vins, en aquesta ocasi\u00f3 de la m\u00e0 de l&#039;obrador de formatges de Sant Sadurn\u00ed d&#039;Anoia, Camins del Nord.\" \/>\n<meta property=\"og:url\" content=\"https:\/\/vinselcep.com\/es\/botiga-cava-vins-enoturisme-barcelona\/enoturisme-es\/visita-eco-vins-el-cep-x-camins-del-nord\/\" \/>\n<meta property=\"og:site_name\" content=\"Vins el Cep\" \/>\n<meta property=\"article:publisher\" content=\"https:\/\/ca-es.facebook.com\/VinselCep\/\" \/>\n<meta property=\"article:modified_time\" content=\"2025-09-30T10:20:55+00:00\" \/>\n<meta property=\"og:image\" content=\"https:\/\/vinselcep.com\/wp-content\/uploads\/2025\/09\/1.webp\" \/>\n\t<meta property=\"og:image:width\" content=\"2551\" \/>\n\t<meta property=\"og:image:height\" content=\"1701\" \/>\n\t<meta property=\"og:image:type\" content=\"image\/webp\" \/>\n<meta name=\"twitter:card\" content=\"summary_large_image\" \/>\n<meta name=\"twitter:site\" content=\"@vinselcep\" \/>\n<meta name=\"twitter:label1\" content=\"Precio\" \/>\n\t<meta name=\"twitter:data1\" content=\"&euro;35.00\" \/>\n\t<meta name=\"twitter:label2\" content=\"Disponibilidad\" \/>\n\t<meta name=\"twitter:data2\" content=\"Sin existencias\" \/>\n<script type=\"application\/ld+json\" class=\"yoast-schema-graph\">{\"@context\":\"https:\/\/schema.org\",\"@graph\":[{\"@type\":[\"WebPage\",\"ItemPage\"],\"@id\":\"https:\/\/vinselcep.com\/es\/botiga-cava-vins-enoturisme-barcelona\/enoturisme-es\/visita-eco-vins-el-cep-x-camins-del-nord\/\",\"url\":\"https:\/\/vinselcep.com\/es\/botiga-cava-vins-enoturisme-barcelona\/enoturisme-es\/visita-eco-vins-el-cep-x-camins-del-nord\/\",\"name\":\"Visita Eco Vins el Cep x Camins del Nord en motiu de la Setmana Bio. | Vins el Cep\",\"isPartOf\":{\"@id\":\"https:\/\/vinselcep.com\/es\/#website\"},\"primaryImageOfPage\":{\"@id\":\"https:\/\/vinselcep.com\/es\/botiga-cava-vins-enoturisme-barcelona\/enoturisme-es\/visita-eco-vins-el-cep-x-camins-del-nord\/#primaryimage\"},\"image\":{\"@id\":\"https:\/\/vinselcep.com\/es\/botiga-cava-vins-enoturisme-barcelona\/enoturisme-es\/visita-eco-vins-el-cep-x-camins-del-nord\/#primaryimage\"},\"thumbnailUrl\":\"https:\/\/vinselcep.com\/wp-content\/uploads\/2025\/09\/1.webp\",\"datePublished\":\"2025-09-24T10:34:16+00:00\",\"dateModified\":\"2025-09-30T10:20:55+00:00\",\"description\":\"Vins el Cep \u00e9s un celler pioner en viticultura biodin\u00e0mica, ecol\u00f2gic, veg\u00e0 i elaborador integral. En motiu de la Setmana Bio, us proposem la visita Eco Vins el Cep X Camins del Nord, una proposta per a con\u00e8ixer el celler i els nostres vins, en aquesta ocasi\u00f3 de la m\u00e0 de l'obrador de formatges de Sant Sadurn\u00ed d'Anoia, Camins del Nord.\",\"breadcrumb\":{\"@id\":\"https:\/\/vinselcep.com\/es\/botiga-cava-vins-enoturisme-barcelona\/enoturisme-es\/visita-eco-vins-el-cep-x-camins-del-nord\/#breadcrumb\"},\"inLanguage\":\"es\",\"potentialAction\":[{\"@type\":\"ReadAction\",\"target\":[\"https:\/\/vinselcep.com\/es\/botiga-cava-vins-enoturisme-barcelona\/enoturisme-es\/visita-eco-vins-el-cep-x-camins-del-nord\/\"]}]},{\"@type\":\"ImageObject\",\"inLanguage\":\"es\",\"@id\":\"https:\/\/vinselcep.com\/es\/botiga-cava-vins-enoturisme-barcelona\/enoturisme-es\/visita-eco-vins-el-cep-x-camins-del-nord\/#primaryimage\",\"url\":\"https:\/\/vinselcep.com\/wp-content\/uploads\/2025\/09\/1.webp\",\"contentUrl\":\"https:\/\/vinselcep.com\/wp-content\/uploads\/2025\/09\/1.webp\",\"width\":2551,\"height\":1701},{\"@type\":\"BreadcrumbList\",\"@id\":\"https:\/\/vinselcep.com\/es\/botiga-cava-vins-enoturisme-barcelona\/enoturisme-es\/visita-eco-vins-el-cep-x-camins-del-nord\/#breadcrumb\",\"itemListElement\":[{\"@type\":\"ListItem\",\"position\":1,\"name\":\"Inici\",\"item\":\"https:\/\/vinselcep.com\/es\/\"},{\"@type\":\"ListItem\",\"position\":2,\"name\":\"Comprar cava, vino y experiencias de enoturismo en el Pened\u00e8s (Barcelona)\",\"item\":\"https:\/\/vinselcep.com\/es\/tienda-cava-vinos-enoturismo-barcelona\/\"},{\"@type\":\"ListItem\",\"position\":3,\"name\":\"Visita Eco Vins El Cep x Camins del Nord\"}]},{\"@type\":\"WebSite\",\"@id\":\"https:\/\/vinselcep.com\/es\/#website\",\"url\":\"https:\/\/vinselcep.com\/es\/\",\"name\":\"Vins el Cep\",\"description\":\"Viticultors des de 1448\",\"publisher\":{\"@id\":\"https:\/\/vinselcep.com\/es\/#organization\"},\"potentialAction\":[{\"@type\":\"SearchAction\",\"target\":{\"@type\":\"EntryPoint\",\"urlTemplate\":\"https:\/\/vinselcep.com\/es\/?s={search_term_string}\"},\"query-input\":{\"@type\":\"PropertyValueSpecification\",\"valueRequired\":true,\"valueName\":\"search_term_string\"}}],\"inLanguage\":\"es\"},{\"@type\":\"Organization\",\"@id\":\"https:\/\/vinselcep.com\/es\/#organization\",\"name\":\"Vins el Cep\",\"url\":\"https:\/\/vinselcep.com\/es\/\",\"logo\":{\"@type\":\"ImageObject\",\"inLanguage\":\"es\",\"@id\":\"https:\/\/vinselcep.com\/es\/#\/schema\/logo\/image\/\",\"url\":\"https:\/\/vinselcep.com\/wp-content\/uploads\/2020\/11\/logo-vinselcep-positiu.png\",\"contentUrl\":\"https:\/\/vinselcep.com\/wp-content\/uploads\/2020\/11\/logo-vinselcep-positiu.png\",\"width\":600,\"height\":379,\"caption\":\"Vins el Cep\"},\"image\":{\"@id\":\"https:\/\/vinselcep.com\/es\/#\/schema\/logo\/image\/\"},\"sameAs\":[\"https:\/\/ca-es.facebook.com\/VinselCep\/\",\"https:\/\/x.com\/vinselcep\",\"https:\/\/www.instagram.com\/vinselcep\/\"]}]}<\/script>\n<meta property=\"product:price:amount\" content=\"35.00\" \/>\n<meta property=\"product:price:currency\" content=\"EUR\" \/>\n<meta property=\"og:availability\" content=\"out of stock\" \/>\n<meta property=\"product:availability\" content=\"out of stock\" \/>\n<meta property=\"product:retailer_item_id\" content=\"12JZE-1-1-1-1\" \/>\n<meta property=\"product:condition\" content=\"new\" \/>\n<!-- \/ Yoast SEO Premium plugin. -->","yoast_head_json":{"title":"Visita Eco Vins el Cep x Camins del Nord en motiu de la Setmana Bio. | Vins el Cep","description":"Vins el Cep \u00e9s un celler pioner en viticultura biodin\u00e0mica, ecol\u00f2gic, veg\u00e0 i elaborador integral. En motiu de la Setmana Bio, us proposem la visita Eco Vins el Cep X Camins del Nord, una proposta per a con\u00e8ixer el celler i els nostres vins, en aquesta ocasi\u00f3 de la m\u00e0 de l'obrador de formatges de Sant Sadurn\u00ed d'Anoia, Camins del Nord.","robots":{"index":"index","follow":"follow","max-snippet":"max-snippet:-1","max-image-preview":"max-image-preview:large","max-video-preview":"max-video-preview:-1"},"canonical":"https:\/\/vinselcep.com\/es\/botiga-cava-vins-enoturisme-barcelona\/enoturisme-es\/visita-eco-vins-el-cep-x-camins-del-nord\/","og_locale":"es_ES","og_type":"article","og_title":"Visita Eco Vins El Cep x Camins del Nord","og_description":"Vins el Cep \u00e9s un celler pioner en viticultura biodin\u00e0mica, ecol\u00f2gic, veg\u00e0 i elaborador integral. En motiu de la Setmana Bio, us proposem la visita Eco Vins el Cep X Camins del Nord, una proposta per a con\u00e8ixer el celler i els nostres vins, en aquesta ocasi\u00f3 de la m\u00e0 de l'obrador de formatges de Sant Sadurn\u00ed d'Anoia, Camins del Nord.","og_url":"https:\/\/vinselcep.com\/es\/botiga-cava-vins-enoturisme-barcelona\/enoturisme-es\/visita-eco-vins-el-cep-x-camins-del-nord\/","og_site_name":"Vins el Cep","article_publisher":"https:\/\/ca-es.facebook.com\/VinselCep\/","article_modified_time":"2025-09-30T10:20:55+00:00","og_image":[{"width":2551,"height":1701,"url":"https:\/\/vinselcep.com\/wp-content\/uploads\/2025\/09\/1.webp","type":"image\/webp"}],"twitter_card":"summary_large_image","twitter_site":"@vinselcep","twitter_misc":{"Precio":"&euro;35.00","Disponibilidad":"Sin existencias"},"schema":{"@context":"https:\/\/schema.org","@graph":[{"@type":["WebPage","ItemPage"],"@id":"https:\/\/vinselcep.com\/es\/botiga-cava-vins-enoturisme-barcelona\/enoturisme-es\/visita-eco-vins-el-cep-x-camins-del-nord\/","url":"https:\/\/vinselcep.com\/es\/botiga-cava-vins-enoturisme-barcelona\/enoturisme-es\/visita-eco-vins-el-cep-x-camins-del-nord\/","name":"Visita Eco Vins el Cep x Camins del Nord en motiu de la Setmana Bio. | Vins el Cep","isPartOf":{"@id":"https:\/\/vinselcep.com\/es\/#website"},"primaryImageOfPage":{"@id":"https:\/\/vinselcep.com\/es\/botiga-cava-vins-enoturisme-barcelona\/enoturisme-es\/visita-eco-vins-el-cep-x-camins-del-nord\/#primaryimage"},"image":{"@id":"https:\/\/vinselcep.com\/es\/botiga-cava-vins-enoturisme-barcelona\/enoturisme-es\/visita-eco-vins-el-cep-x-camins-del-nord\/#primaryimage"},"thumbnailUrl":"https:\/\/vinselcep.com\/wp-content\/uploads\/2025\/09\/1.webp","datePublished":"2025-09-24T10:34:16+00:00","dateModified":"2025-09-30T10:20:55+00:00","description":"Vins el Cep \u00e9s un celler pioner en viticultura biodin\u00e0mica, ecol\u00f2gic, veg\u00e0 i elaborador integral. En motiu de la Setmana Bio, us proposem la visita Eco Vins el Cep X Camins del Nord, una proposta per a con\u00e8ixer el celler i els nostres vins, en aquesta ocasi\u00f3 de la m\u00e0 de l'obrador de formatges de Sant Sadurn\u00ed d'Anoia, Camins del Nord.","breadcrumb":{"@id":"https:\/\/vinselcep.com\/es\/botiga-cava-vins-enoturisme-barcelona\/enoturisme-es\/visita-eco-vins-el-cep-x-camins-del-nord\/#breadcrumb"},"inLanguage":"es","potentialAction":[{"@type":"ReadAction","target":["https:\/\/vinselcep.com\/es\/botiga-cava-vins-enoturisme-barcelona\/enoturisme-es\/visita-eco-vins-el-cep-x-camins-del-nord\/"]}]},{"@type":"ImageObject","inLanguage":"es","@id":"https:\/\/vinselcep.com\/es\/botiga-cava-vins-enoturisme-barcelona\/enoturisme-es\/visita-eco-vins-el-cep-x-camins-del-nord\/#primaryimage","url":"https:\/\/vinselcep.com\/wp-content\/uploads\/2025\/09\/1.webp","contentUrl":"https:\/\/vinselcep.com\/wp-content\/uploads\/2025\/09\/1.webp","width":2551,"height":1701},{"@type":"BreadcrumbList","@id":"https:\/\/vinselcep.com\/es\/botiga-cava-vins-enoturisme-barcelona\/enoturisme-es\/visita-eco-vins-el-cep-x-camins-del-nord\/#breadcrumb","itemListElement":[{"@type":"ListItem","position":1,"name":"Inici","item":"https:\/\/vinselcep.com\/es\/"},{"@type":"ListItem","position":2,"name":"Comprar cava, vino y experiencias de enoturismo en el Pened\u00e8s (Barcelona)","item":"https:\/\/vinselcep.com\/es\/tienda-cava-vinos-enoturismo-barcelona\/"},{"@type":"ListItem","position":3,"name":"Visita Eco Vins El Cep x Camins del Nord"}]},{"@type":"WebSite","@id":"https:\/\/vinselcep.com\/es\/#website","url":"https:\/\/vinselcep.com\/es\/","name":"Vins el Cep","description":"Viticultors des de 1448","publisher":{"@id":"https:\/\/vinselcep.com\/es\/#organization"},"potentialAction":[{"@type":"SearchAction","target":{"@type":"EntryPoint","urlTemplate":"https:\/\/vinselcep.com\/es\/?s={search_term_string}"},"query-input":{"@type":"PropertyValueSpecification","valueRequired":true,"valueName":"search_term_string"}}],"inLanguage":"es"},{"@type":"Organization","@id":"https:\/\/vinselcep.com\/es\/#organization","name":"Vins el Cep","url":"https:\/\/vinselcep.com\/es\/","logo":{"@type":"ImageObject","inLanguage":"es","@id":"https:\/\/vinselcep.com\/es\/#\/schema\/logo\/image\/","url":"https:\/\/vinselcep.com\/wp-content\/uploads\/2020\/11\/logo-vinselcep-positiu.png","contentUrl":"https:\/\/vinselcep.com\/wp-content\/uploads\/2020\/11\/logo-vinselcep-positiu.png","width":600,"height":379,"caption":"Vins el Cep"},"image":{"@id":"https:\/\/vinselcep.com\/es\/#\/schema\/logo\/image\/"},"sameAs":["https:\/\/ca-es.facebook.com\/VinselCep\/","https:\/\/x.com\/vinselcep","https:\/\/www.instagram.com\/vinselcep\/"]}]},"product_price_amount":"35.00","product_price_currency":"EUR","og_availability":"out of stock","product_availability":"out of stock","product_retailer_item_id":"12JZE-1-1-1-1","product_condition":"new"},"_links":{"self":[{"href":"https:\/\/vinselcep.com\/es\/wp-json\/wp\/v2\/product\/36834","targetHints":{"allow":["GET"]}}],"collection":[{"href":"https:\/\/vinselcep.com\/es\/wp-json\/wp\/v2\/product"}],"about":[{"href":"https:\/\/vinselcep.com\/es\/wp-json\/wp\/v2\/types\/product"}],"wp:featuredmedia":[{"embeddable":true,"href":"https:\/\/vinselcep.com\/es\/wp-json\/wp\/v2\/media\/36885"}],"wp:attachment":[{"href":"https:\/\/vinselcep.com\/es\/wp-json\/wp\/v2\/media?parent=36834"}],"wp:term":[{"taxonomy":"product_brand","embeddable":true,"href":"https:\/\/vinselcep.com\/es\/wp-json\/wp\/v2\/product_brand?post=36834"},{"taxonomy":"product_cat","embeddable":true,"href":"https:\/\/vinselcep.com\/es\/wp-json\/wp\/v2\/product_cat?post=36834"},{"taxonomy":"product_tag","embeddable":true,"href":"https:\/\/vinselcep.com\/es\/wp-json\/wp\/v2\/product_tag?post=36834"}],"curies":[{"name":"wp","href":"https:\/\/api.w.org\/{rel}","templated":true}]}}