{"id":36682,"date":"2024-06-06T12:38:29","date_gmt":"2024-06-06T10:38:29","guid":{"rendered":"https:\/\/vinselcep.com\/product\/tardavi-de-verema\/"},"modified":"2025-08-31T09:40:54","modified_gmt":"2025-08-31T07:40:54","slug":"tardavi-de-verema","status":"publish","type":"product","link":"https:\/\/vinselcep.com\/es\/botiga-cava-vins-enoturisme-barcelona\/enoturisme-es\/tardavi-de-verema\/","title":{"rendered":"Tardavi de verema"},"content":{"rendered":"<p><em>Para cualquier otra consulta o duda relacionada con visitas contacte a <a href=\"mailto:reserva@vinselcep.com\">reserva@vinselcep.com<\/a> o env\u00ede un Whatsapp al 620246257.<\/em><\/p>\n","protected":false},"excerpt":{"rendered":"<div class=\"experiencies-1\">\n<h1>DISPONIBILIDAD:<\/h1>\n<h3><span class=\"VIiyi\" lang=\"ca\"><span class=\"JLqJ4b ChMk0b\" data-language-for-alternatives=\"ca\" data-language-to-translate-into=\"es\" data-phrase-index=\"0\" data-number-of-phrases=\"1\">VIERNES 19 DE SEPTIEMBRE A LAS 18H.<\/span><\/span><\/h3>\n<h2>DURACI\u00d3N:<\/h2>\n<h3>3,5h aproximadamente<\/h3>\n<h5>PRECIO: 65\u20ac<br \/>\nIMPRESCINDIBLE RESERVA PREVIA con 48 H de antelaci\u00f3n<br \/>\nIDIOMA ACTIVIDAD: CATAL\u00c1N\/CASTELLANO<\/h5>\n<p>Experimenta la vendimia con todos los sentidos: una propuesta \u00fanica que fusiona naturaleza, m\u00fasica, vino y alta cocina en un entorno incomparable. Te invitamos a una velada sensorial, donde cada momento despierta un sentido distinto.<\/p>\n<h3>\ud83c\udf77 El programa<\/h3>\n<p><strong>18:00 h &#8211; Bienvenida a la bodega<\/strong><br \/>\nRecibir\u00e1s la bienvenida de <strong>Maite Esteve<\/strong> , directora y en\u00f3loga de Vins el Cep, que compartir\u00e1 contigo la pasi\u00f3n y el proceso que da vida a los vinos j\u00f3venes de la vendimia 2025. Empezaremos con una cata directa de los dep\u00f3sitos, un primer contacto fresco y vivo con el alma de la bodega.<\/p>\n<p><strong>18:30 h \u2013 Paseo entre vi\u00f1edos y cata a ciegas en el bosque<\/strong><br \/>\nNos adentramos en nuestro <strong>bosque de encinas<\/strong> , un espacio \u00edntimo y natural donde tendr\u00e1 lugar una cata a ciegas sorprendente, rodeados por el silencio del bosque y la m\u00fasica en directo del viol\u00edn el\u00e9ctrico de <strong>N\u00faria Grima<\/strong> , artista formada en el Conservatorio del Liceo. Una fusi\u00f3n cautivadora para que pueda disfrutar de la m\u00fasica rodeados de naturaleza y burbujas.<\/p>\n<p><strong>19:30 h \u2013 Gastronom\u00eda con vistas<\/strong><br \/>\nCerramos la velada bajo las moreras con una degustaci\u00f3n creativa del chef <strong>Joan Quintana Broquetas<\/strong> , casada con vinos y cavas de la casa. Todo, mientras contemplas la puesta de sol entre vi\u00f1edos y cerramos la experiencia de forma deliciosa y relajada.<\/p>\n<p><strong>\u2728<\/strong> <strong>Una propuesta \u00fanica que combina cultura, territorio y emoci\u00f3n, para disfrutar de la vendimia con los cinco sentidos<\/strong><\/p>\n<p><strong>Plazas muy limitadas para garantizar una experiencia personal y exclusiva.<\/strong><\/p>\n<p>\ud83d\udcb6 <strong>Precio:<\/strong> 65 \u20ac por persona<br \/>\n\ud83d\udcde Reserva a trav\u00e9s de <a href=\"http:\/\/vinselcep.com\">vinselcep.com<\/a> o contacta directamente al <strong>620 24 62 57<\/strong><\/p>\n<p>\u00a1Os esperamos!<\/p>\n<p><em>*Actividad s\u00f3lo para adultos<br \/>\n*Por inclemencias del tiempo esta actividad se puede realizar indoor.<\/em><\/p>\n<p style=\"text-align: center;\"><b>RESERVA<\/b><\/p>\n<\/div>\n","protected":false},"featured_media":36455,"template":"","meta":{"ngg_post_thumbnail":0},"product_brand":[],"product_cat":[300],"product_tag":[],"class_list":{"0":"post-36682","1":"product","2":"type-product","3":"status-publish","4":"has-post-thumbnail","6":"product_cat-enoturisme-es","8":"first","9":"outofstock","10":"virtual","11":"purchasable","12":"product-type-simple"},"yoast_head":"<!-- This site is optimized with the Yoast SEO Premium plugin v26.9 (Yoast SEO v26.9) - https:\/\/yoast.com\/product\/yoast-seo-premium-wordpress\/ -->\n<title>Brunch de productos Km 0 en la bodega. Enoturismo muy cerca de Barcelona. | Vins el Cep<\/title>\n<meta name=\"description\" content=\"Experimenta la vendimia con todos los sentidos: una propuesta \u00fanica que fusiona naturaleza, m\u00fasica, vino y alta cocina en un entorno incomparable. Te invitamos a una velada sensorial, donde cada momento despierta un sentido distinto.\" \/>\n<meta name=\"robots\" content=\"index, follow, max-snippet:-1, max-image-preview:large, max-video-preview:-1\" \/>\n<link rel=\"canonical\" href=\"https:\/\/vinselcep.com\/es\/botiga-cava-vins-enoturisme-barcelona\/enoturisme-es\/tardavi-de-verema\/\" \/>\n<meta property=\"og:locale\" content=\"es_ES\" \/>\n<meta property=\"og:type\" content=\"article\" \/>\n<meta property=\"og:title\" content=\"Tardavi de verema\" \/>\n<meta property=\"og:description\" content=\"Experimenta la vendimia con todos los sentidos: una propuesta \u00fanica que fusiona naturaleza, m\u00fasica, vino y alta cocina en un entorno incomparable. Te invitamos a una velada sensorial, donde cada momento despierta un sentido distinto.\" \/>\n<meta property=\"og:url\" content=\"https:\/\/vinselcep.com\/es\/botiga-cava-vins-enoturisme-barcelona\/enoturisme-es\/tardavi-de-verema\/\" \/>\n<meta property=\"og:site_name\" content=\"Vins el Cep\" \/>\n<meta property=\"article:publisher\" content=\"https:\/\/ca-es.facebook.com\/VinselCep\/\" \/>\n<meta property=\"article:modified_time\" content=\"2025-08-31T07:40:54+00:00\" \/>\n<meta property=\"og:image\" content=\"https:\/\/vinselcep.com\/wp-content\/uploads\/2025\/07\/banner-activitat.webp\" \/>\n\t<meta property=\"og:image:width\" content=\"1620\" \/>\n\t<meta property=\"og:image:height\" content=\"1080\" \/>\n\t<meta property=\"og:image:type\" content=\"image\/webp\" \/>\n<meta name=\"twitter:card\" content=\"summary_large_image\" \/>\n<meta name=\"twitter:site\" content=\"@vinselcep\" \/>\n<meta name=\"twitter:label1\" content=\"Precio\" \/>\n\t<meta name=\"twitter:data1\" content=\"&euro;65.00\" \/>\n\t<meta name=\"twitter:label2\" content=\"Disponibilidad\" \/>\n\t<meta name=\"twitter:data2\" content=\"Sin existencias\" \/>\n<script type=\"application\/ld+json\" class=\"yoast-schema-graph\">{\"@context\":\"https:\/\/schema.org\",\"@graph\":[{\"@type\":[\"WebPage\",\"ItemPage\"],\"@id\":\"https:\/\/vinselcep.com\/es\/botiga-cava-vins-enoturisme-barcelona\/enoturisme-es\/tardavi-de-verema\/\",\"url\":\"https:\/\/vinselcep.com\/es\/botiga-cava-vins-enoturisme-barcelona\/enoturisme-es\/tardavi-de-verema\/\",\"name\":\"Brunch de productos Km 0 en la bodega. Enoturismo muy cerca de Barcelona. | Vins el Cep\",\"isPartOf\":{\"@id\":\"https:\/\/vinselcep.com\/es\/#website\"},\"primaryImageOfPage\":{\"@id\":\"https:\/\/vinselcep.com\/es\/botiga-cava-vins-enoturisme-barcelona\/enoturisme-es\/tardavi-de-verema\/#primaryimage\"},\"image\":{\"@id\":\"https:\/\/vinselcep.com\/es\/botiga-cava-vins-enoturisme-barcelona\/enoturisme-es\/tardavi-de-verema\/#primaryimage\"},\"thumbnailUrl\":\"https:\/\/vinselcep.com\/wp-content\/uploads\/2025\/07\/banner-activitat.webp\",\"datePublished\":\"2024-06-06T10:38:29+00:00\",\"dateModified\":\"2025-08-31T07:40:54+00:00\",\"description\":\"Experimenta la vendimia con todos los sentidos: una propuesta \u00fanica que fusiona naturaleza, m\u00fasica, vino y alta cocina en un entorno incomparable. Te invitamos a una velada sensorial, donde cada momento despierta un sentido distinto.\",\"breadcrumb\":{\"@id\":\"https:\/\/vinselcep.com\/es\/botiga-cava-vins-enoturisme-barcelona\/enoturisme-es\/tardavi-de-verema\/#breadcrumb\"},\"inLanguage\":\"es\",\"potentialAction\":[{\"@type\":\"ReadAction\",\"target\":[\"https:\/\/vinselcep.com\/es\/botiga-cava-vins-enoturisme-barcelona\/enoturisme-es\/tardavi-de-verema\/\"]}]},{\"@type\":\"ImageObject\",\"inLanguage\":\"es\",\"@id\":\"https:\/\/vinselcep.com\/es\/botiga-cava-vins-enoturisme-barcelona\/enoturisme-es\/tardavi-de-verema\/#primaryimage\",\"url\":\"https:\/\/vinselcep.com\/wp-content\/uploads\/2025\/07\/banner-activitat.webp\",\"contentUrl\":\"https:\/\/vinselcep.com\/wp-content\/uploads\/2025\/07\/banner-activitat.webp\",\"width\":1620,\"height\":1080},{\"@type\":\"BreadcrumbList\",\"@id\":\"https:\/\/vinselcep.com\/es\/botiga-cava-vins-enoturisme-barcelona\/enoturisme-es\/tardavi-de-verema\/#breadcrumb\",\"itemListElement\":[{\"@type\":\"ListItem\",\"position\":1,\"name\":\"Inici\",\"item\":\"https:\/\/vinselcep.com\/es\/\"},{\"@type\":\"ListItem\",\"position\":2,\"name\":\"Comprar cava, vino y experiencias de enoturismo en el Pened\u00e8s (Barcelona)\",\"item\":\"https:\/\/vinselcep.com\/es\/tienda-cava-vinos-enoturismo-barcelona\/\"},{\"@type\":\"ListItem\",\"position\":3,\"name\":\"Tardavi de verema\"}]},{\"@type\":\"WebSite\",\"@id\":\"https:\/\/vinselcep.com\/es\/#website\",\"url\":\"https:\/\/vinselcep.com\/es\/\",\"name\":\"Vins el Cep\",\"description\":\"Viticultors des de 1448\",\"publisher\":{\"@id\":\"https:\/\/vinselcep.com\/es\/#organization\"},\"potentialAction\":[{\"@type\":\"SearchAction\",\"target\":{\"@type\":\"EntryPoint\",\"urlTemplate\":\"https:\/\/vinselcep.com\/es\/?s={search_term_string}\"},\"query-input\":{\"@type\":\"PropertyValueSpecification\",\"valueRequired\":true,\"valueName\":\"search_term_string\"}}],\"inLanguage\":\"es\"},{\"@type\":\"Organization\",\"@id\":\"https:\/\/vinselcep.com\/es\/#organization\",\"name\":\"Vins el Cep\",\"url\":\"https:\/\/vinselcep.com\/es\/\",\"logo\":{\"@type\":\"ImageObject\",\"inLanguage\":\"es\",\"@id\":\"https:\/\/vinselcep.com\/es\/#\/schema\/logo\/image\/\",\"url\":\"https:\/\/vinselcep.com\/wp-content\/uploads\/2020\/11\/logo-vinselcep-positiu.png\",\"contentUrl\":\"https:\/\/vinselcep.com\/wp-content\/uploads\/2020\/11\/logo-vinselcep-positiu.png\",\"width\":600,\"height\":379,\"caption\":\"Vins el Cep\"},\"image\":{\"@id\":\"https:\/\/vinselcep.com\/es\/#\/schema\/logo\/image\/\"},\"sameAs\":[\"https:\/\/ca-es.facebook.com\/VinselCep\/\",\"https:\/\/x.com\/vinselcep\",\"https:\/\/www.instagram.com\/vinselcep\/\"]}]}<\/script>\n<meta property=\"product:price:amount\" content=\"65.00\" \/>\n<meta property=\"product:price:currency\" content=\"EUR\" \/>\n<meta property=\"og:availability\" content=\"out of stock\" \/>\n<meta property=\"product:availability\" content=\"out of stock\" \/>\n<meta property=\"product:retailer_item_id\" content=\"S1QMW\" \/>\n<meta property=\"product:condition\" content=\"new\" \/>\n<!-- \/ Yoast SEO Premium plugin. -->","yoast_head_json":{"title":"Brunch de productos Km 0 en la bodega. Enoturismo muy cerca de Barcelona. | Vins el Cep","description":"Experimenta la vendimia con todos los sentidos: una propuesta \u00fanica que fusiona naturaleza, m\u00fasica, vino y alta cocina en un entorno incomparable. Te invitamos a una velada sensorial, donde cada momento despierta un sentido distinto.","robots":{"index":"index","follow":"follow","max-snippet":"max-snippet:-1","max-image-preview":"max-image-preview:large","max-video-preview":"max-video-preview:-1"},"canonical":"https:\/\/vinselcep.com\/es\/botiga-cava-vins-enoturisme-barcelona\/enoturisme-es\/tardavi-de-verema\/","og_locale":"es_ES","og_type":"article","og_title":"Tardavi de verema","og_description":"Experimenta la vendimia con todos los sentidos: una propuesta \u00fanica que fusiona naturaleza, m\u00fasica, vino y alta cocina en un entorno incomparable. Te invitamos a una velada sensorial, donde cada momento despierta un sentido distinto.","og_url":"https:\/\/vinselcep.com\/es\/botiga-cava-vins-enoturisme-barcelona\/enoturisme-es\/tardavi-de-verema\/","og_site_name":"Vins el Cep","article_publisher":"https:\/\/ca-es.facebook.com\/VinselCep\/","article_modified_time":"2025-08-31T07:40:54+00:00","og_image":[{"width":1620,"height":1080,"url":"https:\/\/vinselcep.com\/wp-content\/uploads\/2025\/07\/banner-activitat.webp","type":"image\/webp"}],"twitter_card":"summary_large_image","twitter_site":"@vinselcep","twitter_misc":{"Precio":"&euro;65.00","Disponibilidad":"Sin existencias"},"schema":{"@context":"https:\/\/schema.org","@graph":[{"@type":["WebPage","ItemPage"],"@id":"https:\/\/vinselcep.com\/es\/botiga-cava-vins-enoturisme-barcelona\/enoturisme-es\/tardavi-de-verema\/","url":"https:\/\/vinselcep.com\/es\/botiga-cava-vins-enoturisme-barcelona\/enoturisme-es\/tardavi-de-verema\/","name":"Brunch de productos Km 0 en la bodega. Enoturismo muy cerca de Barcelona. | Vins el Cep","isPartOf":{"@id":"https:\/\/vinselcep.com\/es\/#website"},"primaryImageOfPage":{"@id":"https:\/\/vinselcep.com\/es\/botiga-cava-vins-enoturisme-barcelona\/enoturisme-es\/tardavi-de-verema\/#primaryimage"},"image":{"@id":"https:\/\/vinselcep.com\/es\/botiga-cava-vins-enoturisme-barcelona\/enoturisme-es\/tardavi-de-verema\/#primaryimage"},"thumbnailUrl":"https:\/\/vinselcep.com\/wp-content\/uploads\/2025\/07\/banner-activitat.webp","datePublished":"2024-06-06T10:38:29+00:00","dateModified":"2025-08-31T07:40:54+00:00","description":"Experimenta la vendimia con todos los sentidos: una propuesta \u00fanica que fusiona naturaleza, m\u00fasica, vino y alta cocina en un entorno incomparable. Te invitamos a una velada sensorial, donde cada momento despierta un sentido distinto.","breadcrumb":{"@id":"https:\/\/vinselcep.com\/es\/botiga-cava-vins-enoturisme-barcelona\/enoturisme-es\/tardavi-de-verema\/#breadcrumb"},"inLanguage":"es","potentialAction":[{"@type":"ReadAction","target":["https:\/\/vinselcep.com\/es\/botiga-cava-vins-enoturisme-barcelona\/enoturisme-es\/tardavi-de-verema\/"]}]},{"@type":"ImageObject","inLanguage":"es","@id":"https:\/\/vinselcep.com\/es\/botiga-cava-vins-enoturisme-barcelona\/enoturisme-es\/tardavi-de-verema\/#primaryimage","url":"https:\/\/vinselcep.com\/wp-content\/uploads\/2025\/07\/banner-activitat.webp","contentUrl":"https:\/\/vinselcep.com\/wp-content\/uploads\/2025\/07\/banner-activitat.webp","width":1620,"height":1080},{"@type":"BreadcrumbList","@id":"https:\/\/vinselcep.com\/es\/botiga-cava-vins-enoturisme-barcelona\/enoturisme-es\/tardavi-de-verema\/#breadcrumb","itemListElement":[{"@type":"ListItem","position":1,"name":"Inici","item":"https:\/\/vinselcep.com\/es\/"},{"@type":"ListItem","position":2,"name":"Comprar cava, vino y experiencias de enoturismo en el Pened\u00e8s (Barcelona)","item":"https:\/\/vinselcep.com\/es\/tienda-cava-vinos-enoturismo-barcelona\/"},{"@type":"ListItem","position":3,"name":"Tardavi de verema"}]},{"@type":"WebSite","@id":"https:\/\/vinselcep.com\/es\/#website","url":"https:\/\/vinselcep.com\/es\/","name":"Vins el Cep","description":"Viticultors des de 1448","publisher":{"@id":"https:\/\/vinselcep.com\/es\/#organization"},"potentialAction":[{"@type":"SearchAction","target":{"@type":"EntryPoint","urlTemplate":"https:\/\/vinselcep.com\/es\/?s={search_term_string}"},"query-input":{"@type":"PropertyValueSpecification","valueRequired":true,"valueName":"search_term_string"}}],"inLanguage":"es"},{"@type":"Organization","@id":"https:\/\/vinselcep.com\/es\/#organization","name":"Vins el Cep","url":"https:\/\/vinselcep.com\/es\/","logo":{"@type":"ImageObject","inLanguage":"es","@id":"https:\/\/vinselcep.com\/es\/#\/schema\/logo\/image\/","url":"https:\/\/vinselcep.com\/wp-content\/uploads\/2020\/11\/logo-vinselcep-positiu.png","contentUrl":"https:\/\/vinselcep.com\/wp-content\/uploads\/2020\/11\/logo-vinselcep-positiu.png","width":600,"height":379,"caption":"Vins el Cep"},"image":{"@id":"https:\/\/vinselcep.com\/es\/#\/schema\/logo\/image\/"},"sameAs":["https:\/\/ca-es.facebook.com\/VinselCep\/","https:\/\/x.com\/vinselcep","https:\/\/www.instagram.com\/vinselcep\/"]}]},"product_price_amount":"65.00","product_price_currency":"EUR","og_availability":"out of stock","product_availability":"out of stock","product_retailer_item_id":"S1QMW","product_condition":"new"},"_links":{"self":[{"href":"https:\/\/vinselcep.com\/es\/wp-json\/wp\/v2\/product\/36682","targetHints":{"allow":["GET"]}}],"collection":[{"href":"https:\/\/vinselcep.com\/es\/wp-json\/wp\/v2\/product"}],"about":[{"href":"https:\/\/vinselcep.com\/es\/wp-json\/wp\/v2\/types\/product"}],"wp:featuredmedia":[{"embeddable":true,"href":"https:\/\/vinselcep.com\/es\/wp-json\/wp\/v2\/media\/36455"}],"wp:attachment":[{"href":"https:\/\/vinselcep.com\/es\/wp-json\/wp\/v2\/media?parent=36682"}],"wp:term":[{"taxonomy":"product_brand","embeddable":true,"href":"https:\/\/vinselcep.com\/es\/wp-json\/wp\/v2\/product_brand?post=36682"},{"taxonomy":"product_cat","embeddable":true,"href":"https:\/\/vinselcep.com\/es\/wp-json\/wp\/v2\/product_cat?post=36682"},{"taxonomy":"product_tag","embeddable":true,"href":"https:\/\/vinselcep.com\/es\/wp-json\/wp\/v2\/product_tag?post=36682"}],"curies":[{"name":"wp","href":"https:\/\/api.w.org\/{rel}","templated":true}]}}