{"id":35989,"date":"2025-04-24T17:49:15","date_gmt":"2025-04-24T15:49:15","guid":{"rendered":"https:\/\/vinselcep.com\/product\/crochet-wine\/"},"modified":"2026-04-15T16:05:00","modified_gmt":"2026-04-15T14:05:00","slug":"crochet-wine","status":"publish","type":"product","link":"https:\/\/vinselcep.com\/es\/botiga-cava-vins-enoturisme-barcelona\/enoturisme-es\/crochet-wine\/","title":{"rendered":"CROCHET &#038; WINE &#8211; VERANO"},"content":{"rendered":"<ul>\n<li><em>Para cualquier otra consulta o duda relacionada con visitas contacte a <a href=\"mailto:reserva@vinselcep.com\">reserva@vinselcep.com<\/a> o env\u00ede un Whatsapp al 620246257.<\/em><\/li>\n<\/ul>\n","protected":false},"excerpt":{"rendered":"<div class=\"experiencies-1\">\n<h1>DISPONIBILIDAD:<\/h1>\n<h3>SABADO 13 JUNIO 2026<\/h3>\n<h2>DURACI\u00d3N:<\/h2>\n<h3>4H aproximadamente<\/h3>\n<h3>IMPRESCINDIBLE RESERVA PREVIA CON 48H DE ANTELACI\u00d3N<\/h3>\n<p>\u00a1Bienvenidas a una experiencia \u00fanica donde el arte del crochet y el placer del vino se dan la mano!<\/p>\n<p>\ud83c\udf3f\u2728 <strong>Creatividad, relax y buen vino en un entorno \u00fanico<\/strong> \u2728\ud83c\udf3f<\/p>\n<p>Durante el taller de crochet, estar\u00e1s en manos expertas de <strong>Isabel Mart\u00edn<\/strong>, quien te guiar\u00e1 paso a paso para crear tu propio bolso de crochet, un accesorio \u00fanico que podr\u00e1s llevarte a casa como un hermoso recuerdo de esta experiencia. Mientras te sumerges en el arte del tejido, podr\u00e1s disfrutar de una copa de vino o cava de la bodega, que te acompa\u00f1ar\u00e1 a lo largo de la actividad, convirtiendo cada punto en una peque\u00f1a celebraci\u00f3n.<\/p>\n<p>\ud83e\udd50 <strong>Un delicioso brunch para acompa\u00f1ar la experiencia<\/strong><\/p>\n<p>A media ma\u00f1ana, haremos una pausa para degustar un exquisito <strong>brunch elaborado por el equipo de Cal Soler<\/strong>. Un men\u00fa con productos frescos y locales, perfectamente maridado con nuestros vinos.<\/p>\n<p>\ud83c\udff0 <strong>Descubre la esencia de Vins El Cep<\/strong><br \/>\nPara cerrar esta experiencia \u00fanica, disfrutar\u00e1s de una <strong>visita guiada por nuestra bodega<\/strong>, donde conocer\u00e1s de cerca el proceso de elaboraci\u00f3n de nuestros vinos y cavas. Un recorrido lleno de historia y pasi\u00f3n por la vid, que te har\u00e1 apreciar a\u00fan m\u00e1s cada sorbo disfrutado.<\/p>\n<p>\u00a1No te lo pierdas! Ser\u00e1 una ma\u00f1ana inolvidable, llena de risas, arte y buen vino.<\/p>\n<p><a href=\"https:\/\/elcrochetdeisa.blogspot.com\/\" target=\"_blank\" rel=\"noopener\">https:\/\/elcrochetdeisa.blogspot.com\/<\/a><br \/>\n<a href=\"https:\/\/www.instagram.com\/_elcrochetdeisa\/\" target=\"_blank\" rel=\"noopener\">https:\/\/www.instagram.com\/_elcrochetdeisa\/<\/a><br \/>\n<a href=\"https:\/\/www.calsoler.com\" target=\"_blank\" rel=\"noopener\">https:\/\/www.calsoler.com<\/a><\/p>\n<p><strong>La actividad incluye:<\/strong><\/p>\n<ol>\n<li><strong>Bienvenida y presentaci\u00f3n con una copa de Pet Nat Xarelo<\/strong> (11:00 am &#8211; 11:30 am)<\/li>\n<li><strong>Taller de Crochet &amp; Wine<\/strong> a cargo de <strong>Isabel Mart\u00edn<\/strong> (11:30 am &#8211; 13:30 pm)<\/li>\n<li><strong>Brunch by Cal Soler<\/strong> (13:30 pm &#8211; 14:30 pm)<\/li>\n<li><strong>Visita guiada en la bodega Vins el Cep<\/strong> (14:30 pm &#8211; 15:00 pm)<\/li>\n<\/ol>\n<p>* Para cualquier consulta, puedes contactar a <strong>reserva@vinselcep.com<\/strong> o enviar un WhatsApp al <strong>620246257<\/strong>.<\/p>\n<p>* Si tienes alguna intolerancia o alergia, inf\u00f3rmanos para personalizar tu men\u00fa.<\/p>\n<h4 style=\"text-align: center;\"><b>RESERVA<\/b><\/h4>\n<\/div>\n","protected":false},"featured_media":35983,"template":"","meta":{"ngg_post_thumbnail":0},"product_brand":[],"product_cat":[300],"product_tag":[],"class_list":{"0":"post-35989","1":"product","2":"type-product","3":"status-publish","4":"has-post-thumbnail","6":"product_cat-enoturisme-es","8":"first","9":"instock","10":"virtual","11":"purchasable","12":"product-type-simple"},"yoast_head":"<!-- This site is optimized with the Yoast SEO Premium plugin v26.9 (Yoast SEO v26.9) - https:\/\/yoast.com\/product\/yoast-seo-premium-wordpress\/ -->\n<title>Brunch de productes Km 0 al celler. Enoturisme molt a prop de Barcelona. | Vins el Cep<\/title>\n<meta name=\"description\" content=\"Tast de vins amb un dinar o brunch amb producte de quil\u00f2metre zero. L&#039;activitat inclou: visita a la vinya, celler i tast de vins amb dinar o brunch amb producte de proximitat.\" \/>\n<meta name=\"robots\" content=\"index, follow, max-snippet:-1, max-image-preview:large, max-video-preview:-1\" \/>\n<link rel=\"canonical\" href=\"https:\/\/vinselcep.com\/es\/botiga-cava-vins-enoturisme-barcelona\/enoturisme-es\/crochet-wine\/\" \/>\n<meta property=\"og:locale\" content=\"es_ES\" \/>\n<meta property=\"og:type\" content=\"article\" \/>\n<meta property=\"og:title\" content=\"CROCHET &amp; WINE - VERANO\" \/>\n<meta property=\"og:description\" content=\"Tast de vins amb un dinar o brunch amb producte de quil\u00f2metre zero. L&#039;activitat inclou: visita a la vinya, celler i tast de vins amb dinar o brunch amb producte de proximitat.\" \/>\n<meta property=\"og:url\" content=\"https:\/\/vinselcep.com\/es\/botiga-cava-vins-enoturisme-barcelona\/enoturisme-es\/crochet-wine\/\" \/>\n<meta property=\"og:site_name\" content=\"Vins el Cep\" \/>\n<meta property=\"article:publisher\" content=\"https:\/\/ca-es.facebook.com\/VinselCep\/\" \/>\n<meta property=\"article:modified_time\" content=\"2026-04-15T14:05:00+00:00\" \/>\n<meta property=\"og:image\" content=\"https:\/\/vinselcep.com\/wp-content\/uploads\/2025\/04\/PORTADA-copia-1.webp\" \/>\n\t<meta property=\"og:image:width\" content=\"1350\" \/>\n\t<meta property=\"og:image:height\" content=\"900\" \/>\n\t<meta property=\"og:image:type\" content=\"image\/webp\" \/>\n<meta name=\"twitter:card\" content=\"summary_large_image\" \/>\n<meta name=\"twitter:site\" content=\"@vinselcep\" \/>\n<meta name=\"twitter:label1\" content=\"Precio\" \/>\n\t<meta name=\"twitter:data1\" content=\"&euro;55.00\" \/>\n\t<meta name=\"twitter:label2\" content=\"Disponibilidad\" \/>\n\t<meta name=\"twitter:data2\" content=\"Disponible\" \/>\n<script type=\"application\/ld+json\" class=\"yoast-schema-graph\">{\"@context\":\"https:\/\/schema.org\",\"@graph\":[{\"@type\":[\"WebPage\",\"ItemPage\"],\"@id\":\"https:\/\/vinselcep.com\/es\/botiga-cava-vins-enoturisme-barcelona\/enoturisme-es\/crochet-wine\/\",\"url\":\"https:\/\/vinselcep.com\/es\/botiga-cava-vins-enoturisme-barcelona\/enoturisme-es\/crochet-wine\/\",\"name\":\"Brunch de productes Km 0 al celler. Enoturisme molt a prop de Barcelona. | Vins el Cep\",\"isPartOf\":{\"@id\":\"https:\/\/vinselcep.com\/es\/#website\"},\"primaryImageOfPage\":{\"@id\":\"https:\/\/vinselcep.com\/es\/botiga-cava-vins-enoturisme-barcelona\/enoturisme-es\/crochet-wine\/#primaryimage\"},\"image\":{\"@id\":\"https:\/\/vinselcep.com\/es\/botiga-cava-vins-enoturisme-barcelona\/enoturisme-es\/crochet-wine\/#primaryimage\"},\"thumbnailUrl\":\"https:\/\/vinselcep.com\/wp-content\/uploads\/2025\/04\/PORTADA-copia-1.webp\",\"datePublished\":\"2025-04-24T15:49:15+00:00\",\"dateModified\":\"2026-04-15T14:05:00+00:00\",\"description\":\"Tast de vins amb un dinar o brunch amb producte de quil\u00f2metre zero. L'activitat inclou: visita a la vinya, celler i tast de vins amb dinar o brunch amb producte de proximitat.\",\"breadcrumb\":{\"@id\":\"https:\/\/vinselcep.com\/es\/botiga-cava-vins-enoturisme-barcelona\/enoturisme-es\/crochet-wine\/#breadcrumb\"},\"inLanguage\":\"es\",\"potentialAction\":[{\"@type\":\"ReadAction\",\"target\":[\"https:\/\/vinselcep.com\/es\/botiga-cava-vins-enoturisme-barcelona\/enoturisme-es\/crochet-wine\/\"]}]},{\"@type\":\"ImageObject\",\"inLanguage\":\"es\",\"@id\":\"https:\/\/vinselcep.com\/es\/botiga-cava-vins-enoturisme-barcelona\/enoturisme-es\/crochet-wine\/#primaryimage\",\"url\":\"https:\/\/vinselcep.com\/wp-content\/uploads\/2025\/04\/PORTADA-copia-1.webp\",\"contentUrl\":\"https:\/\/vinselcep.com\/wp-content\/uploads\/2025\/04\/PORTADA-copia-1.webp\",\"width\":1350,\"height\":900},{\"@type\":\"BreadcrumbList\",\"@id\":\"https:\/\/vinselcep.com\/es\/botiga-cava-vins-enoturisme-barcelona\/enoturisme-es\/crochet-wine\/#breadcrumb\",\"itemListElement\":[{\"@type\":\"ListItem\",\"position\":1,\"name\":\"Inici\",\"item\":\"https:\/\/vinselcep.com\/es\/\"},{\"@type\":\"ListItem\",\"position\":2,\"name\":\"Comprar cava, vino y experiencias de enoturismo en el Pened\u00e8s (Barcelona)\",\"item\":\"https:\/\/vinselcep.com\/es\/tienda-cava-vinos-enoturismo-barcelona\/\"},{\"@type\":\"ListItem\",\"position\":3,\"name\":\"CROCHET &#038; WINE &#8211; VERANO\"}]},{\"@type\":\"WebSite\",\"@id\":\"https:\/\/vinselcep.com\/es\/#website\",\"url\":\"https:\/\/vinselcep.com\/es\/\",\"name\":\"Vins el Cep\",\"description\":\"Viticultors des de 1448\",\"publisher\":{\"@id\":\"https:\/\/vinselcep.com\/es\/#organization\"},\"potentialAction\":[{\"@type\":\"SearchAction\",\"target\":{\"@type\":\"EntryPoint\",\"urlTemplate\":\"https:\/\/vinselcep.com\/es\/?s={search_term_string}\"},\"query-input\":{\"@type\":\"PropertyValueSpecification\",\"valueRequired\":true,\"valueName\":\"search_term_string\"}}],\"inLanguage\":\"es\"},{\"@type\":\"Organization\",\"@id\":\"https:\/\/vinselcep.com\/es\/#organization\",\"name\":\"Vins el Cep\",\"url\":\"https:\/\/vinselcep.com\/es\/\",\"logo\":{\"@type\":\"ImageObject\",\"inLanguage\":\"es\",\"@id\":\"https:\/\/vinselcep.com\/es\/#\/schema\/logo\/image\/\",\"url\":\"https:\/\/vinselcep.com\/wp-content\/uploads\/2020\/11\/logo-vinselcep-positiu.png\",\"contentUrl\":\"https:\/\/vinselcep.com\/wp-content\/uploads\/2020\/11\/logo-vinselcep-positiu.png\",\"width\":600,\"height\":379,\"caption\":\"Vins el Cep\"},\"image\":{\"@id\":\"https:\/\/vinselcep.com\/es\/#\/schema\/logo\/image\/\"},\"sameAs\":[\"https:\/\/ca-es.facebook.com\/VinselCep\/\",\"https:\/\/x.com\/vinselcep\",\"https:\/\/www.instagram.com\/vinselcep\/\"]}]}<\/script>\n<meta property=\"product:price:amount\" content=\"55.00\" \/>\n<meta property=\"product:price:currency\" content=\"EUR\" \/>\n<meta property=\"og:availability\" content=\"instock\" \/>\n<meta property=\"product:availability\" content=\"instock\" \/>\n<meta property=\"product:retailer_item_id\" content=\"12JZE-1-1-1\" \/>\n<meta property=\"product:condition\" content=\"new\" \/>\n<!-- \/ Yoast SEO Premium plugin. -->","yoast_head_json":{"title":"Brunch de productes Km 0 al celler. Enoturisme molt a prop de Barcelona. | Vins el Cep","description":"Tast de vins amb un dinar o brunch amb producte de quil\u00f2metre zero. L'activitat inclou: visita a la vinya, celler i tast de vins amb dinar o brunch amb producte de proximitat.","robots":{"index":"index","follow":"follow","max-snippet":"max-snippet:-1","max-image-preview":"max-image-preview:large","max-video-preview":"max-video-preview:-1"},"canonical":"https:\/\/vinselcep.com\/es\/botiga-cava-vins-enoturisme-barcelona\/enoturisme-es\/crochet-wine\/","og_locale":"es_ES","og_type":"article","og_title":"CROCHET & WINE - VERANO","og_description":"Tast de vins amb un dinar o brunch amb producte de quil\u00f2metre zero. L'activitat inclou: visita a la vinya, celler i tast de vins amb dinar o brunch amb producte de proximitat.","og_url":"https:\/\/vinselcep.com\/es\/botiga-cava-vins-enoturisme-barcelona\/enoturisme-es\/crochet-wine\/","og_site_name":"Vins el Cep","article_publisher":"https:\/\/ca-es.facebook.com\/VinselCep\/","article_modified_time":"2026-04-15T14:05:00+00:00","og_image":[{"width":1350,"height":900,"url":"https:\/\/vinselcep.com\/wp-content\/uploads\/2025\/04\/PORTADA-copia-1.webp","type":"image\/webp"}],"twitter_card":"summary_large_image","twitter_site":"@vinselcep","twitter_misc":{"Precio":"&euro;55.00","Disponibilidad":"Disponible"},"schema":{"@context":"https:\/\/schema.org","@graph":[{"@type":["WebPage","ItemPage"],"@id":"https:\/\/vinselcep.com\/es\/botiga-cava-vins-enoturisme-barcelona\/enoturisme-es\/crochet-wine\/","url":"https:\/\/vinselcep.com\/es\/botiga-cava-vins-enoturisme-barcelona\/enoturisme-es\/crochet-wine\/","name":"Brunch de productes Km 0 al celler. Enoturisme molt a prop de Barcelona. | Vins el Cep","isPartOf":{"@id":"https:\/\/vinselcep.com\/es\/#website"},"primaryImageOfPage":{"@id":"https:\/\/vinselcep.com\/es\/botiga-cava-vins-enoturisme-barcelona\/enoturisme-es\/crochet-wine\/#primaryimage"},"image":{"@id":"https:\/\/vinselcep.com\/es\/botiga-cava-vins-enoturisme-barcelona\/enoturisme-es\/crochet-wine\/#primaryimage"},"thumbnailUrl":"https:\/\/vinselcep.com\/wp-content\/uploads\/2025\/04\/PORTADA-copia-1.webp","datePublished":"2025-04-24T15:49:15+00:00","dateModified":"2026-04-15T14:05:00+00:00","description":"Tast de vins amb un dinar o brunch amb producte de quil\u00f2metre zero. L'activitat inclou: visita a la vinya, celler i tast de vins amb dinar o brunch amb producte de proximitat.","breadcrumb":{"@id":"https:\/\/vinselcep.com\/es\/botiga-cava-vins-enoturisme-barcelona\/enoturisme-es\/crochet-wine\/#breadcrumb"},"inLanguage":"es","potentialAction":[{"@type":"ReadAction","target":["https:\/\/vinselcep.com\/es\/botiga-cava-vins-enoturisme-barcelona\/enoturisme-es\/crochet-wine\/"]}]},{"@type":"ImageObject","inLanguage":"es","@id":"https:\/\/vinselcep.com\/es\/botiga-cava-vins-enoturisme-barcelona\/enoturisme-es\/crochet-wine\/#primaryimage","url":"https:\/\/vinselcep.com\/wp-content\/uploads\/2025\/04\/PORTADA-copia-1.webp","contentUrl":"https:\/\/vinselcep.com\/wp-content\/uploads\/2025\/04\/PORTADA-copia-1.webp","width":1350,"height":900},{"@type":"BreadcrumbList","@id":"https:\/\/vinselcep.com\/es\/botiga-cava-vins-enoturisme-barcelona\/enoturisme-es\/crochet-wine\/#breadcrumb","itemListElement":[{"@type":"ListItem","position":1,"name":"Inici","item":"https:\/\/vinselcep.com\/es\/"},{"@type":"ListItem","position":2,"name":"Comprar cava, vino y experiencias de enoturismo en el Pened\u00e8s (Barcelona)","item":"https:\/\/vinselcep.com\/es\/tienda-cava-vinos-enoturismo-barcelona\/"},{"@type":"ListItem","position":3,"name":"CROCHET &#038; WINE &#8211; VERANO"}]},{"@type":"WebSite","@id":"https:\/\/vinselcep.com\/es\/#website","url":"https:\/\/vinselcep.com\/es\/","name":"Vins el Cep","description":"Viticultors des de 1448","publisher":{"@id":"https:\/\/vinselcep.com\/es\/#organization"},"potentialAction":[{"@type":"SearchAction","target":{"@type":"EntryPoint","urlTemplate":"https:\/\/vinselcep.com\/es\/?s={search_term_string}"},"query-input":{"@type":"PropertyValueSpecification","valueRequired":true,"valueName":"search_term_string"}}],"inLanguage":"es"},{"@type":"Organization","@id":"https:\/\/vinselcep.com\/es\/#organization","name":"Vins el Cep","url":"https:\/\/vinselcep.com\/es\/","logo":{"@type":"ImageObject","inLanguage":"es","@id":"https:\/\/vinselcep.com\/es\/#\/schema\/logo\/image\/","url":"https:\/\/vinselcep.com\/wp-content\/uploads\/2020\/11\/logo-vinselcep-positiu.png","contentUrl":"https:\/\/vinselcep.com\/wp-content\/uploads\/2020\/11\/logo-vinselcep-positiu.png","width":600,"height":379,"caption":"Vins el Cep"},"image":{"@id":"https:\/\/vinselcep.com\/es\/#\/schema\/logo\/image\/"},"sameAs":["https:\/\/ca-es.facebook.com\/VinselCep\/","https:\/\/x.com\/vinselcep","https:\/\/www.instagram.com\/vinselcep\/"]}]},"product_price_amount":"55.00","product_price_currency":"EUR","og_availability":"instock","product_availability":"instock","product_retailer_item_id":"12JZE-1-1-1","product_condition":"new"},"_links":{"self":[{"href":"https:\/\/vinselcep.com\/es\/wp-json\/wp\/v2\/product\/35989","targetHints":{"allow":["GET"]}}],"collection":[{"href":"https:\/\/vinselcep.com\/es\/wp-json\/wp\/v2\/product"}],"about":[{"href":"https:\/\/vinselcep.com\/es\/wp-json\/wp\/v2\/types\/product"}],"wp:featuredmedia":[{"embeddable":true,"href":"https:\/\/vinselcep.com\/es\/wp-json\/wp\/v2\/media\/35983"}],"wp:attachment":[{"href":"https:\/\/vinselcep.com\/es\/wp-json\/wp\/v2\/media?parent=35989"}],"wp:term":[{"taxonomy":"product_brand","embeddable":true,"href":"https:\/\/vinselcep.com\/es\/wp-json\/wp\/v2\/product_brand?post=35989"},{"taxonomy":"product_cat","embeddable":true,"href":"https:\/\/vinselcep.com\/es\/wp-json\/wp\/v2\/product_cat?post=35989"},{"taxonomy":"product_tag","embeddable":true,"href":"https:\/\/vinselcep.com\/es\/wp-json\/wp\/v2\/product_tag?post=35989"}],"curies":[{"name":"wp","href":"https:\/\/api.w.org\/{rel}","templated":true}]}}