{"id":34684,"date":"2025-03-07T10:23:28","date_gmt":"2025-03-07T09:23:30","guid":{"rendered":"https:\/\/vinselcep.com\/?post_type=product&#038;p=34684"},"modified":"2025-03-07T18:00:39","modified_gmt":"2025-03-07T17:00:39","slug":"cheque-regalo-visita-vins-el-cep-meharis","status":"publish","type":"product","link":"https:\/\/vinselcep.com\/es\/botiga-cava-vins-enoturisme-barcelona\/enoturisme-es\/cheque-regalo-visita-vins-el-cep-meharis\/","title":{"rendered":"Cheque Regalo: Visita Vins El Cep &#038; Meharis"},"content":{"rendered":"<p><em><strong>V\u00e0lido para seis personas<\/strong><\/em><\/p>\n<p>Con el Cheque Regalo puedes regalar una experiencia a nuestra bodega para disfrutarla durante todo un a\u00f1o.<\/p>\n","protected":false},"excerpt":{"rendered":"<div class=\"experiencies-1\">\n<h1>DIA Y HORA:<\/h1>\n<h3>DE LUNES A S\u00c1BADO A LAS 10:00h<\/h3>\n<p>DURACI\u00d3N<\/p>\n<h3>2,5h aproximadamente<\/h3>\n<h3>CHEQUE V\u00c1LIDO PARA 2 PERSONAS<\/h3>\n<p>\u00bfQuieres disfrutar de una experiencia por nuestro Paraje en un coche cl\u00e1sico todoterreno? \u00bfOs gustar\u00eda conocer nuestra historia descubriendo la esencia de nuestra bodega?<\/p>\n<p>Esta divertida actividad la iniciaremos con los Meharis ante la bodega. Seguidamente haremos un recorrido de aproximadamente 45 minutos donde conocer\u00e9is el entorno y el paisaje de Espiells. A medio recorrido aprovecharemos para hacer una parada donde disfrutar\u00e9is de la primera cata con unas magnificas vistas.<\/p>\n<p>A continuaci\u00f3n haremos un recorrido por nuestros vi\u00f1edos donde descubrir\u00e9is la importancia de la viticultura en nuestra bodega. Seguiremos la visita dentro de la bodega conociendo las diferentes elaboraciones y visitaremos la cava fundacional de 1499.<br \/>\nPonte en contacto con nosotros mediante el siguiente formulario para hacer tu reserva. Te responderemos lo antes posible para informarte y confirmarte la disponibilidad.<\/p>\n<p>&nbsp;<\/p>\n<p><strong>La actividad incluye<\/strong>:<\/p>\n<ol>\n<li>Ruta en Mehari (45 minutos) (incluye parada con una cata<\/li>\n<li>Visita guiada a la vi\u00f1a<\/li>\n<li>Visita Guiada a la bodega<\/li>\n<li>Cata comentada de 2 vinos y 2 cavas acompa\u00f1ados de un peque\u00f1o aperitivo (secallona Cal Miquel\u00f3)<\/li>\n<\/ol>\n<p>*Grupo m\u00ednimo de 6 personas adultas<br \/>\n*Inicio de la actividad:10:00h.<br \/>\n*Requisitos Ni\u00f1os: altura m\u00ednima 1,40m<br \/>\n*Requisitos Adultos: Pueden conducir el coche con carn\u00e9 v\u00e1lido en Espa\u00f1a con experiencia m\u00ednima de 3 a\u00f1os (No se permite la conducci\u00f3n a las siguientes nacionalidades: EE. UU, Canad\u00e1, pa\u00edses \u00e1rabes\/asi\u00e1ticos). En estos casos la conducci\u00f3n la realizar\u00e1 un conductor\/gu\u00eda especializado.<\/p>\n<\/div>\n<h4 style=\"text-align: center;\"><b>CHEQUE REGALO<\/b><\/h4>\n","protected":false},"featured_media":29893,"template":"","meta":{"ngg_post_thumbnail":0},"product_brand":[],"product_cat":[300],"product_tag":[373,370],"class_list":{"0":"post-34684","1":"product","2":"type-product","3":"status-publish","4":"has-post-thumbnail","6":"product_cat-enoturisme-es","7":"product_tag-cata","8":"product_tag-visita-es","10":"first","11":"instock","12":"downloadable","13":"virtual","14":"sold-individually","15":"purchasable","16":"product-type-simple"},"yoast_head":"<!-- This site is optimized with the Yoast SEO Premium plugin v26.9 (Yoast SEO v26.9) - https:\/\/yoast.com\/product\/yoast-seo-premium-wordpress\/ -->\n<title>Cheque Regalo Enoturismo: visita y cata de 5 vinos Xarel\u00b7lo (2 personas) | Vins el Cep<\/title>\n<meta name=\"description\" content=\"Regala enoturismo: Visita a la vi\u00f1a y la bodega de Vins El Cep con una cata de nuestros vinos Xarel\u00b7lo. La actividad incluye: Visita guiada a nuestras vi\u00f1as y bodega + cata comentada de 5 vinos de la variedad Xarel\u00b7lo.\" \/>\n<meta name=\"robots\" content=\"index, follow, max-snippet:-1, max-image-preview:large, max-video-preview:-1\" \/>\n<link rel=\"canonical\" href=\"https:\/\/vinselcep.com\/es\/botiga-cava-vins-enoturisme-barcelona\/enoturisme-es\/cheque-regalo-visita-vins-el-cep-meharis\/\" \/>\n<meta property=\"og:locale\" content=\"es_ES\" \/>\n<meta property=\"og:type\" content=\"article\" \/>\n<meta property=\"og:title\" content=\"Cheque Regalo: Visita Vins El Cep &amp; Meharis\" \/>\n<meta property=\"og:description\" content=\"Regala enoturismo: Visita a la vi\u00f1a y la bodega de Vins El Cep con una cata de nuestros vinos Xarel\u00b7lo. La actividad incluye: Visita guiada a nuestras vi\u00f1as y bodega + cata comentada de 5 vinos de la variedad Xarel\u00b7lo.\" \/>\n<meta property=\"og:url\" content=\"https:\/\/vinselcep.com\/es\/botiga-cava-vins-enoturisme-barcelona\/enoturisme-es\/cheque-regalo-visita-vins-el-cep-meharis\/\" \/>\n<meta property=\"og:site_name\" content=\"Vins el Cep\" \/>\n<meta property=\"article:publisher\" content=\"https:\/\/ca-es.facebook.com\/VinselCep\/\" \/>\n<meta property=\"article:modified_time\" content=\"2025-03-07T17:00:39+00:00\" \/>\n<meta property=\"og:image\" content=\"https:\/\/vinselcep.com\/wp-content\/uploads\/2024\/09\/1.jpg\" \/>\n\t<meta property=\"og:image:width\" content=\"960\" \/>\n\t<meta property=\"og:image:height\" content=\"720\" \/>\n\t<meta property=\"og:image:type\" content=\"image\/jpeg\" \/>\n<meta name=\"twitter:card\" content=\"summary_large_image\" \/>\n<meta name=\"twitter:site\" content=\"@vinselcep\" \/>\n<meta name=\"twitter:label1\" content=\"Precio\" \/>\n\t<meta name=\"twitter:data1\" content=\"&euro;0.00\" \/>\n\t<meta name=\"twitter:label2\" content=\"Disponibilidad\" \/>\n\t<meta name=\"twitter:data2\" content=\"Disponible\" \/>\n<script type=\"application\/ld+json\" class=\"yoast-schema-graph\">{\"@context\":\"https:\/\/schema.org\",\"@graph\":[{\"@type\":[\"WebPage\",\"ItemPage\"],\"@id\":\"https:\/\/vinselcep.com\/es\/botiga-cava-vins-enoturisme-barcelona\/enoturisme-es\/cheque-regalo-visita-vins-el-cep-meharis\/\",\"url\":\"https:\/\/vinselcep.com\/es\/botiga-cava-vins-enoturisme-barcelona\/enoturisme-es\/cheque-regalo-visita-vins-el-cep-meharis\/\",\"name\":\"Cheque Regalo Enoturismo: visita y cata de 5 vinos Xarel\u00b7lo (2 personas) | Vins el Cep\",\"isPartOf\":{\"@id\":\"https:\/\/vinselcep.com\/es\/#website\"},\"primaryImageOfPage\":{\"@id\":\"https:\/\/vinselcep.com\/es\/botiga-cava-vins-enoturisme-barcelona\/enoturisme-es\/cheque-regalo-visita-vins-el-cep-meharis\/#primaryimage\"},\"image\":{\"@id\":\"https:\/\/vinselcep.com\/es\/botiga-cava-vins-enoturisme-barcelona\/enoturisme-es\/cheque-regalo-visita-vins-el-cep-meharis\/#primaryimage\"},\"thumbnailUrl\":\"https:\/\/vinselcep.com\/wp-content\/uploads\/2024\/09\/1.jpg\",\"datePublished\":\"2025-03-07T09:23:30+00:00\",\"dateModified\":\"2025-03-07T17:00:39+00:00\",\"description\":\"Regala enoturismo: Visita a la vi\u00f1a y la bodega de Vins El Cep con una cata de nuestros vinos Xarel\u00b7lo. La actividad incluye: Visita guiada a nuestras vi\u00f1as y bodega + cata comentada de 5 vinos de la variedad Xarel\u00b7lo.\",\"breadcrumb\":{\"@id\":\"https:\/\/vinselcep.com\/es\/botiga-cava-vins-enoturisme-barcelona\/enoturisme-es\/cheque-regalo-visita-vins-el-cep-meharis\/#breadcrumb\"},\"inLanguage\":\"es\",\"potentialAction\":[{\"@type\":\"ReadAction\",\"target\":[\"https:\/\/vinselcep.com\/es\/botiga-cava-vins-enoturisme-barcelona\/enoturisme-es\/cheque-regalo-visita-vins-el-cep-meharis\/\"]}]},{\"@type\":\"ImageObject\",\"inLanguage\":\"es\",\"@id\":\"https:\/\/vinselcep.com\/es\/botiga-cava-vins-enoturisme-barcelona\/enoturisme-es\/cheque-regalo-visita-vins-el-cep-meharis\/#primaryimage\",\"url\":\"https:\/\/vinselcep.com\/wp-content\/uploads\/2024\/09\/1.jpg\",\"contentUrl\":\"https:\/\/vinselcep.com\/wp-content\/uploads\/2024\/09\/1.jpg\",\"width\":960,\"height\":720},{\"@type\":\"BreadcrumbList\",\"@id\":\"https:\/\/vinselcep.com\/es\/botiga-cava-vins-enoturisme-barcelona\/enoturisme-es\/cheque-regalo-visita-vins-el-cep-meharis\/#breadcrumb\",\"itemListElement\":[{\"@type\":\"ListItem\",\"position\":1,\"name\":\"Inici\",\"item\":\"https:\/\/vinselcep.com\/es\/\"},{\"@type\":\"ListItem\",\"position\":2,\"name\":\"Comprar cava, vino y experiencias de enoturismo en el Pened\u00e8s (Barcelona)\",\"item\":\"https:\/\/vinselcep.com\/es\/tienda-cava-vinos-enoturismo-barcelona\/\"},{\"@type\":\"ListItem\",\"position\":3,\"name\":\"Cheque Regalo: Visita Vins El Cep &#038; Meharis\"}]},{\"@type\":\"WebSite\",\"@id\":\"https:\/\/vinselcep.com\/es\/#website\",\"url\":\"https:\/\/vinselcep.com\/es\/\",\"name\":\"Vins el Cep\",\"description\":\"Viticultors des de 1448\",\"publisher\":{\"@id\":\"https:\/\/vinselcep.com\/es\/#organization\"},\"potentialAction\":[{\"@type\":\"SearchAction\",\"target\":{\"@type\":\"EntryPoint\",\"urlTemplate\":\"https:\/\/vinselcep.com\/es\/?s={search_term_string}\"},\"query-input\":{\"@type\":\"PropertyValueSpecification\",\"valueRequired\":true,\"valueName\":\"search_term_string\"}}],\"inLanguage\":\"es\"},{\"@type\":\"Organization\",\"@id\":\"https:\/\/vinselcep.com\/es\/#organization\",\"name\":\"Vins el Cep\",\"url\":\"https:\/\/vinselcep.com\/es\/\",\"logo\":{\"@type\":\"ImageObject\",\"inLanguage\":\"es\",\"@id\":\"https:\/\/vinselcep.com\/es\/#\/schema\/logo\/image\/\",\"url\":\"https:\/\/vinselcep.com\/wp-content\/uploads\/2020\/11\/logo-vinselcep-positiu.png\",\"contentUrl\":\"https:\/\/vinselcep.com\/wp-content\/uploads\/2020\/11\/logo-vinselcep-positiu.png\",\"width\":600,\"height\":379,\"caption\":\"Vins el Cep\"},\"image\":{\"@id\":\"https:\/\/vinselcep.com\/es\/#\/schema\/logo\/image\/\"},\"sameAs\":[\"https:\/\/ca-es.facebook.com\/VinselCep\/\",\"https:\/\/x.com\/vinselcep\",\"https:\/\/www.instagram.com\/vinselcep\/\"]}]}<\/script>\n<meta property=\"product:price:amount\" content=\"0.00\" \/>\n<meta property=\"product:price:currency\" content=\"EUR\" \/>\n<meta property=\"og:availability\" content=\"instock\" \/>\n<meta property=\"product:availability\" content=\"instock\" \/>\n<meta property=\"product:retailer_item_id\" content=\"B3D2D-1-1\" \/>\n<meta property=\"product:condition\" content=\"new\" \/>\n<!-- \/ Yoast SEO Premium plugin. -->","yoast_head_json":{"title":"Cheque Regalo Enoturismo: visita y cata de 5 vinos Xarel\u00b7lo (2 personas) | Vins el Cep","description":"Regala enoturismo: Visita a la vi\u00f1a y la bodega de Vins El Cep con una cata de nuestros vinos Xarel\u00b7lo. La actividad incluye: Visita guiada a nuestras vi\u00f1as y bodega + cata comentada de 5 vinos de la variedad Xarel\u00b7lo.","robots":{"index":"index","follow":"follow","max-snippet":"max-snippet:-1","max-image-preview":"max-image-preview:large","max-video-preview":"max-video-preview:-1"},"canonical":"https:\/\/vinselcep.com\/es\/botiga-cava-vins-enoturisme-barcelona\/enoturisme-es\/cheque-regalo-visita-vins-el-cep-meharis\/","og_locale":"es_ES","og_type":"article","og_title":"Cheque Regalo: Visita Vins El Cep & Meharis","og_description":"Regala enoturismo: Visita a la vi\u00f1a y la bodega de Vins El Cep con una cata de nuestros vinos Xarel\u00b7lo. La actividad incluye: Visita guiada a nuestras vi\u00f1as y bodega + cata comentada de 5 vinos de la variedad Xarel\u00b7lo.","og_url":"https:\/\/vinselcep.com\/es\/botiga-cava-vins-enoturisme-barcelona\/enoturisme-es\/cheque-regalo-visita-vins-el-cep-meharis\/","og_site_name":"Vins el Cep","article_publisher":"https:\/\/ca-es.facebook.com\/VinselCep\/","article_modified_time":"2025-03-07T17:00:39+00:00","og_image":[{"width":960,"height":720,"url":"https:\/\/vinselcep.com\/wp-content\/uploads\/2024\/09\/1.jpg","type":"image\/jpeg"}],"twitter_card":"summary_large_image","twitter_site":"@vinselcep","twitter_misc":{"Precio":"&euro;0.00","Disponibilidad":"Disponible"},"schema":{"@context":"https:\/\/schema.org","@graph":[{"@type":["WebPage","ItemPage"],"@id":"https:\/\/vinselcep.com\/es\/botiga-cava-vins-enoturisme-barcelona\/enoturisme-es\/cheque-regalo-visita-vins-el-cep-meharis\/","url":"https:\/\/vinselcep.com\/es\/botiga-cava-vins-enoturisme-barcelona\/enoturisme-es\/cheque-regalo-visita-vins-el-cep-meharis\/","name":"Cheque Regalo Enoturismo: visita y cata de 5 vinos Xarel\u00b7lo (2 personas) | Vins el Cep","isPartOf":{"@id":"https:\/\/vinselcep.com\/es\/#website"},"primaryImageOfPage":{"@id":"https:\/\/vinselcep.com\/es\/botiga-cava-vins-enoturisme-barcelona\/enoturisme-es\/cheque-regalo-visita-vins-el-cep-meharis\/#primaryimage"},"image":{"@id":"https:\/\/vinselcep.com\/es\/botiga-cava-vins-enoturisme-barcelona\/enoturisme-es\/cheque-regalo-visita-vins-el-cep-meharis\/#primaryimage"},"thumbnailUrl":"https:\/\/vinselcep.com\/wp-content\/uploads\/2024\/09\/1.jpg","datePublished":"2025-03-07T09:23:30+00:00","dateModified":"2025-03-07T17:00:39+00:00","description":"Regala enoturismo: Visita a la vi\u00f1a y la bodega de Vins El Cep con una cata de nuestros vinos Xarel\u00b7lo. La actividad incluye: Visita guiada a nuestras vi\u00f1as y bodega + cata comentada de 5 vinos de la variedad Xarel\u00b7lo.","breadcrumb":{"@id":"https:\/\/vinselcep.com\/es\/botiga-cava-vins-enoturisme-barcelona\/enoturisme-es\/cheque-regalo-visita-vins-el-cep-meharis\/#breadcrumb"},"inLanguage":"es","potentialAction":[{"@type":"ReadAction","target":["https:\/\/vinselcep.com\/es\/botiga-cava-vins-enoturisme-barcelona\/enoturisme-es\/cheque-regalo-visita-vins-el-cep-meharis\/"]}]},{"@type":"ImageObject","inLanguage":"es","@id":"https:\/\/vinselcep.com\/es\/botiga-cava-vins-enoturisme-barcelona\/enoturisme-es\/cheque-regalo-visita-vins-el-cep-meharis\/#primaryimage","url":"https:\/\/vinselcep.com\/wp-content\/uploads\/2024\/09\/1.jpg","contentUrl":"https:\/\/vinselcep.com\/wp-content\/uploads\/2024\/09\/1.jpg","width":960,"height":720},{"@type":"BreadcrumbList","@id":"https:\/\/vinselcep.com\/es\/botiga-cava-vins-enoturisme-barcelona\/enoturisme-es\/cheque-regalo-visita-vins-el-cep-meharis\/#breadcrumb","itemListElement":[{"@type":"ListItem","position":1,"name":"Inici","item":"https:\/\/vinselcep.com\/es\/"},{"@type":"ListItem","position":2,"name":"Comprar cava, vino y experiencias de enoturismo en el Pened\u00e8s (Barcelona)","item":"https:\/\/vinselcep.com\/es\/tienda-cava-vinos-enoturismo-barcelona\/"},{"@type":"ListItem","position":3,"name":"Cheque Regalo: Visita Vins El Cep &#038; Meharis"}]},{"@type":"WebSite","@id":"https:\/\/vinselcep.com\/es\/#website","url":"https:\/\/vinselcep.com\/es\/","name":"Vins el Cep","description":"Viticultors des de 1448","publisher":{"@id":"https:\/\/vinselcep.com\/es\/#organization"},"potentialAction":[{"@type":"SearchAction","target":{"@type":"EntryPoint","urlTemplate":"https:\/\/vinselcep.com\/es\/?s={search_term_string}"},"query-input":{"@type":"PropertyValueSpecification","valueRequired":true,"valueName":"search_term_string"}}],"inLanguage":"es"},{"@type":"Organization","@id":"https:\/\/vinselcep.com\/es\/#organization","name":"Vins el Cep","url":"https:\/\/vinselcep.com\/es\/","logo":{"@type":"ImageObject","inLanguage":"es","@id":"https:\/\/vinselcep.com\/es\/#\/schema\/logo\/image\/","url":"https:\/\/vinselcep.com\/wp-content\/uploads\/2020\/11\/logo-vinselcep-positiu.png","contentUrl":"https:\/\/vinselcep.com\/wp-content\/uploads\/2020\/11\/logo-vinselcep-positiu.png","width":600,"height":379,"caption":"Vins el Cep"},"image":{"@id":"https:\/\/vinselcep.com\/es\/#\/schema\/logo\/image\/"},"sameAs":["https:\/\/ca-es.facebook.com\/VinselCep\/","https:\/\/x.com\/vinselcep","https:\/\/www.instagram.com\/vinselcep\/"]}]},"product_price_amount":"0.00","product_price_currency":"EUR","og_availability":"instock","product_availability":"instock","product_retailer_item_id":"B3D2D-1-1","product_condition":"new"},"_links":{"self":[{"href":"https:\/\/vinselcep.com\/es\/wp-json\/wp\/v2\/product\/34684","targetHints":{"allow":["GET"]}}],"collection":[{"href":"https:\/\/vinselcep.com\/es\/wp-json\/wp\/v2\/product"}],"about":[{"href":"https:\/\/vinselcep.com\/es\/wp-json\/wp\/v2\/types\/product"}],"wp:featuredmedia":[{"embeddable":true,"href":"https:\/\/vinselcep.com\/es\/wp-json\/wp\/v2\/media\/29893"}],"wp:attachment":[{"href":"https:\/\/vinselcep.com\/es\/wp-json\/wp\/v2\/media?parent=34684"}],"wp:term":[{"taxonomy":"product_brand","embeddable":true,"href":"https:\/\/vinselcep.com\/es\/wp-json\/wp\/v2\/product_brand?post=34684"},{"taxonomy":"product_cat","embeddable":true,"href":"https:\/\/vinselcep.com\/es\/wp-json\/wp\/v2\/product_cat?post=34684"},{"taxonomy":"product_tag","embeddable":true,"href":"https:\/\/vinselcep.com\/es\/wp-json\/wp\/v2\/product_tag?post=34684"}],"curies":[{"name":"wp","href":"https:\/\/api.w.org\/{rel}","templated":true}]}}