{"id":34676,"date":"2025-03-06T17:48:55","date_gmt":"2025-03-06T16:48:55","guid":{"rendered":"https:\/\/vinselcep.com\/?post_type=product&#038;p=34676"},"modified":"2026-01-23T14:51:31","modified_gmt":"2026-01-23T13:51:31","slug":"cheque-regalo-el-penedes-en-3-tiempos","status":"publish","type":"product","link":"https:\/\/vinselcep.com\/es\/botiga-cava-vins-enoturisme-barcelona\/enoturisme-es\/cheque-regalo-el-penedes-en-3-tiempos\/","title":{"rendered":"Cheque Regalo: El Pened\u00e8s en Tres Temps \u00ae"},"content":{"rendered":"<p><em><strong>V\u00e1lido para dos personas<\/strong><\/em><\/p>\n<p>Con el Cheque Regalo puedes regalar una experiencia a nuestra bodega para disfrutarla durante todo un a\u00f1o.<\/p>\n","protected":false},"excerpt":{"rendered":"<div class=\"experiencies-1\">\n<h1>DIA Y HORA:<\/h1>\n<h3>DE LUNES A S\u00c1BADO CON RESERVA PREVIA<\/h3>\n<p>DURACI\u00d3N<\/p>\n<h3>8h aprox.<\/h3>\n<h3>IMPRESCINDIBLE RESERVA PREVIA<\/h3>\n<h3>CHEQUE V\u00c1LIDO PARA 2 PERSONAS<\/h3>\n<p><strong>\u00a1Reg\u00e1late un d\u00eda especial en el Pened\u00e8s entre vi\u00f1edos, fogones e historia!<\/strong><\/p>\n<p><strong>PRIMER TIEMPO: VI\u00d1EDOS Y BODEGA<\/strong><br \/>\nComienza la ma\u00f1ana en <strong>Vins el Cep<\/strong>, una bodega con ra\u00edces de 1448. Conoce la historia de la uni\u00f3n de cuatro familias viticultoras y sus herencias. Pasea entre vi\u00f1edos y bosques, explora nuestra bodega y disfruta de una cata de vinos y cavas en un entorno privilegiado de Espiells.<\/p>\n<p><strong>SEGUNDO TIEMPO: GASTRONOM\u00cdA CON IDENTIDAD<\/strong><br \/>\nA mediod\u00eda, disfruta de un almuerzo en el <strong>restaurante El Cigr\u00f3 d&#8217;Or<\/strong>, donde el<strong> chef Oriol Llavina<\/strong> interpreta la cocina catalana con productos de proximidad y de temporada. Un espacio c\u00e1lido y acogedor ubicado en el Mercado de la Carne de Vilafranca del Pened\u00e8s. El Cigr\u00f3 d&#8217;Or es una apuesta segura para los amantes de la buena mesa.<br \/>\n<a href=\"https:\/\/www.elcigrodor.com\/\" target=\"_blank\" rel=\"noopener\">https:\/\/www.elcigrodor.com\/&nbsp;<\/a><\/p>\n<p><strong>TERCER TIEMPO: HISTORIA Y CULTURA DEL VINO<\/strong><br \/>\nA tan solo dos minutos a pie, termina la jornada con una visita al <strong>VINSEUM<\/strong>, el Museo de las Culturas del Vino de Catalu\u00f1a. Este museo reci\u00e9n renovado est\u00e1 situado en una antigua casa-palacio en Vilafranca del Pened\u00e8s. Un viaje fascinante por 3.000 a\u00f1os de historia vitivin\u00edcola. <a href=\"https:\/\/vinseum.cat\/es\/\" target=\"_blank\" rel=\"noopener\">https:\/\/vinseum.cat\/es\/<\/a><\/p>\n<p><strong>La actividad incluye<\/strong>:<\/p>\n<ol>\n<li>Visita guiada a la <strong>bodega Vins el Cep<\/strong>, Espiells: Vi\u00f1edo + bodega + Cata comentada de 2 vinos y 2 cavas (12:00h).<\/li>\n<li>Almuerzo en el Restaurante <strong>El Cigr\u00f3 d&#8217;Or<\/strong>, Vilafranca del Pened\u00e8s (14:00h).<\/li>\n<li>Visita al <strong>Vinseum<\/strong>, Vilafranca del Pened\u00e8s (16:00h).<\/li>\n<\/ol>\n<p>*Grupo m\u00ednimo de 2 personas.<br \/>\n*Los desplazamientos entre las diferentes actividades van a cargo del visitante. No obstante, la bodega puede ayudar a conseguir transporte p\u00fablico.<br \/>\n*La actividad en el Vinseum no incluye copa. Se puede ofrecer una copa por 3\u20ac adicionales.<br \/>\n*Para cualquier otra consulta o duda relacionada con las visitas, contacta a con reserva@vinselcep.com o env\u00eda un WhatsApp al 620246257.<b><\/b><\/p>\n<\/div>\n<h4 style=\"text-align: center;\"><b>CHEQUE REGALO<\/b><\/h4>\n","protected":false},"featured_media":37858,"template":"","meta":{"ngg_post_thumbnail":0},"product_brand":[],"product_cat":[300],"product_tag":[373,370],"class_list":{"0":"post-34676","1":"product","2":"type-product","3":"status-publish","4":"has-post-thumbnail","6":"product_cat-enoturisme-es","7":"product_tag-cata","8":"product_tag-visita-es","10":"first","11":"instock","12":"downloadable","13":"virtual","14":"sold-individually","15":"purchasable","16":"product-type-simple"},"yoast_head":"<!-- This site is optimized with the Yoast SEO Premium plugin v26.9 (Yoast SEO v26.9) - https:\/\/yoast.com\/product\/yoast-seo-premium-wordpress\/ -->\n<title>Cheque Regalo Enoturismo: visita y cata de 5 vinos Xarel\u00b7lo (2 personas) | Vins el Cep<\/title>\n<meta name=\"description\" content=\"Regala enoturismo: Visita a la vi\u00f1a y la bodega de Vins El Cep con una cata de nuestros vinos Xarel\u00b7lo. La actividad incluye: Visita guiada a nuestras vi\u00f1as y bodega + cata comentada de 5 vinos de la variedad Xarel\u00b7lo.\" \/>\n<meta name=\"robots\" content=\"index, follow, max-snippet:-1, max-image-preview:large, max-video-preview:-1\" \/>\n<link rel=\"canonical\" href=\"https:\/\/vinselcep.com\/es\/botiga-cava-vins-enoturisme-barcelona\/enoturisme-es\/cheque-regalo-el-penedes-en-3-tiempos\/\" \/>\n<meta property=\"og:locale\" content=\"es_ES\" \/>\n<meta property=\"og:type\" content=\"article\" \/>\n<meta property=\"og:title\" content=\"Cheque Regalo: El Pened\u00e8s en Tres Temps \u00ae\" \/>\n<meta property=\"og:description\" content=\"Regala enoturismo: Visita a la vi\u00f1a y la bodega de Vins El Cep con una cata de nuestros vinos Xarel\u00b7lo. La actividad incluye: Visita guiada a nuestras vi\u00f1as y bodega + cata comentada de 5 vinos de la variedad Xarel\u00b7lo.\" \/>\n<meta property=\"og:url\" content=\"https:\/\/vinselcep.com\/es\/botiga-cava-vins-enoturisme-barcelona\/enoturisme-es\/cheque-regalo-el-penedes-en-3-tiempos\/\" \/>\n<meta property=\"og:site_name\" content=\"Vins el Cep\" \/>\n<meta property=\"article:publisher\" content=\"https:\/\/ca-es.facebook.com\/VinselCep\/\" \/>\n<meta property=\"article:modified_time\" content=\"2026-01-23T13:51:31+00:00\" \/>\n<meta property=\"og:image\" content=\"https:\/\/vinselcep.com\/wp-content\/uploads\/2025\/03\/el-penedes-en-3-temps.webp\" \/>\n\t<meta property=\"og:image:width\" content=\"900\" \/>\n\t<meta property=\"og:image:height\" content=\"600\" \/>\n\t<meta property=\"og:image:type\" content=\"image\/webp\" \/>\n<meta name=\"twitter:card\" content=\"summary_large_image\" \/>\n<meta name=\"twitter:site\" content=\"@vinselcep\" \/>\n<meta name=\"twitter:label1\" content=\"Precio\" \/>\n\t<meta name=\"twitter:data1\" content=\"&euro;220.00\" \/>\n\t<meta name=\"twitter:label2\" content=\"Disponibilidad\" \/>\n\t<meta name=\"twitter:data2\" content=\"Disponible\" \/>\n<script type=\"application\/ld+json\" class=\"yoast-schema-graph\">{\"@context\":\"https:\/\/schema.org\",\"@graph\":[{\"@type\":[\"WebPage\",\"ItemPage\"],\"@id\":\"https:\/\/vinselcep.com\/es\/botiga-cava-vins-enoturisme-barcelona\/enoturisme-es\/cheque-regalo-el-penedes-en-3-tiempos\/\",\"url\":\"https:\/\/vinselcep.com\/es\/botiga-cava-vins-enoturisme-barcelona\/enoturisme-es\/cheque-regalo-el-penedes-en-3-tiempos\/\",\"name\":\"Cheque Regalo Enoturismo: visita y cata de 5 vinos Xarel\u00b7lo (2 personas) | Vins el Cep\",\"isPartOf\":{\"@id\":\"https:\/\/vinselcep.com\/es\/#website\"},\"primaryImageOfPage\":{\"@id\":\"https:\/\/vinselcep.com\/es\/botiga-cava-vins-enoturisme-barcelona\/enoturisme-es\/cheque-regalo-el-penedes-en-3-tiempos\/#primaryimage\"},\"image\":{\"@id\":\"https:\/\/vinselcep.com\/es\/botiga-cava-vins-enoturisme-barcelona\/enoturisme-es\/cheque-regalo-el-penedes-en-3-tiempos\/#primaryimage\"},\"thumbnailUrl\":\"https:\/\/vinselcep.com\/wp-content\/uploads\/2025\/02\/el-penedes-en-3-temps-2.webp\",\"datePublished\":\"2025-03-06T16:48:55+00:00\",\"dateModified\":\"2026-01-23T13:51:31+00:00\",\"description\":\"Regala enoturismo: Visita a la vi\u00f1a y la bodega de Vins El Cep con una cata de nuestros vinos Xarel\u00b7lo. La actividad incluye: Visita guiada a nuestras vi\u00f1as y bodega + cata comentada de 5 vinos de la variedad Xarel\u00b7lo.\",\"breadcrumb\":{\"@id\":\"https:\/\/vinselcep.com\/es\/botiga-cava-vins-enoturisme-barcelona\/enoturisme-es\/cheque-regalo-el-penedes-en-3-tiempos\/#breadcrumb\"},\"inLanguage\":\"es\",\"potentialAction\":[{\"@type\":\"ReadAction\",\"target\":[\"https:\/\/vinselcep.com\/es\/botiga-cava-vins-enoturisme-barcelona\/enoturisme-es\/cheque-regalo-el-penedes-en-3-tiempos\/\"]}]},{\"@type\":\"ImageObject\",\"inLanguage\":\"es\",\"@id\":\"https:\/\/vinselcep.com\/es\/botiga-cava-vins-enoturisme-barcelona\/enoturisme-es\/cheque-regalo-el-penedes-en-3-tiempos\/#primaryimage\",\"url\":\"https:\/\/vinselcep.com\/wp-content\/uploads\/2025\/02\/el-penedes-en-3-temps-2.webp\",\"contentUrl\":\"https:\/\/vinselcep.com\/wp-content\/uploads\/2025\/02\/el-penedes-en-3-temps-2.webp\",\"width\":900,\"height\":600},{\"@type\":\"BreadcrumbList\",\"@id\":\"https:\/\/vinselcep.com\/es\/botiga-cava-vins-enoturisme-barcelona\/enoturisme-es\/cheque-regalo-el-penedes-en-3-tiempos\/#breadcrumb\",\"itemListElement\":[{\"@type\":\"ListItem\",\"position\":1,\"name\":\"Inici\",\"item\":\"https:\/\/vinselcep.com\/es\/\"},{\"@type\":\"ListItem\",\"position\":2,\"name\":\"Comprar cava, vino y experiencias de enoturismo en el Pened\u00e8s (Barcelona)\",\"item\":\"https:\/\/vinselcep.com\/es\/tienda-cava-vinos-enoturismo-barcelona\/\"},{\"@type\":\"ListItem\",\"position\":3,\"name\":\"Cheque Regalo: El Pened\u00e8s en Tres Temps \u00ae\"}]},{\"@type\":\"WebSite\",\"@id\":\"https:\/\/vinselcep.com\/es\/#website\",\"url\":\"https:\/\/vinselcep.com\/es\/\",\"name\":\"Vins el Cep\",\"description\":\"Viticultors des de 1448\",\"publisher\":{\"@id\":\"https:\/\/vinselcep.com\/es\/#organization\"},\"potentialAction\":[{\"@type\":\"SearchAction\",\"target\":{\"@type\":\"EntryPoint\",\"urlTemplate\":\"https:\/\/vinselcep.com\/es\/?s={search_term_string}\"},\"query-input\":{\"@type\":\"PropertyValueSpecification\",\"valueRequired\":true,\"valueName\":\"search_term_string\"}}],\"inLanguage\":\"es\"},{\"@type\":\"Organization\",\"@id\":\"https:\/\/vinselcep.com\/es\/#organization\",\"name\":\"Vins el Cep\",\"url\":\"https:\/\/vinselcep.com\/es\/\",\"logo\":{\"@type\":\"ImageObject\",\"inLanguage\":\"es\",\"@id\":\"https:\/\/vinselcep.com\/es\/#\/schema\/logo\/image\/\",\"url\":\"https:\/\/vinselcep.com\/wp-content\/uploads\/2020\/11\/logo-vinselcep-positiu.png\",\"contentUrl\":\"https:\/\/vinselcep.com\/wp-content\/uploads\/2020\/11\/logo-vinselcep-positiu.png\",\"width\":600,\"height\":379,\"caption\":\"Vins el Cep\"},\"image\":{\"@id\":\"https:\/\/vinselcep.com\/es\/#\/schema\/logo\/image\/\"},\"sameAs\":[\"https:\/\/ca-es.facebook.com\/VinselCep\/\",\"https:\/\/x.com\/vinselcep\",\"https:\/\/www.instagram.com\/vinselcep\/\"]}]}<\/script>\n<meta property=\"product:price:amount\" content=\"220.00\" \/>\n<meta property=\"product:price:currency\" content=\"EUR\" \/>\n<meta property=\"og:availability\" content=\"instock\" \/>\n<meta property=\"product:availability\" content=\"instock\" \/>\n<meta property=\"product:retailer_item_id\" content=\"B3D2D-1\" \/>\n<meta property=\"product:condition\" content=\"new\" \/>\n<!-- \/ Yoast SEO Premium plugin. -->","yoast_head_json":{"title":"Cheque Regalo Enoturismo: visita y cata de 5 vinos Xarel\u00b7lo (2 personas) | Vins el Cep","description":"Regala enoturismo: Visita a la vi\u00f1a y la bodega de Vins El Cep con una cata de nuestros vinos Xarel\u00b7lo. La actividad incluye: Visita guiada a nuestras vi\u00f1as y bodega + cata comentada de 5 vinos de la variedad Xarel\u00b7lo.","robots":{"index":"index","follow":"follow","max-snippet":"max-snippet:-1","max-image-preview":"max-image-preview:large","max-video-preview":"max-video-preview:-1"},"canonical":"https:\/\/vinselcep.com\/es\/botiga-cava-vins-enoturisme-barcelona\/enoturisme-es\/cheque-regalo-el-penedes-en-3-tiempos\/","og_locale":"es_ES","og_type":"article","og_title":"Cheque Regalo: El Pened\u00e8s en Tres Temps \u00ae","og_description":"Regala enoturismo: Visita a la vi\u00f1a y la bodega de Vins El Cep con una cata de nuestros vinos Xarel\u00b7lo. La actividad incluye: Visita guiada a nuestras vi\u00f1as y bodega + cata comentada de 5 vinos de la variedad Xarel\u00b7lo.","og_url":"https:\/\/vinselcep.com\/es\/botiga-cava-vins-enoturisme-barcelona\/enoturisme-es\/cheque-regalo-el-penedes-en-3-tiempos\/","og_site_name":"Vins el Cep","article_publisher":"https:\/\/ca-es.facebook.com\/VinselCep\/","article_modified_time":"2026-01-23T13:51:31+00:00","og_image":[{"width":900,"height":600,"url":"https:\/\/vinselcep.com\/wp-content\/uploads\/2025\/03\/el-penedes-en-3-temps.webp","type":"image\/webp"}],"twitter_card":"summary_large_image","twitter_site":"@vinselcep","twitter_misc":{"Precio":"&euro;220.00","Disponibilidad":"Disponible"},"schema":{"@context":"https:\/\/schema.org","@graph":[{"@type":["WebPage","ItemPage"],"@id":"https:\/\/vinselcep.com\/es\/botiga-cava-vins-enoturisme-barcelona\/enoturisme-es\/cheque-regalo-el-penedes-en-3-tiempos\/","url":"https:\/\/vinselcep.com\/es\/botiga-cava-vins-enoturisme-barcelona\/enoturisme-es\/cheque-regalo-el-penedes-en-3-tiempos\/","name":"Cheque Regalo Enoturismo: visita y cata de 5 vinos Xarel\u00b7lo (2 personas) | Vins el Cep","isPartOf":{"@id":"https:\/\/vinselcep.com\/es\/#website"},"primaryImageOfPage":{"@id":"https:\/\/vinselcep.com\/es\/botiga-cava-vins-enoturisme-barcelona\/enoturisme-es\/cheque-regalo-el-penedes-en-3-tiempos\/#primaryimage"},"image":{"@id":"https:\/\/vinselcep.com\/es\/botiga-cava-vins-enoturisme-barcelona\/enoturisme-es\/cheque-regalo-el-penedes-en-3-tiempos\/#primaryimage"},"thumbnailUrl":"https:\/\/vinselcep.com\/wp-content\/uploads\/2025\/02\/el-penedes-en-3-temps-2.webp","datePublished":"2025-03-06T16:48:55+00:00","dateModified":"2026-01-23T13:51:31+00:00","description":"Regala enoturismo: Visita a la vi\u00f1a y la bodega de Vins El Cep con una cata de nuestros vinos Xarel\u00b7lo. La actividad incluye: Visita guiada a nuestras vi\u00f1as y bodega + cata comentada de 5 vinos de la variedad Xarel\u00b7lo.","breadcrumb":{"@id":"https:\/\/vinselcep.com\/es\/botiga-cava-vins-enoturisme-barcelona\/enoturisme-es\/cheque-regalo-el-penedes-en-3-tiempos\/#breadcrumb"},"inLanguage":"es","potentialAction":[{"@type":"ReadAction","target":["https:\/\/vinselcep.com\/es\/botiga-cava-vins-enoturisme-barcelona\/enoturisme-es\/cheque-regalo-el-penedes-en-3-tiempos\/"]}]},{"@type":"ImageObject","inLanguage":"es","@id":"https:\/\/vinselcep.com\/es\/botiga-cava-vins-enoturisme-barcelona\/enoturisme-es\/cheque-regalo-el-penedes-en-3-tiempos\/#primaryimage","url":"https:\/\/vinselcep.com\/wp-content\/uploads\/2025\/02\/el-penedes-en-3-temps-2.webp","contentUrl":"https:\/\/vinselcep.com\/wp-content\/uploads\/2025\/02\/el-penedes-en-3-temps-2.webp","width":900,"height":600},{"@type":"BreadcrumbList","@id":"https:\/\/vinselcep.com\/es\/botiga-cava-vins-enoturisme-barcelona\/enoturisme-es\/cheque-regalo-el-penedes-en-3-tiempos\/#breadcrumb","itemListElement":[{"@type":"ListItem","position":1,"name":"Inici","item":"https:\/\/vinselcep.com\/es\/"},{"@type":"ListItem","position":2,"name":"Comprar cava, vino y experiencias de enoturismo en el Pened\u00e8s (Barcelona)","item":"https:\/\/vinselcep.com\/es\/tienda-cava-vinos-enoturismo-barcelona\/"},{"@type":"ListItem","position":3,"name":"Cheque Regalo: El Pened\u00e8s en Tres Temps \u00ae"}]},{"@type":"WebSite","@id":"https:\/\/vinselcep.com\/es\/#website","url":"https:\/\/vinselcep.com\/es\/","name":"Vins el Cep","description":"Viticultors des de 1448","publisher":{"@id":"https:\/\/vinselcep.com\/es\/#organization"},"potentialAction":[{"@type":"SearchAction","target":{"@type":"EntryPoint","urlTemplate":"https:\/\/vinselcep.com\/es\/?s={search_term_string}"},"query-input":{"@type":"PropertyValueSpecification","valueRequired":true,"valueName":"search_term_string"}}],"inLanguage":"es"},{"@type":"Organization","@id":"https:\/\/vinselcep.com\/es\/#organization","name":"Vins el Cep","url":"https:\/\/vinselcep.com\/es\/","logo":{"@type":"ImageObject","inLanguage":"es","@id":"https:\/\/vinselcep.com\/es\/#\/schema\/logo\/image\/","url":"https:\/\/vinselcep.com\/wp-content\/uploads\/2020\/11\/logo-vinselcep-positiu.png","contentUrl":"https:\/\/vinselcep.com\/wp-content\/uploads\/2020\/11\/logo-vinselcep-positiu.png","width":600,"height":379,"caption":"Vins el Cep"},"image":{"@id":"https:\/\/vinselcep.com\/es\/#\/schema\/logo\/image\/"},"sameAs":["https:\/\/ca-es.facebook.com\/VinselCep\/","https:\/\/x.com\/vinselcep","https:\/\/www.instagram.com\/vinselcep\/"]}]},"product_price_amount":"220.00","product_price_currency":"EUR","og_availability":"instock","product_availability":"instock","product_retailer_item_id":"B3D2D-1","product_condition":"new"},"_links":{"self":[{"href":"https:\/\/vinselcep.com\/es\/wp-json\/wp\/v2\/product\/34676","targetHints":{"allow":["GET"]}}],"collection":[{"href":"https:\/\/vinselcep.com\/es\/wp-json\/wp\/v2\/product"}],"about":[{"href":"https:\/\/vinselcep.com\/es\/wp-json\/wp\/v2\/types\/product"}],"wp:featuredmedia":[{"embeddable":true,"href":"https:\/\/vinselcep.com\/es\/wp-json\/wp\/v2\/media\/37858"}],"wp:attachment":[{"href":"https:\/\/vinselcep.com\/es\/wp-json\/wp\/v2\/media?parent=34676"}],"wp:term":[{"taxonomy":"product_brand","embeddable":true,"href":"https:\/\/vinselcep.com\/es\/wp-json\/wp\/v2\/product_brand?post=34676"},{"taxonomy":"product_cat","embeddable":true,"href":"https:\/\/vinselcep.com\/es\/wp-json\/wp\/v2\/product_cat?post=34676"},{"taxonomy":"product_tag","embeddable":true,"href":"https:\/\/vinselcep.com\/es\/wp-json\/wp\/v2\/product_tag?post=34676"}],"curies":[{"name":"wp","href":"https:\/\/api.w.org\/{rel}","templated":true}]}}