{"id":34398,"date":"2025-03-05T18:22:20","date_gmt":"2025-03-05T17:22:20","guid":{"rendered":"https:\/\/vinselcep.com\/?post_type=product&#038;p=34398"},"modified":"2026-02-18T08:34:38","modified_gmt":"2026-02-18T07:34:38","slug":"respira","status":"publish","type":"product","link":"https:\/\/vinselcep.com\/es\/botiga-cava-vins-enoturisme-barcelona\/enoturisme-es\/respira\/","title":{"rendered":"Arrela\u2019t! (Con\u00e9ctate!)"},"content":{"rendered":"<p><em>Para cualquier otra consulta o duda relacionada con visitas contacte a <a href=\"mailto:reserva@vinselcep.com\">reserva@vinselcep.com<\/a> o env\u00ede un Whatsapp al 620246257.<br \/>\n<\/em><\/p>\n","protected":false},"excerpt":{"rendered":"<div class=\"experiencies-1\">\n<h1>DISPONIBILIDAD:<\/h1>\n<h3>SABADO 17 MAYO<\/h3>\n<h2>DURACI\u00d3N:<\/h2>\n<h3>4h aproximadamente<\/h3>\n<h3>IMPRESCINDIBLE RESERVA PREVIA CON 48h DE ANTELACI\u00d3N<\/h3>\n<p>\u00a1Prep\u00e1rate para una experiencia transformadora en la bodega Vins el Cep!<\/p>\n<p>El s\u00e1bado 17 de mayo, haz una pausa y reg\u00e1late un momento para reconectar contigo mismo.<\/p>\n<p><strong>RESPIRA<\/strong> es una experiencia \u00fanica dise\u00f1ada para revitalizar cuerpo y mente a trav\u00e9s del movimiento, la postura y la respiraci\u00f3n.<\/p>\n<p>Guiados por <strong>Susanna Diracano<\/strong>\u2014coach en arquitectura emocional, entrenadora personal y terapeuta con m\u00e1s de 20 a\u00f1os de experiencia\u2014exploraremos herramientas para encontrar equilibrio y bienestar a trav\u00e9s del cuerpo, la nutrici\u00f3n y la mente. Despu\u00e9s de este viaje de reconexi\u00f3n, te invitamos a una cata a ciegas de vinos singulares, una experiencia sensorial para despertar todos los sentidos.<\/p>\n<p>A continuaci\u00f3n, disfrutar\u00e1s de un brunch saludable y delicioso, preparado con dedicaci\u00f3n por <strong>Olga e Inma de KezuVegano<\/strong>. Y para cerrar la jornada, descubriremos juntos la <strong>bodega Vins el Cep<\/strong> en un breve recorrido lleno de historia y pasi\u00f3n por el vino.<\/p>\n<p>Un plan perfecto para desconectar, recargar energ\u00edas y reencontrarte con tu esencia.<\/p>\n<p>\u00a1Te esperamos!<br \/>\n<a href=\"https:\/\/www.susannadiracano.com\" target=\"_blank\" rel=\"noopener\">https:\/\/www.susannadiracano.com<\/a><br \/>\n<a href=\"https:\/\/kezuvegano.com\" target=\"_blank\" rel=\"noopener\">https:\/\/kezuvegano.com<\/a><\/p>\n<p><strong>La actividad incluye<\/strong>:<\/p>\n<ol>\n<li>Taller de Reconexi\u00f3n con la Coach Susanna Diracano con cata a ciegas. (10:30am-12:30pm)<br \/>\n2. Brunch con Olga e Inma de KezuVegano (13:00pm-14:00pm).<br \/>\n3. Visita guiada en la bodega Vins el Cep, (14:00pm-14:30pm)<\/li>\n<\/ol>\n<p>* Es necesario llevar ropa c\u00f3moda<br \/>\n* Para cualquier otra consulta o duda relacionada con visitas, contactar con <a href=\"mailto:reserva@vinselcep.com\">reserva@vinselcep.com<\/a> o enviar un WhatsApp al 620246257.<\/p>\n<h4 style=\"text-align: center;\"><b>RESERVA<\/b><\/h4>\n<\/div>\n","protected":false},"featured_media":34433,"template":"","meta":{"ngg_post_thumbnail":0},"product_brand":[],"product_cat":[300],"product_tag":[],"class_list":{"0":"post-34398","1":"product","2":"type-product","3":"status-publish","4":"has-post-thumbnail","6":"product_cat-enoturisme-es","8":"first","9":"outofstock","10":"virtual","11":"purchasable","12":"product-type-simple"},"yoast_head":"<!-- This site is optimized with the Yoast SEO Premium plugin v26.9 (Yoast SEO v26.9) - https:\/\/yoast.com\/product\/yoast-seo-premium-wordpress\/ -->\n<title>Visita y maridaje de 5 quesos con vinos y cava. Enoturismo en Sant Sadurn\u00ed (Barcelona). | Vins el Cep<\/title>\n<meta name=\"description\" content=\"Un maridaje muy especial con una selecci\u00f3n de quesos con nuestros vinos. La actividad incluye: Visita guiada al vi\u00f1edo y a la bodega + maridaje comentado de 5 quesos con vinos y cavas.\" \/>\n<meta name=\"robots\" content=\"index, follow, max-snippet:-1, max-image-preview:large, max-video-preview:-1\" \/>\n<link rel=\"canonical\" href=\"https:\/\/vinselcep.com\/es\/botiga-cava-vins-enoturisme-barcelona\/enoturisme-es\/respira\/\" \/>\n<meta property=\"og:locale\" content=\"es_ES\" \/>\n<meta property=\"og:type\" content=\"article\" \/>\n<meta property=\"og:title\" content=\"Arrela\u2019t! (Con\u00e9ctate!)\" \/>\n<meta property=\"og:description\" content=\"Un maridaje muy especial con una selecci\u00f3n de quesos con nuestros vinos. La actividad incluye: Visita guiada al vi\u00f1edo y a la bodega + maridaje comentado de 5 quesos con vinos y cavas.\" \/>\n<meta property=\"og:url\" content=\"https:\/\/vinselcep.com\/es\/botiga-cava-vins-enoturisme-barcelona\/enoturisme-es\/respira\/\" \/>\n<meta property=\"og:site_name\" content=\"Vins el Cep\" \/>\n<meta property=\"article:publisher\" content=\"https:\/\/ca-es.facebook.com\/VinselCep\/\" \/>\n<meta property=\"article:modified_time\" content=\"2026-02-18T07:34:38+00:00\" \/>\n<meta property=\"og:image\" content=\"https:\/\/vinselcep.com\/wp-content\/uploads\/2025\/03\/0-a-1.webp\" \/>\n\t<meta property=\"og:image:width\" content=\"900\" \/>\n\t<meta property=\"og:image:height\" content=\"600\" \/>\n\t<meta property=\"og:image:type\" content=\"image\/webp\" \/>\n<meta name=\"twitter:card\" content=\"summary_large_image\" \/>\n<meta name=\"twitter:site\" content=\"@vinselcep\" \/>\n<meta name=\"twitter:label1\" content=\"Precio\" \/>\n\t<meta name=\"twitter:data1\" content=\"&euro;45.00\" \/>\n\t<meta name=\"twitter:label2\" content=\"Disponibilidad\" \/>\n\t<meta name=\"twitter:data2\" content=\"Sin existencias\" \/>\n<script type=\"application\/ld+json\" class=\"yoast-schema-graph\">{\"@context\":\"https:\/\/schema.org\",\"@graph\":[{\"@type\":[\"WebPage\",\"ItemPage\"],\"@id\":\"https:\/\/vinselcep.com\/es\/botiga-cava-vins-enoturisme-barcelona\/enoturisme-es\/respira\/\",\"url\":\"https:\/\/vinselcep.com\/es\/botiga-cava-vins-enoturisme-barcelona\/enoturisme-es\/respira\/\",\"name\":\"Visita y maridaje de 5 quesos con vinos y cava. Enoturismo en Sant Sadurn\u00ed (Barcelona). | Vins el Cep\",\"isPartOf\":{\"@id\":\"https:\/\/vinselcep.com\/es\/#website\"},\"primaryImageOfPage\":{\"@id\":\"https:\/\/vinselcep.com\/es\/botiga-cava-vins-enoturisme-barcelona\/enoturisme-es\/respira\/#primaryimage\"},\"image\":{\"@id\":\"https:\/\/vinselcep.com\/es\/botiga-cava-vins-enoturisme-barcelona\/enoturisme-es\/respira\/#primaryimage\"},\"thumbnailUrl\":\"https:\/\/vinselcep.com\/wp-content\/uploads\/2025\/03\/0-a-1.webp\",\"datePublished\":\"2025-03-05T17:22:20+00:00\",\"dateModified\":\"2026-02-18T07:34:38+00:00\",\"description\":\"Un maridaje muy especial con una selecci\u00f3n de quesos con nuestros vinos. La actividad incluye: Visita guiada al vi\u00f1edo y a la bodega + maridaje comentado de 5 quesos con vinos y cavas.\",\"breadcrumb\":{\"@id\":\"https:\/\/vinselcep.com\/es\/botiga-cava-vins-enoturisme-barcelona\/enoturisme-es\/respira\/#breadcrumb\"},\"inLanguage\":\"es\",\"potentialAction\":[{\"@type\":\"ReadAction\",\"target\":[\"https:\/\/vinselcep.com\/es\/botiga-cava-vins-enoturisme-barcelona\/enoturisme-es\/respira\/\"]}]},{\"@type\":\"ImageObject\",\"inLanguage\":\"es\",\"@id\":\"https:\/\/vinselcep.com\/es\/botiga-cava-vins-enoturisme-barcelona\/enoturisme-es\/respira\/#primaryimage\",\"url\":\"https:\/\/vinselcep.com\/wp-content\/uploads\/2025\/03\/0-a-1.webp\",\"contentUrl\":\"https:\/\/vinselcep.com\/wp-content\/uploads\/2025\/03\/0-a-1.webp\",\"width\":900,\"height\":600},{\"@type\":\"BreadcrumbList\",\"@id\":\"https:\/\/vinselcep.com\/es\/botiga-cava-vins-enoturisme-barcelona\/enoturisme-es\/respira\/#breadcrumb\",\"itemListElement\":[{\"@type\":\"ListItem\",\"position\":1,\"name\":\"Inici\",\"item\":\"https:\/\/vinselcep.com\/es\/\"},{\"@type\":\"ListItem\",\"position\":2,\"name\":\"Comprar cava, vino y experiencias de enoturismo en el Pened\u00e8s (Barcelona)\",\"item\":\"https:\/\/vinselcep.com\/es\/tienda-cava-vinos-enoturismo-barcelona\/\"},{\"@type\":\"ListItem\",\"position\":3,\"name\":\"Arrela\u2019t! (Con\u00e9ctate!)\"}]},{\"@type\":\"WebSite\",\"@id\":\"https:\/\/vinselcep.com\/es\/#website\",\"url\":\"https:\/\/vinselcep.com\/es\/\",\"name\":\"Vins el Cep\",\"description\":\"Viticultors des de 1448\",\"publisher\":{\"@id\":\"https:\/\/vinselcep.com\/es\/#organization\"},\"potentialAction\":[{\"@type\":\"SearchAction\",\"target\":{\"@type\":\"EntryPoint\",\"urlTemplate\":\"https:\/\/vinselcep.com\/es\/?s={search_term_string}\"},\"query-input\":{\"@type\":\"PropertyValueSpecification\",\"valueRequired\":true,\"valueName\":\"search_term_string\"}}],\"inLanguage\":\"es\"},{\"@type\":\"Organization\",\"@id\":\"https:\/\/vinselcep.com\/es\/#organization\",\"name\":\"Vins el Cep\",\"url\":\"https:\/\/vinselcep.com\/es\/\",\"logo\":{\"@type\":\"ImageObject\",\"inLanguage\":\"es\",\"@id\":\"https:\/\/vinselcep.com\/es\/#\/schema\/logo\/image\/\",\"url\":\"https:\/\/vinselcep.com\/wp-content\/uploads\/2020\/11\/logo-vinselcep-positiu.png\",\"contentUrl\":\"https:\/\/vinselcep.com\/wp-content\/uploads\/2020\/11\/logo-vinselcep-positiu.png\",\"width\":600,\"height\":379,\"caption\":\"Vins el Cep\"},\"image\":{\"@id\":\"https:\/\/vinselcep.com\/es\/#\/schema\/logo\/image\/\"},\"sameAs\":[\"https:\/\/ca-es.facebook.com\/VinselCep\/\",\"https:\/\/x.com\/vinselcep\",\"https:\/\/www.instagram.com\/vinselcep\/\"]}]}<\/script>\n<meta property=\"product:price:amount\" content=\"45.00\" \/>\n<meta property=\"product:price:currency\" content=\"EUR\" \/>\n<meta property=\"og:availability\" content=\"out of stock\" \/>\n<meta property=\"product:availability\" content=\"out of stock\" \/>\n<meta property=\"product:retailer_item_id\" content=\"12JZE-1-1\" \/>\n<meta property=\"product:condition\" content=\"new\" \/>\n<!-- \/ Yoast SEO Premium plugin. -->","yoast_head_json":{"title":"Visita y maridaje de 5 quesos con vinos y cava. Enoturismo en Sant Sadurn\u00ed (Barcelona). | Vins el Cep","description":"Un maridaje muy especial con una selecci\u00f3n de quesos con nuestros vinos. La actividad incluye: Visita guiada al vi\u00f1edo y a la bodega + maridaje comentado de 5 quesos con vinos y cavas.","robots":{"index":"index","follow":"follow","max-snippet":"max-snippet:-1","max-image-preview":"max-image-preview:large","max-video-preview":"max-video-preview:-1"},"canonical":"https:\/\/vinselcep.com\/es\/botiga-cava-vins-enoturisme-barcelona\/enoturisme-es\/respira\/","og_locale":"es_ES","og_type":"article","og_title":"Arrela\u2019t! (Con\u00e9ctate!)","og_description":"Un maridaje muy especial con una selecci\u00f3n de quesos con nuestros vinos. La actividad incluye: Visita guiada al vi\u00f1edo y a la bodega + maridaje comentado de 5 quesos con vinos y cavas.","og_url":"https:\/\/vinselcep.com\/es\/botiga-cava-vins-enoturisme-barcelona\/enoturisme-es\/respira\/","og_site_name":"Vins el Cep","article_publisher":"https:\/\/ca-es.facebook.com\/VinselCep\/","article_modified_time":"2026-02-18T07:34:38+00:00","og_image":[{"width":900,"height":600,"url":"https:\/\/vinselcep.com\/wp-content\/uploads\/2025\/03\/0-a-1.webp","type":"image\/webp"}],"twitter_card":"summary_large_image","twitter_site":"@vinselcep","twitter_misc":{"Precio":"&euro;45.00","Disponibilidad":"Sin existencias"},"schema":{"@context":"https:\/\/schema.org","@graph":[{"@type":["WebPage","ItemPage"],"@id":"https:\/\/vinselcep.com\/es\/botiga-cava-vins-enoturisme-barcelona\/enoturisme-es\/respira\/","url":"https:\/\/vinselcep.com\/es\/botiga-cava-vins-enoturisme-barcelona\/enoturisme-es\/respira\/","name":"Visita y maridaje de 5 quesos con vinos y cava. Enoturismo en Sant Sadurn\u00ed (Barcelona). | Vins el Cep","isPartOf":{"@id":"https:\/\/vinselcep.com\/es\/#website"},"primaryImageOfPage":{"@id":"https:\/\/vinselcep.com\/es\/botiga-cava-vins-enoturisme-barcelona\/enoturisme-es\/respira\/#primaryimage"},"image":{"@id":"https:\/\/vinselcep.com\/es\/botiga-cava-vins-enoturisme-barcelona\/enoturisme-es\/respira\/#primaryimage"},"thumbnailUrl":"https:\/\/vinselcep.com\/wp-content\/uploads\/2025\/03\/0-a-1.webp","datePublished":"2025-03-05T17:22:20+00:00","dateModified":"2026-02-18T07:34:38+00:00","description":"Un maridaje muy especial con una selecci\u00f3n de quesos con nuestros vinos. La actividad incluye: Visita guiada al vi\u00f1edo y a la bodega + maridaje comentado de 5 quesos con vinos y cavas.","breadcrumb":{"@id":"https:\/\/vinselcep.com\/es\/botiga-cava-vins-enoturisme-barcelona\/enoturisme-es\/respira\/#breadcrumb"},"inLanguage":"es","potentialAction":[{"@type":"ReadAction","target":["https:\/\/vinselcep.com\/es\/botiga-cava-vins-enoturisme-barcelona\/enoturisme-es\/respira\/"]}]},{"@type":"ImageObject","inLanguage":"es","@id":"https:\/\/vinselcep.com\/es\/botiga-cava-vins-enoturisme-barcelona\/enoturisme-es\/respira\/#primaryimage","url":"https:\/\/vinselcep.com\/wp-content\/uploads\/2025\/03\/0-a-1.webp","contentUrl":"https:\/\/vinselcep.com\/wp-content\/uploads\/2025\/03\/0-a-1.webp","width":900,"height":600},{"@type":"BreadcrumbList","@id":"https:\/\/vinselcep.com\/es\/botiga-cava-vins-enoturisme-barcelona\/enoturisme-es\/respira\/#breadcrumb","itemListElement":[{"@type":"ListItem","position":1,"name":"Inici","item":"https:\/\/vinselcep.com\/es\/"},{"@type":"ListItem","position":2,"name":"Comprar cava, vino y experiencias de enoturismo en el Pened\u00e8s (Barcelona)","item":"https:\/\/vinselcep.com\/es\/tienda-cava-vinos-enoturismo-barcelona\/"},{"@type":"ListItem","position":3,"name":"Arrela\u2019t! (Con\u00e9ctate!)"}]},{"@type":"WebSite","@id":"https:\/\/vinselcep.com\/es\/#website","url":"https:\/\/vinselcep.com\/es\/","name":"Vins el Cep","description":"Viticultors des de 1448","publisher":{"@id":"https:\/\/vinselcep.com\/es\/#organization"},"potentialAction":[{"@type":"SearchAction","target":{"@type":"EntryPoint","urlTemplate":"https:\/\/vinselcep.com\/es\/?s={search_term_string}"},"query-input":{"@type":"PropertyValueSpecification","valueRequired":true,"valueName":"search_term_string"}}],"inLanguage":"es"},{"@type":"Organization","@id":"https:\/\/vinselcep.com\/es\/#organization","name":"Vins el Cep","url":"https:\/\/vinselcep.com\/es\/","logo":{"@type":"ImageObject","inLanguage":"es","@id":"https:\/\/vinselcep.com\/es\/#\/schema\/logo\/image\/","url":"https:\/\/vinselcep.com\/wp-content\/uploads\/2020\/11\/logo-vinselcep-positiu.png","contentUrl":"https:\/\/vinselcep.com\/wp-content\/uploads\/2020\/11\/logo-vinselcep-positiu.png","width":600,"height":379,"caption":"Vins el Cep"},"image":{"@id":"https:\/\/vinselcep.com\/es\/#\/schema\/logo\/image\/"},"sameAs":["https:\/\/ca-es.facebook.com\/VinselCep\/","https:\/\/x.com\/vinselcep","https:\/\/www.instagram.com\/vinselcep\/"]}]},"product_price_amount":"45.00","product_price_currency":"EUR","og_availability":"out of stock","product_availability":"out of stock","product_retailer_item_id":"12JZE-1-1","product_condition":"new"},"_links":{"self":[{"href":"https:\/\/vinselcep.com\/es\/wp-json\/wp\/v2\/product\/34398","targetHints":{"allow":["GET"]}}],"collection":[{"href":"https:\/\/vinselcep.com\/es\/wp-json\/wp\/v2\/product"}],"about":[{"href":"https:\/\/vinselcep.com\/es\/wp-json\/wp\/v2\/types\/product"}],"wp:featuredmedia":[{"embeddable":true,"href":"https:\/\/vinselcep.com\/es\/wp-json\/wp\/v2\/media\/34433"}],"wp:attachment":[{"href":"https:\/\/vinselcep.com\/es\/wp-json\/wp\/v2\/media?parent=34398"}],"wp:term":[{"taxonomy":"product_brand","embeddable":true,"href":"https:\/\/vinselcep.com\/es\/wp-json\/wp\/v2\/product_brand?post=34398"},{"taxonomy":"product_cat","embeddable":true,"href":"https:\/\/vinselcep.com\/es\/wp-json\/wp\/v2\/product_cat?post=34398"},{"taxonomy":"product_tag","embeddable":true,"href":"https:\/\/vinselcep.com\/es\/wp-json\/wp\/v2\/product_tag?post=34398"}],"curies":[{"name":"wp","href":"https:\/\/api.w.org\/{rel}","templated":true}]}}