{"id":33984,"date":"2025-02-27T15:22:22","date_gmt":"2025-02-27T14:22:22","guid":{"rendered":"https:\/\/vinselcep.com\/?post_type=product&#038;p=33984"},"modified":"2026-01-29T12:54:06","modified_gmt":"2026-01-29T11:54:06","slug":"el-penedes-en-tres-tiempos","status":"publish","type":"product","link":"https:\/\/vinselcep.com\/es\/botiga-cava-vins-enoturisme-barcelona\/enoturisme-es\/el-penedes-en-tres-tiempos\/","title":{"rendered":"El Pened\u00e8s en Tres Temps \u00ae"},"content":{"rendered":"<p><em>Para cualquier otra consulta o duda relacionada con visitas contacte a <a href=\"mailto:reserva@vinselcep.com\">reserva@vinselcep.com<\/a> o env\u00ede un Whatsapp al 620246257.<br \/>\n<\/em><\/p>\n","protected":false},"excerpt":{"rendered":"<div class=\"experiencies-1\">\n<h1 class=\"ai-optimize-24\">DISPONIBILIDAD:<\/h1>\n<h3 class=\"ai-optimize-25\">DE MARTES A S\u00c1BADO (CONSULTAR FESTIVOS)<\/h3>\n<h2 class=\"ai-optimize-26\">DURACI\u00d3N:<\/h2>\n<h3 class=\"ai-optimize-27\">8h aproximadamente<\/h3>\n<h3 class=\"ai-optimize-28\">IMPRESCINDIBLE RESERVA PREVIA CON 48h DE ANTELACI\u00d3N<\/h3>\n<h3 class=\"ai-optimize-29\">GRUPOS DE M\u00cdNIMO 2 PERSONAS<\/h3>\n<p class=\"ai-optimize-30\"><strong>\u00a1Reg\u00e1late un d\u00eda especial en el Pened\u00e8s entre vi\u00f1edos, fogones e historia!<\/strong><\/p>\n<p class=\"ai-optimize-31\"><strong>PRIMER PASO: VI\u00d1EDOS Y BODEGA<\/strong><br \/>\nComienza la ma\u00f1ana en <strong>Vins el Cep<\/strong>, una bodega con ra\u00edces de 1448. Conoce la historia de la uni\u00f3n de cuatro familias viticultoras y sus herencias. Pasea entre vi\u00f1edos y bosques, explora nuestra bodega y disfruta de una cata de vinos y cavas en un entorno privilegiado de Espiells.<\/p>\n<p class=\"ai-optimize-32\"><strong>SEGUNDO PASO: GASTRONOM\u00cdA CON IDENTIDAD<\/strong><br \/>\nA mediod\u00eda, disfruta de un almuerzo en el <strong>restaurante El Cigr\u00f3 d&#8217;Or<\/strong>, donde el<strong> chef Oriol Llavina<\/strong> interpreta la cocina catalana con productos de proximidad y de temporada. Un espacio c\u00e1lido y acogedor ubicado en el Mercado de la Carne de Vilafranca del Pened\u00e8s. El Cigr\u00f3 d&#8217;Or es una apuesta segura para los amantes de la buena mesa.<br \/>\n<a href=\"https:\/\/www.elcigrodor.com\/\" target=\"_blank\" rel=\"noopener\">https:\/\/www.elcigrodor.com\/&nbsp;<\/a><\/p>\n<p class=\"ai-optimize-33\"><strong>TERCER PASO: HISTORIA Y CULTURA DEL VINO<\/strong><br \/>\nA tan solo dos minutos a pie, termina la jornada con una visita al <strong>VINSEUM<\/strong>, el Museo de las Culturas del Vino de Catalu\u00f1a. Este museo reci\u00e9n renovado est\u00e1 situado en una antigua casa-palacio en Vilafranca del Pened\u00e8s. Un viaje fascinante por 3.000 a\u00f1os de historia vitivin\u00edcola. <a href=\"https:\/\/vinseum.cat\/es\/\" target=\"_blank\" rel=\"noopener\">https:\/\/vinseum.cat\/es\/<\/a><\/p>\n<p class=\"ai-optimize-34\"><strong>La actividad incluye<\/strong>:<\/p>\n<ol>\n<li class=\"ai-optimize-35\">Visita guiada a la <strong>bodega Vins el Cep<\/strong>, Espiells: Vi\u00f1edo + bodega + Cata comentada de 2 vinos y 2 cavas (12:00h).<\/li>\n<li class=\"ai-optimize-36\">Almuerzo en el Restaurante <strong>El Cigr\u00f3 d&#8217;Or<\/strong>, Vilafranca del Pened\u00e8s (14:00h).<\/li>\n<li class=\"ai-optimize-37\">Visita al <strong>Vinseum<\/strong>, Vilafranca del Pened\u00e8s (16:00h).<\/li>\n<\/ol>\n<p class=\"ai-optimize-38\">*Grupo m\u00ednimo de 2 personas.<br \/>\n*Los desplazamientos entre las diferentes actividades van a cargo del visitante. No obstante, la bodega puede ayudar a conseguir transporte p\u00fablico.<br \/>\n*La actividad en el Vinseum no incluye copa. Se puede ofrecer una copa por 3\u20ac adicionales.<br \/>\n*Para cualquier otra consulta o duda relacionada con las visitas, contacta a con reserva@vinselcep.com o env\u00eda un WhatsApp al 620246257.<\/p>\n<h4 class=\"ai-optimize-39\" style=\"text-align: center;\"><b>RESERVA<\/b><\/h4>\n<\/div>\n<div class=\"notranslate\" style=\"all: initial;\">&nbsp;<\/div>\n","protected":false},"featured_media":37858,"template":"","meta":{"ngg_post_thumbnail":0},"product_brand":[],"product_cat":[300],"product_tag":[],"class_list":{"0":"post-33984","1":"product","2":"type-product","3":"status-publish","4":"has-post-thumbnail","6":"product_cat-enoturisme-es","8":"first","9":"instock","10":"virtual","11":"sold-individually","12":"purchasable","13":"product-type-booking"},"yoast_head":"<!-- This site is optimized with the Yoast SEO Premium plugin v26.9 (Yoast SEO v26.9) - https:\/\/yoast.com\/product\/yoast-seo-premium-wordpress\/ -->\n<title>Visita y maridaje de 5 quesos con vinos y cava. Enoturismo en Sant Sadurn\u00ed (Barcelona). | Vins el Cep<\/title>\n<meta name=\"description\" content=\"Visita guiada a la bodega Vins el Cep, Espiells: Vi\u00f1edo + bodega + Cata comentada de 2 vinos y 2 cavas.Almuerzo en el Restaurante El Cigr\u00f3 d&#039;Or, Vilafranca del Pened\u00e8s.Visita al Vinseum, Vilafranca del Pened\u00e8s\" \/>\n<meta name=\"robots\" content=\"index, follow, max-snippet:-1, max-image-preview:large, max-video-preview:-1\" \/>\n<link rel=\"canonical\" href=\"https:\/\/vinselcep.com\/es\/botiga-cava-vins-enoturisme-barcelona\/enoturisme-es\/el-penedes-en-tres-tiempos\/\" \/>\n<meta property=\"og:locale\" content=\"es_ES\" \/>\n<meta property=\"og:type\" content=\"article\" \/>\n<meta property=\"og:title\" content=\"El Pened\u00e8s en Tres Temps \u00ae\" \/>\n<meta property=\"og:description\" content=\"Visita guiada a la bodega Vins el Cep, Espiells: Vi\u00f1edo + bodega + Cata comentada de 2 vinos y 2 cavas.Almuerzo en el Restaurante El Cigr\u00f3 d&#039;Or, Vilafranca del Pened\u00e8s.Visita al Vinseum, Vilafranca del Pened\u00e8s\" \/>\n<meta property=\"og:url\" content=\"https:\/\/vinselcep.com\/es\/botiga-cava-vins-enoturisme-barcelona\/enoturisme-es\/el-penedes-en-tres-tiempos\/\" \/>\n<meta property=\"og:site_name\" content=\"Vins el Cep\" \/>\n<meta property=\"article:publisher\" content=\"https:\/\/ca-es.facebook.com\/VinselCep\/\" \/>\n<meta property=\"article:modified_time\" content=\"2026-01-29T11:54:06+00:00\" \/>\n<meta property=\"og:image\" content=\"https:\/\/vinselcep.com\/wp-content\/uploads\/2025\/02\/FOTO-PORTADA.webp\" \/>\n\t<meta property=\"og:image:width\" content=\"1080\" \/>\n\t<meta property=\"og:image:height\" content=\"720\" \/>\n\t<meta property=\"og:image:type\" content=\"image\/webp\" \/>\n<meta name=\"twitter:card\" content=\"summary_large_image\" \/>\n<meta name=\"twitter:site\" content=\"@vinselcep\" \/>\n<meta name=\"twitter:label1\" content=\"Precio\" \/>\n\t<meta name=\"twitter:data1\" content=\"&euro;220.00\" \/>\n\t<meta name=\"twitter:label2\" content=\"Disponibilidad\" \/>\n\t<meta name=\"twitter:data2\" content=\"Disponible\" \/>\n<script type=\"application\/ld+json\" class=\"yoast-schema-graph\">{\"@context\":\"https:\/\/schema.org\",\"@graph\":[{\"@type\":[\"WebPage\",\"ItemPage\"],\"@id\":\"https:\/\/vinselcep.com\/es\/botiga-cava-vins-enoturisme-barcelona\/enoturisme-es\/el-penedes-en-tres-tiempos\/\",\"url\":\"https:\/\/vinselcep.com\/es\/botiga-cava-vins-enoturisme-barcelona\/enoturisme-es\/el-penedes-en-tres-tiempos\/\",\"name\":\"Visita y maridaje de 5 quesos con vinos y cava. Enoturismo en Sant Sadurn\u00ed (Barcelona). | Vins el Cep\",\"isPartOf\":{\"@id\":\"https:\/\/vinselcep.com\/es\/#website\"},\"primaryImageOfPage\":{\"@id\":\"https:\/\/vinselcep.com\/es\/botiga-cava-vins-enoturisme-barcelona\/enoturisme-es\/el-penedes-en-tres-tiempos\/#primaryimage\"},\"image\":{\"@id\":\"https:\/\/vinselcep.com\/es\/botiga-cava-vins-enoturisme-barcelona\/enoturisme-es\/el-penedes-en-tres-tiempos\/#primaryimage\"},\"thumbnailUrl\":\"https:\/\/vinselcep.com\/wp-content\/uploads\/2025\/02\/el-penedes-en-3-temps-2.webp\",\"datePublished\":\"2025-02-27T14:22:22+00:00\",\"dateModified\":\"2026-01-29T11:54:06+00:00\",\"description\":\"Visita guiada a la bodega Vins el Cep, Espiells: Vi\u00f1edo + bodega + Cata comentada de 2 vinos y 2 cavas.Almuerzo en el Restaurante El Cigr\u00f3 d'Or, Vilafranca del Pened\u00e8s.Visita al Vinseum, Vilafranca del Pened\u00e8s\",\"breadcrumb\":{\"@id\":\"https:\/\/vinselcep.com\/es\/botiga-cava-vins-enoturisme-barcelona\/enoturisme-es\/el-penedes-en-tres-tiempos\/#breadcrumb\"},\"inLanguage\":\"es\",\"potentialAction\":[{\"@type\":\"ReadAction\",\"target\":[\"https:\/\/vinselcep.com\/es\/botiga-cava-vins-enoturisme-barcelona\/enoturisme-es\/el-penedes-en-tres-tiempos\/\"]}]},{\"@type\":\"ImageObject\",\"inLanguage\":\"es\",\"@id\":\"https:\/\/vinselcep.com\/es\/botiga-cava-vins-enoturisme-barcelona\/enoturisme-es\/el-penedes-en-tres-tiempos\/#primaryimage\",\"url\":\"https:\/\/vinselcep.com\/wp-content\/uploads\/2025\/02\/el-penedes-en-3-temps-2.webp\",\"contentUrl\":\"https:\/\/vinselcep.com\/wp-content\/uploads\/2025\/02\/el-penedes-en-3-temps-2.webp\",\"width\":900,\"height\":600},{\"@type\":\"BreadcrumbList\",\"@id\":\"https:\/\/vinselcep.com\/es\/botiga-cava-vins-enoturisme-barcelona\/enoturisme-es\/el-penedes-en-tres-tiempos\/#breadcrumb\",\"itemListElement\":[{\"@type\":\"ListItem\",\"position\":1,\"name\":\"Inici\",\"item\":\"https:\/\/vinselcep.com\/es\/\"},{\"@type\":\"ListItem\",\"position\":2,\"name\":\"Comprar cava, vino y experiencias de enoturismo en el Pened\u00e8s (Barcelona)\",\"item\":\"https:\/\/vinselcep.com\/es\/tienda-cava-vinos-enoturismo-barcelona\/\"},{\"@type\":\"ListItem\",\"position\":3,\"name\":\"El Pened\u00e8s en Tres Temps \u00ae\"}]},{\"@type\":\"WebSite\",\"@id\":\"https:\/\/vinselcep.com\/es\/#website\",\"url\":\"https:\/\/vinselcep.com\/es\/\",\"name\":\"Vins el Cep\",\"description\":\"Viticultors des de 1448\",\"publisher\":{\"@id\":\"https:\/\/vinselcep.com\/es\/#organization\"},\"potentialAction\":[{\"@type\":\"SearchAction\",\"target\":{\"@type\":\"EntryPoint\",\"urlTemplate\":\"https:\/\/vinselcep.com\/es\/?s={search_term_string}\"},\"query-input\":{\"@type\":\"PropertyValueSpecification\",\"valueRequired\":true,\"valueName\":\"search_term_string\"}}],\"inLanguage\":\"es\"},{\"@type\":\"Organization\",\"@id\":\"https:\/\/vinselcep.com\/es\/#organization\",\"name\":\"Vins el Cep\",\"url\":\"https:\/\/vinselcep.com\/es\/\",\"logo\":{\"@type\":\"ImageObject\",\"inLanguage\":\"es\",\"@id\":\"https:\/\/vinselcep.com\/es\/#\/schema\/logo\/image\/\",\"url\":\"https:\/\/vinselcep.com\/wp-content\/uploads\/2020\/11\/logo-vinselcep-positiu.png\",\"contentUrl\":\"https:\/\/vinselcep.com\/wp-content\/uploads\/2020\/11\/logo-vinselcep-positiu.png\",\"width\":600,\"height\":379,\"caption\":\"Vins el Cep\"},\"image\":{\"@id\":\"https:\/\/vinselcep.com\/es\/#\/schema\/logo\/image\/\"},\"sameAs\":[\"https:\/\/ca-es.facebook.com\/VinselCep\/\",\"https:\/\/x.com\/vinselcep\",\"https:\/\/www.instagram.com\/vinselcep\/\"]}]}<\/script>\n<meta property=\"product:price:amount\" content=\"220.00\" \/>\n<meta property=\"product:price:currency\" content=\"EUR\" \/>\n<meta property=\"og:availability\" content=\"instock\" \/>\n<meta property=\"product:availability\" content=\"instock\" \/>\n<meta property=\"product:retailer_item_id\" content=\"12JZE-1\" \/>\n<meta property=\"product:condition\" content=\"new\" \/>\n<!-- \/ Yoast SEO Premium plugin. -->","yoast_head_json":{"title":"Visita y maridaje de 5 quesos con vinos y cava. Enoturismo en Sant Sadurn\u00ed (Barcelona). | Vins el Cep","description":"Visita guiada a la bodega Vins el Cep, Espiells: Vi\u00f1edo + bodega + Cata comentada de 2 vinos y 2 cavas.Almuerzo en el Restaurante El Cigr\u00f3 d'Or, Vilafranca del Pened\u00e8s.Visita al Vinseum, Vilafranca del Pened\u00e8s","robots":{"index":"index","follow":"follow","max-snippet":"max-snippet:-1","max-image-preview":"max-image-preview:large","max-video-preview":"max-video-preview:-1"},"canonical":"https:\/\/vinselcep.com\/es\/botiga-cava-vins-enoturisme-barcelona\/enoturisme-es\/el-penedes-en-tres-tiempos\/","og_locale":"es_ES","og_type":"article","og_title":"El Pened\u00e8s en Tres Temps \u00ae","og_description":"Visita guiada a la bodega Vins el Cep, Espiells: Vi\u00f1edo + bodega + Cata comentada de 2 vinos y 2 cavas.Almuerzo en el Restaurante El Cigr\u00f3 d'Or, Vilafranca del Pened\u00e8s.Visita al Vinseum, Vilafranca del Pened\u00e8s","og_url":"https:\/\/vinselcep.com\/es\/botiga-cava-vins-enoturisme-barcelona\/enoturisme-es\/el-penedes-en-tres-tiempos\/","og_site_name":"Vins el Cep","article_publisher":"https:\/\/ca-es.facebook.com\/VinselCep\/","article_modified_time":"2026-01-29T11:54:06+00:00","og_image":[{"width":1080,"height":720,"url":"https:\/\/vinselcep.com\/wp-content\/uploads\/2025\/02\/FOTO-PORTADA.webp","type":"image\/webp"}],"twitter_card":"summary_large_image","twitter_site":"@vinselcep","twitter_misc":{"Precio":"&euro;220.00","Disponibilidad":"Disponible"},"schema":{"@context":"https:\/\/schema.org","@graph":[{"@type":["WebPage","ItemPage"],"@id":"https:\/\/vinselcep.com\/es\/botiga-cava-vins-enoturisme-barcelona\/enoturisme-es\/el-penedes-en-tres-tiempos\/","url":"https:\/\/vinselcep.com\/es\/botiga-cava-vins-enoturisme-barcelona\/enoturisme-es\/el-penedes-en-tres-tiempos\/","name":"Visita y maridaje de 5 quesos con vinos y cava. Enoturismo en Sant Sadurn\u00ed (Barcelona). | Vins el Cep","isPartOf":{"@id":"https:\/\/vinselcep.com\/es\/#website"},"primaryImageOfPage":{"@id":"https:\/\/vinselcep.com\/es\/botiga-cava-vins-enoturisme-barcelona\/enoturisme-es\/el-penedes-en-tres-tiempos\/#primaryimage"},"image":{"@id":"https:\/\/vinselcep.com\/es\/botiga-cava-vins-enoturisme-barcelona\/enoturisme-es\/el-penedes-en-tres-tiempos\/#primaryimage"},"thumbnailUrl":"https:\/\/vinselcep.com\/wp-content\/uploads\/2025\/02\/el-penedes-en-3-temps-2.webp","datePublished":"2025-02-27T14:22:22+00:00","dateModified":"2026-01-29T11:54:06+00:00","description":"Visita guiada a la bodega Vins el Cep, Espiells: Vi\u00f1edo + bodega + Cata comentada de 2 vinos y 2 cavas.Almuerzo en el Restaurante El Cigr\u00f3 d'Or, Vilafranca del Pened\u00e8s.Visita al Vinseum, Vilafranca del Pened\u00e8s","breadcrumb":{"@id":"https:\/\/vinselcep.com\/es\/botiga-cava-vins-enoturisme-barcelona\/enoturisme-es\/el-penedes-en-tres-tiempos\/#breadcrumb"},"inLanguage":"es","potentialAction":[{"@type":"ReadAction","target":["https:\/\/vinselcep.com\/es\/botiga-cava-vins-enoturisme-barcelona\/enoturisme-es\/el-penedes-en-tres-tiempos\/"]}]},{"@type":"ImageObject","inLanguage":"es","@id":"https:\/\/vinselcep.com\/es\/botiga-cava-vins-enoturisme-barcelona\/enoturisme-es\/el-penedes-en-tres-tiempos\/#primaryimage","url":"https:\/\/vinselcep.com\/wp-content\/uploads\/2025\/02\/el-penedes-en-3-temps-2.webp","contentUrl":"https:\/\/vinselcep.com\/wp-content\/uploads\/2025\/02\/el-penedes-en-3-temps-2.webp","width":900,"height":600},{"@type":"BreadcrumbList","@id":"https:\/\/vinselcep.com\/es\/botiga-cava-vins-enoturisme-barcelona\/enoturisme-es\/el-penedes-en-tres-tiempos\/#breadcrumb","itemListElement":[{"@type":"ListItem","position":1,"name":"Inici","item":"https:\/\/vinselcep.com\/es\/"},{"@type":"ListItem","position":2,"name":"Comprar cava, vino y experiencias de enoturismo en el Pened\u00e8s (Barcelona)","item":"https:\/\/vinselcep.com\/es\/tienda-cava-vinos-enoturismo-barcelona\/"},{"@type":"ListItem","position":3,"name":"El Pened\u00e8s en Tres Temps \u00ae"}]},{"@type":"WebSite","@id":"https:\/\/vinselcep.com\/es\/#website","url":"https:\/\/vinselcep.com\/es\/","name":"Vins el Cep","description":"Viticultors des de 1448","publisher":{"@id":"https:\/\/vinselcep.com\/es\/#organization"},"potentialAction":[{"@type":"SearchAction","target":{"@type":"EntryPoint","urlTemplate":"https:\/\/vinselcep.com\/es\/?s={search_term_string}"},"query-input":{"@type":"PropertyValueSpecification","valueRequired":true,"valueName":"search_term_string"}}],"inLanguage":"es"},{"@type":"Organization","@id":"https:\/\/vinselcep.com\/es\/#organization","name":"Vins el Cep","url":"https:\/\/vinselcep.com\/es\/","logo":{"@type":"ImageObject","inLanguage":"es","@id":"https:\/\/vinselcep.com\/es\/#\/schema\/logo\/image\/","url":"https:\/\/vinselcep.com\/wp-content\/uploads\/2020\/11\/logo-vinselcep-positiu.png","contentUrl":"https:\/\/vinselcep.com\/wp-content\/uploads\/2020\/11\/logo-vinselcep-positiu.png","width":600,"height":379,"caption":"Vins el Cep"},"image":{"@id":"https:\/\/vinselcep.com\/es\/#\/schema\/logo\/image\/"},"sameAs":["https:\/\/ca-es.facebook.com\/VinselCep\/","https:\/\/x.com\/vinselcep","https:\/\/www.instagram.com\/vinselcep\/"]}]},"product_price_amount":"220.00","product_price_currency":"EUR","og_availability":"instock","product_availability":"instock","product_retailer_item_id":"12JZE-1","product_condition":"new"},"_links":{"self":[{"href":"https:\/\/vinselcep.com\/es\/wp-json\/wp\/v2\/product\/33984","targetHints":{"allow":["GET"]}}],"collection":[{"href":"https:\/\/vinselcep.com\/es\/wp-json\/wp\/v2\/product"}],"about":[{"href":"https:\/\/vinselcep.com\/es\/wp-json\/wp\/v2\/types\/product"}],"wp:featuredmedia":[{"embeddable":true,"href":"https:\/\/vinselcep.com\/es\/wp-json\/wp\/v2\/media\/37858"}],"wp:attachment":[{"href":"https:\/\/vinselcep.com\/es\/wp-json\/wp\/v2\/media?parent=33984"}],"wp:term":[{"taxonomy":"product_brand","embeddable":true,"href":"https:\/\/vinselcep.com\/es\/wp-json\/wp\/v2\/product_brand?post=33984"},{"taxonomy":"product_cat","embeddable":true,"href":"https:\/\/vinselcep.com\/es\/wp-json\/wp\/v2\/product_cat?post=33984"},{"taxonomy":"product_tag","embeddable":true,"href":"https:\/\/vinselcep.com\/es\/wp-json\/wp\/v2\/product_tag?post=33984"}],"curies":[{"name":"wp","href":"https:\/\/api.w.org\/{rel}","templated":true}]}}