{"id":28567,"date":"2024-07-18T16:22:35","date_gmt":"2024-07-18T14:22:35","guid":{"rendered":"https:\/\/vinselcep.com\/?post_type=product&#038;p=28567"},"modified":"2024-07-18T16:59:11","modified_gmt":"2024-07-18T14:59:11","slug":"pet-na-pnt-nr","status":"publish","type":"product","link":"https:\/\/vinselcep.com\/es\/botiga-cava-vins-enoturisme-barcelona\/cava-es\/pet-na-pnt-nr\/","title":{"rendered":"P\u00c9T-NAT PNT-NR"},"content":{"rendered":"<p><span style=\"font-weight: 400;\">A\u00f1ada: 2023<\/span><\/p>\n<p><span style=\"font-weight: 400;\">Pinot Noir 2023<br \/>\n<\/span><\/p>\n<p><i><span style=\"font-weight: 400;\">Pinot Noir 100%<br \/>\n<\/span><\/i><\/p>\n","protected":false},"excerpt":{"rendered":"<p>&nbsp;<\/p>\n<p>Nota de cata:<\/p>\n<p>Vino espumoso fresco y de gran vivacidad. Color rosado p\u00e1lido brillante. Tiene una nariz delicada con notas de fruta roja con recuerdos a fresa Roja y ligeros tostados. Tiene un marcado car\u00e1cter varietal donde destacan los aromas primarios del Pinot Noir. Destaca por su alta cremosidad, una acidez viva, un carb\u00f3nico muy integrado y un paso en boca muy elegante.<\/p>\n","protected":false},"featured_media":27626,"template":"","meta":{"ngg_post_thumbnail":0},"product_brand":[],"product_cat":[228],"product_tag":[230,239,237,241,231,211,215],"class_list":{"0":"post-28567","1":"product","2":"type-product","3":"status-publish","4":"has-post-thumbnail","6":"product_cat-cava-es","7":"product_tag-brut-nature-es","8":"product_tag-chardonnay-es","9":"product_tag-clos-gelida-es","10":"product_tag-gran-reserva-es","11":"product_tag-macabeo","12":"product_tag-pinot-noir-es","13":"product_tag-xarelo-es","15":"first","16":"outofstock","17":"shipping-taxable","18":"purchasable","19":"product-type-variable","20":"has-default-attributes"},"yoast_head":"<!-- This site is optimized with the Yoast SEO Premium plugin v26.9 (Yoast SEO v26.9) - https:\/\/yoast.com\/product\/yoast-seo-premium-wordpress\/ -->\n<title>Comprar P\u00e9t-Nat PNT-NR. Cava Brut Nature variedad Pinot Noir 100%.<\/title>\n<meta name=\"description\" content=\"Comprar cava P\u00e9t-Nat PNT-NR. Cava de los mejores vi\u00f1edos de nuestras cuatro propiedades. DO. Pened\u00e9s - Costers de l\u2019Anoia. Variedades: Pinot Noir 100%.\" \/>\n<meta name=\"robots\" content=\"index, follow, max-snippet:-1, max-image-preview:large, max-video-preview:-1\" \/>\n<link rel=\"canonical\" href=\"https:\/\/vinselcep.com\/es\/botiga-cava-vins-enoturisme-barcelona\/cava-es\/pet-na-pnt-nr\/\" \/>\n<meta property=\"og:locale\" content=\"es_ES\" \/>\n<meta property=\"og:type\" content=\"article\" \/>\n<meta property=\"og:title\" content=\"P\u00c9T-NAT PNT-NR\" \/>\n<meta property=\"og:description\" content=\"Comprar cava P\u00e9t-Nat PNT-NR. Cava de los mejores vi\u00f1edos de nuestras cuatro propiedades. DO. Pened\u00e9s - Costers de l\u2019Anoia. Variedades: Pinot Noir 100%.\" \/>\n<meta property=\"og:url\" content=\"https:\/\/vinselcep.com\/es\/botiga-cava-vins-enoturisme-barcelona\/cava-es\/pet-na-pnt-nr\/\" \/>\n<meta property=\"og:site_name\" content=\"Vins el Cep\" \/>\n<meta property=\"article:publisher\" content=\"https:\/\/ca-es.facebook.com\/VinselCep\/\" \/>\n<meta property=\"article:modified_time\" content=\"2024-07-18T14:59:11+00:00\" \/>\n<meta property=\"og:image\" content=\"https:\/\/vinselcep.com\/wp-content\/uploads\/2024\/07\/petnat_ptn_nr_botiga.jpg\" \/>\n\t<meta property=\"og:image:width\" content=\"800\" \/>\n\t<meta property=\"og:image:height\" content=\"800\" \/>\n\t<meta property=\"og:image:type\" content=\"image\/jpeg\" \/>\n<meta name=\"twitter:card\" content=\"summary_large_image\" \/>\n<meta name=\"twitter:site\" content=\"@vinselcep\" \/>\n<meta name=\"twitter:label1\" content=\"Disponibilidad\" \/>\n\t<meta name=\"twitter:data1\" content=\"Sin existencias\" \/>\n<script type=\"application\/ld+json\" class=\"yoast-schema-graph\">{\"@context\":\"https:\/\/schema.org\",\"@graph\":[{\"@type\":[\"WebPage\",\"ItemPage\"],\"@id\":\"https:\/\/vinselcep.com\/es\/botiga-cava-vins-enoturisme-barcelona\/cava-es\/pet-na-pnt-nr\/\",\"url\":\"https:\/\/vinselcep.com\/es\/botiga-cava-vins-enoturisme-barcelona\/cava-es\/pet-na-pnt-nr\/\",\"name\":\"Comprar P\u00e9t-Nat PNT-NR. Cava Brut Nature variedad Pinot Noir 100%.\",\"isPartOf\":{\"@id\":\"https:\/\/vinselcep.com\/es\/#website\"},\"primaryImageOfPage\":{\"@id\":\"https:\/\/vinselcep.com\/es\/botiga-cava-vins-enoturisme-barcelona\/cava-es\/pet-na-pnt-nr\/#primaryimage\"},\"image\":{\"@id\":\"https:\/\/vinselcep.com\/es\/botiga-cava-vins-enoturisme-barcelona\/cava-es\/pet-na-pnt-nr\/#primaryimage\"},\"thumbnailUrl\":\"https:\/\/vinselcep.com\/wp-content\/uploads\/2024\/07\/petnat_ptn_nr_botiga.jpg\",\"datePublished\":\"2024-07-18T14:22:35+00:00\",\"dateModified\":\"2024-07-18T14:59:11+00:00\",\"description\":\"Comprar cava P\u00e9t-Nat PNT-NR. Cava de los mejores vi\u00f1edos de nuestras cuatro propiedades. DO. Pened\u00e9s - Costers de l\u2019Anoia. Variedades: Pinot Noir 100%.\",\"breadcrumb\":{\"@id\":\"https:\/\/vinselcep.com\/es\/botiga-cava-vins-enoturisme-barcelona\/cava-es\/pet-na-pnt-nr\/#breadcrumb\"},\"inLanguage\":\"es\",\"potentialAction\":[{\"@type\":\"ReadAction\",\"target\":[\"https:\/\/vinselcep.com\/es\/botiga-cava-vins-enoturisme-barcelona\/cava-es\/pet-na-pnt-nr\/\"]}]},{\"@type\":\"ImageObject\",\"inLanguage\":\"es\",\"@id\":\"https:\/\/vinselcep.com\/es\/botiga-cava-vins-enoturisme-barcelona\/cava-es\/pet-na-pnt-nr\/#primaryimage\",\"url\":\"https:\/\/vinselcep.com\/wp-content\/uploads\/2024\/07\/petnat_ptn_nr_botiga.jpg\",\"contentUrl\":\"https:\/\/vinselcep.com\/wp-content\/uploads\/2024\/07\/petnat_ptn_nr_botiga.jpg\",\"width\":800,\"height\":800},{\"@type\":\"BreadcrumbList\",\"@id\":\"https:\/\/vinselcep.com\/es\/botiga-cava-vins-enoturisme-barcelona\/cava-es\/pet-na-pnt-nr\/#breadcrumb\",\"itemListElement\":[{\"@type\":\"ListItem\",\"position\":1,\"name\":\"Inici\",\"item\":\"https:\/\/vinselcep.com\/es\/\"},{\"@type\":\"ListItem\",\"position\":2,\"name\":\"Comprar cava, vino y experiencias de enoturismo en el Pened\u00e8s (Barcelona)\",\"item\":\"https:\/\/vinselcep.com\/es\/tienda-cava-vinos-enoturismo-barcelona\/\"},{\"@type\":\"ListItem\",\"position\":3,\"name\":\"P\u00c9T-NAT PNT-NR\"}]},{\"@type\":\"WebSite\",\"@id\":\"https:\/\/vinselcep.com\/es\/#website\",\"url\":\"https:\/\/vinselcep.com\/es\/\",\"name\":\"Vins el Cep\",\"description\":\"Viticultors des de 1448\",\"publisher\":{\"@id\":\"https:\/\/vinselcep.com\/es\/#organization\"},\"potentialAction\":[{\"@type\":\"SearchAction\",\"target\":{\"@type\":\"EntryPoint\",\"urlTemplate\":\"https:\/\/vinselcep.com\/es\/?s={search_term_string}\"},\"query-input\":{\"@type\":\"PropertyValueSpecification\",\"valueRequired\":true,\"valueName\":\"search_term_string\"}}],\"inLanguage\":\"es\"},{\"@type\":\"Organization\",\"@id\":\"https:\/\/vinselcep.com\/es\/#organization\",\"name\":\"Vins el Cep\",\"url\":\"https:\/\/vinselcep.com\/es\/\",\"logo\":{\"@type\":\"ImageObject\",\"inLanguage\":\"es\",\"@id\":\"https:\/\/vinselcep.com\/es\/#\/schema\/logo\/image\/\",\"url\":\"https:\/\/vinselcep.com\/wp-content\/uploads\/2020\/11\/logo-vinselcep-positiu.png\",\"contentUrl\":\"https:\/\/vinselcep.com\/wp-content\/uploads\/2020\/11\/logo-vinselcep-positiu.png\",\"width\":600,\"height\":379,\"caption\":\"Vins el Cep\"},\"image\":{\"@id\":\"https:\/\/vinselcep.com\/es\/#\/schema\/logo\/image\/\"},\"sameAs\":[\"https:\/\/ca-es.facebook.com\/VinselCep\/\",\"https:\/\/x.com\/vinselcep\",\"https:\/\/www.instagram.com\/vinselcep\/\"]}]}<\/script>\n<meta property=\"og:availability\" content=\"out of stock\" \/>\n<meta property=\"product:availability\" content=\"out of stock\" \/>\n<meta property=\"product:retailer_item_id\" content=\"2B9DN-1-1-1\" \/>\n<meta property=\"product:condition\" content=\"new\" \/>\n<!-- \/ Yoast SEO Premium plugin. -->","yoast_head_json":{"title":"Comprar P\u00e9t-Nat PNT-NR. Cava Brut Nature variedad Pinot Noir 100%.","description":"Comprar cava P\u00e9t-Nat PNT-NR. Cava de los mejores vi\u00f1edos de nuestras cuatro propiedades. DO. Pened\u00e9s - Costers de l\u2019Anoia. Variedades: Pinot Noir 100%.","robots":{"index":"index","follow":"follow","max-snippet":"max-snippet:-1","max-image-preview":"max-image-preview:large","max-video-preview":"max-video-preview:-1"},"canonical":"https:\/\/vinselcep.com\/es\/botiga-cava-vins-enoturisme-barcelona\/cava-es\/pet-na-pnt-nr\/","og_locale":"es_ES","og_type":"article","og_title":"P\u00c9T-NAT PNT-NR","og_description":"Comprar cava P\u00e9t-Nat PNT-NR. Cava de los mejores vi\u00f1edos de nuestras cuatro propiedades. DO. Pened\u00e9s - Costers de l\u2019Anoia. Variedades: Pinot Noir 100%.","og_url":"https:\/\/vinselcep.com\/es\/botiga-cava-vins-enoturisme-barcelona\/cava-es\/pet-na-pnt-nr\/","og_site_name":"Vins el Cep","article_publisher":"https:\/\/ca-es.facebook.com\/VinselCep\/","article_modified_time":"2024-07-18T14:59:11+00:00","og_image":[{"width":800,"height":800,"url":"https:\/\/vinselcep.com\/wp-content\/uploads\/2024\/07\/petnat_ptn_nr_botiga.jpg","type":"image\/jpeg"}],"twitter_card":"summary_large_image","twitter_site":"@vinselcep","twitter_misc":{"Disponibilidad":"Sin existencias"},"schema":{"@context":"https:\/\/schema.org","@graph":[{"@type":["WebPage","ItemPage"],"@id":"https:\/\/vinselcep.com\/es\/botiga-cava-vins-enoturisme-barcelona\/cava-es\/pet-na-pnt-nr\/","url":"https:\/\/vinselcep.com\/es\/botiga-cava-vins-enoturisme-barcelona\/cava-es\/pet-na-pnt-nr\/","name":"Comprar P\u00e9t-Nat PNT-NR. Cava Brut Nature variedad Pinot Noir 100%.","isPartOf":{"@id":"https:\/\/vinselcep.com\/es\/#website"},"primaryImageOfPage":{"@id":"https:\/\/vinselcep.com\/es\/botiga-cava-vins-enoturisme-barcelona\/cava-es\/pet-na-pnt-nr\/#primaryimage"},"image":{"@id":"https:\/\/vinselcep.com\/es\/botiga-cava-vins-enoturisme-barcelona\/cava-es\/pet-na-pnt-nr\/#primaryimage"},"thumbnailUrl":"https:\/\/vinselcep.com\/wp-content\/uploads\/2024\/07\/petnat_ptn_nr_botiga.jpg","datePublished":"2024-07-18T14:22:35+00:00","dateModified":"2024-07-18T14:59:11+00:00","description":"Comprar cava P\u00e9t-Nat PNT-NR. Cava de los mejores vi\u00f1edos de nuestras cuatro propiedades. DO. Pened\u00e9s - Costers de l\u2019Anoia. Variedades: Pinot Noir 100%.","breadcrumb":{"@id":"https:\/\/vinselcep.com\/es\/botiga-cava-vins-enoturisme-barcelona\/cava-es\/pet-na-pnt-nr\/#breadcrumb"},"inLanguage":"es","potentialAction":[{"@type":"ReadAction","target":["https:\/\/vinselcep.com\/es\/botiga-cava-vins-enoturisme-barcelona\/cava-es\/pet-na-pnt-nr\/"]}]},{"@type":"ImageObject","inLanguage":"es","@id":"https:\/\/vinselcep.com\/es\/botiga-cava-vins-enoturisme-barcelona\/cava-es\/pet-na-pnt-nr\/#primaryimage","url":"https:\/\/vinselcep.com\/wp-content\/uploads\/2024\/07\/petnat_ptn_nr_botiga.jpg","contentUrl":"https:\/\/vinselcep.com\/wp-content\/uploads\/2024\/07\/petnat_ptn_nr_botiga.jpg","width":800,"height":800},{"@type":"BreadcrumbList","@id":"https:\/\/vinselcep.com\/es\/botiga-cava-vins-enoturisme-barcelona\/cava-es\/pet-na-pnt-nr\/#breadcrumb","itemListElement":[{"@type":"ListItem","position":1,"name":"Inici","item":"https:\/\/vinselcep.com\/es\/"},{"@type":"ListItem","position":2,"name":"Comprar cava, vino y experiencias de enoturismo en el Pened\u00e8s (Barcelona)","item":"https:\/\/vinselcep.com\/es\/tienda-cava-vinos-enoturismo-barcelona\/"},{"@type":"ListItem","position":3,"name":"P\u00c9T-NAT PNT-NR"}]},{"@type":"WebSite","@id":"https:\/\/vinselcep.com\/es\/#website","url":"https:\/\/vinselcep.com\/es\/","name":"Vins el Cep","description":"Viticultors des de 1448","publisher":{"@id":"https:\/\/vinselcep.com\/es\/#organization"},"potentialAction":[{"@type":"SearchAction","target":{"@type":"EntryPoint","urlTemplate":"https:\/\/vinselcep.com\/es\/?s={search_term_string}"},"query-input":{"@type":"PropertyValueSpecification","valueRequired":true,"valueName":"search_term_string"}}],"inLanguage":"es"},{"@type":"Organization","@id":"https:\/\/vinselcep.com\/es\/#organization","name":"Vins el Cep","url":"https:\/\/vinselcep.com\/es\/","logo":{"@type":"ImageObject","inLanguage":"es","@id":"https:\/\/vinselcep.com\/es\/#\/schema\/logo\/image\/","url":"https:\/\/vinselcep.com\/wp-content\/uploads\/2020\/11\/logo-vinselcep-positiu.png","contentUrl":"https:\/\/vinselcep.com\/wp-content\/uploads\/2020\/11\/logo-vinselcep-positiu.png","width":600,"height":379,"caption":"Vins el Cep"},"image":{"@id":"https:\/\/vinselcep.com\/es\/#\/schema\/logo\/image\/"},"sameAs":["https:\/\/ca-es.facebook.com\/VinselCep\/","https:\/\/x.com\/vinselcep","https:\/\/www.instagram.com\/vinselcep\/"]}]},"og_availability":"out of stock","product_availability":"out of stock","product_retailer_item_id":"2B9DN-1-1-1","product_condition":"new"},"_links":{"self":[{"href":"https:\/\/vinselcep.com\/es\/wp-json\/wp\/v2\/product\/28567","targetHints":{"allow":["GET"]}}],"collection":[{"href":"https:\/\/vinselcep.com\/es\/wp-json\/wp\/v2\/product"}],"about":[{"href":"https:\/\/vinselcep.com\/es\/wp-json\/wp\/v2\/types\/product"}],"wp:featuredmedia":[{"embeddable":true,"href":"https:\/\/vinselcep.com\/es\/wp-json\/wp\/v2\/media\/27626"}],"wp:attachment":[{"href":"https:\/\/vinselcep.com\/es\/wp-json\/wp\/v2\/media?parent=28567"}],"wp:term":[{"taxonomy":"product_brand","embeddable":true,"href":"https:\/\/vinselcep.com\/es\/wp-json\/wp\/v2\/product_brand?post=28567"},{"taxonomy":"product_cat","embeddable":true,"href":"https:\/\/vinselcep.com\/es\/wp-json\/wp\/v2\/product_cat?post=28567"},{"taxonomy":"product_tag","embeddable":true,"href":"https:\/\/vinselcep.com\/es\/wp-json\/wp\/v2\/product_tag?post=28567"}],"curies":[{"name":"wp","href":"https:\/\/api.w.org\/{rel}","templated":true}]}}