{"id":23020,"date":"2024-01-17T19:35:07","date_gmt":"2024-01-17T18:35:07","guid":{"rendered":"https:\/\/vinselcep.com\/?post_type=product&#038;p=23020"},"modified":"2024-01-26T13:38:11","modified_gmt":"2024-01-26T12:38:11","slug":"experiencias-a-medida-espacio-grupos-y-empresas","status":"publish","type":"product","link":"https:\/\/vinselcep.com\/es\/botiga-cava-vins-enoturisme-barcelona\/enoturisme-es\/experiencias-a-medida-espacio-grupos-y-empresas\/","title":{"rendered":"Experiencias a medida (Espacio Grupos y Empresas)"},"content":{"rendered":"<p><em>Para cualquier otra consulta o duda relacionada con visitas contacte a <a href=\"mailto:reserva@vinselcep.com\">reserva@vinselcep.com<\/a> o env\u00ede un Whatsapp al 620246257.<\/em><\/p>\n","protected":false},"excerpt":{"rendered":"<div class=\"experiencies-1\">\n<h1>DISPONIBILIDAD:<\/h1>\n<h3>De Lunes a S\u00e1bado con reserva previa<\/h3>\n<h2>DURACI\u00d3N:<\/h2>\n<h3>A convenir<\/h3>\n<h3>PRECIO: A CONVENIR<\/h3>\n<h3>GRUPOS: A CONVENIR<\/h3>\n<p>Explicadnos que os gustar\u00eda hacer y os organizamos una experiencia personalizada.<\/p>\n<p>\u00bfQuer\u00e9is celebrar una celebraci\u00f3n con amigos o familiares, un teambuilding o una reuni\u00f3n de empresa?<\/p>\n<p>\u00bfOs gustar\u00eda que os organicemos una actividad especial en la bodega?<\/p>\n<p>\u00bfQuer\u00e9is alquilar uno de nuestros espacios?<\/p>\n<p>Descubrid nuestro entorno id\u00edlico en el Pened\u00e8s a trav\u00e9s de experiencias personalizadas.<\/p>\n<p>Para m\u00e1s informaci\u00f3n sobre los espacios y actividades disponibles para grupos y empresas hay que contactar con la bodega a trav\u00e9s del mail <a href=\"mailto:reserva@vinselcep.com\">reserva@vinselcep.com<\/a> o al tel\u00e9fono 620246257.<\/p>\n<div class=\"formu-producto\">\n<H1>Solicitar presupuesto<\/H1><br \/>\n[contact-form-7 id=\"6287a59\" title=\"Experiencias a medida\"]\n<\/div>\n<\/div>\n","protected":false},"featured_media":23106,"template":"","meta":{"ngg_post_thumbnail":0},"product_brand":[],"product_cat":[300],"product_tag":[],"class_list":{"0":"post-23020","1":"product","2":"type-product","3":"status-publish","4":"has-post-thumbnail","6":"product_cat-enoturisme-es","8":"first","9":"instock","10":"virtual","11":"product-type-simple"},"yoast_head":"<!-- This site is optimized with the Yoast SEO Premium plugin v26.9 (Yoast SEO v26.9) - https:\/\/yoast.com\/product\/yoast-seo-premium-wordpress\/ -->\n<title>Visita i tast de 5 vins Xarel\u00b7lo. Enoturisme al Pened\u00e8s (Barcelona). | Vins el Cep<\/title>\n<meta name=\"description\" content=\"Visita les vinyes i el celler de Vins El Cep amb un tast dels nostres vins Xarel\u00b7lo. L&#039;activitat inclou: Visita guiada a les vinyes i celler + tast comentat de 5 vins de la varietat Xarel\u00b7lo.\" \/>\n<meta name=\"robots\" content=\"index, follow, max-snippet:-1, max-image-preview:large, max-video-preview:-1\" \/>\n<link rel=\"canonical\" href=\"https:\/\/vinselcep.com\/es\/botiga-cava-vins-enoturisme-barcelona\/enoturisme-es\/experiencias-a-medida-espacio-grupos-y-empresas\/\" \/>\n<meta property=\"og:locale\" content=\"es_ES\" \/>\n<meta property=\"og:type\" content=\"article\" \/>\n<meta property=\"og:title\" content=\"Experiencias a medida (Espacio Grupos y Empresas)\" \/>\n<meta property=\"og:description\" content=\"Visita les vinyes i el celler de Vins El Cep amb un tast dels nostres vins Xarel\u00b7lo. L&#039;activitat inclou: Visita guiada a les vinyes i celler + tast comentat de 5 vins de la varietat Xarel\u00b7lo.\" \/>\n<meta property=\"og:url\" content=\"https:\/\/vinselcep.com\/es\/botiga-cava-vins-enoturisme-barcelona\/enoturisme-es\/experiencias-a-medida-espacio-grupos-y-empresas\/\" \/>\n<meta property=\"og:site_name\" content=\"Vins el Cep\" \/>\n<meta property=\"article:publisher\" content=\"https:\/\/ca-es.facebook.com\/VinselCep\/\" \/>\n<meta property=\"article:modified_time\" content=\"2024-01-26T12:38:11+00:00\" \/>\n<meta property=\"og:image\" content=\"https:\/\/vinselcep.com\/wp-content\/uploads\/2024\/01\/experiencias-medida.jpg\" \/>\n\t<meta property=\"og:image:width\" content=\"720\" \/>\n\t<meta property=\"og:image:height\" content=\"1080\" \/>\n\t<meta property=\"og:image:type\" content=\"image\/jpeg\" \/>\n<meta name=\"twitter:card\" content=\"summary_large_image\" \/>\n<meta name=\"twitter:site\" content=\"@vinselcep\" \/>\n<meta name=\"twitter:label1\" content=\"Precio\" \/>\n\t<meta name=\"twitter:data1\" content=\"\" \/>\n\t<meta name=\"twitter:label2\" content=\"Disponibilidad\" \/>\n\t<meta name=\"twitter:data2\" content=\"Disponible\" \/>\n<script type=\"application\/ld+json\" class=\"yoast-schema-graph\">{\"@context\":\"https:\/\/schema.org\",\"@graph\":[{\"@type\":[\"WebPage\",\"ItemPage\"],\"@id\":\"https:\/\/vinselcep.com\/es\/botiga-cava-vins-enoturisme-barcelona\/enoturisme-es\/experiencias-a-medida-espacio-grupos-y-empresas\/\",\"url\":\"https:\/\/vinselcep.com\/es\/botiga-cava-vins-enoturisme-barcelona\/enoturisme-es\/experiencias-a-medida-espacio-grupos-y-empresas\/\",\"name\":\"Visita i tast de 5 vins Xarel\u00b7lo. Enoturisme al Pened\u00e8s (Barcelona). | Vins el Cep\",\"isPartOf\":{\"@id\":\"https:\/\/vinselcep.com\/es\/#website\"},\"primaryImageOfPage\":{\"@id\":\"https:\/\/vinselcep.com\/es\/botiga-cava-vins-enoturisme-barcelona\/enoturisme-es\/experiencias-a-medida-espacio-grupos-y-empresas\/#primaryimage\"},\"image\":{\"@id\":\"https:\/\/vinselcep.com\/es\/botiga-cava-vins-enoturisme-barcelona\/enoturisme-es\/experiencias-a-medida-espacio-grupos-y-empresas\/#primaryimage\"},\"thumbnailUrl\":\"https:\/\/vinselcep.com\/wp-content\/uploads\/2024\/01\/experiencias-medida.jpg\",\"datePublished\":\"2024-01-17T18:35:07+00:00\",\"dateModified\":\"2024-01-26T12:38:11+00:00\",\"description\":\"Visita les vinyes i el celler de Vins El Cep amb un tast dels nostres vins Xarel\u00b7lo. L'activitat inclou: Visita guiada a les vinyes i celler + tast comentat de 5 vins de la varietat Xarel\u00b7lo.\",\"breadcrumb\":{\"@id\":\"https:\/\/vinselcep.com\/es\/botiga-cava-vins-enoturisme-barcelona\/enoturisme-es\/experiencias-a-medida-espacio-grupos-y-empresas\/#breadcrumb\"},\"inLanguage\":\"es\",\"potentialAction\":[{\"@type\":\"ReadAction\",\"target\":[\"https:\/\/vinselcep.com\/es\/botiga-cava-vins-enoturisme-barcelona\/enoturisme-es\/experiencias-a-medida-espacio-grupos-y-empresas\/\"]}]},{\"@type\":\"ImageObject\",\"inLanguage\":\"es\",\"@id\":\"https:\/\/vinselcep.com\/es\/botiga-cava-vins-enoturisme-barcelona\/enoturisme-es\/experiencias-a-medida-espacio-grupos-y-empresas\/#primaryimage\",\"url\":\"https:\/\/vinselcep.com\/wp-content\/uploads\/2024\/01\/experiencias-medida.jpg\",\"contentUrl\":\"https:\/\/vinselcep.com\/wp-content\/uploads\/2024\/01\/experiencias-medida.jpg\",\"width\":720,\"height\":1080},{\"@type\":\"BreadcrumbList\",\"@id\":\"https:\/\/vinselcep.com\/es\/botiga-cava-vins-enoturisme-barcelona\/enoturisme-es\/experiencias-a-medida-espacio-grupos-y-empresas\/#breadcrumb\",\"itemListElement\":[{\"@type\":\"ListItem\",\"position\":1,\"name\":\"Inici\",\"item\":\"https:\/\/vinselcep.com\/es\/\"},{\"@type\":\"ListItem\",\"position\":2,\"name\":\"Comprar cava, vino y experiencias de enoturismo en el Pened\u00e8s (Barcelona)\",\"item\":\"https:\/\/vinselcep.com\/es\/tienda-cava-vinos-enoturismo-barcelona\/\"},{\"@type\":\"ListItem\",\"position\":3,\"name\":\"Experiencias a medida (Espacio Grupos y Empresas)\"}]},{\"@type\":\"WebSite\",\"@id\":\"https:\/\/vinselcep.com\/es\/#website\",\"url\":\"https:\/\/vinselcep.com\/es\/\",\"name\":\"Vins el Cep\",\"description\":\"Viticultors des de 1448\",\"publisher\":{\"@id\":\"https:\/\/vinselcep.com\/es\/#organization\"},\"potentialAction\":[{\"@type\":\"SearchAction\",\"target\":{\"@type\":\"EntryPoint\",\"urlTemplate\":\"https:\/\/vinselcep.com\/es\/?s={search_term_string}\"},\"query-input\":{\"@type\":\"PropertyValueSpecification\",\"valueRequired\":true,\"valueName\":\"search_term_string\"}}],\"inLanguage\":\"es\"},{\"@type\":\"Organization\",\"@id\":\"https:\/\/vinselcep.com\/es\/#organization\",\"name\":\"Vins el Cep\",\"url\":\"https:\/\/vinselcep.com\/es\/\",\"logo\":{\"@type\":\"ImageObject\",\"inLanguage\":\"es\",\"@id\":\"https:\/\/vinselcep.com\/es\/#\/schema\/logo\/image\/\",\"url\":\"https:\/\/vinselcep.com\/wp-content\/uploads\/2020\/11\/logo-vinselcep-positiu.png\",\"contentUrl\":\"https:\/\/vinselcep.com\/wp-content\/uploads\/2020\/11\/logo-vinselcep-positiu.png\",\"width\":600,\"height\":379,\"caption\":\"Vins el Cep\"},\"image\":{\"@id\":\"https:\/\/vinselcep.com\/es\/#\/schema\/logo\/image\/\"},\"sameAs\":[\"https:\/\/ca-es.facebook.com\/VinselCep\/\",\"https:\/\/x.com\/vinselcep\",\"https:\/\/www.instagram.com\/vinselcep\/\"]}]}<\/script>\n<meta property=\"product:price:currency\" content=\"EUR\" \/>\n<meta property=\"og:availability\" content=\"instock\" \/>\n<meta property=\"product:availability\" content=\"instock\" \/>\n<meta property=\"product:retailer_item_id\" content=\"4VF1X-1\" \/>\n<meta property=\"product:condition\" content=\"new\" \/>\n<!-- \/ Yoast SEO Premium plugin. -->","yoast_head_json":{"title":"Visita i tast de 5 vins Xarel\u00b7lo. Enoturisme al Pened\u00e8s (Barcelona). | Vins el Cep","description":"Visita les vinyes i el celler de Vins El Cep amb un tast dels nostres vins Xarel\u00b7lo. L'activitat inclou: Visita guiada a les vinyes i celler + tast comentat de 5 vins de la varietat Xarel\u00b7lo.","robots":{"index":"index","follow":"follow","max-snippet":"max-snippet:-1","max-image-preview":"max-image-preview:large","max-video-preview":"max-video-preview:-1"},"canonical":"https:\/\/vinselcep.com\/es\/botiga-cava-vins-enoturisme-barcelona\/enoturisme-es\/experiencias-a-medida-espacio-grupos-y-empresas\/","og_locale":"es_ES","og_type":"article","og_title":"Experiencias a medida (Espacio Grupos y Empresas)","og_description":"Visita les vinyes i el celler de Vins El Cep amb un tast dels nostres vins Xarel\u00b7lo. L'activitat inclou: Visita guiada a les vinyes i celler + tast comentat de 5 vins de la varietat Xarel\u00b7lo.","og_url":"https:\/\/vinselcep.com\/es\/botiga-cava-vins-enoturisme-barcelona\/enoturisme-es\/experiencias-a-medida-espacio-grupos-y-empresas\/","og_site_name":"Vins el Cep","article_publisher":"https:\/\/ca-es.facebook.com\/VinselCep\/","article_modified_time":"2024-01-26T12:38:11+00:00","og_image":[{"width":720,"height":1080,"url":"https:\/\/vinselcep.com\/wp-content\/uploads\/2024\/01\/experiencias-medida.jpg","type":"image\/jpeg"}],"twitter_card":"summary_large_image","twitter_site":"@vinselcep","twitter_misc":{"Precio":"","Disponibilidad":"Disponible"},"schema":{"@context":"https:\/\/schema.org","@graph":[{"@type":["WebPage","ItemPage"],"@id":"https:\/\/vinselcep.com\/es\/botiga-cava-vins-enoturisme-barcelona\/enoturisme-es\/experiencias-a-medida-espacio-grupos-y-empresas\/","url":"https:\/\/vinselcep.com\/es\/botiga-cava-vins-enoturisme-barcelona\/enoturisme-es\/experiencias-a-medida-espacio-grupos-y-empresas\/","name":"Visita i tast de 5 vins Xarel\u00b7lo. Enoturisme al Pened\u00e8s (Barcelona). | Vins el Cep","isPartOf":{"@id":"https:\/\/vinselcep.com\/es\/#website"},"primaryImageOfPage":{"@id":"https:\/\/vinselcep.com\/es\/botiga-cava-vins-enoturisme-barcelona\/enoturisme-es\/experiencias-a-medida-espacio-grupos-y-empresas\/#primaryimage"},"image":{"@id":"https:\/\/vinselcep.com\/es\/botiga-cava-vins-enoturisme-barcelona\/enoturisme-es\/experiencias-a-medida-espacio-grupos-y-empresas\/#primaryimage"},"thumbnailUrl":"https:\/\/vinselcep.com\/wp-content\/uploads\/2024\/01\/experiencias-medida.jpg","datePublished":"2024-01-17T18:35:07+00:00","dateModified":"2024-01-26T12:38:11+00:00","description":"Visita les vinyes i el celler de Vins El Cep amb un tast dels nostres vins Xarel\u00b7lo. L'activitat inclou: Visita guiada a les vinyes i celler + tast comentat de 5 vins de la varietat Xarel\u00b7lo.","breadcrumb":{"@id":"https:\/\/vinselcep.com\/es\/botiga-cava-vins-enoturisme-barcelona\/enoturisme-es\/experiencias-a-medida-espacio-grupos-y-empresas\/#breadcrumb"},"inLanguage":"es","potentialAction":[{"@type":"ReadAction","target":["https:\/\/vinselcep.com\/es\/botiga-cava-vins-enoturisme-barcelona\/enoturisme-es\/experiencias-a-medida-espacio-grupos-y-empresas\/"]}]},{"@type":"ImageObject","inLanguage":"es","@id":"https:\/\/vinselcep.com\/es\/botiga-cava-vins-enoturisme-barcelona\/enoturisme-es\/experiencias-a-medida-espacio-grupos-y-empresas\/#primaryimage","url":"https:\/\/vinselcep.com\/wp-content\/uploads\/2024\/01\/experiencias-medida.jpg","contentUrl":"https:\/\/vinselcep.com\/wp-content\/uploads\/2024\/01\/experiencias-medida.jpg","width":720,"height":1080},{"@type":"BreadcrumbList","@id":"https:\/\/vinselcep.com\/es\/botiga-cava-vins-enoturisme-barcelona\/enoturisme-es\/experiencias-a-medida-espacio-grupos-y-empresas\/#breadcrumb","itemListElement":[{"@type":"ListItem","position":1,"name":"Inici","item":"https:\/\/vinselcep.com\/es\/"},{"@type":"ListItem","position":2,"name":"Comprar cava, vino y experiencias de enoturismo en el Pened\u00e8s (Barcelona)","item":"https:\/\/vinselcep.com\/es\/tienda-cava-vinos-enoturismo-barcelona\/"},{"@type":"ListItem","position":3,"name":"Experiencias a medida (Espacio Grupos y Empresas)"}]},{"@type":"WebSite","@id":"https:\/\/vinselcep.com\/es\/#website","url":"https:\/\/vinselcep.com\/es\/","name":"Vins el Cep","description":"Viticultors des de 1448","publisher":{"@id":"https:\/\/vinselcep.com\/es\/#organization"},"potentialAction":[{"@type":"SearchAction","target":{"@type":"EntryPoint","urlTemplate":"https:\/\/vinselcep.com\/es\/?s={search_term_string}"},"query-input":{"@type":"PropertyValueSpecification","valueRequired":true,"valueName":"search_term_string"}}],"inLanguage":"es"},{"@type":"Organization","@id":"https:\/\/vinselcep.com\/es\/#organization","name":"Vins el Cep","url":"https:\/\/vinselcep.com\/es\/","logo":{"@type":"ImageObject","inLanguage":"es","@id":"https:\/\/vinselcep.com\/es\/#\/schema\/logo\/image\/","url":"https:\/\/vinselcep.com\/wp-content\/uploads\/2020\/11\/logo-vinselcep-positiu.png","contentUrl":"https:\/\/vinselcep.com\/wp-content\/uploads\/2020\/11\/logo-vinselcep-positiu.png","width":600,"height":379,"caption":"Vins el Cep"},"image":{"@id":"https:\/\/vinselcep.com\/es\/#\/schema\/logo\/image\/"},"sameAs":["https:\/\/ca-es.facebook.com\/VinselCep\/","https:\/\/x.com\/vinselcep","https:\/\/www.instagram.com\/vinselcep\/"]}]},"product_price_currency":"EUR","og_availability":"instock","product_availability":"instock","product_retailer_item_id":"4VF1X-1","product_condition":"new"},"_links":{"self":[{"href":"https:\/\/vinselcep.com\/es\/wp-json\/wp\/v2\/product\/23020","targetHints":{"allow":["GET"]}}],"collection":[{"href":"https:\/\/vinselcep.com\/es\/wp-json\/wp\/v2\/product"}],"about":[{"href":"https:\/\/vinselcep.com\/es\/wp-json\/wp\/v2\/types\/product"}],"wp:featuredmedia":[{"embeddable":true,"href":"https:\/\/vinselcep.com\/es\/wp-json\/wp\/v2\/media\/23106"}],"wp:attachment":[{"href":"https:\/\/vinselcep.com\/es\/wp-json\/wp\/v2\/media?parent=23020"}],"wp:term":[{"taxonomy":"product_brand","embeddable":true,"href":"https:\/\/vinselcep.com\/es\/wp-json\/wp\/v2\/product_brand?post=23020"},{"taxonomy":"product_cat","embeddable":true,"href":"https:\/\/vinselcep.com\/es\/wp-json\/wp\/v2\/product_cat?post=23020"},{"taxonomy":"product_tag","embeddable":true,"href":"https:\/\/vinselcep.com\/es\/wp-json\/wp\/v2\/product_tag?post=23020"}],"curies":[{"name":"wp","href":"https:\/\/api.w.org\/{rel}","templated":true}]}}