{"id":21027,"date":"2023-09-26T11:04:28","date_gmt":"2023-09-26T09:04:28","guid":{"rendered":"https:\/\/vinselcep.com\/?post_type=product&#038;p=21027"},"modified":"2025-10-09T11:20:07","modified_gmt":"2025-10-09T09:20:07","slug":"puertas-abiertas","status":"publish","type":"product","link":"https:\/\/vinselcep.com\/es\/botiga-cava-vins-enoturisme-barcelona\/enoturisme-es\/puertas-abiertas\/","title":{"rendered":"Puertas abiertas 12 octubre"},"content":{"rendered":"<p><em><span data-mce-type=\"bookmark\" style=\"display: inline-block; width: 0px; overflow: hidden; line-height: 0;\" class=\"mce_SELRES_start\">\ufeff<\/span>Para cualquier otra consulta o duda relacionada con visitas contacte a <a href=\"mailto:reserva@vinselcep.com\">reserva@vinselcep.com<\/a> o env\u00ede un Whatsapp al 620246257.<\/em><\/p>\n","protected":false},"excerpt":{"rendered":"<div class=\"experiencies-1\">\n<h1 class=\"ai-optimize-15\">DIA Y HORA:<\/h1>\n<h3 class=\"ai-optimize-16\">DOMINGO 12 DE OCTUBRE<\/h3>\n<h3 class=\"ai-optimize-17\">1h aproximadamente<\/h3>\n<h3 class=\"ai-optimize-18\">IMPRESCINDIBLE RESERVA PREVIA<\/h3>\n<h3 class=\"ai-optimize-19\">IDIOMA: CATAL\u00c1N<\/h3>\n<p class=\"ai-optimize-20\">Abrimos las puertas de Vins el Cep!!<\/p>\n<p class=\"ai-optimize-21\">Ven a descubrir nuestra historia centenaria con una arraigada tradici\u00f3n Vitivin\u00edcola desde 1448.<\/p>\n<p class=\"ai-optimize-22\">Disfrutar\u00e1 de una visita guiada por nuestra bodega familiar y disfrutar\u00e1 de nuestro paisaje en el entorno inmejorable de Espiells. Durante el recorrido visitaremos un vi\u00f1edo casi centenario y le explicaremos c\u00f3mo lo trabajamos.<\/p>\n<p class=\"ai-optimize-23\">Seguiremos la visita por la bodega donde conocer\u00e1 c\u00f3mo elaboramos nuestros vinos y cavas de larga crianza y tambi\u00e9n nuestro \u00abClaror\u00bb, Cava de Paraje y tambi\u00e9n el primer Biodin\u00e1mico del mundo.<\/p>\n<p class=\"ai-optimize-24\">Una vez finalizada la visita podr\u00e1 disfrutar de una copa de Cava de nuestra bodega.<\/p>\n<p class=\"ai-optimize-25\"><strong>NOTAS:<\/strong><br \/>\n<strong>* La visita incluye una copa de cava.<\/strong><br \/>\n<strong>* Las visitas comenzaran puntualmente.&nbsp;<\/strong><strong>&nbsp; &nbsp; &nbsp; &nbsp; &nbsp; &nbsp; &nbsp; &nbsp; &nbsp; &nbsp; &nbsp; &nbsp; &nbsp; &nbsp; &nbsp; &nbsp; &nbsp; &nbsp; &nbsp; &nbsp; &nbsp; &nbsp; &nbsp; &nbsp; &nbsp; &nbsp; &nbsp; &nbsp; &nbsp; &nbsp; &nbsp; &nbsp; &nbsp; &nbsp; &nbsp; &nbsp; &nbsp; &nbsp; &nbsp; &nbsp; &nbsp; &nbsp; &nbsp; &nbsp; &nbsp; &nbsp; &nbsp; &nbsp; &nbsp; &nbsp; &nbsp; &nbsp; &nbsp; &nbsp; &nbsp; &nbsp; &nbsp; &nbsp; &nbsp; &nbsp; &nbsp; &nbsp; &nbsp; &nbsp; &nbsp; &nbsp; &nbsp; &nbsp; &nbsp; &nbsp; &nbsp; &nbsp; &nbsp; &nbsp; &nbsp; <\/strong><\/p>\n<p class=\"ai-optimize-26\"><strong>* <\/strong><strong>Para poder participar es OBLIGATORIO reservar previamente a trav\u00e9s de la p\u00e1gina web (<\/strong><strong>Plazas limitadas).<\/strong><\/p>\n<p>&nbsp;<\/p>\n<\/div>\n","protected":false},"featured_media":30198,"template":"","meta":{"ngg_post_thumbnail":0},"product_brand":[],"product_cat":[300],"product_tag":[],"class_list":{"0":"post-21027","1":"product","2":"type-product","3":"status-publish","4":"has-post-thumbnail","6":"product_cat-enoturisme-es","8":"first","9":"instock","10":"virtual","11":"sold-individually","12":"purchasable","13":"product-type-booking"},"yoast_head":"<!-- This site is optimized with the Yoast SEO Premium plugin v26.9 (Yoast SEO v26.9) - https:\/\/yoast.com\/product\/yoast-seo-premium-wordpress\/ -->\n<title>Puertas abiertas 12 octubre | Vins el Cep<\/title>\n<meta name=\"robots\" content=\"index, follow, max-snippet:-1, max-image-preview:large, max-video-preview:-1\" \/>\n<link rel=\"canonical\" href=\"https:\/\/vinselcep.com\/es\/botiga-cava-vins-enoturisme-barcelona\/enoturisme-es\/puertas-abiertas\/\" \/>\n<meta property=\"og:locale\" content=\"es_ES\" \/>\n<meta property=\"og:type\" content=\"article\" \/>\n<meta property=\"og:title\" content=\"Puertas abiertas 12 octubre\" \/>\n<meta property=\"og:description\" content=\"DIA Y HORA: DOMINGO 12 DE OCTUBRE 1h aproximadamente IMPRESCINDIBLE RESERVA PREVIA IDIOMA: CATAL\u00c1N Abrimos las puertas de Vins el Cep!! Ven a descubrir nuestra historia centenaria con una arraigada tradici\u00f3n Vitivin\u00edcola desde 1448. Disfrutar\u00e1 de una visita guiada por nuestra bodega familiar y disfrutar\u00e1 de nuestro paisaje en el entorno inmejorable de Espiells. Durante el recorrido visitaremos un vi\u00f1edo casi centenario y le explicaremos c\u00f3mo lo trabajamos. Seguiremos la visita por la bodega donde conocer\u00e1 c\u00f3mo elaboramos nuestros vinos y cavas de larga crianza y tambi\u00e9n nuestro \u00abClaror\u00bb, Cava de Paraje y tambi\u00e9n el primer Biodin\u00e1mico del mundo. Una vez finalizada la visita podr\u00e1 disfrutar de una copa de Cava de nuestra bodega. NOTAS: * La visita incluye una copa de cava. * Las visitas comenzaran puntualmente.&nbsp;&nbsp; &nbsp; &nbsp; &nbsp; &nbsp; &nbsp; &nbsp; &nbsp; &nbsp; &nbsp; &nbsp; &nbsp; &nbsp; &nbsp; &nbsp; &nbsp; &nbsp; &nbsp; &nbsp; &nbsp; &nbsp; &nbsp; &nbsp; &nbsp; &nbsp; &nbsp; &nbsp; &nbsp; &nbsp; &nbsp; &nbsp; &nbsp; &nbsp; &nbsp; &nbsp; &nbsp; &nbsp; &nbsp; &nbsp; &nbsp; &nbsp; &nbsp; &nbsp; &nbsp; &nbsp; &nbsp; &nbsp; &nbsp; &nbsp; &nbsp; &nbsp; &nbsp; &nbsp; &nbsp; &nbsp; &nbsp; &nbsp; &nbsp; &nbsp; &nbsp; &nbsp; &nbsp; &nbsp; &nbsp; &nbsp; &nbsp; &nbsp; &nbsp; &nbsp; &nbsp; &nbsp; &nbsp; &nbsp; &nbsp; &nbsp;  * Para poder participar es OBLIGATORIO reservar previamente a trav\u00e9s de la p\u00e1gina web (Plazas limitadas). &nbsp;\" \/>\n<meta property=\"og:url\" content=\"https:\/\/vinselcep.com\/es\/botiga-cava-vins-enoturisme-barcelona\/enoturisme-es\/puertas-abiertas\/\" \/>\n<meta property=\"og:site_name\" content=\"Vins el Cep\" \/>\n<meta property=\"article:publisher\" content=\"https:\/\/ca-es.facebook.com\/VinselCep\/\" \/>\n<meta property=\"article:modified_time\" content=\"2025-10-09T09:20:07+00:00\" \/>\n<meta property=\"og:image\" content=\"https:\/\/vinselcep.com\/wp-content\/uploads\/2023\/09\/visita-vins.webp\" \/>\n\t<meta property=\"og:image:width\" content=\"1620\" \/>\n\t<meta property=\"og:image:height\" content=\"1080\" \/>\n\t<meta property=\"og:image:type\" content=\"image\/webp\" \/>\n<meta name=\"twitter:card\" content=\"summary_large_image\" \/>\n<meta name=\"twitter:site\" content=\"@vinselcep\" \/>\n<meta name=\"twitter:label1\" content=\"Precio\" \/>\n\t<meta name=\"twitter:data1\" content=\"\" \/>\n\t<meta name=\"twitter:label2\" content=\"Disponibilidad\" \/>\n\t<meta name=\"twitter:data2\" content=\"Disponible\" \/>\n<script type=\"application\/ld+json\" class=\"yoast-schema-graph\">{\"@context\":\"https:\/\/schema.org\",\"@graph\":[{\"@type\":[\"WebPage\",\"ItemPage\"],\"@id\":\"https:\/\/vinselcep.com\/es\/botiga-cava-vins-enoturisme-barcelona\/enoturisme-es\/puertas-abiertas\/\",\"url\":\"https:\/\/vinselcep.com\/es\/botiga-cava-vins-enoturisme-barcelona\/enoturisme-es\/puertas-abiertas\/\",\"name\":\"Puertas abiertas 12 octubre | Vins el Cep\",\"isPartOf\":{\"@id\":\"https:\/\/vinselcep.com\/es\/#website\"},\"primaryImageOfPage\":{\"@id\":\"https:\/\/vinselcep.com\/es\/botiga-cava-vins-enoturisme-barcelona\/enoturisme-es\/puertas-abiertas\/#primaryimage\"},\"image\":{\"@id\":\"https:\/\/vinselcep.com\/es\/botiga-cava-vins-enoturisme-barcelona\/enoturisme-es\/puertas-abiertas\/#primaryimage\"},\"thumbnailUrl\":\"https:\/\/vinselcep.com\/wp-content\/uploads\/2023\/09\/visita-out.jpg\",\"datePublished\":\"2023-09-26T09:04:28+00:00\",\"dateModified\":\"2025-10-09T09:20:07+00:00\",\"breadcrumb\":{\"@id\":\"https:\/\/vinselcep.com\/es\/botiga-cava-vins-enoturisme-barcelona\/enoturisme-es\/puertas-abiertas\/#breadcrumb\"},\"inLanguage\":\"es\",\"potentialAction\":[{\"@type\":\"ReadAction\",\"target\":[\"https:\/\/vinselcep.com\/es\/botiga-cava-vins-enoturisme-barcelona\/enoturisme-es\/puertas-abiertas\/\"]}]},{\"@type\":\"ImageObject\",\"inLanguage\":\"es\",\"@id\":\"https:\/\/vinselcep.com\/es\/botiga-cava-vins-enoturisme-barcelona\/enoturisme-es\/puertas-abiertas\/#primaryimage\",\"url\":\"https:\/\/vinselcep.com\/wp-content\/uploads\/2023\/09\/visita-out.jpg\",\"contentUrl\":\"https:\/\/vinselcep.com\/wp-content\/uploads\/2023\/09\/visita-out.jpg\",\"width\":1620,\"height\":1080},{\"@type\":\"BreadcrumbList\",\"@id\":\"https:\/\/vinselcep.com\/es\/botiga-cava-vins-enoturisme-barcelona\/enoturisme-es\/puertas-abiertas\/#breadcrumb\",\"itemListElement\":[{\"@type\":\"ListItem\",\"position\":1,\"name\":\"Inici\",\"item\":\"https:\/\/vinselcep.com\/es\/\"},{\"@type\":\"ListItem\",\"position\":2,\"name\":\"Comprar cava, vino y experiencias de enoturismo en el Pened\u00e8s (Barcelona)\",\"item\":\"https:\/\/vinselcep.com\/es\/tienda-cava-vinos-enoturismo-barcelona\/\"},{\"@type\":\"ListItem\",\"position\":3,\"name\":\"Puertas abiertas 12 octubre\"}]},{\"@type\":\"WebSite\",\"@id\":\"https:\/\/vinselcep.com\/es\/#website\",\"url\":\"https:\/\/vinselcep.com\/es\/\",\"name\":\"Vins el Cep\",\"description\":\"Viticultors des de 1448\",\"publisher\":{\"@id\":\"https:\/\/vinselcep.com\/es\/#organization\"},\"potentialAction\":[{\"@type\":\"SearchAction\",\"target\":{\"@type\":\"EntryPoint\",\"urlTemplate\":\"https:\/\/vinselcep.com\/es\/?s={search_term_string}\"},\"query-input\":{\"@type\":\"PropertyValueSpecification\",\"valueRequired\":true,\"valueName\":\"search_term_string\"}}],\"inLanguage\":\"es\"},{\"@type\":\"Organization\",\"@id\":\"https:\/\/vinselcep.com\/es\/#organization\",\"name\":\"Vins el Cep\",\"url\":\"https:\/\/vinselcep.com\/es\/\",\"logo\":{\"@type\":\"ImageObject\",\"inLanguage\":\"es\",\"@id\":\"https:\/\/vinselcep.com\/es\/#\/schema\/logo\/image\/\",\"url\":\"https:\/\/vinselcep.com\/wp-content\/uploads\/2020\/11\/logo-vinselcep-positiu.png\",\"contentUrl\":\"https:\/\/vinselcep.com\/wp-content\/uploads\/2020\/11\/logo-vinselcep-positiu.png\",\"width\":600,\"height\":379,\"caption\":\"Vins el Cep\"},\"image\":{\"@id\":\"https:\/\/vinselcep.com\/es\/#\/schema\/logo\/image\/\"},\"sameAs\":[\"https:\/\/ca-es.facebook.com\/VinselCep\/\",\"https:\/\/x.com\/vinselcep\",\"https:\/\/www.instagram.com\/vinselcep\/\"]}]}<\/script>\n<meta property=\"product:price:currency\" content=\"EUR\" \/>\n<meta property=\"og:availability\" content=\"instock\" \/>\n<meta property=\"product:availability\" content=\"instock\" \/>\n<meta property=\"product:retailer_item_id\" content=\"JBW8F-1\" \/>\n<meta property=\"product:condition\" content=\"new\" \/>\n<!-- \/ Yoast SEO Premium plugin. -->","yoast_head_json":{"title":"Puertas abiertas 12 octubre | Vins el Cep","robots":{"index":"index","follow":"follow","max-snippet":"max-snippet:-1","max-image-preview":"max-image-preview:large","max-video-preview":"max-video-preview:-1"},"canonical":"https:\/\/vinselcep.com\/es\/botiga-cava-vins-enoturisme-barcelona\/enoturisme-es\/puertas-abiertas\/","og_locale":"es_ES","og_type":"article","og_title":"Puertas abiertas 12 octubre","og_description":"DIA Y HORA: DOMINGO 12 DE OCTUBRE 1h aproximadamente IMPRESCINDIBLE RESERVA PREVIA IDIOMA: CATAL\u00c1N Abrimos las puertas de Vins el Cep!! Ven a descubrir nuestra historia centenaria con una arraigada tradici\u00f3n Vitivin\u00edcola desde 1448. Disfrutar\u00e1 de una visita guiada por nuestra bodega familiar y disfrutar\u00e1 de nuestro paisaje en el entorno inmejorable de Espiells. Durante el recorrido visitaremos un vi\u00f1edo casi centenario y le explicaremos c\u00f3mo lo trabajamos. Seguiremos la visita por la bodega donde conocer\u00e1 c\u00f3mo elaboramos nuestros vinos y cavas de larga crianza y tambi\u00e9n nuestro \u00abClaror\u00bb, Cava de Paraje y tambi\u00e9n el primer Biodin\u00e1mico del mundo. Una vez finalizada la visita podr\u00e1 disfrutar de una copa de Cava de nuestra bodega. NOTAS: * La visita incluye una copa de cava. * Las visitas comenzaran puntualmente.&nbsp;&nbsp; &nbsp; &nbsp; &nbsp; &nbsp; &nbsp; &nbsp; &nbsp; &nbsp; &nbsp; &nbsp; &nbsp; &nbsp; &nbsp; &nbsp; &nbsp; &nbsp; &nbsp; &nbsp; &nbsp; &nbsp; &nbsp; &nbsp; &nbsp; &nbsp; &nbsp; &nbsp; &nbsp; &nbsp; &nbsp; &nbsp; &nbsp; &nbsp; &nbsp; &nbsp; &nbsp; &nbsp; &nbsp; &nbsp; &nbsp; &nbsp; &nbsp; &nbsp; &nbsp; &nbsp; &nbsp; &nbsp; &nbsp; &nbsp; &nbsp; &nbsp; &nbsp; &nbsp; &nbsp; &nbsp; &nbsp; &nbsp; &nbsp; &nbsp; &nbsp; &nbsp; &nbsp; &nbsp; &nbsp; &nbsp; &nbsp; &nbsp; &nbsp; &nbsp; &nbsp; &nbsp; &nbsp; &nbsp; &nbsp; &nbsp;  * Para poder participar es OBLIGATORIO reservar previamente a trav\u00e9s de la p\u00e1gina web (Plazas limitadas). &nbsp;","og_url":"https:\/\/vinselcep.com\/es\/botiga-cava-vins-enoturisme-barcelona\/enoturisme-es\/puertas-abiertas\/","og_site_name":"Vins el Cep","article_publisher":"https:\/\/ca-es.facebook.com\/VinselCep\/","article_modified_time":"2025-10-09T09:20:07+00:00","og_image":[{"width":1620,"height":1080,"url":"https:\/\/vinselcep.com\/wp-content\/uploads\/2023\/09\/visita-vins.webp","type":"image\/webp"}],"twitter_card":"summary_large_image","twitter_site":"@vinselcep","twitter_misc":{"Precio":"","Disponibilidad":"Disponible"},"schema":{"@context":"https:\/\/schema.org","@graph":[{"@type":["WebPage","ItemPage"],"@id":"https:\/\/vinselcep.com\/es\/botiga-cava-vins-enoturisme-barcelona\/enoturisme-es\/puertas-abiertas\/","url":"https:\/\/vinselcep.com\/es\/botiga-cava-vins-enoturisme-barcelona\/enoturisme-es\/puertas-abiertas\/","name":"Puertas abiertas 12 octubre | Vins el Cep","isPartOf":{"@id":"https:\/\/vinselcep.com\/es\/#website"},"primaryImageOfPage":{"@id":"https:\/\/vinselcep.com\/es\/botiga-cava-vins-enoturisme-barcelona\/enoturisme-es\/puertas-abiertas\/#primaryimage"},"image":{"@id":"https:\/\/vinselcep.com\/es\/botiga-cava-vins-enoturisme-barcelona\/enoturisme-es\/puertas-abiertas\/#primaryimage"},"thumbnailUrl":"https:\/\/vinselcep.com\/wp-content\/uploads\/2023\/09\/visita-out.jpg","datePublished":"2023-09-26T09:04:28+00:00","dateModified":"2025-10-09T09:20:07+00:00","breadcrumb":{"@id":"https:\/\/vinselcep.com\/es\/botiga-cava-vins-enoturisme-barcelona\/enoturisme-es\/puertas-abiertas\/#breadcrumb"},"inLanguage":"es","potentialAction":[{"@type":"ReadAction","target":["https:\/\/vinselcep.com\/es\/botiga-cava-vins-enoturisme-barcelona\/enoturisme-es\/puertas-abiertas\/"]}]},{"@type":"ImageObject","inLanguage":"es","@id":"https:\/\/vinselcep.com\/es\/botiga-cava-vins-enoturisme-barcelona\/enoturisme-es\/puertas-abiertas\/#primaryimage","url":"https:\/\/vinselcep.com\/wp-content\/uploads\/2023\/09\/visita-out.jpg","contentUrl":"https:\/\/vinselcep.com\/wp-content\/uploads\/2023\/09\/visita-out.jpg","width":1620,"height":1080},{"@type":"BreadcrumbList","@id":"https:\/\/vinselcep.com\/es\/botiga-cava-vins-enoturisme-barcelona\/enoturisme-es\/puertas-abiertas\/#breadcrumb","itemListElement":[{"@type":"ListItem","position":1,"name":"Inici","item":"https:\/\/vinselcep.com\/es\/"},{"@type":"ListItem","position":2,"name":"Comprar cava, vino y experiencias de enoturismo en el Pened\u00e8s (Barcelona)","item":"https:\/\/vinselcep.com\/es\/tienda-cava-vinos-enoturismo-barcelona\/"},{"@type":"ListItem","position":3,"name":"Puertas abiertas 12 octubre"}]},{"@type":"WebSite","@id":"https:\/\/vinselcep.com\/es\/#website","url":"https:\/\/vinselcep.com\/es\/","name":"Vins el Cep","description":"Viticultors des de 1448","publisher":{"@id":"https:\/\/vinselcep.com\/es\/#organization"},"potentialAction":[{"@type":"SearchAction","target":{"@type":"EntryPoint","urlTemplate":"https:\/\/vinselcep.com\/es\/?s={search_term_string}"},"query-input":{"@type":"PropertyValueSpecification","valueRequired":true,"valueName":"search_term_string"}}],"inLanguage":"es"},{"@type":"Organization","@id":"https:\/\/vinselcep.com\/es\/#organization","name":"Vins el Cep","url":"https:\/\/vinselcep.com\/es\/","logo":{"@type":"ImageObject","inLanguage":"es","@id":"https:\/\/vinselcep.com\/es\/#\/schema\/logo\/image\/","url":"https:\/\/vinselcep.com\/wp-content\/uploads\/2020\/11\/logo-vinselcep-positiu.png","contentUrl":"https:\/\/vinselcep.com\/wp-content\/uploads\/2020\/11\/logo-vinselcep-positiu.png","width":600,"height":379,"caption":"Vins el Cep"},"image":{"@id":"https:\/\/vinselcep.com\/es\/#\/schema\/logo\/image\/"},"sameAs":["https:\/\/ca-es.facebook.com\/VinselCep\/","https:\/\/x.com\/vinselcep","https:\/\/www.instagram.com\/vinselcep\/"]}]},"product_price_currency":"EUR","og_availability":"instock","product_availability":"instock","product_retailer_item_id":"JBW8F-1","product_condition":"new"},"_links":{"self":[{"href":"https:\/\/vinselcep.com\/es\/wp-json\/wp\/v2\/product\/21027","targetHints":{"allow":["GET"]}}],"collection":[{"href":"https:\/\/vinselcep.com\/es\/wp-json\/wp\/v2\/product"}],"about":[{"href":"https:\/\/vinselcep.com\/es\/wp-json\/wp\/v2\/types\/product"}],"wp:featuredmedia":[{"embeddable":true,"href":"https:\/\/vinselcep.com\/es\/wp-json\/wp\/v2\/media\/30198"}],"wp:attachment":[{"href":"https:\/\/vinselcep.com\/es\/wp-json\/wp\/v2\/media?parent=21027"}],"wp:term":[{"taxonomy":"product_brand","embeddable":true,"href":"https:\/\/vinselcep.com\/es\/wp-json\/wp\/v2\/product_brand?post=21027"},{"taxonomy":"product_cat","embeddable":true,"href":"https:\/\/vinselcep.com\/es\/wp-json\/wp\/v2\/product_cat?post=21027"},{"taxonomy":"product_tag","embeddable":true,"href":"https:\/\/vinselcep.com\/es\/wp-json\/wp\/v2\/product_tag?post=21027"}],"curies":[{"name":"wp","href":"https:\/\/api.w.org\/{rel}","templated":true}]}}