{"id":19527,"date":"2023-04-18T14:04:08","date_gmt":"2023-04-18T12:04:08","guid":{"rendered":"https:\/\/vinselcep.com\/?post_type=product&#038;p=19527"},"modified":"2025-01-29T21:06:41","modified_gmt":"2025-01-29T20:06:41","slug":"brunch-en-la-bodega","status":"publish","type":"product","link":"https:\/\/vinselcep.com\/es\/botiga-cava-vins-enoturisme-barcelona\/enoturisme-es\/brunch-en-la-bodega\/","title":{"rendered":"Brunch en la Bodega"},"content":{"rendered":"<p><em>Para cualquier otra consulta o duda relacionada con visitas contacte a <a href=\"mailto:reserva@vinselcep.com\">reserva@vinselcep.com<\/a> o env\u00ede un Whatsapp al 620246257.<br \/>\n<\/em><\/p>\n","protected":false},"excerpt":{"rendered":"<div class=\"experiencies-1\">\n<h1>DISPONIBILIDAD:<\/h1>\n<h3><span class=\"VIiyi\" lang=\"ca\"><span class=\"JLqJ4b ChMk0b\" data-language-for-alternatives=\"ca\" data-language-to-translate-into=\"es\" data-phrase-index=\"0\" data-number-of-phrases=\"1\">DE LUNES A S\u00c1BADO<br \/>\n<\/span><\/span><\/h3>\n<h2>DURACI\u00d3N:<\/h2>\n<h3>02.30h aproximadamentE<\/h3>\n<h3>IMPRESCINDIBLE RESERVA PREVIA CON 48h DE ANTELACI\u00d3N<\/h3>\n<h3>GRUPOS DE M\u00cdNIMO 6 PERSONAS<\/h3>\n<p>\u00bfQuieres regalar un d\u00eda especial a tus amigos o familiares? Te ofrecemos una experiencia \u00fanica en nuestro entorno, que combina una visita al vi\u00f1edo, la bodega y una cata de vinos, con un delicioso brunch elaborado con productos de Km 0. Sorprende con las propuestas de Cal Soler o Kezu Vegano y convierte este regalo en un recuerdo inolvidable.<\/p>\n<p><strong>La actividad incluye<\/strong>:<\/p>\n<ol>\n<li>Visita guiada a las vi\u00f1as y a la bodega.<\/li>\n<li>Cata comentada de 2 vinos y 2 cavas.<\/li>\n<li>Brunch con productos de proximidad, Km0<\/li>\n<\/ol>\n<p>Men\u00fa brunch de Cal Soler<br \/>\no<br \/>\nMen\u00fa brunch Plant-based de Kezu Vegano (disponible opci\u00f3n sin gluten)<\/p>\n[sp_easyaccordion id=\"32996\"]\n<p>*Actividad para todos los p\u00fablicos<br \/>\n*Grupo m\u00ednimo de 6 personas.<br \/>\n*Todo el grupo debe escoger la misma opci\u00f3n de Brunch<\/p>\n<h4 style=\"text-align: center;\"><b>RESERVA<\/b><\/h4>\n<\/div>\n","protected":false},"featured_media":19259,"template":"","meta":{"ngg_post_thumbnail":0},"product_brand":[],"product_cat":[300],"product_tag":[],"class_list":{"0":"post-19527","1":"product","2":"type-product","3":"status-publish","4":"has-post-thumbnail","6":"product_cat-enoturisme-es","8":"first","9":"instock","10":"virtual","11":"sold-individually","12":"purchasable","13":"product-type-booking"},"yoast_head":"<!-- This site is optimized with the Yoast SEO Premium plugin v26.9 (Yoast SEO v26.9) - https:\/\/yoast.com\/product\/yoast-seo-premium-wordpress\/ -->\n<title>Visita y maridaje de 5 quesos con vinos y cava. Enoturismo en Sant Sadurn\u00ed (Barcelona). | Vins el Cep<\/title>\n<meta name=\"description\" content=\"Un maridaje muy especial con una selecci\u00f3n de quesos con nuestros vinos. La actividad incluye: Visita guiada al vi\u00f1edo y a la bodega + maridaje comentado de 5 quesos con vinos y cavas.\" \/>\n<meta name=\"robots\" content=\"index, follow, max-snippet:-1, max-image-preview:large, max-video-preview:-1\" \/>\n<link rel=\"canonical\" href=\"https:\/\/vinselcep.com\/es\/botiga-cava-vins-enoturisme-barcelona\/enoturisme-es\/brunch-en-la-bodega\/\" \/>\n<meta property=\"og:locale\" content=\"es_ES\" \/>\n<meta property=\"og:type\" content=\"article\" \/>\n<meta property=\"og:title\" content=\"Brunch en la Bodega\" \/>\n<meta property=\"og:description\" content=\"Un maridaje muy especial con una selecci\u00f3n de quesos con nuestros vinos. La actividad incluye: Visita guiada al vi\u00f1edo y a la bodega + maridaje comentado de 5 quesos con vinos y cavas.\" \/>\n<meta property=\"og:url\" content=\"https:\/\/vinselcep.com\/es\/botiga-cava-vins-enoturisme-barcelona\/enoturisme-es\/brunch-en-la-bodega\/\" \/>\n<meta property=\"og:site_name\" content=\"Vins el Cep\" \/>\n<meta property=\"article:publisher\" content=\"https:\/\/ca-es.facebook.com\/VinselCep\/\" \/>\n<meta property=\"article:modified_time\" content=\"2025-01-29T20:06:41+00:00\" \/>\n<meta property=\"og:image\" content=\"https:\/\/vinselcep.com\/wp-content\/uploads\/2023\/03\/al-voltant.jpg\" \/>\n\t<meta property=\"og:image:width\" content=\"900\" \/>\n\t<meta property=\"og:image:height\" content=\"600\" \/>\n\t<meta property=\"og:image:type\" content=\"image\/jpeg\" \/>\n<meta name=\"twitter:card\" content=\"summary_large_image\" \/>\n<meta name=\"twitter:site\" content=\"@vinselcep\" \/>\n<meta name=\"twitter:label1\" content=\"Precio\" \/>\n\t<meta name=\"twitter:data1\" content=\"&euro;330.00\" \/>\n\t<meta name=\"twitter:label2\" content=\"Disponibilidad\" \/>\n\t<meta name=\"twitter:data2\" content=\"Disponible\" \/>\n<script type=\"application\/ld+json\" class=\"yoast-schema-graph\">{\"@context\":\"https:\/\/schema.org\",\"@graph\":[{\"@type\":[\"WebPage\",\"ItemPage\"],\"@id\":\"https:\/\/vinselcep.com\/es\/botiga-cava-vins-enoturisme-barcelona\/enoturisme-es\/brunch-en-la-bodega\/\",\"url\":\"https:\/\/vinselcep.com\/es\/botiga-cava-vins-enoturisme-barcelona\/enoturisme-es\/brunch-en-la-bodega\/\",\"name\":\"Visita y maridaje de 5 quesos con vinos y cava. Enoturismo en Sant Sadurn\u00ed (Barcelona). | Vins el Cep\",\"isPartOf\":{\"@id\":\"https:\/\/vinselcep.com\/es\/#website\"},\"primaryImageOfPage\":{\"@id\":\"https:\/\/vinselcep.com\/es\/botiga-cava-vins-enoturisme-barcelona\/enoturisme-es\/brunch-en-la-bodega\/#primaryimage\"},\"image\":{\"@id\":\"https:\/\/vinselcep.com\/es\/botiga-cava-vins-enoturisme-barcelona\/enoturisme-es\/brunch-en-la-bodega\/#primaryimage\"},\"thumbnailUrl\":\"https:\/\/vinselcep.com\/wp-content\/uploads\/2023\/03\/al-voltant.jpg\",\"datePublished\":\"2023-04-18T12:04:08+00:00\",\"dateModified\":\"2025-01-29T20:06:41+00:00\",\"description\":\"Un maridaje muy especial con una selecci\u00f3n de quesos con nuestros vinos. La actividad incluye: Visita guiada al vi\u00f1edo y a la bodega + maridaje comentado de 5 quesos con vinos y cavas.\",\"breadcrumb\":{\"@id\":\"https:\/\/vinselcep.com\/es\/botiga-cava-vins-enoturisme-barcelona\/enoturisme-es\/brunch-en-la-bodega\/#breadcrumb\"},\"inLanguage\":\"es\",\"potentialAction\":[{\"@type\":\"ReadAction\",\"target\":[\"https:\/\/vinselcep.com\/es\/botiga-cava-vins-enoturisme-barcelona\/enoturisme-es\/brunch-en-la-bodega\/\"]}]},{\"@type\":\"ImageObject\",\"inLanguage\":\"es\",\"@id\":\"https:\/\/vinselcep.com\/es\/botiga-cava-vins-enoturisme-barcelona\/enoturisme-es\/brunch-en-la-bodega\/#primaryimage\",\"url\":\"https:\/\/vinselcep.com\/wp-content\/uploads\/2023\/03\/al-voltant.jpg\",\"contentUrl\":\"https:\/\/vinselcep.com\/wp-content\/uploads\/2023\/03\/al-voltant.jpg\",\"width\":900,\"height\":600},{\"@type\":\"BreadcrumbList\",\"@id\":\"https:\/\/vinselcep.com\/es\/botiga-cava-vins-enoturisme-barcelona\/enoturisme-es\/brunch-en-la-bodega\/#breadcrumb\",\"itemListElement\":[{\"@type\":\"ListItem\",\"position\":1,\"name\":\"Inici\",\"item\":\"https:\/\/vinselcep.com\/es\/\"},{\"@type\":\"ListItem\",\"position\":2,\"name\":\"Comprar cava, vino y experiencias de enoturismo en el Pened\u00e8s (Barcelona)\",\"item\":\"https:\/\/vinselcep.com\/es\/tienda-cava-vinos-enoturismo-barcelona\/\"},{\"@type\":\"ListItem\",\"position\":3,\"name\":\"Brunch en la Bodega\"}]},{\"@type\":\"WebSite\",\"@id\":\"https:\/\/vinselcep.com\/es\/#website\",\"url\":\"https:\/\/vinselcep.com\/es\/\",\"name\":\"Vins el Cep\",\"description\":\"Viticultors des de 1448\",\"publisher\":{\"@id\":\"https:\/\/vinselcep.com\/es\/#organization\"},\"potentialAction\":[{\"@type\":\"SearchAction\",\"target\":{\"@type\":\"EntryPoint\",\"urlTemplate\":\"https:\/\/vinselcep.com\/es\/?s={search_term_string}\"},\"query-input\":{\"@type\":\"PropertyValueSpecification\",\"valueRequired\":true,\"valueName\":\"search_term_string\"}}],\"inLanguage\":\"es\"},{\"@type\":\"Organization\",\"@id\":\"https:\/\/vinselcep.com\/es\/#organization\",\"name\":\"Vins el Cep\",\"url\":\"https:\/\/vinselcep.com\/es\/\",\"logo\":{\"@type\":\"ImageObject\",\"inLanguage\":\"es\",\"@id\":\"https:\/\/vinselcep.com\/es\/#\/schema\/logo\/image\/\",\"url\":\"https:\/\/vinselcep.com\/wp-content\/uploads\/2020\/11\/logo-vinselcep-positiu.png\",\"contentUrl\":\"https:\/\/vinselcep.com\/wp-content\/uploads\/2020\/11\/logo-vinselcep-positiu.png\",\"width\":600,\"height\":379,\"caption\":\"Vins el Cep\"},\"image\":{\"@id\":\"https:\/\/vinselcep.com\/es\/#\/schema\/logo\/image\/\"},\"sameAs\":[\"https:\/\/ca-es.facebook.com\/VinselCep\/\",\"https:\/\/x.com\/vinselcep\",\"https:\/\/www.instagram.com\/vinselcep\/\"]}]}<\/script>\n<meta property=\"product:price:amount\" content=\"330.00\" \/>\n<meta property=\"product:price:currency\" content=\"EUR\" \/>\n<meta property=\"og:availability\" content=\"instock\" \/>\n<meta property=\"product:availability\" content=\"instock\" \/>\n<meta property=\"product:retailer_item_id\" content=\"12JZE\" \/>\n<meta property=\"product:condition\" content=\"new\" \/>\n<!-- \/ Yoast SEO Premium plugin. -->","yoast_head_json":{"title":"Visita y maridaje de 5 quesos con vinos y cava. Enoturismo en Sant Sadurn\u00ed (Barcelona). | Vins el Cep","description":"Un maridaje muy especial con una selecci\u00f3n de quesos con nuestros vinos. La actividad incluye: Visita guiada al vi\u00f1edo y a la bodega + maridaje comentado de 5 quesos con vinos y cavas.","robots":{"index":"index","follow":"follow","max-snippet":"max-snippet:-1","max-image-preview":"max-image-preview:large","max-video-preview":"max-video-preview:-1"},"canonical":"https:\/\/vinselcep.com\/es\/botiga-cava-vins-enoturisme-barcelona\/enoturisme-es\/brunch-en-la-bodega\/","og_locale":"es_ES","og_type":"article","og_title":"Brunch en la Bodega","og_description":"Un maridaje muy especial con una selecci\u00f3n de quesos con nuestros vinos. La actividad incluye: Visita guiada al vi\u00f1edo y a la bodega + maridaje comentado de 5 quesos con vinos y cavas.","og_url":"https:\/\/vinselcep.com\/es\/botiga-cava-vins-enoturisme-barcelona\/enoturisme-es\/brunch-en-la-bodega\/","og_site_name":"Vins el Cep","article_publisher":"https:\/\/ca-es.facebook.com\/VinselCep\/","article_modified_time":"2025-01-29T20:06:41+00:00","og_image":[{"width":900,"height":600,"url":"https:\/\/vinselcep.com\/wp-content\/uploads\/2023\/03\/al-voltant.jpg","type":"image\/jpeg"}],"twitter_card":"summary_large_image","twitter_site":"@vinselcep","twitter_misc":{"Precio":"&euro;330.00","Disponibilidad":"Disponible"},"schema":{"@context":"https:\/\/schema.org","@graph":[{"@type":["WebPage","ItemPage"],"@id":"https:\/\/vinselcep.com\/es\/botiga-cava-vins-enoturisme-barcelona\/enoturisme-es\/brunch-en-la-bodega\/","url":"https:\/\/vinselcep.com\/es\/botiga-cava-vins-enoturisme-barcelona\/enoturisme-es\/brunch-en-la-bodega\/","name":"Visita y maridaje de 5 quesos con vinos y cava. Enoturismo en Sant Sadurn\u00ed (Barcelona). | Vins el Cep","isPartOf":{"@id":"https:\/\/vinselcep.com\/es\/#website"},"primaryImageOfPage":{"@id":"https:\/\/vinselcep.com\/es\/botiga-cava-vins-enoturisme-barcelona\/enoturisme-es\/brunch-en-la-bodega\/#primaryimage"},"image":{"@id":"https:\/\/vinselcep.com\/es\/botiga-cava-vins-enoturisme-barcelona\/enoturisme-es\/brunch-en-la-bodega\/#primaryimage"},"thumbnailUrl":"https:\/\/vinselcep.com\/wp-content\/uploads\/2023\/03\/al-voltant.jpg","datePublished":"2023-04-18T12:04:08+00:00","dateModified":"2025-01-29T20:06:41+00:00","description":"Un maridaje muy especial con una selecci\u00f3n de quesos con nuestros vinos. La actividad incluye: Visita guiada al vi\u00f1edo y a la bodega + maridaje comentado de 5 quesos con vinos y cavas.","breadcrumb":{"@id":"https:\/\/vinselcep.com\/es\/botiga-cava-vins-enoturisme-barcelona\/enoturisme-es\/brunch-en-la-bodega\/#breadcrumb"},"inLanguage":"es","potentialAction":[{"@type":"ReadAction","target":["https:\/\/vinselcep.com\/es\/botiga-cava-vins-enoturisme-barcelona\/enoturisme-es\/brunch-en-la-bodega\/"]}]},{"@type":"ImageObject","inLanguage":"es","@id":"https:\/\/vinselcep.com\/es\/botiga-cava-vins-enoturisme-barcelona\/enoturisme-es\/brunch-en-la-bodega\/#primaryimage","url":"https:\/\/vinselcep.com\/wp-content\/uploads\/2023\/03\/al-voltant.jpg","contentUrl":"https:\/\/vinselcep.com\/wp-content\/uploads\/2023\/03\/al-voltant.jpg","width":900,"height":600},{"@type":"BreadcrumbList","@id":"https:\/\/vinselcep.com\/es\/botiga-cava-vins-enoturisme-barcelona\/enoturisme-es\/brunch-en-la-bodega\/#breadcrumb","itemListElement":[{"@type":"ListItem","position":1,"name":"Inici","item":"https:\/\/vinselcep.com\/es\/"},{"@type":"ListItem","position":2,"name":"Comprar cava, vino y experiencias de enoturismo en el Pened\u00e8s (Barcelona)","item":"https:\/\/vinselcep.com\/es\/tienda-cava-vinos-enoturismo-barcelona\/"},{"@type":"ListItem","position":3,"name":"Brunch en la Bodega"}]},{"@type":"WebSite","@id":"https:\/\/vinselcep.com\/es\/#website","url":"https:\/\/vinselcep.com\/es\/","name":"Vins el Cep","description":"Viticultors des de 1448","publisher":{"@id":"https:\/\/vinselcep.com\/es\/#organization"},"potentialAction":[{"@type":"SearchAction","target":{"@type":"EntryPoint","urlTemplate":"https:\/\/vinselcep.com\/es\/?s={search_term_string}"},"query-input":{"@type":"PropertyValueSpecification","valueRequired":true,"valueName":"search_term_string"}}],"inLanguage":"es"},{"@type":"Organization","@id":"https:\/\/vinselcep.com\/es\/#organization","name":"Vins el Cep","url":"https:\/\/vinselcep.com\/es\/","logo":{"@type":"ImageObject","inLanguage":"es","@id":"https:\/\/vinselcep.com\/es\/#\/schema\/logo\/image\/","url":"https:\/\/vinselcep.com\/wp-content\/uploads\/2020\/11\/logo-vinselcep-positiu.png","contentUrl":"https:\/\/vinselcep.com\/wp-content\/uploads\/2020\/11\/logo-vinselcep-positiu.png","width":600,"height":379,"caption":"Vins el Cep"},"image":{"@id":"https:\/\/vinselcep.com\/es\/#\/schema\/logo\/image\/"},"sameAs":["https:\/\/ca-es.facebook.com\/VinselCep\/","https:\/\/x.com\/vinselcep","https:\/\/www.instagram.com\/vinselcep\/"]}]},"product_price_amount":"330.00","product_price_currency":"EUR","og_availability":"instock","product_availability":"instock","product_retailer_item_id":"12JZE","product_condition":"new"},"_links":{"self":[{"href":"https:\/\/vinselcep.com\/es\/wp-json\/wp\/v2\/product\/19527","targetHints":{"allow":["GET"]}}],"collection":[{"href":"https:\/\/vinselcep.com\/es\/wp-json\/wp\/v2\/product"}],"about":[{"href":"https:\/\/vinselcep.com\/es\/wp-json\/wp\/v2\/types\/product"}],"wp:featuredmedia":[{"embeddable":true,"href":"https:\/\/vinselcep.com\/es\/wp-json\/wp\/v2\/media\/19259"}],"wp:attachment":[{"href":"https:\/\/vinselcep.com\/es\/wp-json\/wp\/v2\/media?parent=19527"}],"wp:term":[{"taxonomy":"product_brand","embeddable":true,"href":"https:\/\/vinselcep.com\/es\/wp-json\/wp\/v2\/product_brand?post=19527"},{"taxonomy":"product_cat","embeddable":true,"href":"https:\/\/vinselcep.com\/es\/wp-json\/wp\/v2\/product_cat?post=19527"},{"taxonomy":"product_tag","embeddable":true,"href":"https:\/\/vinselcep.com\/es\/wp-json\/wp\/v2\/product_tag?post=19527"}],"curies":[{"name":"wp","href":"https:\/\/api.w.org\/{rel}","templated":true}]}}