{"id":17771,"date":"2022-07-15T14:11:44","date_gmt":"2022-07-15T14:11:44","guid":{"rendered":"https:\/\/vinselcep.com\/?post_type=product&#038;p=17771"},"modified":"2024-03-13T11:16:31","modified_gmt":"2024-03-13T10:16:31","slug":"xec-regal-yoga-i-tast-entre-vinyes-5-pax","status":"publish","type":"product","link":"https:\/\/vinselcep.com\/es\/botiga-cava-vins-enoturisme-barcelona\/enoturisme-es\/xec-regal-yoga-i-tast-entre-vinyes-5-pax\/","title":{"rendered":"Cheque Regalo Yoga y Cata entre Vi\u00f1as"},"content":{"rendered":"<p><em><strong>V\u00e0lido para seis personas<\/strong><\/em><\/p>\n<p>Con el Cheque Regalo puedes regalar una experiencia a nuestra bodega para disfrutarla durante todo un a\u00f1o.<\/p>\n","protected":false},"excerpt":{"rendered":"<div class=\"experiencies-1\">\n<h1>FECHA Y HORA:<\/h1>\n<h3>CUALQUIER D\u00cdA CON RESERVA PREVIA<\/h3>\n<h2>DURACI\u00d3N:<\/h2>\n<h3>2,5h aproximadamente<\/h3>\n<h3>IMPRESCINDIBLE RESERVA PREVIA<\/h3>\n<h3>CHEQUE V\u00c1LIDO PARA 6 PERSONAS<\/h3>\n<p>\u00bfQuieres disfrutar de un d\u00eda distinto con un grupo de amigos\/as o familiares?<\/p>\n<p>Os ofrecemos la posibilidad de hacer una pr\u00e1ctica de yoga privada en un entorno inmejorable, en medio de la naturaleza y rodeados de vi\u00f1edos.<\/p>\n<p>Empezaremos haciendo una pr\u00e1ctica de yoga al aire libre y entre vi\u00f1edos. Respirar\u00e9is y disfrutar\u00e9is de nuestro entorno, bajo la sombra de nuestras moreras, justo ante la bodega de Vins El Cep. Descubrir\u00e9is la historia que se esconde detr\u00e1s de Vins El Cep y disfrutar\u00e9is de la natura, de una jornada amena, divertida y de desconexi\u00f3n.<\/p>\n<p>Terminaremos brindando con una copa de cava.<\/p>\n<p>*Hay que traer almohadilla propia para la pr\u00e1ctica de yoga.<\/p>\n<p>*Grupo m\u00ednimo de 6 personas.<\/p>\n<\/div>\n<p><strong>Para reservas enviar un e-mail a <a href=\"mailto:RESERVA@VINSELCEP.COM\">RESERVA@VINSELCEP.COM<\/a> o al Whatsapp 607493353<\/strong><\/p>\n","protected":false},"featured_media":15990,"template":"","meta":{"ngg_post_thumbnail":0},"product_brand":[],"product_cat":[300],"product_tag":[366,371,370],"class_list":{"0":"post-17771","1":"product","2":"type-product","3":"status-publish","4":"has-post-thumbnail","6":"product_cat-enoturisme-es","7":"product_tag-actividad","8":"product_tag-ioga","9":"product_tag-visita-es","11":"first","12":"instock","13":"downloadable","14":"virtual","15":"sold-individually","16":"purchasable","17":"product-type-simple"},"yoast_head":"<!-- This site is optimized with the Yoast SEO Premium plugin v26.9 (Yoast SEO v26.9) - https:\/\/yoast.com\/product\/yoast-seo-premium-wordpress\/ -->\n<title>Cheque Regalo Enoturismo: Yoga y Cata entre Vi\u00f1as (5 personas) | Vins el Cep<\/title>\n<meta name=\"description\" content=\"Regala una experiencia de enoturismo: Pr\u00e1ctica de yoga al aire libre y entre vi\u00f1edos junto a nuestra bodega. Descubrir\u00e9is la historia de Vins el Cep y acabaremos brindando con una copa de cava.\" \/>\n<meta name=\"robots\" content=\"index, follow, max-snippet:-1, max-image-preview:large, max-video-preview:-1\" \/>\n<link rel=\"canonical\" href=\"https:\/\/vinselcep.com\/es\/botiga-cava-vins-enoturisme-barcelona\/enoturisme-es\/xec-regal-yoga-i-tast-entre-vinyes-5-pax\/\" \/>\n<meta property=\"og:locale\" content=\"es_ES\" \/>\n<meta property=\"og:type\" content=\"article\" \/>\n<meta property=\"og:title\" content=\"Cheque Regalo Yoga y Cata entre Vi\u00f1as\" \/>\n<meta property=\"og:description\" content=\"Regala una experiencia de enoturismo: Pr\u00e1ctica de yoga al aire libre y entre vi\u00f1edos junto a nuestra bodega. Descubrir\u00e9is la historia de Vins el Cep y acabaremos brindando con una copa de cava.\" \/>\n<meta property=\"og:url\" content=\"https:\/\/vinselcep.com\/es\/botiga-cava-vins-enoturisme-barcelona\/enoturisme-es\/xec-regal-yoga-i-tast-entre-vinyes-5-pax\/\" \/>\n<meta property=\"og:site_name\" content=\"Vins el Cep\" \/>\n<meta property=\"article:publisher\" content=\"https:\/\/ca-es.facebook.com\/VinselCep\/\" \/>\n<meta property=\"article:modified_time\" content=\"2024-03-13T10:16:31+00:00\" \/>\n<meta property=\"og:image\" content=\"https:\/\/vinselcep.com\/wp-content\/uploads\/2021\/05\/1.jpg\" \/>\n\t<meta property=\"og:image:width\" content=\"600\" \/>\n\t<meta property=\"og:image:height\" content=\"400\" \/>\n\t<meta property=\"og:image:type\" content=\"image\/jpeg\" \/>\n<meta name=\"twitter:card\" content=\"summary_large_image\" \/>\n<meta name=\"twitter:site\" content=\"@vinselcep\" \/>\n<meta name=\"twitter:label1\" content=\"Precio\" \/>\n\t<meta name=\"twitter:data1\" content=\"&euro;252.00\" \/>\n\t<meta name=\"twitter:label2\" content=\"Disponibilidad\" \/>\n\t<meta name=\"twitter:data2\" content=\"Disponible\" \/>\n<script type=\"application\/ld+json\" class=\"yoast-schema-graph\">{\"@context\":\"https:\/\/schema.org\",\"@graph\":[{\"@type\":[\"WebPage\",\"ItemPage\"],\"@id\":\"https:\/\/vinselcep.com\/es\/botiga-cava-vins-enoturisme-barcelona\/enoturisme-es\/xec-regal-yoga-i-tast-entre-vinyes-5-pax\/\",\"url\":\"https:\/\/vinselcep.com\/es\/botiga-cava-vins-enoturisme-barcelona\/enoturisme-es\/xec-regal-yoga-i-tast-entre-vinyes-5-pax\/\",\"name\":\"Cheque Regalo Enoturismo: Yoga y Cata entre Vi\u00f1as (5 personas) | Vins el Cep\",\"isPartOf\":{\"@id\":\"https:\/\/vinselcep.com\/es\/#website\"},\"primaryImageOfPage\":{\"@id\":\"https:\/\/vinselcep.com\/es\/botiga-cava-vins-enoturisme-barcelona\/enoturisme-es\/xec-regal-yoga-i-tast-entre-vinyes-5-pax\/#primaryimage\"},\"image\":{\"@id\":\"https:\/\/vinselcep.com\/es\/botiga-cava-vins-enoturisme-barcelona\/enoturisme-es\/xec-regal-yoga-i-tast-entre-vinyes-5-pax\/#primaryimage\"},\"thumbnailUrl\":\"https:\/\/vinselcep.com\/wp-content\/uploads\/2021\/05\/1.jpg\",\"datePublished\":\"2022-07-15T14:11:44+00:00\",\"dateModified\":\"2024-03-13T10:16:31+00:00\",\"description\":\"Regala una experiencia de enoturismo: Pr\u00e1ctica de yoga al aire libre y entre vi\u00f1edos junto a nuestra bodega. Descubrir\u00e9is la historia de Vins el Cep y acabaremos brindando con una copa de cava.\",\"breadcrumb\":{\"@id\":\"https:\/\/vinselcep.com\/es\/botiga-cava-vins-enoturisme-barcelona\/enoturisme-es\/xec-regal-yoga-i-tast-entre-vinyes-5-pax\/#breadcrumb\"},\"inLanguage\":\"es\",\"potentialAction\":[{\"@type\":\"ReadAction\",\"target\":[\"https:\/\/vinselcep.com\/es\/botiga-cava-vins-enoturisme-barcelona\/enoturisme-es\/xec-regal-yoga-i-tast-entre-vinyes-5-pax\/\"]}]},{\"@type\":\"ImageObject\",\"inLanguage\":\"es\",\"@id\":\"https:\/\/vinselcep.com\/es\/botiga-cava-vins-enoturisme-barcelona\/enoturisme-es\/xec-regal-yoga-i-tast-entre-vinyes-5-pax\/#primaryimage\",\"url\":\"https:\/\/vinselcep.com\/wp-content\/uploads\/2021\/05\/1.jpg\",\"contentUrl\":\"https:\/\/vinselcep.com\/wp-content\/uploads\/2021\/05\/1.jpg\",\"width\":600,\"height\":400},{\"@type\":\"BreadcrumbList\",\"@id\":\"https:\/\/vinselcep.com\/es\/botiga-cava-vins-enoturisme-barcelona\/enoturisme-es\/xec-regal-yoga-i-tast-entre-vinyes-5-pax\/#breadcrumb\",\"itemListElement\":[{\"@type\":\"ListItem\",\"position\":1,\"name\":\"Inici\",\"item\":\"https:\/\/vinselcep.com\/es\/\"},{\"@type\":\"ListItem\",\"position\":2,\"name\":\"Comprar cava, vino y experiencias de enoturismo en el Pened\u00e8s (Barcelona)\",\"item\":\"https:\/\/vinselcep.com\/es\/tienda-cava-vinos-enoturismo-barcelona\/\"},{\"@type\":\"ListItem\",\"position\":3,\"name\":\"Cheque Regalo Yoga y Cata entre Vi\u00f1as\"}]},{\"@type\":\"WebSite\",\"@id\":\"https:\/\/vinselcep.com\/es\/#website\",\"url\":\"https:\/\/vinselcep.com\/es\/\",\"name\":\"Vins el Cep\",\"description\":\"Viticultors des de 1448\",\"publisher\":{\"@id\":\"https:\/\/vinselcep.com\/es\/#organization\"},\"potentialAction\":[{\"@type\":\"SearchAction\",\"target\":{\"@type\":\"EntryPoint\",\"urlTemplate\":\"https:\/\/vinselcep.com\/es\/?s={search_term_string}\"},\"query-input\":{\"@type\":\"PropertyValueSpecification\",\"valueRequired\":true,\"valueName\":\"search_term_string\"}}],\"inLanguage\":\"es\"},{\"@type\":\"Organization\",\"@id\":\"https:\/\/vinselcep.com\/es\/#organization\",\"name\":\"Vins el Cep\",\"url\":\"https:\/\/vinselcep.com\/es\/\",\"logo\":{\"@type\":\"ImageObject\",\"inLanguage\":\"es\",\"@id\":\"https:\/\/vinselcep.com\/es\/#\/schema\/logo\/image\/\",\"url\":\"https:\/\/vinselcep.com\/wp-content\/uploads\/2020\/11\/logo-vinselcep-positiu.png\",\"contentUrl\":\"https:\/\/vinselcep.com\/wp-content\/uploads\/2020\/11\/logo-vinselcep-positiu.png\",\"width\":600,\"height\":379,\"caption\":\"Vins el Cep\"},\"image\":{\"@id\":\"https:\/\/vinselcep.com\/es\/#\/schema\/logo\/image\/\"},\"sameAs\":[\"https:\/\/ca-es.facebook.com\/VinselCep\/\",\"https:\/\/x.com\/vinselcep\",\"https:\/\/www.instagram.com\/vinselcep\/\"]}]}<\/script>\n<meta property=\"product:price:amount\" content=\"252.00\" \/>\n<meta property=\"product:price:currency\" content=\"EUR\" \/>\n<meta property=\"og:availability\" content=\"instock\" \/>\n<meta property=\"product:availability\" content=\"instock\" \/>\n<meta property=\"product:retailer_item_id\" content=\"4ETY7\" \/>\n<meta property=\"product:condition\" content=\"new\" \/>\n<!-- \/ Yoast SEO Premium plugin. -->","yoast_head_json":{"title":"Cheque Regalo Enoturismo: Yoga y Cata entre Vi\u00f1as (5 personas) | Vins el Cep","description":"Regala una experiencia de enoturismo: Pr\u00e1ctica de yoga al aire libre y entre vi\u00f1edos junto a nuestra bodega. Descubrir\u00e9is la historia de Vins el Cep y acabaremos brindando con una copa de cava.","robots":{"index":"index","follow":"follow","max-snippet":"max-snippet:-1","max-image-preview":"max-image-preview:large","max-video-preview":"max-video-preview:-1"},"canonical":"https:\/\/vinselcep.com\/es\/botiga-cava-vins-enoturisme-barcelona\/enoturisme-es\/xec-regal-yoga-i-tast-entre-vinyes-5-pax\/","og_locale":"es_ES","og_type":"article","og_title":"Cheque Regalo Yoga y Cata entre Vi\u00f1as","og_description":"Regala una experiencia de enoturismo: Pr\u00e1ctica de yoga al aire libre y entre vi\u00f1edos junto a nuestra bodega. Descubrir\u00e9is la historia de Vins el Cep y acabaremos brindando con una copa de cava.","og_url":"https:\/\/vinselcep.com\/es\/botiga-cava-vins-enoturisme-barcelona\/enoturisme-es\/xec-regal-yoga-i-tast-entre-vinyes-5-pax\/","og_site_name":"Vins el Cep","article_publisher":"https:\/\/ca-es.facebook.com\/VinselCep\/","article_modified_time":"2024-03-13T10:16:31+00:00","og_image":[{"width":600,"height":400,"url":"https:\/\/vinselcep.com\/wp-content\/uploads\/2021\/05\/1.jpg","type":"image\/jpeg"}],"twitter_card":"summary_large_image","twitter_site":"@vinselcep","twitter_misc":{"Precio":"&euro;252.00","Disponibilidad":"Disponible"},"schema":{"@context":"https:\/\/schema.org","@graph":[{"@type":["WebPage","ItemPage"],"@id":"https:\/\/vinselcep.com\/es\/botiga-cava-vins-enoturisme-barcelona\/enoturisme-es\/xec-regal-yoga-i-tast-entre-vinyes-5-pax\/","url":"https:\/\/vinselcep.com\/es\/botiga-cava-vins-enoturisme-barcelona\/enoturisme-es\/xec-regal-yoga-i-tast-entre-vinyes-5-pax\/","name":"Cheque Regalo Enoturismo: Yoga y Cata entre Vi\u00f1as (5 personas) | Vins el Cep","isPartOf":{"@id":"https:\/\/vinselcep.com\/es\/#website"},"primaryImageOfPage":{"@id":"https:\/\/vinselcep.com\/es\/botiga-cava-vins-enoturisme-barcelona\/enoturisme-es\/xec-regal-yoga-i-tast-entre-vinyes-5-pax\/#primaryimage"},"image":{"@id":"https:\/\/vinselcep.com\/es\/botiga-cava-vins-enoturisme-barcelona\/enoturisme-es\/xec-regal-yoga-i-tast-entre-vinyes-5-pax\/#primaryimage"},"thumbnailUrl":"https:\/\/vinselcep.com\/wp-content\/uploads\/2021\/05\/1.jpg","datePublished":"2022-07-15T14:11:44+00:00","dateModified":"2024-03-13T10:16:31+00:00","description":"Regala una experiencia de enoturismo: Pr\u00e1ctica de yoga al aire libre y entre vi\u00f1edos junto a nuestra bodega. Descubrir\u00e9is la historia de Vins el Cep y acabaremos brindando con una copa de cava.","breadcrumb":{"@id":"https:\/\/vinselcep.com\/es\/botiga-cava-vins-enoturisme-barcelona\/enoturisme-es\/xec-regal-yoga-i-tast-entre-vinyes-5-pax\/#breadcrumb"},"inLanguage":"es","potentialAction":[{"@type":"ReadAction","target":["https:\/\/vinselcep.com\/es\/botiga-cava-vins-enoturisme-barcelona\/enoturisme-es\/xec-regal-yoga-i-tast-entre-vinyes-5-pax\/"]}]},{"@type":"ImageObject","inLanguage":"es","@id":"https:\/\/vinselcep.com\/es\/botiga-cava-vins-enoturisme-barcelona\/enoturisme-es\/xec-regal-yoga-i-tast-entre-vinyes-5-pax\/#primaryimage","url":"https:\/\/vinselcep.com\/wp-content\/uploads\/2021\/05\/1.jpg","contentUrl":"https:\/\/vinselcep.com\/wp-content\/uploads\/2021\/05\/1.jpg","width":600,"height":400},{"@type":"BreadcrumbList","@id":"https:\/\/vinselcep.com\/es\/botiga-cava-vins-enoturisme-barcelona\/enoturisme-es\/xec-regal-yoga-i-tast-entre-vinyes-5-pax\/#breadcrumb","itemListElement":[{"@type":"ListItem","position":1,"name":"Inici","item":"https:\/\/vinselcep.com\/es\/"},{"@type":"ListItem","position":2,"name":"Comprar cava, vino y experiencias de enoturismo en el Pened\u00e8s (Barcelona)","item":"https:\/\/vinselcep.com\/es\/tienda-cava-vinos-enoturismo-barcelona\/"},{"@type":"ListItem","position":3,"name":"Cheque Regalo Yoga y Cata entre Vi\u00f1as"}]},{"@type":"WebSite","@id":"https:\/\/vinselcep.com\/es\/#website","url":"https:\/\/vinselcep.com\/es\/","name":"Vins el Cep","description":"Viticultors des de 1448","publisher":{"@id":"https:\/\/vinselcep.com\/es\/#organization"},"potentialAction":[{"@type":"SearchAction","target":{"@type":"EntryPoint","urlTemplate":"https:\/\/vinselcep.com\/es\/?s={search_term_string}"},"query-input":{"@type":"PropertyValueSpecification","valueRequired":true,"valueName":"search_term_string"}}],"inLanguage":"es"},{"@type":"Organization","@id":"https:\/\/vinselcep.com\/es\/#organization","name":"Vins el Cep","url":"https:\/\/vinselcep.com\/es\/","logo":{"@type":"ImageObject","inLanguage":"es","@id":"https:\/\/vinselcep.com\/es\/#\/schema\/logo\/image\/","url":"https:\/\/vinselcep.com\/wp-content\/uploads\/2020\/11\/logo-vinselcep-positiu.png","contentUrl":"https:\/\/vinselcep.com\/wp-content\/uploads\/2020\/11\/logo-vinselcep-positiu.png","width":600,"height":379,"caption":"Vins el Cep"},"image":{"@id":"https:\/\/vinselcep.com\/es\/#\/schema\/logo\/image\/"},"sameAs":["https:\/\/ca-es.facebook.com\/VinselCep\/","https:\/\/x.com\/vinselcep","https:\/\/www.instagram.com\/vinselcep\/"]}]},"product_price_amount":"252.00","product_price_currency":"EUR","og_availability":"instock","product_availability":"instock","product_retailer_item_id":"4ETY7","product_condition":"new"},"_links":{"self":[{"href":"https:\/\/vinselcep.com\/es\/wp-json\/wp\/v2\/product\/17771","targetHints":{"allow":["GET"]}}],"collection":[{"href":"https:\/\/vinselcep.com\/es\/wp-json\/wp\/v2\/product"}],"about":[{"href":"https:\/\/vinselcep.com\/es\/wp-json\/wp\/v2\/types\/product"}],"wp:featuredmedia":[{"embeddable":true,"href":"https:\/\/vinselcep.com\/es\/wp-json\/wp\/v2\/media\/15990"}],"wp:attachment":[{"href":"https:\/\/vinselcep.com\/es\/wp-json\/wp\/v2\/media?parent=17771"}],"wp:term":[{"taxonomy":"product_brand","embeddable":true,"href":"https:\/\/vinselcep.com\/es\/wp-json\/wp\/v2\/product_brand?post=17771"},{"taxonomy":"product_cat","embeddable":true,"href":"https:\/\/vinselcep.com\/es\/wp-json\/wp\/v2\/product_cat?post=17771"},{"taxonomy":"product_tag","embeddable":true,"href":"https:\/\/vinselcep.com\/es\/wp-json\/wp\/v2\/product_tag?post=17771"}],"curies":[{"name":"wp","href":"https:\/\/api.w.org\/{rel}","templated":true}]}}