{"id":17765,"date":"2022-07-15T13:53:40","date_gmt":"2022-07-15T13:53:40","guid":{"rendered":"https:\/\/vinselcep.com\/?post_type=product&#038;p=17765"},"modified":"2024-04-18T17:35:05","modified_gmt":"2024-04-18T15:35:05","slug":"xec-regal-brunch-al-celler-2-pax","status":"publish","type":"product","link":"https:\/\/vinselcep.com\/es\/botiga-cava-vins-enoturisme-barcelona\/enoturisme-es\/xec-regal-brunch-al-celler-2-pax\/","title":{"rendered":"Cheque Regalo Brunch en la Bodega"},"content":{"rendered":"<p><em><strong>V\u00e0lido para seis personas<\/strong><\/em><\/p>\n<p>Con el Cheque Regalo puedes regalar una experiencia a nuestra bodega para disfrutarla durante todo un a\u00f1o.<\/p>\n","protected":false},"excerpt":{"rendered":"<div class=\"experiencies-1\">\n<h1>FECHA Y HORA:<\/h1>\n<h3><span class=\"VIiyi\" lang=\"es\"><span class=\"JLqJ4b ChMk0b\" data-language-for-alternatives=\"es\" data-language-to-translate-into=\"ca\" data-phrase-index=\"0\" data-number-of-phrases=\"1\">De lunes a s\u00e1bado con reserva previa<\/span><\/span><\/h3>\n<h2>DURACI\u00d3N:<\/h2>\n<h3>2,5h aproximadamente<\/h3>\n<h3>IMPRESCINDIBLE RESERVA PREVIA CON 48H DE ANTELACI\u00d3N<\/h3>\n<h3>CHEQUE V\u00c1LIDO PARA 6 PERSONAS<\/h3>\n<p>Quer\u00e9is regalaros un d\u00eda especial?<\/p>\n<p>Os ofrecemos la posibilidad de combinar nuestra visita a la vi\u00f1a, la bodega y cata de vinos con un desayuno o brunch con producto de Km.0<\/p>\n<p>La actividad incluye:<\/p>\n<ol>\n<li>Visita guiada a la vi\u00f1a y a la bodega<\/li>\n<li>Cata comentada de 2 vinos y 2 cavas.<\/li>\n<li>Brunch Km0<\/li>\n<\/ol>\n<\/div>\n<p style=\"text-align: center;\"><strong>Men\u00fa brunch by Cal Soler<\/strong><\/p>\n<ul>\n<li style=\"text-align: left;\">Pat\u00e9 R\u00fastico<\/li>\n<li style=\"text-align: left;\">Mini Tortilla patata<\/li>\n<li style=\"text-align: left;\">Vegetal con at\u00fan<\/li>\n<li style=\"text-align: left;\">Jam\u00f3n Ib\u00e9rico<\/li>\n<li style=\"text-align: left;\">Fuet<\/li>\n<li style=\"text-align: left;\">Morcilla blanca<\/li>\n<li style=\"text-align: left;\">Queso Brie, Manchego y de Cabra<\/li>\n<li style=\"text-align: left;\">Nueces<\/li>\n<li style=\"text-align: left;\">Mermelada<\/li>\n<li style=\"text-align: left;\">Membrillo<\/li>\n<li style=\"text-align: left;\">Panecillos, Airbags y Pan de Pita by Panfeo<\/li>\n<li style=\"text-align: left;\">Almendras saladas<\/li>\n<li style=\"text-align: left;\">\u00abBrotxetes\u00bb de frutas de temporada<\/li>\n<\/ul>\n<p><em>*Actividad para todos los p\u00fablicos<\/em><br \/>\n<em>*Grupo m\u00ednimo de 6 personas.<\/em><\/p>\n<h4 style=\"text-align: center;\"><b>CHEQUE REGALO<\/b><\/h4>\n","protected":false},"featured_media":19259,"template":"","meta":{"ngg_post_thumbnail":0},"product_brand":[],"product_cat":[300],"product_tag":[366,387,370],"class_list":{"0":"post-17765","1":"product","2":"type-product","3":"status-publish","4":"has-post-thumbnail","6":"product_cat-enoturisme-es","7":"product_tag-actividad","8":"product_tag-degustacion","9":"product_tag-visita-es","11":"first","12":"instock","13":"downloadable","14":"virtual","15":"sold-individually","16":"purchasable","17":"product-type-simple"},"yoast_head":"<!-- This site is optimized with the Yoast SEO Premium plugin v26.9 (Yoast SEO v26.9) - https:\/\/yoast.com\/product\/yoast-seo-premium-wordpress\/ -->\n<title>Cheque Regalo Enoturismo: Brunch y cata de vinos en la Bodega (2 pax) | Vins el Cep<\/title>\n<meta name=\"description\" content=\"\u00a1El mejor regalo! Una visita a nuestras vi\u00f1as y la bodega y disfruta de una cata de vinos con un desayuno o brunch exclusivo. Incluye: Visita guiada a la vi\u00f1a y a la bodega, cata comentada de 2 vinos y 2 cavas y un bunch de productos seleccionados Kil\u00f3metro cero.\" \/>\n<meta name=\"robots\" content=\"index, follow, max-snippet:-1, max-image-preview:large, max-video-preview:-1\" \/>\n<link rel=\"canonical\" href=\"https:\/\/vinselcep.com\/es\/botiga-cava-vins-enoturisme-barcelona\/enoturisme-es\/xec-regal-brunch-al-celler-2-pax\/\" \/>\n<meta property=\"og:locale\" content=\"es_ES\" \/>\n<meta property=\"og:type\" content=\"article\" \/>\n<meta property=\"og:title\" content=\"Cheque Regalo Brunch en la Bodega\" \/>\n<meta property=\"og:description\" content=\"\u00a1El mejor regalo! Una visita a nuestras vi\u00f1as y la bodega y disfruta de una cata de vinos con un desayuno o brunch exclusivo. Incluye: Visita guiada a la vi\u00f1a y a la bodega, cata comentada de 2 vinos y 2 cavas y un bunch de productos seleccionados Kil\u00f3metro cero.\" \/>\n<meta property=\"og:url\" content=\"https:\/\/vinselcep.com\/es\/botiga-cava-vins-enoturisme-barcelona\/enoturisme-es\/xec-regal-brunch-al-celler-2-pax\/\" \/>\n<meta property=\"og:site_name\" content=\"Vins el Cep\" \/>\n<meta property=\"article:publisher\" content=\"https:\/\/ca-es.facebook.com\/VinselCep\/\" \/>\n<meta property=\"article:modified_time\" content=\"2024-04-18T15:35:05+00:00\" \/>\n<meta property=\"og:image\" content=\"https:\/\/vinselcep.com\/wp-content\/uploads\/2023\/03\/al-voltant.jpg\" \/>\n\t<meta property=\"og:image:width\" content=\"900\" \/>\n\t<meta property=\"og:image:height\" content=\"600\" \/>\n\t<meta property=\"og:image:type\" content=\"image\/jpeg\" \/>\n<meta name=\"twitter:card\" content=\"summary_large_image\" \/>\n<meta name=\"twitter:site\" content=\"@vinselcep\" \/>\n<meta name=\"twitter:label1\" content=\"Precio\" \/>\n\t<meta name=\"twitter:data1\" content=\"&euro;330.00\" \/>\n\t<meta name=\"twitter:label2\" content=\"Disponibilidad\" \/>\n\t<meta name=\"twitter:data2\" content=\"Disponible\" \/>\n<script type=\"application\/ld+json\" class=\"yoast-schema-graph\">{\"@context\":\"https:\/\/schema.org\",\"@graph\":[{\"@type\":[\"WebPage\",\"ItemPage\"],\"@id\":\"https:\/\/vinselcep.com\/es\/botiga-cava-vins-enoturisme-barcelona\/enoturisme-es\/xec-regal-brunch-al-celler-2-pax\/\",\"url\":\"https:\/\/vinselcep.com\/es\/botiga-cava-vins-enoturisme-barcelona\/enoturisme-es\/xec-regal-brunch-al-celler-2-pax\/\",\"name\":\"Cheque Regalo Enoturismo: Brunch y cata de vinos en la Bodega (2 pax) | Vins el Cep\",\"isPartOf\":{\"@id\":\"https:\/\/vinselcep.com\/es\/#website\"},\"primaryImageOfPage\":{\"@id\":\"https:\/\/vinselcep.com\/es\/botiga-cava-vins-enoturisme-barcelona\/enoturisme-es\/xec-regal-brunch-al-celler-2-pax\/#primaryimage\"},\"image\":{\"@id\":\"https:\/\/vinselcep.com\/es\/botiga-cava-vins-enoturisme-barcelona\/enoturisme-es\/xec-regal-brunch-al-celler-2-pax\/#primaryimage\"},\"thumbnailUrl\":\"https:\/\/vinselcep.com\/wp-content\/uploads\/2023\/03\/al-voltant.jpg\",\"datePublished\":\"2022-07-15T13:53:40+00:00\",\"dateModified\":\"2024-04-18T15:35:05+00:00\",\"description\":\"\u00a1El mejor regalo! Una visita a nuestras vi\u00f1as y la bodega y disfruta de una cata de vinos con un desayuno o brunch exclusivo. Incluye: Visita guiada a la vi\u00f1a y a la bodega, cata comentada de 2 vinos y 2 cavas y un bunch de productos seleccionados Kil\u00f3metro cero.\",\"breadcrumb\":{\"@id\":\"https:\/\/vinselcep.com\/es\/botiga-cava-vins-enoturisme-barcelona\/enoturisme-es\/xec-regal-brunch-al-celler-2-pax\/#breadcrumb\"},\"inLanguage\":\"es\",\"potentialAction\":[{\"@type\":\"ReadAction\",\"target\":[\"https:\/\/vinselcep.com\/es\/botiga-cava-vins-enoturisme-barcelona\/enoturisme-es\/xec-regal-brunch-al-celler-2-pax\/\"]}]},{\"@type\":\"ImageObject\",\"inLanguage\":\"es\",\"@id\":\"https:\/\/vinselcep.com\/es\/botiga-cava-vins-enoturisme-barcelona\/enoturisme-es\/xec-regal-brunch-al-celler-2-pax\/#primaryimage\",\"url\":\"https:\/\/vinselcep.com\/wp-content\/uploads\/2023\/03\/al-voltant.jpg\",\"contentUrl\":\"https:\/\/vinselcep.com\/wp-content\/uploads\/2023\/03\/al-voltant.jpg\",\"width\":900,\"height\":600},{\"@type\":\"BreadcrumbList\",\"@id\":\"https:\/\/vinselcep.com\/es\/botiga-cava-vins-enoturisme-barcelona\/enoturisme-es\/xec-regal-brunch-al-celler-2-pax\/#breadcrumb\",\"itemListElement\":[{\"@type\":\"ListItem\",\"position\":1,\"name\":\"Inici\",\"item\":\"https:\/\/vinselcep.com\/es\/\"},{\"@type\":\"ListItem\",\"position\":2,\"name\":\"Comprar cava, vino y experiencias de enoturismo en el Pened\u00e8s (Barcelona)\",\"item\":\"https:\/\/vinselcep.com\/es\/tienda-cava-vinos-enoturismo-barcelona\/\"},{\"@type\":\"ListItem\",\"position\":3,\"name\":\"Cheque Regalo Brunch en la Bodega\"}]},{\"@type\":\"WebSite\",\"@id\":\"https:\/\/vinselcep.com\/es\/#website\",\"url\":\"https:\/\/vinselcep.com\/es\/\",\"name\":\"Vins el Cep\",\"description\":\"Viticultors des de 1448\",\"publisher\":{\"@id\":\"https:\/\/vinselcep.com\/es\/#organization\"},\"potentialAction\":[{\"@type\":\"SearchAction\",\"target\":{\"@type\":\"EntryPoint\",\"urlTemplate\":\"https:\/\/vinselcep.com\/es\/?s={search_term_string}\"},\"query-input\":{\"@type\":\"PropertyValueSpecification\",\"valueRequired\":true,\"valueName\":\"search_term_string\"}}],\"inLanguage\":\"es\"},{\"@type\":\"Organization\",\"@id\":\"https:\/\/vinselcep.com\/es\/#organization\",\"name\":\"Vins el Cep\",\"url\":\"https:\/\/vinselcep.com\/es\/\",\"logo\":{\"@type\":\"ImageObject\",\"inLanguage\":\"es\",\"@id\":\"https:\/\/vinselcep.com\/es\/#\/schema\/logo\/image\/\",\"url\":\"https:\/\/vinselcep.com\/wp-content\/uploads\/2020\/11\/logo-vinselcep-positiu.png\",\"contentUrl\":\"https:\/\/vinselcep.com\/wp-content\/uploads\/2020\/11\/logo-vinselcep-positiu.png\",\"width\":600,\"height\":379,\"caption\":\"Vins el Cep\"},\"image\":{\"@id\":\"https:\/\/vinselcep.com\/es\/#\/schema\/logo\/image\/\"},\"sameAs\":[\"https:\/\/ca-es.facebook.com\/VinselCep\/\",\"https:\/\/x.com\/vinselcep\",\"https:\/\/www.instagram.com\/vinselcep\/\"]}]}<\/script>\n<meta property=\"product:price:amount\" content=\"330.00\" \/>\n<meta property=\"product:price:currency\" content=\"EUR\" \/>\n<meta property=\"og:availability\" content=\"instock\" \/>\n<meta property=\"product:availability\" content=\"instock\" \/>\n<meta property=\"product:retailer_item_id\" content=\"8V369\" \/>\n<meta property=\"product:condition\" content=\"new\" \/>\n<!-- \/ Yoast SEO Premium plugin. -->","yoast_head_json":{"title":"Cheque Regalo Enoturismo: Brunch y cata de vinos en la Bodega (2 pax) | Vins el Cep","description":"\u00a1El mejor regalo! Una visita a nuestras vi\u00f1as y la bodega y disfruta de una cata de vinos con un desayuno o brunch exclusivo. Incluye: Visita guiada a la vi\u00f1a y a la bodega, cata comentada de 2 vinos y 2 cavas y un bunch de productos seleccionados Kil\u00f3metro cero.","robots":{"index":"index","follow":"follow","max-snippet":"max-snippet:-1","max-image-preview":"max-image-preview:large","max-video-preview":"max-video-preview:-1"},"canonical":"https:\/\/vinselcep.com\/es\/botiga-cava-vins-enoturisme-barcelona\/enoturisme-es\/xec-regal-brunch-al-celler-2-pax\/","og_locale":"es_ES","og_type":"article","og_title":"Cheque Regalo Brunch en la Bodega","og_description":"\u00a1El mejor regalo! Una visita a nuestras vi\u00f1as y la bodega y disfruta de una cata de vinos con un desayuno o brunch exclusivo. Incluye: Visita guiada a la vi\u00f1a y a la bodega, cata comentada de 2 vinos y 2 cavas y un bunch de productos seleccionados Kil\u00f3metro cero.","og_url":"https:\/\/vinselcep.com\/es\/botiga-cava-vins-enoturisme-barcelona\/enoturisme-es\/xec-regal-brunch-al-celler-2-pax\/","og_site_name":"Vins el Cep","article_publisher":"https:\/\/ca-es.facebook.com\/VinselCep\/","article_modified_time":"2024-04-18T15:35:05+00:00","og_image":[{"width":900,"height":600,"url":"https:\/\/vinselcep.com\/wp-content\/uploads\/2023\/03\/al-voltant.jpg","type":"image\/jpeg"}],"twitter_card":"summary_large_image","twitter_site":"@vinselcep","twitter_misc":{"Precio":"&euro;330.00","Disponibilidad":"Disponible"},"schema":{"@context":"https:\/\/schema.org","@graph":[{"@type":["WebPage","ItemPage"],"@id":"https:\/\/vinselcep.com\/es\/botiga-cava-vins-enoturisme-barcelona\/enoturisme-es\/xec-regal-brunch-al-celler-2-pax\/","url":"https:\/\/vinselcep.com\/es\/botiga-cava-vins-enoturisme-barcelona\/enoturisme-es\/xec-regal-brunch-al-celler-2-pax\/","name":"Cheque Regalo Enoturismo: Brunch y cata de vinos en la Bodega (2 pax) | Vins el Cep","isPartOf":{"@id":"https:\/\/vinselcep.com\/es\/#website"},"primaryImageOfPage":{"@id":"https:\/\/vinselcep.com\/es\/botiga-cava-vins-enoturisme-barcelona\/enoturisme-es\/xec-regal-brunch-al-celler-2-pax\/#primaryimage"},"image":{"@id":"https:\/\/vinselcep.com\/es\/botiga-cava-vins-enoturisme-barcelona\/enoturisme-es\/xec-regal-brunch-al-celler-2-pax\/#primaryimage"},"thumbnailUrl":"https:\/\/vinselcep.com\/wp-content\/uploads\/2023\/03\/al-voltant.jpg","datePublished":"2022-07-15T13:53:40+00:00","dateModified":"2024-04-18T15:35:05+00:00","description":"\u00a1El mejor regalo! Una visita a nuestras vi\u00f1as y la bodega y disfruta de una cata de vinos con un desayuno o brunch exclusivo. Incluye: Visita guiada a la vi\u00f1a y a la bodega, cata comentada de 2 vinos y 2 cavas y un bunch de productos seleccionados Kil\u00f3metro cero.","breadcrumb":{"@id":"https:\/\/vinselcep.com\/es\/botiga-cava-vins-enoturisme-barcelona\/enoturisme-es\/xec-regal-brunch-al-celler-2-pax\/#breadcrumb"},"inLanguage":"es","potentialAction":[{"@type":"ReadAction","target":["https:\/\/vinselcep.com\/es\/botiga-cava-vins-enoturisme-barcelona\/enoturisme-es\/xec-regal-brunch-al-celler-2-pax\/"]}]},{"@type":"ImageObject","inLanguage":"es","@id":"https:\/\/vinselcep.com\/es\/botiga-cava-vins-enoturisme-barcelona\/enoturisme-es\/xec-regal-brunch-al-celler-2-pax\/#primaryimage","url":"https:\/\/vinselcep.com\/wp-content\/uploads\/2023\/03\/al-voltant.jpg","contentUrl":"https:\/\/vinselcep.com\/wp-content\/uploads\/2023\/03\/al-voltant.jpg","width":900,"height":600},{"@type":"BreadcrumbList","@id":"https:\/\/vinselcep.com\/es\/botiga-cava-vins-enoturisme-barcelona\/enoturisme-es\/xec-regal-brunch-al-celler-2-pax\/#breadcrumb","itemListElement":[{"@type":"ListItem","position":1,"name":"Inici","item":"https:\/\/vinselcep.com\/es\/"},{"@type":"ListItem","position":2,"name":"Comprar cava, vino y experiencias de enoturismo en el Pened\u00e8s (Barcelona)","item":"https:\/\/vinselcep.com\/es\/tienda-cava-vinos-enoturismo-barcelona\/"},{"@type":"ListItem","position":3,"name":"Cheque Regalo Brunch en la Bodega"}]},{"@type":"WebSite","@id":"https:\/\/vinselcep.com\/es\/#website","url":"https:\/\/vinselcep.com\/es\/","name":"Vins el Cep","description":"Viticultors des de 1448","publisher":{"@id":"https:\/\/vinselcep.com\/es\/#organization"},"potentialAction":[{"@type":"SearchAction","target":{"@type":"EntryPoint","urlTemplate":"https:\/\/vinselcep.com\/es\/?s={search_term_string}"},"query-input":{"@type":"PropertyValueSpecification","valueRequired":true,"valueName":"search_term_string"}}],"inLanguage":"es"},{"@type":"Organization","@id":"https:\/\/vinselcep.com\/es\/#organization","name":"Vins el Cep","url":"https:\/\/vinselcep.com\/es\/","logo":{"@type":"ImageObject","inLanguage":"es","@id":"https:\/\/vinselcep.com\/es\/#\/schema\/logo\/image\/","url":"https:\/\/vinselcep.com\/wp-content\/uploads\/2020\/11\/logo-vinselcep-positiu.png","contentUrl":"https:\/\/vinselcep.com\/wp-content\/uploads\/2020\/11\/logo-vinselcep-positiu.png","width":600,"height":379,"caption":"Vins el Cep"},"image":{"@id":"https:\/\/vinselcep.com\/es\/#\/schema\/logo\/image\/"},"sameAs":["https:\/\/ca-es.facebook.com\/VinselCep\/","https:\/\/x.com\/vinselcep","https:\/\/www.instagram.com\/vinselcep\/"]}]},"product_price_amount":"330.00","product_price_currency":"EUR","og_availability":"instock","product_availability":"instock","product_retailer_item_id":"8V369","product_condition":"new"},"_links":{"self":[{"href":"https:\/\/vinselcep.com\/es\/wp-json\/wp\/v2\/product\/17765","targetHints":{"allow":["GET"]}}],"collection":[{"href":"https:\/\/vinselcep.com\/es\/wp-json\/wp\/v2\/product"}],"about":[{"href":"https:\/\/vinselcep.com\/es\/wp-json\/wp\/v2\/types\/product"}],"wp:featuredmedia":[{"embeddable":true,"href":"https:\/\/vinselcep.com\/es\/wp-json\/wp\/v2\/media\/19259"}],"wp:attachment":[{"href":"https:\/\/vinselcep.com\/es\/wp-json\/wp\/v2\/media?parent=17765"}],"wp:term":[{"taxonomy":"product_brand","embeddable":true,"href":"https:\/\/vinselcep.com\/es\/wp-json\/wp\/v2\/product_brand?post=17765"},{"taxonomy":"product_cat","embeddable":true,"href":"https:\/\/vinselcep.com\/es\/wp-json\/wp\/v2\/product_cat?post=17765"},{"taxonomy":"product_tag","embeddable":true,"href":"https:\/\/vinselcep.com\/es\/wp-json\/wp\/v2\/product_tag?post=17765"}],"curies":[{"name":"wp","href":"https:\/\/api.w.org\/{rel}","templated":true}]}}