{"id":17711,"date":"2022-07-14T18:09:40","date_gmt":"2022-07-14T16:09:40","guid":{"rendered":"https:\/\/vinselcep.com\/?post_type=product&#038;p=17711"},"modified":"2026-01-16T13:50:00","modified_gmt":"2026-01-16T12:50:00","slug":"yoga-i-tast-entre-vinyes","status":"publish","type":"product","link":"https:\/\/vinselcep.com\/es\/botiga-cava-vins-enoturisme-barcelona\/enoturisme-es\/yoga-i-tast-entre-vinyes\/","title":{"rendered":"Yoga y cata entre vi\u00f1as"},"content":{"rendered":"<p><em>Para cualquier otra consulta o duda relacionada con visitas contacte a <a href=\"mailto:reserva@vinselcep.com\">reserva@vinselcep.com<\/a> o env\u00ede un Whatsapp al 620246257.<\/em><\/p>\n","protected":false},"excerpt":{"rendered":"<div class=\"experiencies-1\">\n<h1>DISPONIBILIDAD:<\/h1>\n<h3>DE LUNES A SABADO<\/h3>\n<h2>DURACI\u00d3N:<\/h2>\n<h3>3h aproximadamente<\/h3>\n<h3>IMPRESCINDIBLE RESERVA PREVIA<\/h3>\n<h3>GRUPOS DE M\u00cdNIMO 6 PERSONAS<\/h3>\n<p>\u00bfQuieres disfrutar de un d\u00eda diferente con un grupo de amigas\/amigos y\/o familiares?<\/p>\n<p>Os ofrecemos la posibilidad de hacer una pr\u00e1ctica de yoga en un entorno inmejorable, en plena naturaleza y rodeados de vi\u00f1as con una monitora especializada en esta actividad.<\/p>\n<p>Empezaremos haciendo una pr\u00e1ctica de yoga al aire libre y entre vi\u00f1as. Respirar\u00e9is y disfrutar\u00e9is de nuestro entorno, bajo la sombra de nuestras encinas y pinos, justo en medio de nuestro bosque. Descubrir\u00e9is la historia que se esconde detr\u00e1s de Vins el Cep y disfrutar\u00e9is de la naturaleza, de una jornada amena, divertida y de desconexi\u00f3n.<\/p>\n<p>inalizada la actividad de yoga tendr\u00e1 lugar un peque\u00f1o descanso con un ligero snack:<em> Sandwich mini blini de queso fresco, jam\u00f3n dulce y nueces<\/em>.<\/p>\n<p>Seguiremos la actividad haciendo una visita por las vi\u00f1as, la bodega y la cava de la bodega.<\/p>\n<p>Acabaremos la jornada con una cata de los vinos y cavas de Vins el Cep.<\/p>\n<p>&nbsp;<\/p>\n<p>*Hay que traer esterilla propia para la pr\u00e1ctica de yoga.<\/p>\n<p>*Grupo m\u00ednimo de 6 personas.<\/p>\n<p>*Por inclemencias del tiempo esta actividad se puede realizar indoor.<\/p>\n<p>* Inicio de la actividad: 9:30h.<\/p>\n<p>LA ACTIVIDAD INCLUYE:<\/p>\n<ol>\n<li>Actividad de yoga con monitora (1h)<\/li>\n<li>Sandwich mini blini de queso fresco, jam\u00f3n dulce y nueces.<\/li>\n<li>Visita guiada a la vi\u00f1a y a la bodega.<\/li>\n<li>Cata comentada de 2 vinos y 2 cavas.<\/li>\n<\/ol>\n<p>Para reservas env\u00ede un correo electr\u00f3nico a reserva@vinselcep.com o env\u00ede un Whatsapp al 620246257 y espere la confirmaci\u00f3n.<\/p>\n<\/div>\n<div class=\"experiencies-1\">\n<h4 style=\"text-align: center;\"><b>RESERVA<\/b><\/h4>\n<\/div>\n","protected":false},"featured_media":19617,"template":"","meta":{"ngg_post_thumbnail":0},"product_brand":[],"product_cat":[300],"product_tag":[],"class_list":{"0":"post-17711","1":"product","2":"type-product","3":"status-publish","4":"has-post-thumbnail","6":"product_cat-enoturisme-es","8":"first","9":"instock","10":"virtual","11":"sold-individually","12":"purchasable","13":"product-type-booking"},"yoast_head":"<!-- This site is optimized with the Yoast SEO Premium plugin v26.9 (Yoast SEO v26.9) - https:\/\/yoast.com\/product\/yoast-seo-premium-wordpress\/ -->\n<title>Yoga y Cata entre Vi\u00f1as. Enoturismo en Espiells (Barcelona). | Vins el Cep<\/title>\n<meta name=\"description\" content=\"Experiencia de Enoturismo: Pr\u00e1ctica de yoga al aire libre y entre vi\u00f1edos junto a nuestra bodega. Descubrir\u00e9is la historia de Vins el Cep y acabaremos brindando con una copa de cava.\" \/>\n<meta name=\"robots\" content=\"index, follow, max-snippet:-1, max-image-preview:large, max-video-preview:-1\" \/>\n<link rel=\"canonical\" href=\"https:\/\/vinselcep.com\/es\/botiga-cava-vins-enoturisme-barcelona\/enoturisme-es\/yoga-i-tast-entre-vinyes\/\" \/>\n<meta property=\"og:locale\" content=\"es_ES\" \/>\n<meta property=\"og:type\" content=\"article\" \/>\n<meta property=\"og:title\" content=\"Yoga y cata entre vi\u00f1as\" \/>\n<meta property=\"og:description\" content=\"Experiencia de Enoturismo: Pr\u00e1ctica de yoga al aire libre y entre vi\u00f1edos junto a nuestra bodega. Descubrir\u00e9is la historia de Vins el Cep y acabaremos brindando con una copa de cava.\" \/>\n<meta property=\"og:url\" content=\"https:\/\/vinselcep.com\/es\/botiga-cava-vins-enoturisme-barcelona\/enoturisme-es\/yoga-i-tast-entre-vinyes\/\" \/>\n<meta property=\"og:site_name\" content=\"Vins el Cep\" \/>\n<meta property=\"article:publisher\" content=\"https:\/\/ca-es.facebook.com\/VinselCep\/\" \/>\n<meta property=\"article:modified_time\" content=\"2026-01-16T12:50:00+00:00\" \/>\n<meta property=\"og:image\" content=\"https:\/\/vinselcep.com\/wp-content\/uploads\/2022\/07\/image00003.jpg\" \/>\n\t<meta property=\"og:image:width\" content=\"2262\" \/>\n\t<meta property=\"og:image:height\" content=\"1697\" \/>\n\t<meta property=\"og:image:type\" content=\"image\/jpeg\" \/>\n<meta name=\"twitter:card\" content=\"summary_large_image\" \/>\n<meta name=\"twitter:site\" content=\"@vinselcep\" \/>\n<meta name=\"twitter:label1\" content=\"Precio\" \/>\n\t<meta name=\"twitter:data1\" content=\"&euro;252.00\" \/>\n\t<meta name=\"twitter:label2\" content=\"Disponibilidad\" \/>\n\t<meta name=\"twitter:data2\" content=\"Disponible\" \/>\n<script type=\"application\/ld+json\" class=\"yoast-schema-graph\">{\"@context\":\"https:\/\/schema.org\",\"@graph\":[{\"@type\":[\"WebPage\",\"ItemPage\"],\"@id\":\"https:\/\/vinselcep.com\/es\/botiga-cava-vins-enoturisme-barcelona\/enoturisme-es\/yoga-i-tast-entre-vinyes\/\",\"url\":\"https:\/\/vinselcep.com\/es\/botiga-cava-vins-enoturisme-barcelona\/enoturisme-es\/yoga-i-tast-entre-vinyes\/\",\"name\":\"Yoga y Cata entre Vi\u00f1as. Enoturismo en Espiells (Barcelona). | Vins el Cep\",\"isPartOf\":{\"@id\":\"https:\/\/vinselcep.com\/es\/#website\"},\"primaryImageOfPage\":{\"@id\":\"https:\/\/vinselcep.com\/es\/botiga-cava-vins-enoturisme-barcelona\/enoturisme-es\/yoga-i-tast-entre-vinyes\/#primaryimage\"},\"image\":{\"@id\":\"https:\/\/vinselcep.com\/es\/botiga-cava-vins-enoturisme-barcelona\/enoturisme-es\/yoga-i-tast-entre-vinyes\/#primaryimage\"},\"thumbnailUrl\":\"https:\/\/vinselcep.com\/wp-content\/uploads\/2022\/07\/image00003.jpg\",\"datePublished\":\"2022-07-14T16:09:40+00:00\",\"dateModified\":\"2026-01-16T12:50:00+00:00\",\"description\":\"Experiencia de Enoturismo: Pr\u00e1ctica de yoga al aire libre y entre vi\u00f1edos junto a nuestra bodega. Descubrir\u00e9is la historia de Vins el Cep y acabaremos brindando con una copa de cava.\",\"breadcrumb\":{\"@id\":\"https:\/\/vinselcep.com\/es\/botiga-cava-vins-enoturisme-barcelona\/enoturisme-es\/yoga-i-tast-entre-vinyes\/#breadcrumb\"},\"inLanguage\":\"es\",\"potentialAction\":[{\"@type\":\"ReadAction\",\"target\":[\"https:\/\/vinselcep.com\/es\/botiga-cava-vins-enoturisme-barcelona\/enoturisme-es\/yoga-i-tast-entre-vinyes\/\"]}]},{\"@type\":\"ImageObject\",\"inLanguage\":\"es\",\"@id\":\"https:\/\/vinselcep.com\/es\/botiga-cava-vins-enoturisme-barcelona\/enoturisme-es\/yoga-i-tast-entre-vinyes\/#primaryimage\",\"url\":\"https:\/\/vinselcep.com\/wp-content\/uploads\/2022\/07\/image00003.jpg\",\"contentUrl\":\"https:\/\/vinselcep.com\/wp-content\/uploads\/2022\/07\/image00003.jpg\",\"width\":2262,\"height\":1697},{\"@type\":\"BreadcrumbList\",\"@id\":\"https:\/\/vinselcep.com\/es\/botiga-cava-vins-enoturisme-barcelona\/enoturisme-es\/yoga-i-tast-entre-vinyes\/#breadcrumb\",\"itemListElement\":[{\"@type\":\"ListItem\",\"position\":1,\"name\":\"Inici\",\"item\":\"https:\/\/vinselcep.com\/es\/\"},{\"@type\":\"ListItem\",\"position\":2,\"name\":\"Comprar cava, vino y experiencias de enoturismo en el Pened\u00e8s (Barcelona)\",\"item\":\"https:\/\/vinselcep.com\/es\/tienda-cava-vinos-enoturismo-barcelona\/\"},{\"@type\":\"ListItem\",\"position\":3,\"name\":\"Yoga y cata entre vi\u00f1as\"}]},{\"@type\":\"WebSite\",\"@id\":\"https:\/\/vinselcep.com\/es\/#website\",\"url\":\"https:\/\/vinselcep.com\/es\/\",\"name\":\"Vins el Cep\",\"description\":\"Viticultors des de 1448\",\"publisher\":{\"@id\":\"https:\/\/vinselcep.com\/es\/#organization\"},\"potentialAction\":[{\"@type\":\"SearchAction\",\"target\":{\"@type\":\"EntryPoint\",\"urlTemplate\":\"https:\/\/vinselcep.com\/es\/?s={search_term_string}\"},\"query-input\":{\"@type\":\"PropertyValueSpecification\",\"valueRequired\":true,\"valueName\":\"search_term_string\"}}],\"inLanguage\":\"es\"},{\"@type\":\"Organization\",\"@id\":\"https:\/\/vinselcep.com\/es\/#organization\",\"name\":\"Vins el Cep\",\"url\":\"https:\/\/vinselcep.com\/es\/\",\"logo\":{\"@type\":\"ImageObject\",\"inLanguage\":\"es\",\"@id\":\"https:\/\/vinselcep.com\/es\/#\/schema\/logo\/image\/\",\"url\":\"https:\/\/vinselcep.com\/wp-content\/uploads\/2020\/11\/logo-vinselcep-positiu.png\",\"contentUrl\":\"https:\/\/vinselcep.com\/wp-content\/uploads\/2020\/11\/logo-vinselcep-positiu.png\",\"width\":600,\"height\":379,\"caption\":\"Vins el Cep\"},\"image\":{\"@id\":\"https:\/\/vinselcep.com\/es\/#\/schema\/logo\/image\/\"},\"sameAs\":[\"https:\/\/ca-es.facebook.com\/VinselCep\/\",\"https:\/\/x.com\/vinselcep\",\"https:\/\/www.instagram.com\/vinselcep\/\"]}]}<\/script>\n<meta property=\"product:price:amount\" content=\"252.00\" \/>\n<meta property=\"product:price:currency\" content=\"EUR\" \/>\n<meta property=\"og:availability\" content=\"instock\" \/>\n<meta property=\"product:availability\" content=\"instock\" \/>\n<meta property=\"product:retailer_item_id\" content=\"7YR9Q\" \/>\n<meta property=\"product:condition\" content=\"new\" \/>\n<!-- \/ Yoast SEO Premium plugin. -->","yoast_head_json":{"title":"Yoga y Cata entre Vi\u00f1as. Enoturismo en Espiells (Barcelona). | Vins el Cep","description":"Experiencia de Enoturismo: Pr\u00e1ctica de yoga al aire libre y entre vi\u00f1edos junto a nuestra bodega. Descubrir\u00e9is la historia de Vins el Cep y acabaremos brindando con una copa de cava.","robots":{"index":"index","follow":"follow","max-snippet":"max-snippet:-1","max-image-preview":"max-image-preview:large","max-video-preview":"max-video-preview:-1"},"canonical":"https:\/\/vinselcep.com\/es\/botiga-cava-vins-enoturisme-barcelona\/enoturisme-es\/yoga-i-tast-entre-vinyes\/","og_locale":"es_ES","og_type":"article","og_title":"Yoga y cata entre vi\u00f1as","og_description":"Experiencia de Enoturismo: Pr\u00e1ctica de yoga al aire libre y entre vi\u00f1edos junto a nuestra bodega. Descubrir\u00e9is la historia de Vins el Cep y acabaremos brindando con una copa de cava.","og_url":"https:\/\/vinselcep.com\/es\/botiga-cava-vins-enoturisme-barcelona\/enoturisme-es\/yoga-i-tast-entre-vinyes\/","og_site_name":"Vins el Cep","article_publisher":"https:\/\/ca-es.facebook.com\/VinselCep\/","article_modified_time":"2026-01-16T12:50:00+00:00","og_image":[{"width":2262,"height":1697,"url":"https:\/\/vinselcep.com\/wp-content\/uploads\/2022\/07\/image00003.jpg","type":"image\/jpeg"}],"twitter_card":"summary_large_image","twitter_site":"@vinselcep","twitter_misc":{"Precio":"&euro;252.00","Disponibilidad":"Disponible"},"schema":{"@context":"https:\/\/schema.org","@graph":[{"@type":["WebPage","ItemPage"],"@id":"https:\/\/vinselcep.com\/es\/botiga-cava-vins-enoturisme-barcelona\/enoturisme-es\/yoga-i-tast-entre-vinyes\/","url":"https:\/\/vinselcep.com\/es\/botiga-cava-vins-enoturisme-barcelona\/enoturisme-es\/yoga-i-tast-entre-vinyes\/","name":"Yoga y Cata entre Vi\u00f1as. Enoturismo en Espiells (Barcelona). | Vins el Cep","isPartOf":{"@id":"https:\/\/vinselcep.com\/es\/#website"},"primaryImageOfPage":{"@id":"https:\/\/vinselcep.com\/es\/botiga-cava-vins-enoturisme-barcelona\/enoturisme-es\/yoga-i-tast-entre-vinyes\/#primaryimage"},"image":{"@id":"https:\/\/vinselcep.com\/es\/botiga-cava-vins-enoturisme-barcelona\/enoturisme-es\/yoga-i-tast-entre-vinyes\/#primaryimage"},"thumbnailUrl":"https:\/\/vinselcep.com\/wp-content\/uploads\/2022\/07\/image00003.jpg","datePublished":"2022-07-14T16:09:40+00:00","dateModified":"2026-01-16T12:50:00+00:00","description":"Experiencia de Enoturismo: Pr\u00e1ctica de yoga al aire libre y entre vi\u00f1edos junto a nuestra bodega. Descubrir\u00e9is la historia de Vins el Cep y acabaremos brindando con una copa de cava.","breadcrumb":{"@id":"https:\/\/vinselcep.com\/es\/botiga-cava-vins-enoturisme-barcelona\/enoturisme-es\/yoga-i-tast-entre-vinyes\/#breadcrumb"},"inLanguage":"es","potentialAction":[{"@type":"ReadAction","target":["https:\/\/vinselcep.com\/es\/botiga-cava-vins-enoturisme-barcelona\/enoturisme-es\/yoga-i-tast-entre-vinyes\/"]}]},{"@type":"ImageObject","inLanguage":"es","@id":"https:\/\/vinselcep.com\/es\/botiga-cava-vins-enoturisme-barcelona\/enoturisme-es\/yoga-i-tast-entre-vinyes\/#primaryimage","url":"https:\/\/vinselcep.com\/wp-content\/uploads\/2022\/07\/image00003.jpg","contentUrl":"https:\/\/vinselcep.com\/wp-content\/uploads\/2022\/07\/image00003.jpg","width":2262,"height":1697},{"@type":"BreadcrumbList","@id":"https:\/\/vinselcep.com\/es\/botiga-cava-vins-enoturisme-barcelona\/enoturisme-es\/yoga-i-tast-entre-vinyes\/#breadcrumb","itemListElement":[{"@type":"ListItem","position":1,"name":"Inici","item":"https:\/\/vinselcep.com\/es\/"},{"@type":"ListItem","position":2,"name":"Comprar cava, vino y experiencias de enoturismo en el Pened\u00e8s (Barcelona)","item":"https:\/\/vinselcep.com\/es\/tienda-cava-vinos-enoturismo-barcelona\/"},{"@type":"ListItem","position":3,"name":"Yoga y cata entre vi\u00f1as"}]},{"@type":"WebSite","@id":"https:\/\/vinselcep.com\/es\/#website","url":"https:\/\/vinselcep.com\/es\/","name":"Vins el Cep","description":"Viticultors des de 1448","publisher":{"@id":"https:\/\/vinselcep.com\/es\/#organization"},"potentialAction":[{"@type":"SearchAction","target":{"@type":"EntryPoint","urlTemplate":"https:\/\/vinselcep.com\/es\/?s={search_term_string}"},"query-input":{"@type":"PropertyValueSpecification","valueRequired":true,"valueName":"search_term_string"}}],"inLanguage":"es"},{"@type":"Organization","@id":"https:\/\/vinselcep.com\/es\/#organization","name":"Vins el Cep","url":"https:\/\/vinselcep.com\/es\/","logo":{"@type":"ImageObject","inLanguage":"es","@id":"https:\/\/vinselcep.com\/es\/#\/schema\/logo\/image\/","url":"https:\/\/vinselcep.com\/wp-content\/uploads\/2020\/11\/logo-vinselcep-positiu.png","contentUrl":"https:\/\/vinselcep.com\/wp-content\/uploads\/2020\/11\/logo-vinselcep-positiu.png","width":600,"height":379,"caption":"Vins el Cep"},"image":{"@id":"https:\/\/vinselcep.com\/es\/#\/schema\/logo\/image\/"},"sameAs":["https:\/\/ca-es.facebook.com\/VinselCep\/","https:\/\/x.com\/vinselcep","https:\/\/www.instagram.com\/vinselcep\/"]}]},"product_price_amount":"252.00","product_price_currency":"EUR","og_availability":"instock","product_availability":"instock","product_retailer_item_id":"7YR9Q","product_condition":"new"},"_links":{"self":[{"href":"https:\/\/vinselcep.com\/es\/wp-json\/wp\/v2\/product\/17711","targetHints":{"allow":["GET"]}}],"collection":[{"href":"https:\/\/vinselcep.com\/es\/wp-json\/wp\/v2\/product"}],"about":[{"href":"https:\/\/vinselcep.com\/es\/wp-json\/wp\/v2\/types\/product"}],"wp:featuredmedia":[{"embeddable":true,"href":"https:\/\/vinselcep.com\/es\/wp-json\/wp\/v2\/media\/19617"}],"wp:attachment":[{"href":"https:\/\/vinselcep.com\/es\/wp-json\/wp\/v2\/media?parent=17711"}],"wp:term":[{"taxonomy":"product_brand","embeddable":true,"href":"https:\/\/vinselcep.com\/es\/wp-json\/wp\/v2\/product_brand?post=17711"},{"taxonomy":"product_cat","embeddable":true,"href":"https:\/\/vinselcep.com\/es\/wp-json\/wp\/v2\/product_cat?post=17711"},{"taxonomy":"product_tag","embeddable":true,"href":"https:\/\/vinselcep.com\/es\/wp-json\/wp\/v2\/product_tag?post=17711"}],"curies":[{"name":"wp","href":"https:\/\/api.w.org\/{rel}","templated":true}]}}