{"id":17701,"date":"2022-07-14T17:34:06","date_gmt":"2022-07-14T17:34:06","guid":{"rendered":"https:\/\/vinselcep.com\/?post_type=product&#038;p=17701"},"modified":"2024-08-12T20:12:27","modified_gmt":"2024-08-12T18:12:27","slug":"6-xarellos","status":"publish","type":"product","link":"https:\/\/vinselcep.com\/es\/botiga-cava-vins-enoturisme-barcelona\/enoturisme-es\/6-xarellos\/","title":{"rendered":"6 Xarel\u00b7los"},"content":{"rendered":"<p><em>Para cualquier otra consulta o duda relacionada con visitas contacte a <a href=\"mailto:reserva@vinselcep.com\">reserva@vinselcep.com<\/a> o env\u00ede un Whatsapp al 620246257.<\/em><\/p>\n","protected":false},"excerpt":{"rendered":"<div class=\"experiencies-1\">\n<h1>DISPONIBILIDAD:<\/h1>\n<h3>DE LUNES A S\u00c1BADO&nbsp;<\/h3>\n<h2>DURACI\u00d3N<\/h2>\n<h3>2h aprox.<\/h3>\n<h3>IMPRESCINDIBLE RESERVA PREVIA<\/h3>\n<h3>GRUPOS DE M\u00cdNIMO 4 PERSONAS<\/h3>\n<p>Quer\u00e9is vivir una experiencia aut\u00e9ntica y descubrir el potencial del&nbsp;Xarel\u00b7lo?<\/p>\n<p>El Xarel\u00b7lo es la variedad aut\u00f3ctona por excelencia del Pened\u00e8s y tambi\u00e9n la m\u00e1s completa. En esta cata podremos conocer los 6 m\u00e9todos de elaboraci\u00f3n diferentes que realizamos a Vins el Cep con esta variedad. Descubrir\u00e9is el abanico de posibilidades que tiene seg\u00fan c\u00f3mo lo elaboramos.<\/p>\n<p>Qu\u00e9 probaremos?<\/p>\n<p>&#8211; P\u00e8t-Nato XRL\u00b7L (M\u00e9todo Ancestral)<\/p>\n<p>&#8211; Ot de Vins el Cep Xarel\u00b7lo (Sin crianza)<\/p>\n<p>&#8211; GR5&nbsp;SENDERS&nbsp;Xarel\u00b7lo&nbsp;(Media crianza)<\/p>\n<p>&#8211; Pla del Bosc Xarel\u00b7lo Vermell (Crianza con huevo de hormig\u00f3n)<\/p>\n<p>&#8211; Clot del Roure Xarel\u00b7lo (Crianza con bota de roble)<\/p>\n<p>&#8211; Clot del Roure Brisat Xarel\u00b7lo (Maceraci\u00f3n con pieles y crianza con bota de roble)<\/p>\n<h3>La actividad incluye:<\/h3>\n<ol>\n<li>Visita guiada a la vi\u00f1a: Historia de la bodega y de nuestra zona vitivin\u00edcola. Explicaci\u00f3n de la vi\u00f1a, variedades, agricultura ecol\u00f3gica y biodin\u00e1mica.<\/li>\n<li>Visita guiada a la bodega: Explicaci\u00f3n del proceso artesanal de elaboraci\u00f3n de nuestros vinos y cavas.<\/li>\n<li>Cata comentada de los 6&nbsp;xarel\u00b7los.<\/li>\n<\/ol>\n<p>*Grupo m\u00ednimo de 4 personas.<\/p>\n<p style=\"text-align: center;\"><strong>RESERVA:<\/strong><\/p>\n<\/div>\n","protected":false},"featured_media":19980,"template":"","meta":{"ngg_post_thumbnail":0},"product_brand":[],"product_cat":[300],"product_tag":[],"class_list":{"0":"post-17701","1":"product","2":"type-product","3":"status-publish","4":"has-post-thumbnail","6":"product_cat-enoturisme-es","8":"first","9":"instock","10":"virtual","11":"sold-individually","12":"purchasable","13":"product-type-booking"},"yoast_head":"<!-- This site is optimized with the Yoast SEO Premium plugin v26.9 (Yoast SEO v26.9) - https:\/\/yoast.com\/product\/yoast-seo-premium-wordpress\/ -->\n<title>Visita y cata de 5 vinos Xarel\u00b7lo. Enoturisme en El Pened\u00e8s (Barcelona). | Vins el Cep<\/title>\n<meta name=\"description\" content=\"Visita nuestras vi\u00f1as y la bodega con una cata de nuestros vinos Xarel\u00b7lo. La actividad incluye: Visita guiada a las vi\u00f1as y bodega + cata comentada de 5 vinos de la variedad Xarel\u00b7lo.\" \/>\n<meta name=\"robots\" content=\"index, follow, max-snippet:-1, max-image-preview:large, max-video-preview:-1\" \/>\n<link rel=\"canonical\" href=\"https:\/\/vinselcep.com\/es\/botiga-cava-vins-enoturisme-barcelona\/enoturisme-es\/6-xarellos\/\" \/>\n<meta property=\"og:locale\" content=\"es_ES\" \/>\n<meta property=\"og:type\" content=\"article\" \/>\n<meta property=\"og:title\" content=\"6 Xarel\u00b7los\" \/>\n<meta property=\"og:description\" content=\"Visita nuestras vi\u00f1as y la bodega con una cata de nuestros vinos Xarel\u00b7lo. La actividad incluye: Visita guiada a las vi\u00f1as y bodega + cata comentada de 5 vinos de la variedad Xarel\u00b7lo.\" \/>\n<meta property=\"og:url\" content=\"https:\/\/vinselcep.com\/es\/botiga-cava-vins-enoturisme-barcelona\/enoturisme-es\/6-xarellos\/\" \/>\n<meta property=\"og:site_name\" content=\"Vins el Cep\" \/>\n<meta property=\"article:publisher\" content=\"https:\/\/ca-es.facebook.com\/VinselCep\/\" \/>\n<meta property=\"article:modified_time\" content=\"2024-08-12T18:12:27+00:00\" \/>\n<meta property=\"og:image\" content=\"https:\/\/vinselcep.com\/wp-content\/uploads\/2022\/07\/2023_06VEC_LIFESTYLE_TASTOS_W-47.jpg\" \/>\n\t<meta property=\"og:image:width\" content=\"1200\" \/>\n\t<meta property=\"og:image:height\" content=\"800\" \/>\n\t<meta property=\"og:image:type\" content=\"image\/jpeg\" \/>\n<meta name=\"twitter:card\" content=\"summary_large_image\" \/>\n<meta name=\"twitter:site\" content=\"@vinselcep\" \/>\n<meta name=\"twitter:label1\" content=\"Precio\" \/>\n\t<meta name=\"twitter:data1\" content=\"&euro;152.00\" \/>\n\t<meta name=\"twitter:label2\" content=\"Disponibilidad\" \/>\n\t<meta name=\"twitter:data2\" content=\"Disponible\" \/>\n<script type=\"application\/ld+json\" class=\"yoast-schema-graph\">{\"@context\":\"https:\/\/schema.org\",\"@graph\":[{\"@type\":[\"WebPage\",\"ItemPage\"],\"@id\":\"https:\/\/vinselcep.com\/es\/botiga-cava-vins-enoturisme-barcelona\/enoturisme-es\/6-xarellos\/\",\"url\":\"https:\/\/vinselcep.com\/es\/botiga-cava-vins-enoturisme-barcelona\/enoturisme-es\/6-xarellos\/\",\"name\":\"Visita y cata de 5 vinos Xarel\u00b7lo. Enoturisme en El Pened\u00e8s (Barcelona). | Vins el Cep\",\"isPartOf\":{\"@id\":\"https:\/\/vinselcep.com\/es\/#website\"},\"primaryImageOfPage\":{\"@id\":\"https:\/\/vinselcep.com\/es\/botiga-cava-vins-enoturisme-barcelona\/enoturisme-es\/6-xarellos\/#primaryimage\"},\"image\":{\"@id\":\"https:\/\/vinselcep.com\/es\/botiga-cava-vins-enoturisme-barcelona\/enoturisme-es\/6-xarellos\/#primaryimage\"},\"thumbnailUrl\":\"https:\/\/vinselcep.com\/wp-content\/uploads\/2022\/07\/2023_06VEC_LIFESTYLE_TASTOS_W-47.jpg\",\"datePublished\":\"2022-07-14T17:34:06+00:00\",\"dateModified\":\"2024-08-12T18:12:27+00:00\",\"description\":\"Visita nuestras vi\u00f1as y la bodega con una cata de nuestros vinos Xarel\u00b7lo. La actividad incluye: Visita guiada a las vi\u00f1as y bodega + cata comentada de 5 vinos de la variedad Xarel\u00b7lo.\",\"breadcrumb\":{\"@id\":\"https:\/\/vinselcep.com\/es\/botiga-cava-vins-enoturisme-barcelona\/enoturisme-es\/6-xarellos\/#breadcrumb\"},\"inLanguage\":\"es\",\"potentialAction\":[{\"@type\":\"ReadAction\",\"target\":[\"https:\/\/vinselcep.com\/es\/botiga-cava-vins-enoturisme-barcelona\/enoturisme-es\/6-xarellos\/\"]}]},{\"@type\":\"ImageObject\",\"inLanguage\":\"es\",\"@id\":\"https:\/\/vinselcep.com\/es\/botiga-cava-vins-enoturisme-barcelona\/enoturisme-es\/6-xarellos\/#primaryimage\",\"url\":\"https:\/\/vinselcep.com\/wp-content\/uploads\/2022\/07\/2023_06VEC_LIFESTYLE_TASTOS_W-47.jpg\",\"contentUrl\":\"https:\/\/vinselcep.com\/wp-content\/uploads\/2022\/07\/2023_06VEC_LIFESTYLE_TASTOS_W-47.jpg\",\"width\":1200,\"height\":800},{\"@type\":\"BreadcrumbList\",\"@id\":\"https:\/\/vinselcep.com\/es\/botiga-cava-vins-enoturisme-barcelona\/enoturisme-es\/6-xarellos\/#breadcrumb\",\"itemListElement\":[{\"@type\":\"ListItem\",\"position\":1,\"name\":\"Inici\",\"item\":\"https:\/\/vinselcep.com\/es\/\"},{\"@type\":\"ListItem\",\"position\":2,\"name\":\"Comprar cava, vino y experiencias de enoturismo en el Pened\u00e8s (Barcelona)\",\"item\":\"https:\/\/vinselcep.com\/es\/tienda-cava-vinos-enoturismo-barcelona\/\"},{\"@type\":\"ListItem\",\"position\":3,\"name\":\"6 Xarel\u00b7los\"}]},{\"@type\":\"WebSite\",\"@id\":\"https:\/\/vinselcep.com\/es\/#website\",\"url\":\"https:\/\/vinselcep.com\/es\/\",\"name\":\"Vins el Cep\",\"description\":\"Viticultors des de 1448\",\"publisher\":{\"@id\":\"https:\/\/vinselcep.com\/es\/#organization\"},\"potentialAction\":[{\"@type\":\"SearchAction\",\"target\":{\"@type\":\"EntryPoint\",\"urlTemplate\":\"https:\/\/vinselcep.com\/es\/?s={search_term_string}\"},\"query-input\":{\"@type\":\"PropertyValueSpecification\",\"valueRequired\":true,\"valueName\":\"search_term_string\"}}],\"inLanguage\":\"es\"},{\"@type\":\"Organization\",\"@id\":\"https:\/\/vinselcep.com\/es\/#organization\",\"name\":\"Vins el Cep\",\"url\":\"https:\/\/vinselcep.com\/es\/\",\"logo\":{\"@type\":\"ImageObject\",\"inLanguage\":\"es\",\"@id\":\"https:\/\/vinselcep.com\/es\/#\/schema\/logo\/image\/\",\"url\":\"https:\/\/vinselcep.com\/wp-content\/uploads\/2020\/11\/logo-vinselcep-positiu.png\",\"contentUrl\":\"https:\/\/vinselcep.com\/wp-content\/uploads\/2020\/11\/logo-vinselcep-positiu.png\",\"width\":600,\"height\":379,\"caption\":\"Vins el Cep\"},\"image\":{\"@id\":\"https:\/\/vinselcep.com\/es\/#\/schema\/logo\/image\/\"},\"sameAs\":[\"https:\/\/ca-es.facebook.com\/VinselCep\/\",\"https:\/\/x.com\/vinselcep\",\"https:\/\/www.instagram.com\/vinselcep\/\"]}]}<\/script>\n<meta property=\"product:price:amount\" content=\"152.00\" \/>\n<meta property=\"product:price:currency\" content=\"EUR\" \/>\n<meta property=\"og:availability\" content=\"instock\" \/>\n<meta property=\"product:availability\" content=\"instock\" \/>\n<meta property=\"product:retailer_item_id\" content=\"4VF1X\" \/>\n<meta property=\"product:condition\" content=\"new\" \/>\n<!-- \/ Yoast SEO Premium plugin. -->","yoast_head_json":{"title":"Visita y cata de 5 vinos Xarel\u00b7lo. Enoturisme en El Pened\u00e8s (Barcelona). | Vins el Cep","description":"Visita nuestras vi\u00f1as y la bodega con una cata de nuestros vinos Xarel\u00b7lo. La actividad incluye: Visita guiada a las vi\u00f1as y bodega + cata comentada de 5 vinos de la variedad Xarel\u00b7lo.","robots":{"index":"index","follow":"follow","max-snippet":"max-snippet:-1","max-image-preview":"max-image-preview:large","max-video-preview":"max-video-preview:-1"},"canonical":"https:\/\/vinselcep.com\/es\/botiga-cava-vins-enoturisme-barcelona\/enoturisme-es\/6-xarellos\/","og_locale":"es_ES","og_type":"article","og_title":"6 Xarel\u00b7los","og_description":"Visita nuestras vi\u00f1as y la bodega con una cata de nuestros vinos Xarel\u00b7lo. La actividad incluye: Visita guiada a las vi\u00f1as y bodega + cata comentada de 5 vinos de la variedad Xarel\u00b7lo.","og_url":"https:\/\/vinselcep.com\/es\/botiga-cava-vins-enoturisme-barcelona\/enoturisme-es\/6-xarellos\/","og_site_name":"Vins el Cep","article_publisher":"https:\/\/ca-es.facebook.com\/VinselCep\/","article_modified_time":"2024-08-12T18:12:27+00:00","og_image":[{"width":1200,"height":800,"url":"https:\/\/vinselcep.com\/wp-content\/uploads\/2022\/07\/2023_06VEC_LIFESTYLE_TASTOS_W-47.jpg","type":"image\/jpeg"}],"twitter_card":"summary_large_image","twitter_site":"@vinselcep","twitter_misc":{"Precio":"&euro;152.00","Disponibilidad":"Disponible"},"schema":{"@context":"https:\/\/schema.org","@graph":[{"@type":["WebPage","ItemPage"],"@id":"https:\/\/vinselcep.com\/es\/botiga-cava-vins-enoturisme-barcelona\/enoturisme-es\/6-xarellos\/","url":"https:\/\/vinselcep.com\/es\/botiga-cava-vins-enoturisme-barcelona\/enoturisme-es\/6-xarellos\/","name":"Visita y cata de 5 vinos Xarel\u00b7lo. Enoturisme en El Pened\u00e8s (Barcelona). | Vins el Cep","isPartOf":{"@id":"https:\/\/vinselcep.com\/es\/#website"},"primaryImageOfPage":{"@id":"https:\/\/vinselcep.com\/es\/botiga-cava-vins-enoturisme-barcelona\/enoturisme-es\/6-xarellos\/#primaryimage"},"image":{"@id":"https:\/\/vinselcep.com\/es\/botiga-cava-vins-enoturisme-barcelona\/enoturisme-es\/6-xarellos\/#primaryimage"},"thumbnailUrl":"https:\/\/vinselcep.com\/wp-content\/uploads\/2022\/07\/2023_06VEC_LIFESTYLE_TASTOS_W-47.jpg","datePublished":"2022-07-14T17:34:06+00:00","dateModified":"2024-08-12T18:12:27+00:00","description":"Visita nuestras vi\u00f1as y la bodega con una cata de nuestros vinos Xarel\u00b7lo. La actividad incluye: Visita guiada a las vi\u00f1as y bodega + cata comentada de 5 vinos de la variedad Xarel\u00b7lo.","breadcrumb":{"@id":"https:\/\/vinselcep.com\/es\/botiga-cava-vins-enoturisme-barcelona\/enoturisme-es\/6-xarellos\/#breadcrumb"},"inLanguage":"es","potentialAction":[{"@type":"ReadAction","target":["https:\/\/vinselcep.com\/es\/botiga-cava-vins-enoturisme-barcelona\/enoturisme-es\/6-xarellos\/"]}]},{"@type":"ImageObject","inLanguage":"es","@id":"https:\/\/vinselcep.com\/es\/botiga-cava-vins-enoturisme-barcelona\/enoturisme-es\/6-xarellos\/#primaryimage","url":"https:\/\/vinselcep.com\/wp-content\/uploads\/2022\/07\/2023_06VEC_LIFESTYLE_TASTOS_W-47.jpg","contentUrl":"https:\/\/vinselcep.com\/wp-content\/uploads\/2022\/07\/2023_06VEC_LIFESTYLE_TASTOS_W-47.jpg","width":1200,"height":800},{"@type":"BreadcrumbList","@id":"https:\/\/vinselcep.com\/es\/botiga-cava-vins-enoturisme-barcelona\/enoturisme-es\/6-xarellos\/#breadcrumb","itemListElement":[{"@type":"ListItem","position":1,"name":"Inici","item":"https:\/\/vinselcep.com\/es\/"},{"@type":"ListItem","position":2,"name":"Comprar cava, vino y experiencias de enoturismo en el Pened\u00e8s (Barcelona)","item":"https:\/\/vinselcep.com\/es\/tienda-cava-vinos-enoturismo-barcelona\/"},{"@type":"ListItem","position":3,"name":"6 Xarel\u00b7los"}]},{"@type":"WebSite","@id":"https:\/\/vinselcep.com\/es\/#website","url":"https:\/\/vinselcep.com\/es\/","name":"Vins el Cep","description":"Viticultors des de 1448","publisher":{"@id":"https:\/\/vinselcep.com\/es\/#organization"},"potentialAction":[{"@type":"SearchAction","target":{"@type":"EntryPoint","urlTemplate":"https:\/\/vinselcep.com\/es\/?s={search_term_string}"},"query-input":{"@type":"PropertyValueSpecification","valueRequired":true,"valueName":"search_term_string"}}],"inLanguage":"es"},{"@type":"Organization","@id":"https:\/\/vinselcep.com\/es\/#organization","name":"Vins el Cep","url":"https:\/\/vinselcep.com\/es\/","logo":{"@type":"ImageObject","inLanguage":"es","@id":"https:\/\/vinselcep.com\/es\/#\/schema\/logo\/image\/","url":"https:\/\/vinselcep.com\/wp-content\/uploads\/2020\/11\/logo-vinselcep-positiu.png","contentUrl":"https:\/\/vinselcep.com\/wp-content\/uploads\/2020\/11\/logo-vinselcep-positiu.png","width":600,"height":379,"caption":"Vins el Cep"},"image":{"@id":"https:\/\/vinselcep.com\/es\/#\/schema\/logo\/image\/"},"sameAs":["https:\/\/ca-es.facebook.com\/VinselCep\/","https:\/\/x.com\/vinselcep","https:\/\/www.instagram.com\/vinselcep\/"]}]},"product_price_amount":"152.00","product_price_currency":"EUR","og_availability":"instock","product_availability":"instock","product_retailer_item_id":"4VF1X","product_condition":"new"},"_links":{"self":[{"href":"https:\/\/vinselcep.com\/es\/wp-json\/wp\/v2\/product\/17701","targetHints":{"allow":["GET"]}}],"collection":[{"href":"https:\/\/vinselcep.com\/es\/wp-json\/wp\/v2\/product"}],"about":[{"href":"https:\/\/vinselcep.com\/es\/wp-json\/wp\/v2\/types\/product"}],"wp:featuredmedia":[{"embeddable":true,"href":"https:\/\/vinselcep.com\/es\/wp-json\/wp\/v2\/media\/19980"}],"wp:attachment":[{"href":"https:\/\/vinselcep.com\/es\/wp-json\/wp\/v2\/media?parent=17701"}],"wp:term":[{"taxonomy":"product_brand","embeddable":true,"href":"https:\/\/vinselcep.com\/es\/wp-json\/wp\/v2\/product_brand?post=17701"},{"taxonomy":"product_cat","embeddable":true,"href":"https:\/\/vinselcep.com\/es\/wp-json\/wp\/v2\/product_cat?post=17701"},{"taxonomy":"product_tag","embeddable":true,"href":"https:\/\/vinselcep.com\/es\/wp-json\/wp\/v2\/product_tag?post=17701"}],"curies":[{"name":"wp","href":"https:\/\/api.w.org\/{rel}","templated":true}]}}