{"id":17671,"date":"2022-07-14T11:45:29","date_gmt":"2022-07-14T11:45:29","guid":{"rendered":"https:\/\/vinselcep.com\/product\/visita-vins-el-cep\/"},"modified":"2025-01-01T03:08:25","modified_gmt":"2025-01-01T02:08:25","slug":"visita-vins-el-cep","status":"publish","type":"product","link":"https:\/\/vinselcep.com\/es\/botiga-cava-vins-enoturisme-barcelona\/enoturisme-es\/visita-vins-el-cep\/","title":{"rendered":"Visita Vins El Cep"},"content":{"rendered":"<p><em>Para cualquier otra consulta o duda relacionada con visitas contacte a <a href=\"mailto:reserva@vinselcep.com\">reserva@vinselcep.com<\/a> o env\u00ede un Whatsapp al 620246257.<br \/>\n<\/em><\/p>\n","protected":false},"excerpt":{"rendered":"<div class=\"experiencies-1\">\n<h1 style=\"text-align: left;\">DISPONIBILIDAD:<\/h1>\n<h3 style=\"text-align: left;\">De lunes a s\u00e1bado<\/h3>\n<h2 style=\"text-align: left;\">DURACI\u00d3N:<\/h2>\n<h3 style=\"text-align: left;\"><span class=\"HwtZe\" lang=\"es\"><span class=\"jCAhz ChMk0b\"><span class=\"ryNqvb\">1,5h aproximadamente<\/span><\/span><\/span><\/h3>\n<h3 style=\"text-align: left;\"><span class=\"HwtZe\" lang=\"es\"><span class=\"jCAhz ChMk0b\"><span class=\"ryNqvb\">GRUPOS DE 2 PERSONAS M\u00cdNIMO<br \/>\n<\/span><\/span><\/span><\/h3>\n<p style=\"text-align: left;\"><span class=\"VIiyi\" lang=\"es\"><span class=\"JLqJ4b ChMk0b\" data-language-for-alternatives=\"es\" data-language-to-translate-into=\"ca\" data-phrase-index=\"0\">Visitando<\/span>&nbsp;<span class=\"JLqJ4b ChMk0b\" data-language-for-alternatives=\"es\" data-language-to-translate-into=\"ca\" data-phrase-index=\"1\">Vins<\/span> <span class=\"JLqJ4b ChMk0b\" data-language-for-alternatives=\"es\" data-language-to-translate-into=\"ca\" data-phrase-index=\"2\">el<\/span> <span class=\"JLqJ4b ChMk0b\" data-language-for-alternatives=\"es\" data-language-to-translate-into=\"ca\" data-phrase-index=\"3\">Cep<\/span> <span class=\"JLqJ4b ChMk0b\" data-language-for-alternatives=\"es\" data-language-to-translate-into=\"ca\" data-phrase-index=\"4\">descubrir\u00e1s<\/span> <span class=\"JLqJ4b ChMk0b\" data-language-for-alternatives=\"es\" data-language-to-translate-into=\"ca\" data-phrase-index=\"5\">nuestros<\/span> <span class=\"JLqJ4b ChMk0b\" data-language-for-alternatives=\"es\" data-language-to-translate-into=\"ca\" data-phrase-index=\"6\">or\u00edgenes,<\/span> <span class=\"JLqJ4b ChMk0b\" data-language-for-alternatives=\"es\" data-language-to-translate-into=\"ca\" data-phrase-index=\"7\">el porqu\u00e9<\/span> <span class=\"JLqJ4b ChMk0b\" data-language-for-alternatives=\"es\" data-language-to-translate-into=\"ca\" data-phrase-index=\"8\">de la uni\u00f3n<\/span> <span class=\"JLqJ4b ChMk0b\" data-language-for-alternatives=\"es\" data-language-to-translate-into=\"ca\" data-phrase-index=\"9\">de cuatro familias<\/span> <span class=\"JLqJ4b ChMk0b\" data-language-for-alternatives=\"es\" data-language-to-translate-into=\"ca\" data-phrase-index=\"10\">de viticultores y<\/span> <span class=\"JLqJ4b ChMk0b\" data-language-for-alternatives=\"es\" data-language-to-translate-into=\"ca\" data-phrase-index=\"11\">cuatro<\/span> <span class=\"JLqJ4b ChMk0b\" data-language-for-alternatives=\"es\" data-language-to-translate-into=\"ca\" data-phrase-index=\"12\">heredades en<\/span> <span class=\"JLqJ4b ChMk0b\" data-language-for-alternatives=\"es\" data-language-to-translate-into=\"ca\" data-phrase-index=\"13\">1980<\/span><span class=\"JLqJ4b ChMk0b\" data-language-for-alternatives=\"es\" data-language-to-translate-into=\"ca\" data-phrase-index=\"14\">.<\/span> <\/span><\/p>\n<\/div>\n<div class=\"experiencies-1\" style=\"text-align: left;\">\n<p><span class=\"VIiyi\" lang=\"es\"><span class=\"JLqJ4b ChMk0b\" data-language-for-alternatives=\"es\" data-language-to-translate-into=\"ca\" data-phrase-index=\"16\">Pasear\u00e1s<\/span> <span class=\"JLqJ4b ChMk0b\" data-language-for-alternatives=\"es\" data-language-to-translate-into=\"ca\" data-phrase-index=\"17\">entre<\/span> <span class=\"JLqJ4b ChMk0b\" data-language-for-alternatives=\"es\" data-language-to-translate-into=\"ca\" data-phrase-index=\"18\">vi\u00f1edos y bosques<\/span><span class=\"JLqJ4b ChMk0b\" data-language-for-alternatives=\"es\" data-language-to-translate-into=\"ca\" data-phrase-index=\"19\">,<\/span> <span class=\"JLqJ4b ChMk0b\" data-language-for-alternatives=\"es\" data-language-to-translate-into=\"ca\" data-phrase-index=\"20\">visitar\u00e1s<\/span> <span class=\"JLqJ4b ChMk0b\" data-language-for-alternatives=\"es\" data-language-to-translate-into=\"ca\" data-phrase-index=\"21\">nuestra bodega<\/span> <span class=\"JLqJ4b ChMk0b\" data-language-for-alternatives=\"es\" data-language-to-translate-into=\"ca\" data-phrase-index=\"22\">y<\/span> <span class=\"JLqJ4b ChMk0b\" data-language-for-alternatives=\"es\" data-language-to-translate-into=\"ca\" data-phrase-index=\"23\">disfrutar\u00e1s<\/span> <span class=\"JLqJ4b ChMk0b\" data-language-for-alternatives=\"es\" data-language-to-translate-into=\"ca\" data-phrase-index=\"24\">de una cata<\/span> <span class=\"JLqJ4b ChMk0b\" data-language-for-alternatives=\"es\" data-language-to-translate-into=\"ca\" data-phrase-index=\"25\">de vinos<\/span> <span class=\"JLqJ4b ChMk0b\" data-language-for-alternatives=\"es\" data-language-to-translate-into=\"ca\" data-phrase-index=\"26\">y cavas<\/span> <span class=\"JLqJ4b ChMk0b\" data-language-for-alternatives=\"es\" data-language-to-translate-into=\"ca\" data-phrase-index=\"27\">en<\/span> <span class=\"JLqJ4b ChMk0b\" data-language-for-alternatives=\"es\" data-language-to-translate-into=\"ca\" data-phrase-index=\"28\">un lugar del<\/span> <span class=\"JLqJ4b ChMk0b\" data-language-for-alternatives=\"es\" data-language-to-translate-into=\"ca\" data-phrase-index=\"29\">Pened\u00e8s<\/span> muy privilegiado.<\/span><\/p>\n<p><span class=\"JLqJ4b ChMk0b\" data-language-for-alternatives=\"es\" data-language-to-translate-into=\"ca\" data-phrase-index=\"36\">La actividad<\/span> <span class=\"JLqJ4b ChMk0b\" data-language-for-alternatives=\"es\" data-language-to-translate-into=\"ca\" data-phrase-index=\"37\">incluye:<\/span><\/p>\n<\/div>\n<div class=\"experiencies-1\" style=\"text-align: left;\">\n<div id=\"primary\" class=\"content-area fullwidth\">\n<ol>\n<li>Visita guiada a la vi\u00f1as<\/li>\n<li>Visita guiada a la bodega<\/li>\n<li><span class=\"VIiyi\" lang=\"es\"><span class=\"JLqJ4b ChMk0b\" data-language-for-alternatives=\"es\" data-language-to-translate-into=\"ca\" data-phrase-index=\"0\">Cata comentada<\/span> <span class=\"JLqJ4b ChMk0b\" data-language-for-alternatives=\"es\" data-language-to-translate-into=\"ca\" data-phrase-index=\"1\">de 2<\/span> <span class=\"JLqJ4b ChMk0b\" data-language-for-alternatives=\"es\" data-language-to-translate-into=\"ca\" data-phrase-index=\"2\">vinos<\/span> <span class=\"JLqJ4b ChMk0b\" data-language-for-alternatives=\"es\" data-language-to-translate-into=\"ca\" data-phrase-index=\"3\">y 2<\/span> <span class=\"JLqJ4b ChMk0b\" data-language-for-alternatives=\"es\" data-language-to-translate-into=\"ca\" data-phrase-index=\"4\">cavas.<\/span><\/span><\/li>\n<\/ol>\n<p>&nbsp;<\/p>\n<\/div>\n<\/div>\n<div class=\"wpb_text_column wpb_content_element \" style=\"text-align: left;\">&nbsp;<\/div>\n<div class=\"experiencies-1\">\n<p style=\"text-align: left;\"><em>*Actividad para todos los p\u00fablicos<\/em><\/p>\n<h4 style=\"text-align: center;\">RESERVA<\/h4>\n<\/div>\n","protected":false},"featured_media":20364,"template":"","meta":{"ngg_post_thumbnail":0},"product_brand":[],"product_cat":[300],"product_tag":[],"class_list":{"0":"post-17671","1":"product","2":"type-product","3":"status-publish","4":"has-post-thumbnail","6":"product_cat-enoturisme-es","8":"first","9":"instock","10":"virtual","11":"sold-individually","12":"purchasable","13":"product-type-booking"},"yoast_head":"<!-- This site is optimized with the Yoast SEO Premium plugin v26.9 (Yoast SEO v26.9) - https:\/\/yoast.com\/product\/yoast-seo-premium-wordpress\/ -->\n<title>Visita a las vi\u00f1as y bodega de Vins El Cep. Cata de vinos y cavas en el Pened\u00e9s (Barcelona). | Vins el Cep<\/title>\n<meta name=\"description\" content=\"Descubre nuestros or\u00edgenes, la uni\u00f3n de cuatro familias de viticultores. Pasea entre vi\u00f1edos y bosques, visita nuestra bodega y disfruta de una cata de vinos y cavas en un lugar privilegiado del Pened\u00e8s.\" \/>\n<meta name=\"robots\" content=\"index, follow, max-snippet:-1, max-image-preview:large, max-video-preview:-1\" \/>\n<link rel=\"canonical\" href=\"https:\/\/vinselcep.com\/es\/botiga-cava-vins-enoturisme-barcelona\/enoturisme-es\/visita-vins-el-cep\/\" \/>\n<meta property=\"og:locale\" content=\"es_ES\" \/>\n<meta property=\"og:type\" content=\"article\" \/>\n<meta property=\"og:title\" content=\"Visita Vins El Cep\" \/>\n<meta property=\"og:description\" content=\"Descubre nuestros or\u00edgenes, la uni\u00f3n de cuatro familias de viticultores. Pasea entre vi\u00f1edos y bosques, visita nuestra bodega y disfruta de una cata de vinos y cavas en un lugar privilegiado del Pened\u00e8s.\" \/>\n<meta property=\"og:url\" content=\"https:\/\/vinselcep.com\/es\/botiga-cava-vins-enoturisme-barcelona\/enoturisme-es\/visita-vins-el-cep\/\" \/>\n<meta property=\"og:site_name\" content=\"Vins el Cep\" \/>\n<meta property=\"article:publisher\" content=\"https:\/\/ca-es.facebook.com\/VinselCep\/\" \/>\n<meta property=\"article:modified_time\" content=\"2025-01-01T02:08:25+00:00\" \/>\n<meta property=\"og:image\" content=\"https:\/\/vinselcep.com\/wp-content\/uploads\/2022\/07\/2023_06VEC_LIFESTYLE_TASTOS_W-51.jpg\" \/>\n\t<meta property=\"og:image:width\" content=\"1200\" \/>\n\t<meta property=\"og:image:height\" content=\"800\" \/>\n\t<meta property=\"og:image:type\" content=\"image\/jpeg\" \/>\n<meta name=\"twitter:card\" content=\"summary_large_image\" \/>\n<meta name=\"twitter:site\" content=\"@vinselcep\" \/>\n<meta name=\"twitter:label1\" content=\"Precio\" \/>\n\t<meta name=\"twitter:data1\" content=\"&euro;56.00\" \/>\n\t<meta name=\"twitter:label2\" content=\"Disponibilidad\" \/>\n\t<meta name=\"twitter:data2\" content=\"Disponible\" \/>\n<script type=\"application\/ld+json\" class=\"yoast-schema-graph\">{\"@context\":\"https:\/\/schema.org\",\"@graph\":[{\"@type\":[\"WebPage\",\"ItemPage\"],\"@id\":\"https:\/\/vinselcep.com\/es\/botiga-cava-vins-enoturisme-barcelona\/enoturisme-es\/visita-vins-el-cep\/\",\"url\":\"https:\/\/vinselcep.com\/es\/botiga-cava-vins-enoturisme-barcelona\/enoturisme-es\/visita-vins-el-cep\/\",\"name\":\"Visita a las vi\u00f1as y bodega de Vins El Cep. Cata de vinos y cavas en el Pened\u00e9s (Barcelona). | Vins el Cep\",\"isPartOf\":{\"@id\":\"https:\/\/vinselcep.com\/es\/#website\"},\"primaryImageOfPage\":{\"@id\":\"https:\/\/vinselcep.com\/es\/botiga-cava-vins-enoturisme-barcelona\/enoturisme-es\/visita-vins-el-cep\/#primaryimage\"},\"image\":{\"@id\":\"https:\/\/vinselcep.com\/es\/botiga-cava-vins-enoturisme-barcelona\/enoturisme-es\/visita-vins-el-cep\/#primaryimage\"},\"thumbnailUrl\":\"https:\/\/vinselcep.com\/wp-content\/uploads\/2022\/07\/2023_06VEC_LIFESTYLE_TASTOS_W-51.jpg\",\"datePublished\":\"2022-07-14T11:45:29+00:00\",\"dateModified\":\"2025-01-01T02:08:25+00:00\",\"description\":\"Descubre nuestros or\u00edgenes, la uni\u00f3n de cuatro familias de viticultores. Pasea entre vi\u00f1edos y bosques, visita nuestra bodega y disfruta de una cata de vinos y cavas en un lugar privilegiado del Pened\u00e8s.\",\"breadcrumb\":{\"@id\":\"https:\/\/vinselcep.com\/es\/botiga-cava-vins-enoturisme-barcelona\/enoturisme-es\/visita-vins-el-cep\/#breadcrumb\"},\"inLanguage\":\"es\",\"potentialAction\":[{\"@type\":\"ReadAction\",\"target\":[\"https:\/\/vinselcep.com\/es\/botiga-cava-vins-enoturisme-barcelona\/enoturisme-es\/visita-vins-el-cep\/\"]}]},{\"@type\":\"ImageObject\",\"inLanguage\":\"es\",\"@id\":\"https:\/\/vinselcep.com\/es\/botiga-cava-vins-enoturisme-barcelona\/enoturisme-es\/visita-vins-el-cep\/#primaryimage\",\"url\":\"https:\/\/vinselcep.com\/wp-content\/uploads\/2022\/07\/2023_06VEC_LIFESTYLE_TASTOS_W-51.jpg\",\"contentUrl\":\"https:\/\/vinselcep.com\/wp-content\/uploads\/2022\/07\/2023_06VEC_LIFESTYLE_TASTOS_W-51.jpg\",\"width\":1200,\"height\":800},{\"@type\":\"BreadcrumbList\",\"@id\":\"https:\/\/vinselcep.com\/es\/botiga-cava-vins-enoturisme-barcelona\/enoturisme-es\/visita-vins-el-cep\/#breadcrumb\",\"itemListElement\":[{\"@type\":\"ListItem\",\"position\":1,\"name\":\"Inici\",\"item\":\"https:\/\/vinselcep.com\/es\/\"},{\"@type\":\"ListItem\",\"position\":2,\"name\":\"Comprar cava, vino y experiencias de enoturismo en el Pened\u00e8s (Barcelona)\",\"item\":\"https:\/\/vinselcep.com\/es\/tienda-cava-vinos-enoturismo-barcelona\/\"},{\"@type\":\"ListItem\",\"position\":3,\"name\":\"Visita Vins El Cep\"}]},{\"@type\":\"WebSite\",\"@id\":\"https:\/\/vinselcep.com\/es\/#website\",\"url\":\"https:\/\/vinselcep.com\/es\/\",\"name\":\"Vins el Cep\",\"description\":\"Viticultors des de 1448\",\"publisher\":{\"@id\":\"https:\/\/vinselcep.com\/es\/#organization\"},\"potentialAction\":[{\"@type\":\"SearchAction\",\"target\":{\"@type\":\"EntryPoint\",\"urlTemplate\":\"https:\/\/vinselcep.com\/es\/?s={search_term_string}\"},\"query-input\":{\"@type\":\"PropertyValueSpecification\",\"valueRequired\":true,\"valueName\":\"search_term_string\"}}],\"inLanguage\":\"es\"},{\"@type\":\"Organization\",\"@id\":\"https:\/\/vinselcep.com\/es\/#organization\",\"name\":\"Vins el Cep\",\"url\":\"https:\/\/vinselcep.com\/es\/\",\"logo\":{\"@type\":\"ImageObject\",\"inLanguage\":\"es\",\"@id\":\"https:\/\/vinselcep.com\/es\/#\/schema\/logo\/image\/\",\"url\":\"https:\/\/vinselcep.com\/wp-content\/uploads\/2020\/11\/logo-vinselcep-positiu.png\",\"contentUrl\":\"https:\/\/vinselcep.com\/wp-content\/uploads\/2020\/11\/logo-vinselcep-positiu.png\",\"width\":600,\"height\":379,\"caption\":\"Vins el Cep\"},\"image\":{\"@id\":\"https:\/\/vinselcep.com\/es\/#\/schema\/logo\/image\/\"},\"sameAs\":[\"https:\/\/ca-es.facebook.com\/VinselCep\/\",\"https:\/\/x.com\/vinselcep\",\"https:\/\/www.instagram.com\/vinselcep\/\"]}]}<\/script>\n<meta property=\"product:price:amount\" content=\"56.00\" \/>\n<meta property=\"product:price:currency\" content=\"EUR\" \/>\n<meta property=\"og:availability\" content=\"instock\" \/>\n<meta property=\"product:availability\" content=\"instock\" \/>\n<meta property=\"product:retailer_item_id\" content=\"952D9\" \/>\n<meta property=\"product:condition\" content=\"new\" \/>\n<!-- \/ Yoast SEO Premium plugin. -->","yoast_head_json":{"title":"Visita a las vi\u00f1as y bodega de Vins El Cep. Cata de vinos y cavas en el Pened\u00e9s (Barcelona). | Vins el Cep","description":"Descubre nuestros or\u00edgenes, la uni\u00f3n de cuatro familias de viticultores. Pasea entre vi\u00f1edos y bosques, visita nuestra bodega y disfruta de una cata de vinos y cavas en un lugar privilegiado del Pened\u00e8s.","robots":{"index":"index","follow":"follow","max-snippet":"max-snippet:-1","max-image-preview":"max-image-preview:large","max-video-preview":"max-video-preview:-1"},"canonical":"https:\/\/vinselcep.com\/es\/botiga-cava-vins-enoturisme-barcelona\/enoturisme-es\/visita-vins-el-cep\/","og_locale":"es_ES","og_type":"article","og_title":"Visita Vins El Cep","og_description":"Descubre nuestros or\u00edgenes, la uni\u00f3n de cuatro familias de viticultores. Pasea entre vi\u00f1edos y bosques, visita nuestra bodega y disfruta de una cata de vinos y cavas en un lugar privilegiado del Pened\u00e8s.","og_url":"https:\/\/vinselcep.com\/es\/botiga-cava-vins-enoturisme-barcelona\/enoturisme-es\/visita-vins-el-cep\/","og_site_name":"Vins el Cep","article_publisher":"https:\/\/ca-es.facebook.com\/VinselCep\/","article_modified_time":"2025-01-01T02:08:25+00:00","og_image":[{"width":1200,"height":800,"url":"https:\/\/vinselcep.com\/wp-content\/uploads\/2022\/07\/2023_06VEC_LIFESTYLE_TASTOS_W-51.jpg","type":"image\/jpeg"}],"twitter_card":"summary_large_image","twitter_site":"@vinselcep","twitter_misc":{"Precio":"&euro;56.00","Disponibilidad":"Disponible"},"schema":{"@context":"https:\/\/schema.org","@graph":[{"@type":["WebPage","ItemPage"],"@id":"https:\/\/vinselcep.com\/es\/botiga-cava-vins-enoturisme-barcelona\/enoturisme-es\/visita-vins-el-cep\/","url":"https:\/\/vinselcep.com\/es\/botiga-cava-vins-enoturisme-barcelona\/enoturisme-es\/visita-vins-el-cep\/","name":"Visita a las vi\u00f1as y bodega de Vins El Cep. Cata de vinos y cavas en el Pened\u00e9s (Barcelona). | Vins el Cep","isPartOf":{"@id":"https:\/\/vinselcep.com\/es\/#website"},"primaryImageOfPage":{"@id":"https:\/\/vinselcep.com\/es\/botiga-cava-vins-enoturisme-barcelona\/enoturisme-es\/visita-vins-el-cep\/#primaryimage"},"image":{"@id":"https:\/\/vinselcep.com\/es\/botiga-cava-vins-enoturisme-barcelona\/enoturisme-es\/visita-vins-el-cep\/#primaryimage"},"thumbnailUrl":"https:\/\/vinselcep.com\/wp-content\/uploads\/2022\/07\/2023_06VEC_LIFESTYLE_TASTOS_W-51.jpg","datePublished":"2022-07-14T11:45:29+00:00","dateModified":"2025-01-01T02:08:25+00:00","description":"Descubre nuestros or\u00edgenes, la uni\u00f3n de cuatro familias de viticultores. Pasea entre vi\u00f1edos y bosques, visita nuestra bodega y disfruta de una cata de vinos y cavas en un lugar privilegiado del Pened\u00e8s.","breadcrumb":{"@id":"https:\/\/vinselcep.com\/es\/botiga-cava-vins-enoturisme-barcelona\/enoturisme-es\/visita-vins-el-cep\/#breadcrumb"},"inLanguage":"es","potentialAction":[{"@type":"ReadAction","target":["https:\/\/vinselcep.com\/es\/botiga-cava-vins-enoturisme-barcelona\/enoturisme-es\/visita-vins-el-cep\/"]}]},{"@type":"ImageObject","inLanguage":"es","@id":"https:\/\/vinselcep.com\/es\/botiga-cava-vins-enoturisme-barcelona\/enoturisme-es\/visita-vins-el-cep\/#primaryimage","url":"https:\/\/vinselcep.com\/wp-content\/uploads\/2022\/07\/2023_06VEC_LIFESTYLE_TASTOS_W-51.jpg","contentUrl":"https:\/\/vinselcep.com\/wp-content\/uploads\/2022\/07\/2023_06VEC_LIFESTYLE_TASTOS_W-51.jpg","width":1200,"height":800},{"@type":"BreadcrumbList","@id":"https:\/\/vinselcep.com\/es\/botiga-cava-vins-enoturisme-barcelona\/enoturisme-es\/visita-vins-el-cep\/#breadcrumb","itemListElement":[{"@type":"ListItem","position":1,"name":"Inici","item":"https:\/\/vinselcep.com\/es\/"},{"@type":"ListItem","position":2,"name":"Comprar cava, vino y experiencias de enoturismo en el Pened\u00e8s (Barcelona)","item":"https:\/\/vinselcep.com\/es\/tienda-cava-vinos-enoturismo-barcelona\/"},{"@type":"ListItem","position":3,"name":"Visita Vins El Cep"}]},{"@type":"WebSite","@id":"https:\/\/vinselcep.com\/es\/#website","url":"https:\/\/vinselcep.com\/es\/","name":"Vins el Cep","description":"Viticultors des de 1448","publisher":{"@id":"https:\/\/vinselcep.com\/es\/#organization"},"potentialAction":[{"@type":"SearchAction","target":{"@type":"EntryPoint","urlTemplate":"https:\/\/vinselcep.com\/es\/?s={search_term_string}"},"query-input":{"@type":"PropertyValueSpecification","valueRequired":true,"valueName":"search_term_string"}}],"inLanguage":"es"},{"@type":"Organization","@id":"https:\/\/vinselcep.com\/es\/#organization","name":"Vins el Cep","url":"https:\/\/vinselcep.com\/es\/","logo":{"@type":"ImageObject","inLanguage":"es","@id":"https:\/\/vinselcep.com\/es\/#\/schema\/logo\/image\/","url":"https:\/\/vinselcep.com\/wp-content\/uploads\/2020\/11\/logo-vinselcep-positiu.png","contentUrl":"https:\/\/vinselcep.com\/wp-content\/uploads\/2020\/11\/logo-vinselcep-positiu.png","width":600,"height":379,"caption":"Vins el Cep"},"image":{"@id":"https:\/\/vinselcep.com\/es\/#\/schema\/logo\/image\/"},"sameAs":["https:\/\/ca-es.facebook.com\/VinselCep\/","https:\/\/x.com\/vinselcep","https:\/\/www.instagram.com\/vinselcep\/"]}]},"product_price_amount":"56.00","product_price_currency":"EUR","og_availability":"instock","product_availability":"instock","product_retailer_item_id":"952D9","product_condition":"new"},"_links":{"self":[{"href":"https:\/\/vinselcep.com\/es\/wp-json\/wp\/v2\/product\/17671","targetHints":{"allow":["GET"]}}],"collection":[{"href":"https:\/\/vinselcep.com\/es\/wp-json\/wp\/v2\/product"}],"about":[{"href":"https:\/\/vinselcep.com\/es\/wp-json\/wp\/v2\/types\/product"}],"wp:featuredmedia":[{"embeddable":true,"href":"https:\/\/vinselcep.com\/es\/wp-json\/wp\/v2\/media\/20364"}],"wp:attachment":[{"href":"https:\/\/vinselcep.com\/es\/wp-json\/wp\/v2\/media?parent=17671"}],"wp:term":[{"taxonomy":"product_brand","embeddable":true,"href":"https:\/\/vinselcep.com\/es\/wp-json\/wp\/v2\/product_brand?post=17671"},{"taxonomy":"product_cat","embeddable":true,"href":"https:\/\/vinselcep.com\/es\/wp-json\/wp\/v2\/product_cat?post=17671"},{"taxonomy":"product_tag","embeddable":true,"href":"https:\/\/vinselcep.com\/es\/wp-json\/wp\/v2\/product_tag?post=17671"}],"curies":[{"name":"wp","href":"https:\/\/api.w.org\/{rel}","templated":true}]}}