{"id":14992,"date":"2021-04-28T11:39:05","date_gmt":"2021-04-28T11:39:05","guid":{"rendered":"https:\/\/vinselcep.com\/?post_type=product&#038;p=14992"},"modified":"2025-05-22T16:40:54","modified_gmt":"2025-05-22T14:40:54","slug":"cep-passes","status":"publish","type":"product","link":"https:\/\/vinselcep.com\/es\/botiga-cava-vins-enoturisme-barcelona\/enoturisme-es\/cep-passes\/","title":{"rendered":"Cep passes solid\u00e0ries"},"content":{"rendered":"<p><em>Para cualquier otra consulta o duda relacionada con visitas contacte a <a href=\"mailto:reserva@vinselcep.com\">reserva@vinselcep.com<\/a> o env\u00ede un Whatsapp al 620246257.<br \/>\n<\/em><\/p>\n","protected":false},"excerpt":{"rendered":"<div class=\"experiencies-1\">\n<h1>FECHA Y HORA:<\/h1>\n<h3>SABADO 31 DE MAYO A LAS 10:00h<\/h3>\n<h2>DURACI\u00d3N:<\/h2>\n<h3>5h aproximadamente<\/h3>\n<p>Vuelve la Cep Passes Solid\u00e0ries.<\/p>\n<p>Aprovechando el paisaje de primavera, y tras el \u00e9xito de las siete primeras ediciones, donde ya han participado m\u00e1s de 600 personas y se han conseguido hacia 11.000 euros, volvemos a organizar nuestra caminata solidaria entre vi\u00f1as. Se trata de recorrer a pie 5,5 kil\u00f3metros por nuestro paraje de vi\u00f1as.<\/p>\n<p>Haciendo equipo con familiares o amigos podr\u00e9is participar en la gincana y demostrar lo que sab\u00e9is del mundo del vino. Un experto en Geolog\u00eda nos explicar\u00e1 cosas sobre el origen de nuestros suelos. A medio camino se har\u00e1 una parada donde degustaremos un cava acompa\u00f1ado de coca de proximidad.<\/p>\n<p>Al llegar a la bodega disfrutaremos de una comida gastron\u00f3mica y podremos catar diferentes vinos y cavas de la bodega.<\/p>\n<p>A continuaci\u00f3n, un grupo de m\u00fasica en directo nos animar\u00e1 la tarde. Esta experiencia se transformar\u00e1 en apoyo por la Fundaci\u00f3n Pasqual Maragall, para un futuro sin Alzheimer.<\/p>\n<p>\u00a1Prep\u00e1rate para un d\u00eda muy especial lleno de sorpresas!<\/p>\n<p>El 50% de todo lo que se recaude ser\u00e1 por donaci\u00f3n en apoyo esta causa.<\/p>\n<p>La CEP PASSES SOLIDARIAS es m\u00e1s que una caminata, es un compromiso con quienes m\u00e1s lo necesitan.<\/p>\n<p>&nbsp;<\/p>\n<p><strong>QUE INCLUYE LA ACTIVIDAD:<\/strong><\/p>\n<ul>\n<li>Caminata entre vi\u00f1as.<\/li>\n<li>Desayuno con Copa de cava y \u00abcoca de forner\u00bb.<\/li>\n<li>Comida Gastron\u00f3mica.<\/li>\n<li>Cata de Vinos y Cavas de la Bodega.<\/li>\n<li>Concierto de m\u00fasica en directo.<\/li>\n<\/ul>\n<p>&nbsp;<\/p>\n<p><strong>IMPRESCINDIBLE RESERVA PREVIA<\/strong><\/p>\n<p>*Actividad para todos los p\u00fablicos<\/p>\n<p>&nbsp;<\/p>\n<div class=\"notranslate\" style=\"all: initial;\">&nbsp;<\/div>\n<\/div>\n","protected":false},"featured_media":33970,"template":"","meta":{"ngg_post_thumbnail":0},"product_brand":[],"product_cat":[300],"product_tag":[],"class_list":{"0":"post-14992","1":"product","2":"type-product","3":"status-publish","4":"has-post-thumbnail","6":"product_cat-enoturisme-es","8":"first","9":"outofstock","10":"shipping-taxable","11":"purchasable","12":"product-type-variable"},"yoast_head":"<!-- This site is optimized with the Yoast SEO Premium plugin v26.9 (Yoast SEO v26.9) - https:\/\/yoast.com\/product\/yoast-seo-premium-wordpress\/ -->\n<title>Cep passes solid\u00e0ries | Vins el Cep<\/title>\n<meta name=\"robots\" content=\"index, follow, max-snippet:-1, max-image-preview:large, max-video-preview:-1\" \/>\n<link rel=\"canonical\" href=\"https:\/\/vinselcep.com\/es\/botiga-cava-vins-enoturisme-barcelona\/enoturisme-es\/cep-passes\/\" \/>\n<meta property=\"og:locale\" content=\"es_ES\" \/>\n<meta property=\"og:type\" content=\"article\" \/>\n<meta property=\"og:title\" content=\"Cep passes solid\u00e0ries\" \/>\n<meta property=\"og:description\" content=\"FECHA Y HORA: SABADO 31 DE MAYO A LAS 10:00h DURACI\u00d3N: 5h aproximadamente Vuelve la Cep Passes Solid\u00e0ries.  Aprovechando el paisaje de primavera, y tras el \u00e9xito de las siete primeras ediciones, donde ya han participado m\u00e1s de 600 personas y se han conseguido hacia 11.000 euros, volvemos a organizar nuestra caminata solidaria entre vi\u00f1as. Se trata de recorrer a pie 5,5 kil\u00f3metros por nuestro paraje de vi\u00f1as.  Haciendo equipo con familiares o amigos podr\u00e9is participar en la gincana y demostrar lo que sab\u00e9is del mundo del vino. Un experto en Geolog\u00eda nos explicar\u00e1 cosas sobre el origen de nuestros suelos. A medio camino se har\u00e1 una parada donde degustaremos un cava acompa\u00f1ado de coca de proximidad.  Al llegar a la bodega disfrutaremos de una comida gastron\u00f3mica y podremos catar diferentes vinos y cavas de la bodega.  A continuaci\u00f3n, un grupo de m\u00fasica en directo nos animar\u00e1 la tarde. Esta experiencia se transformar\u00e1 en apoyo por la Fundaci\u00f3n Pasqual Maragall, para un futuro sin Alzheimer.  \u00a1Prep\u00e1rate para un d\u00eda muy especial lleno de sorpresas!  El 50% de todo lo que se recaude ser\u00e1 por donaci\u00f3n en apoyo esta causa.  La CEP PASSES SOLIDARIAS es m\u00e1s que una caminata, es un compromiso con quienes m\u00e1s lo necesitan.  &nbsp;  QUE INCLUYE LA ACTIVIDAD:   Caminata entre vi\u00f1as.  Desayuno con Copa de cava y &quot;coca de forner&quot;.  Comida Gastron\u00f3mica.  Cata de Vinos y Cavas de la Bodega.  Concierto de m\u00fasica en directo.  &nbsp;  IMPRESCINDIBLE RESERVA PREVIA  *Actividad para todos los p\u00fablicos  &nbsp; &nbsp;\" \/>\n<meta property=\"og:url\" content=\"https:\/\/vinselcep.com\/es\/botiga-cava-vins-enoturisme-barcelona\/enoturisme-es\/cep-passes\/\" \/>\n<meta property=\"og:site_name\" content=\"Vins el Cep\" \/>\n<meta property=\"article:publisher\" content=\"https:\/\/ca-es.facebook.com\/VinselCep\/\" \/>\n<meta property=\"article:modified_time\" content=\"2025-05-22T14:40:54+00:00\" \/>\n<meta property=\"og:image\" content=\"https:\/\/vinselcep.com\/wp-content\/uploads\/2021\/04\/cep-passes-solidaries.webp\" \/>\n\t<meta property=\"og:image:width\" content=\"764\" \/>\n\t<meta property=\"og:image:height\" content=\"1080\" \/>\n\t<meta property=\"og:image:type\" content=\"image\/webp\" \/>\n<meta name=\"twitter:card\" content=\"summary_large_image\" \/>\n<meta name=\"twitter:site\" content=\"@vinselcep\" \/>\n<meta name=\"twitter:label1\" content=\"Disponibilidad\" \/>\n\t<meta name=\"twitter:data1\" content=\"Sin existencias\" \/>\n<script type=\"application\/ld+json\" class=\"yoast-schema-graph\">{\"@context\":\"https:\/\/schema.org\",\"@graph\":[{\"@type\":[\"WebPage\",\"ItemPage\"],\"@id\":\"https:\/\/vinselcep.com\/es\/botiga-cava-vins-enoturisme-barcelona\/enoturisme-es\/cep-passes\/\",\"url\":\"https:\/\/vinselcep.com\/es\/botiga-cava-vins-enoturisme-barcelona\/enoturisme-es\/cep-passes\/\",\"name\":\"Cep passes solid\u00e0ries | Vins el Cep\",\"isPartOf\":{\"@id\":\"https:\/\/vinselcep.com\/es\/#website\"},\"primaryImageOfPage\":{\"@id\":\"https:\/\/vinselcep.com\/es\/botiga-cava-vins-enoturisme-barcelona\/enoturisme-es\/cep-passes\/#primaryimage\"},\"image\":{\"@id\":\"https:\/\/vinselcep.com\/es\/botiga-cava-vins-enoturisme-barcelona\/enoturisme-es\/cep-passes\/#primaryimage\"},\"thumbnailUrl\":\"https:\/\/vinselcep.com\/wp-content\/uploads\/2021\/04\/cep-passes-solidaries.webp\",\"datePublished\":\"2021-04-28T11:39:05+00:00\",\"dateModified\":\"2025-05-22T14:40:54+00:00\",\"breadcrumb\":{\"@id\":\"https:\/\/vinselcep.com\/es\/botiga-cava-vins-enoturisme-barcelona\/enoturisme-es\/cep-passes\/#breadcrumb\"},\"inLanguage\":\"es\",\"potentialAction\":[{\"@type\":\"ReadAction\",\"target\":[\"https:\/\/vinselcep.com\/es\/botiga-cava-vins-enoturisme-barcelona\/enoturisme-es\/cep-passes\/\"]}]},{\"@type\":\"ImageObject\",\"inLanguage\":\"es\",\"@id\":\"https:\/\/vinselcep.com\/es\/botiga-cava-vins-enoturisme-barcelona\/enoturisme-es\/cep-passes\/#primaryimage\",\"url\":\"https:\/\/vinselcep.com\/wp-content\/uploads\/2021\/04\/cep-passes-solidaries.webp\",\"contentUrl\":\"https:\/\/vinselcep.com\/wp-content\/uploads\/2021\/04\/cep-passes-solidaries.webp\",\"width\":764,\"height\":1080},{\"@type\":\"BreadcrumbList\",\"@id\":\"https:\/\/vinselcep.com\/es\/botiga-cava-vins-enoturisme-barcelona\/enoturisme-es\/cep-passes\/#breadcrumb\",\"itemListElement\":[{\"@type\":\"ListItem\",\"position\":1,\"name\":\"Inici\",\"item\":\"https:\/\/vinselcep.com\/es\/\"},{\"@type\":\"ListItem\",\"position\":2,\"name\":\"Comprar cava, vino y experiencias de enoturismo en el Pened\u00e8s (Barcelona)\",\"item\":\"https:\/\/vinselcep.com\/es\/tienda-cava-vinos-enoturismo-barcelona\/\"},{\"@type\":\"ListItem\",\"position\":3,\"name\":\"Cep passes solid\u00e0ries\"}]},{\"@type\":\"WebSite\",\"@id\":\"https:\/\/vinselcep.com\/es\/#website\",\"url\":\"https:\/\/vinselcep.com\/es\/\",\"name\":\"Vins el Cep\",\"description\":\"Viticultors des de 1448\",\"publisher\":{\"@id\":\"https:\/\/vinselcep.com\/es\/#organization\"},\"potentialAction\":[{\"@type\":\"SearchAction\",\"target\":{\"@type\":\"EntryPoint\",\"urlTemplate\":\"https:\/\/vinselcep.com\/es\/?s={search_term_string}\"},\"query-input\":{\"@type\":\"PropertyValueSpecification\",\"valueRequired\":true,\"valueName\":\"search_term_string\"}}],\"inLanguage\":\"es\"},{\"@type\":\"Organization\",\"@id\":\"https:\/\/vinselcep.com\/es\/#organization\",\"name\":\"Vins el Cep\",\"url\":\"https:\/\/vinselcep.com\/es\/\",\"logo\":{\"@type\":\"ImageObject\",\"inLanguage\":\"es\",\"@id\":\"https:\/\/vinselcep.com\/es\/#\/schema\/logo\/image\/\",\"url\":\"https:\/\/vinselcep.com\/wp-content\/uploads\/2020\/11\/logo-vinselcep-positiu.png\",\"contentUrl\":\"https:\/\/vinselcep.com\/wp-content\/uploads\/2020\/11\/logo-vinselcep-positiu.png\",\"width\":600,\"height\":379,\"caption\":\"Vins el Cep\"},\"image\":{\"@id\":\"https:\/\/vinselcep.com\/es\/#\/schema\/logo\/image\/\"},\"sameAs\":[\"https:\/\/ca-es.facebook.com\/VinselCep\/\",\"https:\/\/x.com\/vinselcep\",\"https:\/\/www.instagram.com\/vinselcep\/\"]}]}<\/script>\n<meta property=\"og:availability\" content=\"out of stock\" \/>\n<meta property=\"product:availability\" content=\"out of stock\" \/>\n<meta property=\"product:retailer_item_id\" content=\"43BGQ\" \/>\n<meta property=\"product:condition\" content=\"new\" \/>\n<!-- \/ Yoast SEO Premium plugin. -->","yoast_head_json":{"title":"Cep passes solid\u00e0ries | Vins el Cep","robots":{"index":"index","follow":"follow","max-snippet":"max-snippet:-1","max-image-preview":"max-image-preview:large","max-video-preview":"max-video-preview:-1"},"canonical":"https:\/\/vinselcep.com\/es\/botiga-cava-vins-enoturisme-barcelona\/enoturisme-es\/cep-passes\/","og_locale":"es_ES","og_type":"article","og_title":"Cep passes solid\u00e0ries","og_description":"FECHA Y HORA: SABADO 31 DE MAYO A LAS 10:00h DURACI\u00d3N: 5h aproximadamente Vuelve la Cep Passes Solid\u00e0ries.  Aprovechando el paisaje de primavera, y tras el \u00e9xito de las siete primeras ediciones, donde ya han participado m\u00e1s de 600 personas y se han conseguido hacia 11.000 euros, volvemos a organizar nuestra caminata solidaria entre vi\u00f1as. Se trata de recorrer a pie 5,5 kil\u00f3metros por nuestro paraje de vi\u00f1as.  Haciendo equipo con familiares o amigos podr\u00e9is participar en la gincana y demostrar lo que sab\u00e9is del mundo del vino. Un experto en Geolog\u00eda nos explicar\u00e1 cosas sobre el origen de nuestros suelos. A medio camino se har\u00e1 una parada donde degustaremos un cava acompa\u00f1ado de coca de proximidad.  Al llegar a la bodega disfrutaremos de una comida gastron\u00f3mica y podremos catar diferentes vinos y cavas de la bodega.  A continuaci\u00f3n, un grupo de m\u00fasica en directo nos animar\u00e1 la tarde. Esta experiencia se transformar\u00e1 en apoyo por la Fundaci\u00f3n Pasqual Maragall, para un futuro sin Alzheimer.  \u00a1Prep\u00e1rate para un d\u00eda muy especial lleno de sorpresas!  El 50% de todo lo que se recaude ser\u00e1 por donaci\u00f3n en apoyo esta causa.  La CEP PASSES SOLIDARIAS es m\u00e1s que una caminata, es un compromiso con quienes m\u00e1s lo necesitan.  &nbsp;  QUE INCLUYE LA ACTIVIDAD:   Caminata entre vi\u00f1as.  Desayuno con Copa de cava y \"coca de forner\".  Comida Gastron\u00f3mica.  Cata de Vinos y Cavas de la Bodega.  Concierto de m\u00fasica en directo.  &nbsp;  IMPRESCINDIBLE RESERVA PREVIA  *Actividad para todos los p\u00fablicos  &nbsp; &nbsp;","og_url":"https:\/\/vinselcep.com\/es\/botiga-cava-vins-enoturisme-barcelona\/enoturisme-es\/cep-passes\/","og_site_name":"Vins el Cep","article_publisher":"https:\/\/ca-es.facebook.com\/VinselCep\/","article_modified_time":"2025-05-22T14:40:54+00:00","og_image":[{"width":764,"height":1080,"url":"https:\/\/vinselcep.com\/wp-content\/uploads\/2021\/04\/cep-passes-solidaries.webp","type":"image\/webp"}],"twitter_card":"summary_large_image","twitter_site":"@vinselcep","twitter_misc":{"Disponibilidad":"Sin existencias"},"schema":{"@context":"https:\/\/schema.org","@graph":[{"@type":["WebPage","ItemPage"],"@id":"https:\/\/vinselcep.com\/es\/botiga-cava-vins-enoturisme-barcelona\/enoturisme-es\/cep-passes\/","url":"https:\/\/vinselcep.com\/es\/botiga-cava-vins-enoturisme-barcelona\/enoturisme-es\/cep-passes\/","name":"Cep passes solid\u00e0ries | Vins el Cep","isPartOf":{"@id":"https:\/\/vinselcep.com\/es\/#website"},"primaryImageOfPage":{"@id":"https:\/\/vinselcep.com\/es\/botiga-cava-vins-enoturisme-barcelona\/enoturisme-es\/cep-passes\/#primaryimage"},"image":{"@id":"https:\/\/vinselcep.com\/es\/botiga-cava-vins-enoturisme-barcelona\/enoturisme-es\/cep-passes\/#primaryimage"},"thumbnailUrl":"https:\/\/vinselcep.com\/wp-content\/uploads\/2021\/04\/cep-passes-solidaries.webp","datePublished":"2021-04-28T11:39:05+00:00","dateModified":"2025-05-22T14:40:54+00:00","breadcrumb":{"@id":"https:\/\/vinselcep.com\/es\/botiga-cava-vins-enoturisme-barcelona\/enoturisme-es\/cep-passes\/#breadcrumb"},"inLanguage":"es","potentialAction":[{"@type":"ReadAction","target":["https:\/\/vinselcep.com\/es\/botiga-cava-vins-enoturisme-barcelona\/enoturisme-es\/cep-passes\/"]}]},{"@type":"ImageObject","inLanguage":"es","@id":"https:\/\/vinselcep.com\/es\/botiga-cava-vins-enoturisme-barcelona\/enoturisme-es\/cep-passes\/#primaryimage","url":"https:\/\/vinselcep.com\/wp-content\/uploads\/2021\/04\/cep-passes-solidaries.webp","contentUrl":"https:\/\/vinselcep.com\/wp-content\/uploads\/2021\/04\/cep-passes-solidaries.webp","width":764,"height":1080},{"@type":"BreadcrumbList","@id":"https:\/\/vinselcep.com\/es\/botiga-cava-vins-enoturisme-barcelona\/enoturisme-es\/cep-passes\/#breadcrumb","itemListElement":[{"@type":"ListItem","position":1,"name":"Inici","item":"https:\/\/vinselcep.com\/es\/"},{"@type":"ListItem","position":2,"name":"Comprar cava, vino y experiencias de enoturismo en el Pened\u00e8s (Barcelona)","item":"https:\/\/vinselcep.com\/es\/tienda-cava-vinos-enoturismo-barcelona\/"},{"@type":"ListItem","position":3,"name":"Cep passes solid\u00e0ries"}]},{"@type":"WebSite","@id":"https:\/\/vinselcep.com\/es\/#website","url":"https:\/\/vinselcep.com\/es\/","name":"Vins el Cep","description":"Viticultors des de 1448","publisher":{"@id":"https:\/\/vinselcep.com\/es\/#organization"},"potentialAction":[{"@type":"SearchAction","target":{"@type":"EntryPoint","urlTemplate":"https:\/\/vinselcep.com\/es\/?s={search_term_string}"},"query-input":{"@type":"PropertyValueSpecification","valueRequired":true,"valueName":"search_term_string"}}],"inLanguage":"es"},{"@type":"Organization","@id":"https:\/\/vinselcep.com\/es\/#organization","name":"Vins el Cep","url":"https:\/\/vinselcep.com\/es\/","logo":{"@type":"ImageObject","inLanguage":"es","@id":"https:\/\/vinselcep.com\/es\/#\/schema\/logo\/image\/","url":"https:\/\/vinselcep.com\/wp-content\/uploads\/2020\/11\/logo-vinselcep-positiu.png","contentUrl":"https:\/\/vinselcep.com\/wp-content\/uploads\/2020\/11\/logo-vinselcep-positiu.png","width":600,"height":379,"caption":"Vins el Cep"},"image":{"@id":"https:\/\/vinselcep.com\/es\/#\/schema\/logo\/image\/"},"sameAs":["https:\/\/ca-es.facebook.com\/VinselCep\/","https:\/\/x.com\/vinselcep","https:\/\/www.instagram.com\/vinselcep\/"]}]},"og_availability":"out of stock","product_availability":"out of stock","product_retailer_item_id":"43BGQ","product_condition":"new"},"_links":{"self":[{"href":"https:\/\/vinselcep.com\/es\/wp-json\/wp\/v2\/product\/14992","targetHints":{"allow":["GET"]}}],"collection":[{"href":"https:\/\/vinselcep.com\/es\/wp-json\/wp\/v2\/product"}],"about":[{"href":"https:\/\/vinselcep.com\/es\/wp-json\/wp\/v2\/types\/product"}],"wp:featuredmedia":[{"embeddable":true,"href":"https:\/\/vinselcep.com\/es\/wp-json\/wp\/v2\/media\/33970"}],"wp:attachment":[{"href":"https:\/\/vinselcep.com\/es\/wp-json\/wp\/v2\/media?parent=14992"}],"wp:term":[{"taxonomy":"product_brand","embeddable":true,"href":"https:\/\/vinselcep.com\/es\/wp-json\/wp\/v2\/product_brand?post=14992"},{"taxonomy":"product_cat","embeddable":true,"href":"https:\/\/vinselcep.com\/es\/wp-json\/wp\/v2\/product_cat?post=14992"},{"taxonomy":"product_tag","embeddable":true,"href":"https:\/\/vinselcep.com\/es\/wp-json\/wp\/v2\/product_tag?post=14992"}],"curies":[{"name":"wp","href":"https:\/\/api.w.org\/{rel}","templated":true}]}}