{"id":14405,"date":"2021-01-12T10:38:52","date_gmt":"2021-01-12T10:38:54","guid":{"rendered":"https:\/\/vinselcep.com\/?post_type=product&#038;p=14405"},"modified":"2021-12-17T13:28:11","modified_gmt":"2021-12-17T13:28:11","slug":"coleccion-vino-blanco","status":"publish","type":"product","link":"https:\/\/vinselcep.com\/es\/botiga-cava-vins-enoturisme-barcelona\/colecciones\/coleccion-vino-blanco\/","title":{"rendered":"Colecci\u00f3n Vino Blanco"},"content":{"rendered":"<p>La colecci\u00f3n est\u00e1 compuesta por:<\/p>\n<ul>\n<li><a href=\"https:\/\/vinselcep.com\/es\/producto\/ot-blanc-de-terrer\/\">Ot de Vins El Cep Blanc de Terrer<\/a>, 2021<\/li>\n<li><a href=\"https:\/\/vinselcep.com\/es\/producto\/gr5-senders-xarelo-de-terrer\/\">GR5 Senders Xarel\u00b7lo de Terrer<\/a>, 2020<\/li>\n<li><a href=\"https:\/\/vinselcep.com\/es\/producto\/clot-del-roure\/\">Clot del Roure<\/a>, Xarel\u00b7lo, 2020<\/li>\n<\/ul>\n","protected":false},"excerpt":{"rendered":"<p>&nbsp;<\/p>\n<p>Colecci\u00f3n para los amantes de los vinos blancos. Los tres vinos blancos por excelencia de Vins El Cep. Tres vinos 100% xarel\u00b7lo.<\/p>\n<p>La representaci\u00f3n del xarel\u00b7lo en su expresi\u00f3n m\u00e1s pura y evolutiva.<\/p>\n","protected":false},"featured_media":14408,"template":"","meta":{"ngg_post_thumbnail":0},"product_brand":[],"product_cat":[255],"product_tag":[],"class_list":{"0":"post-14405","1":"product","2":"type-product","3":"status-publish","4":"has-post-thumbnail","6":"product_cat-colecciones","8":"first","9":"instock","10":"shipping-taxable","11":"purchasable","12":"product-type-simple"},"yoast_head":"<!-- This site is optimized with the Yoast SEO Premium plugin v26.9 (Yoast SEO v26.9) - https:\/\/yoast.com\/product\/yoast-seo-premium-wordpress\/ -->\n<title>Colecci\u00f3n Vino Blanco | Vins el Cep<\/title>\n<meta name=\"description\" content=\"Colecci\u00f3n para los amantes de los vinos blancos. Los tres vinos blancos por excelencia de Vins El Cep. Tres vinos 100% xarel\u00b7lo.La representaci\u00f3n del xarel\u00b7lo en su expresi\u00f3n m\u00e1s pura y evolutiva.\" \/>\n<meta name=\"robots\" content=\"index, follow, max-snippet:-1, max-image-preview:large, max-video-preview:-1\" \/>\n<link rel=\"canonical\" href=\"https:\/\/vinselcep.com\/es\/botiga-cava-vins-enoturisme-barcelona\/colecciones\/coleccion-vino-blanco\/\" \/>\n<meta property=\"og:locale\" content=\"es_ES\" \/>\n<meta property=\"og:type\" content=\"article\" \/>\n<meta property=\"og:title\" content=\"Colecci\u00f3n Vino Blanco\" \/>\n<meta property=\"og:description\" content=\"Colecci\u00f3n para los amantes de los vinos blancos. Los tres vinos blancos por excelencia de Vins El Cep. Tres vinos 100% xarel\u00b7lo.La representaci\u00f3n del xarel\u00b7lo en su expresi\u00f3n m\u00e1s pura y evolutiva.\" \/>\n<meta property=\"og:url\" content=\"https:\/\/vinselcep.com\/es\/botiga-cava-vins-enoturisme-barcelona\/colecciones\/coleccion-vino-blanco\/\" \/>\n<meta property=\"og:site_name\" content=\"Vins el Cep\" \/>\n<meta property=\"article:publisher\" content=\"https:\/\/ca-es.facebook.com\/VinselCep\/\" \/>\n<meta property=\"article:modified_time\" content=\"2021-12-17T13:28:11+00:00\" \/>\n<meta property=\"og:image\" content=\"https:\/\/vinselcep.com\/wp-content\/uploads\/2021\/01\/coleccio-vi-blanc-botiga.jpg\" \/>\n\t<meta property=\"og:image:width\" content=\"800\" \/>\n\t<meta property=\"og:image:height\" content=\"800\" \/>\n\t<meta property=\"og:image:type\" content=\"image\/jpeg\" \/>\n<meta name=\"twitter:card\" content=\"summary_large_image\" \/>\n<meta name=\"twitter:site\" content=\"@vinselcep\" \/>\n<meta name=\"twitter:label1\" content=\"Precio\" \/>\n\t<meta name=\"twitter:data1\" content=\"&euro;37.40\" \/>\n\t<meta name=\"twitter:label2\" content=\"Disponibilidad\" \/>\n\t<meta name=\"twitter:data2\" content=\"Disponible\" \/>\n<script type=\"application\/ld+json\" class=\"yoast-schema-graph\">{\"@context\":\"https:\/\/schema.org\",\"@graph\":[{\"@type\":[\"WebPage\",\"ItemPage\"],\"@id\":\"https:\/\/vinselcep.com\/es\/botiga-cava-vins-enoturisme-barcelona\/colecciones\/coleccion-vino-blanco\/\",\"url\":\"https:\/\/vinselcep.com\/es\/botiga-cava-vins-enoturisme-barcelona\/colecciones\/coleccion-vino-blanco\/\",\"name\":\"Colecci\u00f3n Vino Blanco | Vins el Cep\",\"isPartOf\":{\"@id\":\"https:\/\/vinselcep.com\/es\/#website\"},\"primaryImageOfPage\":{\"@id\":\"https:\/\/vinselcep.com\/es\/botiga-cava-vins-enoturisme-barcelona\/colecciones\/coleccion-vino-blanco\/#primaryimage\"},\"image\":{\"@id\":\"https:\/\/vinselcep.com\/es\/botiga-cava-vins-enoturisme-barcelona\/colecciones\/coleccion-vino-blanco\/#primaryimage\"},\"thumbnailUrl\":\"https:\/\/vinselcep.com\/wp-content\/uploads\/2021\/01\/coleccio-vi-blanc-botiga.jpg\",\"datePublished\":\"2021-01-12T10:38:54+00:00\",\"dateModified\":\"2021-12-17T13:28:11+00:00\",\"description\":\"Colecci\u00f3n para los amantes de los vinos blancos. Los tres vinos blancos por excelencia de Vins El Cep. Tres vinos 100% xarel\u00b7lo.La representaci\u00f3n del xarel\u00b7lo en su expresi\u00f3n m\u00e1s pura y evolutiva.\",\"breadcrumb\":{\"@id\":\"https:\/\/vinselcep.com\/es\/botiga-cava-vins-enoturisme-barcelona\/colecciones\/coleccion-vino-blanco\/#breadcrumb\"},\"inLanguage\":\"es\",\"potentialAction\":[{\"@type\":\"ReadAction\",\"target\":[\"https:\/\/vinselcep.com\/es\/botiga-cava-vins-enoturisme-barcelona\/colecciones\/coleccion-vino-blanco\/\"]}]},{\"@type\":\"ImageObject\",\"inLanguage\":\"es\",\"@id\":\"https:\/\/vinselcep.com\/es\/botiga-cava-vins-enoturisme-barcelona\/colecciones\/coleccion-vino-blanco\/#primaryimage\",\"url\":\"https:\/\/vinselcep.com\/wp-content\/uploads\/2021\/01\/coleccio-vi-blanc-botiga.jpg\",\"contentUrl\":\"https:\/\/vinselcep.com\/wp-content\/uploads\/2021\/01\/coleccio-vi-blanc-botiga.jpg\",\"width\":800,\"height\":800,\"caption\":\"Col\u00b7lecci\u00f3 Vi Blanc Botiga\"},{\"@type\":\"BreadcrumbList\",\"@id\":\"https:\/\/vinselcep.com\/es\/botiga-cava-vins-enoturisme-barcelona\/colecciones\/coleccion-vino-blanco\/#breadcrumb\",\"itemListElement\":[{\"@type\":\"ListItem\",\"position\":1,\"name\":\"Inici\",\"item\":\"https:\/\/vinselcep.com\/es\/\"},{\"@type\":\"ListItem\",\"position\":2,\"name\":\"Comprar cava, vino y experiencias de enoturismo en el Pened\u00e8s (Barcelona)\",\"item\":\"https:\/\/vinselcep.com\/es\/tienda-cava-vinos-enoturismo-barcelona\/\"},{\"@type\":\"ListItem\",\"position\":3,\"name\":\"Colecci\u00f3n Vino Blanco\"}]},{\"@type\":\"WebSite\",\"@id\":\"https:\/\/vinselcep.com\/es\/#website\",\"url\":\"https:\/\/vinselcep.com\/es\/\",\"name\":\"Vins el Cep\",\"description\":\"Viticultors des de 1448\",\"publisher\":{\"@id\":\"https:\/\/vinselcep.com\/es\/#organization\"},\"potentialAction\":[{\"@type\":\"SearchAction\",\"target\":{\"@type\":\"EntryPoint\",\"urlTemplate\":\"https:\/\/vinselcep.com\/es\/?s={search_term_string}\"},\"query-input\":{\"@type\":\"PropertyValueSpecification\",\"valueRequired\":true,\"valueName\":\"search_term_string\"}}],\"inLanguage\":\"es\"},{\"@type\":\"Organization\",\"@id\":\"https:\/\/vinselcep.com\/es\/#organization\",\"name\":\"Vins el Cep\",\"url\":\"https:\/\/vinselcep.com\/es\/\",\"logo\":{\"@type\":\"ImageObject\",\"inLanguage\":\"es\",\"@id\":\"https:\/\/vinselcep.com\/es\/#\/schema\/logo\/image\/\",\"url\":\"https:\/\/vinselcep.com\/wp-content\/uploads\/2020\/11\/logo-vinselcep-positiu.png\",\"contentUrl\":\"https:\/\/vinselcep.com\/wp-content\/uploads\/2020\/11\/logo-vinselcep-positiu.png\",\"width\":600,\"height\":379,\"caption\":\"Vins el Cep\"},\"image\":{\"@id\":\"https:\/\/vinselcep.com\/es\/#\/schema\/logo\/image\/\"},\"sameAs\":[\"https:\/\/ca-es.facebook.com\/VinselCep\/\",\"https:\/\/x.com\/vinselcep\",\"https:\/\/www.instagram.com\/vinselcep\/\"]}]}<\/script>\n<meta property=\"product:price:amount\" content=\"37.40\" \/>\n<meta property=\"product:price:currency\" content=\"EUR\" \/>\n<meta property=\"og:availability\" content=\"instock\" \/>\n<meta property=\"product:availability\" content=\"instock\" \/>\n<meta property=\"product:retailer_item_id\" content=\"9SJCC\" \/>\n<meta property=\"product:condition\" content=\"new\" \/>\n<!-- \/ Yoast SEO Premium plugin. -->","yoast_head_json":{"title":"Colecci\u00f3n Vino Blanco | Vins el Cep","description":"Colecci\u00f3n para los amantes de los vinos blancos. Los tres vinos blancos por excelencia de Vins El Cep. Tres vinos 100% xarel\u00b7lo.La representaci\u00f3n del xarel\u00b7lo en su expresi\u00f3n m\u00e1s pura y evolutiva.","robots":{"index":"index","follow":"follow","max-snippet":"max-snippet:-1","max-image-preview":"max-image-preview:large","max-video-preview":"max-video-preview:-1"},"canonical":"https:\/\/vinselcep.com\/es\/botiga-cava-vins-enoturisme-barcelona\/colecciones\/coleccion-vino-blanco\/","og_locale":"es_ES","og_type":"article","og_title":"Colecci\u00f3n Vino Blanco","og_description":"Colecci\u00f3n para los amantes de los vinos blancos. Los tres vinos blancos por excelencia de Vins El Cep. Tres vinos 100% xarel\u00b7lo.La representaci\u00f3n del xarel\u00b7lo en su expresi\u00f3n m\u00e1s pura y evolutiva.","og_url":"https:\/\/vinselcep.com\/es\/botiga-cava-vins-enoturisme-barcelona\/colecciones\/coleccion-vino-blanco\/","og_site_name":"Vins el Cep","article_publisher":"https:\/\/ca-es.facebook.com\/VinselCep\/","article_modified_time":"2021-12-17T13:28:11+00:00","og_image":[{"width":800,"height":800,"url":"https:\/\/vinselcep.com\/wp-content\/uploads\/2021\/01\/coleccio-vi-blanc-botiga.jpg","type":"image\/jpeg"}],"twitter_card":"summary_large_image","twitter_site":"@vinselcep","twitter_misc":{"Precio":"&euro;37.40","Disponibilidad":"Disponible"},"schema":{"@context":"https:\/\/schema.org","@graph":[{"@type":["WebPage","ItemPage"],"@id":"https:\/\/vinselcep.com\/es\/botiga-cava-vins-enoturisme-barcelona\/colecciones\/coleccion-vino-blanco\/","url":"https:\/\/vinselcep.com\/es\/botiga-cava-vins-enoturisme-barcelona\/colecciones\/coleccion-vino-blanco\/","name":"Colecci\u00f3n Vino Blanco | Vins el Cep","isPartOf":{"@id":"https:\/\/vinselcep.com\/es\/#website"},"primaryImageOfPage":{"@id":"https:\/\/vinselcep.com\/es\/botiga-cava-vins-enoturisme-barcelona\/colecciones\/coleccion-vino-blanco\/#primaryimage"},"image":{"@id":"https:\/\/vinselcep.com\/es\/botiga-cava-vins-enoturisme-barcelona\/colecciones\/coleccion-vino-blanco\/#primaryimage"},"thumbnailUrl":"https:\/\/vinselcep.com\/wp-content\/uploads\/2021\/01\/coleccio-vi-blanc-botiga.jpg","datePublished":"2021-01-12T10:38:54+00:00","dateModified":"2021-12-17T13:28:11+00:00","description":"Colecci\u00f3n para los amantes de los vinos blancos. Los tres vinos blancos por excelencia de Vins El Cep. Tres vinos 100% xarel\u00b7lo.La representaci\u00f3n del xarel\u00b7lo en su expresi\u00f3n m\u00e1s pura y evolutiva.","breadcrumb":{"@id":"https:\/\/vinselcep.com\/es\/botiga-cava-vins-enoturisme-barcelona\/colecciones\/coleccion-vino-blanco\/#breadcrumb"},"inLanguage":"es","potentialAction":[{"@type":"ReadAction","target":["https:\/\/vinselcep.com\/es\/botiga-cava-vins-enoturisme-barcelona\/colecciones\/coleccion-vino-blanco\/"]}]},{"@type":"ImageObject","inLanguage":"es","@id":"https:\/\/vinselcep.com\/es\/botiga-cava-vins-enoturisme-barcelona\/colecciones\/coleccion-vino-blanco\/#primaryimage","url":"https:\/\/vinselcep.com\/wp-content\/uploads\/2021\/01\/coleccio-vi-blanc-botiga.jpg","contentUrl":"https:\/\/vinselcep.com\/wp-content\/uploads\/2021\/01\/coleccio-vi-blanc-botiga.jpg","width":800,"height":800,"caption":"Col\u00b7lecci\u00f3 Vi Blanc Botiga"},{"@type":"BreadcrumbList","@id":"https:\/\/vinselcep.com\/es\/botiga-cava-vins-enoturisme-barcelona\/colecciones\/coleccion-vino-blanco\/#breadcrumb","itemListElement":[{"@type":"ListItem","position":1,"name":"Inici","item":"https:\/\/vinselcep.com\/es\/"},{"@type":"ListItem","position":2,"name":"Comprar cava, vino y experiencias de enoturismo en el Pened\u00e8s (Barcelona)","item":"https:\/\/vinselcep.com\/es\/tienda-cava-vinos-enoturismo-barcelona\/"},{"@type":"ListItem","position":3,"name":"Colecci\u00f3n Vino Blanco"}]},{"@type":"WebSite","@id":"https:\/\/vinselcep.com\/es\/#website","url":"https:\/\/vinselcep.com\/es\/","name":"Vins el Cep","description":"Viticultors des de 1448","publisher":{"@id":"https:\/\/vinselcep.com\/es\/#organization"},"potentialAction":[{"@type":"SearchAction","target":{"@type":"EntryPoint","urlTemplate":"https:\/\/vinselcep.com\/es\/?s={search_term_string}"},"query-input":{"@type":"PropertyValueSpecification","valueRequired":true,"valueName":"search_term_string"}}],"inLanguage":"es"},{"@type":"Organization","@id":"https:\/\/vinselcep.com\/es\/#organization","name":"Vins el Cep","url":"https:\/\/vinselcep.com\/es\/","logo":{"@type":"ImageObject","inLanguage":"es","@id":"https:\/\/vinselcep.com\/es\/#\/schema\/logo\/image\/","url":"https:\/\/vinselcep.com\/wp-content\/uploads\/2020\/11\/logo-vinselcep-positiu.png","contentUrl":"https:\/\/vinselcep.com\/wp-content\/uploads\/2020\/11\/logo-vinselcep-positiu.png","width":600,"height":379,"caption":"Vins el Cep"},"image":{"@id":"https:\/\/vinselcep.com\/es\/#\/schema\/logo\/image\/"},"sameAs":["https:\/\/ca-es.facebook.com\/VinselCep\/","https:\/\/x.com\/vinselcep","https:\/\/www.instagram.com\/vinselcep\/"]}]},"product_price_amount":"37.40","product_price_currency":"EUR","og_availability":"instock","product_availability":"instock","product_retailer_item_id":"9SJCC","product_condition":"new"},"_links":{"self":[{"href":"https:\/\/vinselcep.com\/es\/wp-json\/wp\/v2\/product\/14405","targetHints":{"allow":["GET"]}}],"collection":[{"href":"https:\/\/vinselcep.com\/es\/wp-json\/wp\/v2\/product"}],"about":[{"href":"https:\/\/vinselcep.com\/es\/wp-json\/wp\/v2\/types\/product"}],"wp:featuredmedia":[{"embeddable":true,"href":"https:\/\/vinselcep.com\/es\/wp-json\/wp\/v2\/media\/14408"}],"wp:attachment":[{"href":"https:\/\/vinselcep.com\/es\/wp-json\/wp\/v2\/media?parent=14405"}],"wp:term":[{"taxonomy":"product_brand","embeddable":true,"href":"https:\/\/vinselcep.com\/es\/wp-json\/wp\/v2\/product_brand?post=14405"},{"taxonomy":"product_cat","embeddable":true,"href":"https:\/\/vinselcep.com\/es\/wp-json\/wp\/v2\/product_cat?post=14405"},{"taxonomy":"product_tag","embeddable":true,"href":"https:\/\/vinselcep.com\/es\/wp-json\/wp\/v2\/product_tag?post=14405"}],"curies":[{"name":"wp","href":"https:\/\/api.w.org\/{rel}","templated":true}]}}