{"id":13273,"date":"2015-12-31T07:50:13","date_gmt":"2015-12-31T07:50:13","guid":{"rendered":"https:\/\/vinselcep.com\/product\/ot-blanc-de-terrer\/"},"modified":"2025-02-26T12:37:27","modified_gmt":"2025-02-26T11:37:27","slug":"ot-blanc-de-terrer","status":"publish","type":"product","link":"https:\/\/vinselcep.com\/es\/botiga-cava-vins-enoturisme-barcelona\/vino-blanco\/ot-blanc-de-terrer\/","title":{"rendered":"Ot de Vins El Cep Blanc de Terrer"},"content":{"rendered":"<p>A\u00f1ada 2024<\/p>\n<p><span style=\"font-weight: 400;\">100% Xarel\u00b7lo<\/span><\/p>\n","protected":false},"excerpt":{"rendered":"<p>&nbsp;<\/p>\n<p>Nota de cata:<\/p>\n<p>Nariz muy delicada donde se aprecian notas de fruta blanca como la manzana y pera. Buen paso de boca, delicada riqueza de matices en muy buena sinton\u00eda. Ligeros toques herb\u00e1ceos, hinojo y una marcada acidez.<\/p>\n","protected":false},"featured_media":13897,"template":"","meta":{"ngg_post_thumbnail":0},"product_brand":[],"product_cat":[85],"product_tag":[207,215],"class_list":{"0":"post-13273","1":"product","2":"type-product","3":"status-publish","4":"has-post-thumbnail","6":"product_cat-vino-blanco","7":"product_tag-ot-es","8":"product_tag-xarelo-es","10":"first","11":"instock","12":"shipping-taxable","13":"purchasable","14":"product-type-variable","15":"has-default-attributes"},"yoast_head":"<!-- This site is optimized with the Yoast SEO Premium plugin v26.9 (Yoast SEO v26.9) - https:\/\/yoast.com\/product\/yoast-seo-premium-wordpress\/ -->\n<title>Comprar Ot de Vins El Cep. Vino blanco de terroir de viticultura ecol\u00f3gica y biodin\u00e1mica. | Vins el Cep<\/title>\n<meta name=\"description\" content=\"Comprar vino blanco ecol\u00f3gico joven de terroir. Con marcado car\u00e1cter mediterr\u00e1neo por su frescura e intensidad arom\u00e1tica. DO. Pened\u00e9s. Variedad: 100% Xarel\u00b7lo. Viticultura biodin\u00e1mica.\" \/>\n<meta name=\"robots\" content=\"index, follow, max-snippet:-1, max-image-preview:large, max-video-preview:-1\" \/>\n<link rel=\"canonical\" href=\"https:\/\/vinselcep.com\/es\/botiga-cava-vins-enoturisme-barcelona\/vino-blanco\/ot-blanc-de-terrer\/\" \/>\n<meta property=\"og:locale\" content=\"es_ES\" \/>\n<meta property=\"og:type\" content=\"article\" \/>\n<meta property=\"og:title\" content=\"Ot de Vins El Cep Blanc de Terrer\" \/>\n<meta property=\"og:description\" content=\"Comprar vino blanco ecol\u00f3gico joven de terroir. Con marcado car\u00e1cter mediterr\u00e1neo por su frescura e intensidad arom\u00e1tica. DO. Pened\u00e9s. Variedad: 100% Xarel\u00b7lo. Viticultura biodin\u00e1mica.\" \/>\n<meta property=\"og:url\" content=\"https:\/\/vinselcep.com\/es\/botiga-cava-vins-enoturisme-barcelona\/vino-blanco\/ot-blanc-de-terrer\/\" \/>\n<meta property=\"og:site_name\" content=\"Vins el Cep\" \/>\n<meta property=\"article:publisher\" content=\"https:\/\/ca-es.facebook.com\/VinselCep\/\" \/>\n<meta property=\"article:modified_time\" content=\"2025-02-26T11:37:27+00:00\" \/>\n<meta property=\"og:image\" content=\"https:\/\/vinselcep.com\/wp-content\/uploads\/2020\/12\/ot-de-vins-el-cep-blanc-de-terrer-botiga.jpg\" \/>\n\t<meta property=\"og:image:width\" content=\"800\" \/>\n\t<meta property=\"og:image:height\" content=\"800\" \/>\n\t<meta property=\"og:image:type\" content=\"image\/jpeg\" \/>\n<meta name=\"twitter:card\" content=\"summary_large_image\" \/>\n<meta name=\"twitter:site\" content=\"@vinselcep\" \/>\n<meta name=\"twitter:label1\" content=\"Disponibilidad\" \/>\n\t<meta name=\"twitter:data1\" content=\"Disponible\" \/>\n<script type=\"application\/ld+json\" class=\"yoast-schema-graph\">{\"@context\":\"https:\/\/schema.org\",\"@graph\":[{\"@type\":[\"WebPage\",\"ItemPage\"],\"@id\":\"https:\/\/vinselcep.com\/es\/botiga-cava-vins-enoturisme-barcelona\/vino-blanco\/ot-blanc-de-terrer\/\",\"url\":\"https:\/\/vinselcep.com\/es\/botiga-cava-vins-enoturisme-barcelona\/vino-blanco\/ot-blanc-de-terrer\/\",\"name\":\"Comprar Ot de Vins El Cep. Vino blanco de terroir de viticultura ecol\u00f3gica y biodin\u00e1mica. | Vins el Cep\",\"isPartOf\":{\"@id\":\"https:\/\/vinselcep.com\/es\/#website\"},\"primaryImageOfPage\":{\"@id\":\"https:\/\/vinselcep.com\/es\/botiga-cava-vins-enoturisme-barcelona\/vino-blanco\/ot-blanc-de-terrer\/#primaryimage\"},\"image\":{\"@id\":\"https:\/\/vinselcep.com\/es\/botiga-cava-vins-enoturisme-barcelona\/vino-blanco\/ot-blanc-de-terrer\/#primaryimage\"},\"thumbnailUrl\":\"https:\/\/vinselcep.com\/wp-content\/uploads\/2020\/12\/ot-de-vins-el-cep-blanc-de-terrer-botiga.jpg\",\"datePublished\":\"2015-12-31T07:50:13+00:00\",\"dateModified\":\"2025-02-26T11:37:27+00:00\",\"description\":\"Comprar vino blanco ecol\u00f3gico joven de terroir. Con marcado car\u00e1cter mediterr\u00e1neo por su frescura e intensidad arom\u00e1tica. DO. Pened\u00e9s. Variedad: 100% Xarel\u00b7lo. Viticultura biodin\u00e1mica.\",\"breadcrumb\":{\"@id\":\"https:\/\/vinselcep.com\/es\/botiga-cava-vins-enoturisme-barcelona\/vino-blanco\/ot-blanc-de-terrer\/#breadcrumb\"},\"inLanguage\":\"es\",\"potentialAction\":[{\"@type\":\"ReadAction\",\"target\":[\"https:\/\/vinselcep.com\/es\/botiga-cava-vins-enoturisme-barcelona\/vino-blanco\/ot-blanc-de-terrer\/\"]}]},{\"@type\":\"ImageObject\",\"inLanguage\":\"es\",\"@id\":\"https:\/\/vinselcep.com\/es\/botiga-cava-vins-enoturisme-barcelona\/vino-blanco\/ot-blanc-de-terrer\/#primaryimage\",\"url\":\"https:\/\/vinselcep.com\/wp-content\/uploads\/2020\/12\/ot-de-vins-el-cep-blanc-de-terrer-botiga.jpg\",\"contentUrl\":\"https:\/\/vinselcep.com\/wp-content\/uploads\/2020\/12\/ot-de-vins-el-cep-blanc-de-terrer-botiga.jpg\",\"width\":800,\"height\":800,\"caption\":\"Ot de Vins el Cep Blanc de Terrer\"},{\"@type\":\"BreadcrumbList\",\"@id\":\"https:\/\/vinselcep.com\/es\/botiga-cava-vins-enoturisme-barcelona\/vino-blanco\/ot-blanc-de-terrer\/#breadcrumb\",\"itemListElement\":[{\"@type\":\"ListItem\",\"position\":1,\"name\":\"Inici\",\"item\":\"https:\/\/vinselcep.com\/es\/\"},{\"@type\":\"ListItem\",\"position\":2,\"name\":\"Comprar cava, vino y experiencias de enoturismo en el Pened\u00e8s (Barcelona)\",\"item\":\"https:\/\/vinselcep.com\/es\/tienda-cava-vinos-enoturismo-barcelona\/\"},{\"@type\":\"ListItem\",\"position\":3,\"name\":\"Ot de Vins El Cep Blanc de Terrer\"}]},{\"@type\":\"WebSite\",\"@id\":\"https:\/\/vinselcep.com\/es\/#website\",\"url\":\"https:\/\/vinselcep.com\/es\/\",\"name\":\"Vins el Cep\",\"description\":\"Viticultors des de 1448\",\"publisher\":{\"@id\":\"https:\/\/vinselcep.com\/es\/#organization\"},\"potentialAction\":[{\"@type\":\"SearchAction\",\"target\":{\"@type\":\"EntryPoint\",\"urlTemplate\":\"https:\/\/vinselcep.com\/es\/?s={search_term_string}\"},\"query-input\":{\"@type\":\"PropertyValueSpecification\",\"valueRequired\":true,\"valueName\":\"search_term_string\"}}],\"inLanguage\":\"es\"},{\"@type\":\"Organization\",\"@id\":\"https:\/\/vinselcep.com\/es\/#organization\",\"name\":\"Vins el Cep\",\"url\":\"https:\/\/vinselcep.com\/es\/\",\"logo\":{\"@type\":\"ImageObject\",\"inLanguage\":\"es\",\"@id\":\"https:\/\/vinselcep.com\/es\/#\/schema\/logo\/image\/\",\"url\":\"https:\/\/vinselcep.com\/wp-content\/uploads\/2020\/11\/logo-vinselcep-positiu.png\",\"contentUrl\":\"https:\/\/vinselcep.com\/wp-content\/uploads\/2020\/11\/logo-vinselcep-positiu.png\",\"width\":600,\"height\":379,\"caption\":\"Vins el Cep\"},\"image\":{\"@id\":\"https:\/\/vinselcep.com\/es\/#\/schema\/logo\/image\/\"},\"sameAs\":[\"https:\/\/ca-es.facebook.com\/VinselCep\/\",\"https:\/\/x.com\/vinselcep\",\"https:\/\/www.instagram.com\/vinselcep\/\"]}]}<\/script>\n<meta property=\"og:availability\" content=\"instock\" \/>\n<meta property=\"product:availability\" content=\"instock\" \/>\n<meta property=\"product:retailer_item_id\" content=\"8BVW6\" \/>\n<meta property=\"product:condition\" content=\"new\" \/>\n<!-- \/ Yoast SEO Premium plugin. -->","yoast_head_json":{"title":"Comprar Ot de Vins El Cep. Vino blanco de terroir de viticultura ecol\u00f3gica y biodin\u00e1mica. | Vins el Cep","description":"Comprar vino blanco ecol\u00f3gico joven de terroir. Con marcado car\u00e1cter mediterr\u00e1neo por su frescura e intensidad arom\u00e1tica. DO. Pened\u00e9s. Variedad: 100% Xarel\u00b7lo. Viticultura biodin\u00e1mica.","robots":{"index":"index","follow":"follow","max-snippet":"max-snippet:-1","max-image-preview":"max-image-preview:large","max-video-preview":"max-video-preview:-1"},"canonical":"https:\/\/vinselcep.com\/es\/botiga-cava-vins-enoturisme-barcelona\/vino-blanco\/ot-blanc-de-terrer\/","og_locale":"es_ES","og_type":"article","og_title":"Ot de Vins El Cep Blanc de Terrer","og_description":"Comprar vino blanco ecol\u00f3gico joven de terroir. Con marcado car\u00e1cter mediterr\u00e1neo por su frescura e intensidad arom\u00e1tica. DO. Pened\u00e9s. Variedad: 100% Xarel\u00b7lo. Viticultura biodin\u00e1mica.","og_url":"https:\/\/vinselcep.com\/es\/botiga-cava-vins-enoturisme-barcelona\/vino-blanco\/ot-blanc-de-terrer\/","og_site_name":"Vins el Cep","article_publisher":"https:\/\/ca-es.facebook.com\/VinselCep\/","article_modified_time":"2025-02-26T11:37:27+00:00","og_image":[{"width":800,"height":800,"url":"https:\/\/vinselcep.com\/wp-content\/uploads\/2020\/12\/ot-de-vins-el-cep-blanc-de-terrer-botiga.jpg","type":"image\/jpeg"}],"twitter_card":"summary_large_image","twitter_site":"@vinselcep","twitter_misc":{"Disponibilidad":"Disponible"},"schema":{"@context":"https:\/\/schema.org","@graph":[{"@type":["WebPage","ItemPage"],"@id":"https:\/\/vinselcep.com\/es\/botiga-cava-vins-enoturisme-barcelona\/vino-blanco\/ot-blanc-de-terrer\/","url":"https:\/\/vinselcep.com\/es\/botiga-cava-vins-enoturisme-barcelona\/vino-blanco\/ot-blanc-de-terrer\/","name":"Comprar Ot de Vins El Cep. Vino blanco de terroir de viticultura ecol\u00f3gica y biodin\u00e1mica. | Vins el Cep","isPartOf":{"@id":"https:\/\/vinselcep.com\/es\/#website"},"primaryImageOfPage":{"@id":"https:\/\/vinselcep.com\/es\/botiga-cava-vins-enoturisme-barcelona\/vino-blanco\/ot-blanc-de-terrer\/#primaryimage"},"image":{"@id":"https:\/\/vinselcep.com\/es\/botiga-cava-vins-enoturisme-barcelona\/vino-blanco\/ot-blanc-de-terrer\/#primaryimage"},"thumbnailUrl":"https:\/\/vinselcep.com\/wp-content\/uploads\/2020\/12\/ot-de-vins-el-cep-blanc-de-terrer-botiga.jpg","datePublished":"2015-12-31T07:50:13+00:00","dateModified":"2025-02-26T11:37:27+00:00","description":"Comprar vino blanco ecol\u00f3gico joven de terroir. Con marcado car\u00e1cter mediterr\u00e1neo por su frescura e intensidad arom\u00e1tica. DO. Pened\u00e9s. Variedad: 100% Xarel\u00b7lo. Viticultura biodin\u00e1mica.","breadcrumb":{"@id":"https:\/\/vinselcep.com\/es\/botiga-cava-vins-enoturisme-barcelona\/vino-blanco\/ot-blanc-de-terrer\/#breadcrumb"},"inLanguage":"es","potentialAction":[{"@type":"ReadAction","target":["https:\/\/vinselcep.com\/es\/botiga-cava-vins-enoturisme-barcelona\/vino-blanco\/ot-blanc-de-terrer\/"]}]},{"@type":"ImageObject","inLanguage":"es","@id":"https:\/\/vinselcep.com\/es\/botiga-cava-vins-enoturisme-barcelona\/vino-blanco\/ot-blanc-de-terrer\/#primaryimage","url":"https:\/\/vinselcep.com\/wp-content\/uploads\/2020\/12\/ot-de-vins-el-cep-blanc-de-terrer-botiga.jpg","contentUrl":"https:\/\/vinselcep.com\/wp-content\/uploads\/2020\/12\/ot-de-vins-el-cep-blanc-de-terrer-botiga.jpg","width":800,"height":800,"caption":"Ot de Vins el Cep Blanc de Terrer"},{"@type":"BreadcrumbList","@id":"https:\/\/vinselcep.com\/es\/botiga-cava-vins-enoturisme-barcelona\/vino-blanco\/ot-blanc-de-terrer\/#breadcrumb","itemListElement":[{"@type":"ListItem","position":1,"name":"Inici","item":"https:\/\/vinselcep.com\/es\/"},{"@type":"ListItem","position":2,"name":"Comprar cava, vino y experiencias de enoturismo en el Pened\u00e8s (Barcelona)","item":"https:\/\/vinselcep.com\/es\/tienda-cava-vinos-enoturismo-barcelona\/"},{"@type":"ListItem","position":3,"name":"Ot de Vins El Cep Blanc de Terrer"}]},{"@type":"WebSite","@id":"https:\/\/vinselcep.com\/es\/#website","url":"https:\/\/vinselcep.com\/es\/","name":"Vins el Cep","description":"Viticultors des de 1448","publisher":{"@id":"https:\/\/vinselcep.com\/es\/#organization"},"potentialAction":[{"@type":"SearchAction","target":{"@type":"EntryPoint","urlTemplate":"https:\/\/vinselcep.com\/es\/?s={search_term_string}"},"query-input":{"@type":"PropertyValueSpecification","valueRequired":true,"valueName":"search_term_string"}}],"inLanguage":"es"},{"@type":"Organization","@id":"https:\/\/vinselcep.com\/es\/#organization","name":"Vins el Cep","url":"https:\/\/vinselcep.com\/es\/","logo":{"@type":"ImageObject","inLanguage":"es","@id":"https:\/\/vinselcep.com\/es\/#\/schema\/logo\/image\/","url":"https:\/\/vinselcep.com\/wp-content\/uploads\/2020\/11\/logo-vinselcep-positiu.png","contentUrl":"https:\/\/vinselcep.com\/wp-content\/uploads\/2020\/11\/logo-vinselcep-positiu.png","width":600,"height":379,"caption":"Vins el Cep"},"image":{"@id":"https:\/\/vinselcep.com\/es\/#\/schema\/logo\/image\/"},"sameAs":["https:\/\/ca-es.facebook.com\/VinselCep\/","https:\/\/x.com\/vinselcep","https:\/\/www.instagram.com\/vinselcep\/"]}]},"og_availability":"instock","product_availability":"instock","product_retailer_item_id":"8BVW6","product_condition":"new"},"_links":{"self":[{"href":"https:\/\/vinselcep.com\/es\/wp-json\/wp\/v2\/product\/13273","targetHints":{"allow":["GET"]}}],"collection":[{"href":"https:\/\/vinselcep.com\/es\/wp-json\/wp\/v2\/product"}],"about":[{"href":"https:\/\/vinselcep.com\/es\/wp-json\/wp\/v2\/types\/product"}],"wp:featuredmedia":[{"embeddable":true,"href":"https:\/\/vinselcep.com\/es\/wp-json\/wp\/v2\/media\/13897"}],"wp:attachment":[{"href":"https:\/\/vinselcep.com\/es\/wp-json\/wp\/v2\/media?parent=13273"}],"wp:term":[{"taxonomy":"product_brand","embeddable":true,"href":"https:\/\/vinselcep.com\/es\/wp-json\/wp\/v2\/product_brand?post=13273"},{"taxonomy":"product_cat","embeddable":true,"href":"https:\/\/vinselcep.com\/es\/wp-json\/wp\/v2\/product_cat?post=13273"},{"taxonomy":"product_tag","embeddable":true,"href":"https:\/\/vinselcep.com\/es\/wp-json\/wp\/v2\/product_tag?post=13273"}],"curies":[{"name":"wp","href":"https:\/\/api.w.org\/{rel}","templated":true}]}}