{"id":37195,"date":"2025-10-28T18:59:17","date_gmt":"2025-10-28T17:59:17","guid":{"rendered":"https:\/\/vinselcep.com\/?page_id=37195"},"modified":"2025-11-06T13:24:07","modified_gmt":"2025-11-06T12:24:07","slug":"cheques-regalo-enoturismo","status":"publish","type":"page","link":"https:\/\/vinselcep.com\/es\/cheques-regalo-enoturismo\/","title":{"rendered":"Regala Vins El Cep: Cheques regalo para visitar la bodega y los vi\u00f1edos, degustar vinos y cavas y actividades guiadas."},"content":{"rendered":"<div class=\"wpb-content-wrapper\"><p>[vc_row][vc_column][vc_column_text][\/vc_column_text][\/vc_column][\/vc_row][vc_row content_text_aligment=\u00bbcenter\u00bb css=\u00bb.vc_custom_1753805706378{padding-top: 0px !important;padding-bottom: 0px !important;background-position: center !important;background-repeat: no-repeat !important;background-size: contain !important;}\u00bb el_class=\u00bbbanners-experiencies-ext\u00bb][vc_column css=\u00bb.vc_custom_1761680752808{margin-left: 0px !important;border-left-width: 0px !important;padding-left: 0px !important;}\u00bb el_class=\u00bbpag-xecs-regal\u00bb][vc_empty_space height=\u00bb147px\u00bb]<div class=\"eltdf-section-title-holder\" style=\"text-align: center\">\n\t\t\t<h2 class=\"eltdf-st-title\" style=\"color: #808080\">\n\t\t\t<span>CHEQUES REGALO<\/span>\n\t\t<\/h2>\n                    <div class=\"eltdf-st-separator clearfix\">\n                <div class=\"eltdf-separator\" style=\"border-color: #808080;margin-top: 27px;margin-bottom: 9px\"><\/div>\n            <\/div>\n        \t\t\t<\/div>[vc_empty_space][vc_row_inner row_content_width=\u00bbgrid\u00bb el_class=\u00bbbanners-experiencies-int\u00bb][vc_column_inner el_class=\u00bbbanner-exp-col-2b\u00bb width=\u00bb1\/3&#8243; css=\u00bb.vc_custom_1660034730147{margin-bottom: 35px !important;}\u00bb][vc_single_image image=\u00bb20362&#8243; img_size=\u00bbfull\u00bb alignment=\u00bbcenter\u00bb]<div class=\"eltdf-section-title-holder\" style=\"text-align: left\">\n\t\t\t<h3 class=\"eltdf-st-title\" style=\"color: #808080\">\n\t\t\t<span>Visita Vins El Cep<\/span>\n\t\t<\/h3>\n        \t\t\t<\/div>[vc_column_text css=\u00bb.vc_custom_1761757415816{padding-right: 4% !important;padding-left: 4% !important;}\u00bb el_class=\u00bbexperiencies-llistat\u00bb]<\/p>\n<h1>DISPONIBILIDAD:<\/h1>\n<h3>DE LUNES A S\u00c1BADO<\/h3>\n<h2>DURACI\u00d3N:<\/h2>\n<h3>1,5h aproximadamente<\/h3>\n<h5><strong>\u00bfQU\u00c8 INCLUYE?<\/strong><\/h5>\n<ul>\n<li>Visita guiada a las vi\u00f1as y a la bodega.<\/li>\n<li>Cata guiada de 2 vinos y 2 cavas.<\/li>\n<\/ul>\n<h4>PRECIO: 28\u20ac<\/h4>\n<h5>*GRUPOS DE M\u00cdNIMO 2 PERSONAS<\/h5>\n<p>[\/vc_column_text]<a itemprop=\"url\" href=\"https:\/\/vinselcep.com\/es\/producte\/xec-regal-visita-vins-el-cep-2-pax\/\" target=\"_self\"  class=\"eltdf-btn eltdf-btn-medium eltdf-btn-solid experiencies-llistat-boto\"  >\n    <span class=\"eltdf-btn-text\">CHEQUE REGALO<\/span>\n    <\/a>[\/vc_column_inner][vc_column_inner el_class=\u00bbbanner-exp-col-2b\u00bb width=\u00bb1\/3&#8243; css=\u00bb.vc_custom_1660034723875{margin-bottom: 35px !important;}\u00bb][vc_single_image image=\u00bb20138&#8243; img_size=\u00bbfull\u00bb alignment=\u00bbcenter\u00bb]<div class=\"eltdf-section-title-holder\" style=\"text-align: left\">\n\t\t\t<h3 class=\"eltdf-st-title\" style=\"color: #808080\">\n\t\t\t<span>Maridaje 5 quesos<\/span>\n\t\t<\/h3>\n        \t\t\t<\/div>[vc_column_text css=\u00bb.vc_custom_1762431844931{padding-right: 4% !important;padding-left: 4% !important;}\u00bb el_class=\u00bbexperiencies-llistat\u00bb]<\/p>\n<h1>DISPONIBILIDAD:<\/h1>\n<h3>DE LUNES A S\u00c1BADO CON RESERVA PREVIA<\/h3>\n<h2>DURACI\u00d3N:<\/h2>\n<h3>2h aproximadamente<\/h3>\n<h5>\u00bfQU\u00c8 INCLUYE?<\/h5>\n<ul>\n<li>Visita guiada a las vi\u00f1as y a la bodega.<\/li>\n<li>Maridaje comentado de 5 quesos con nuestros vinos y cavas.<\/li>\n<\/ul>\n<h4>PRECIO: 45\u20ac<\/h4>\n<h5>*GRUPOS DE M\u00cdNIMO 2 PERSONAS<\/h5>\n<p>[\/vc_column_text]<a itemprop=\"url\" href=\"https:\/\/vinselcep.com\/es\/producte\/xec-regal-maridatge-formatges\/\" target=\"_self\"  class=\"eltdf-btn eltdf-btn-medium eltdf-btn-solid experiencies-llistat-boto\"  >\n    <span class=\"eltdf-btn-text\">CHEQUE REGALO<\/span>\n    <\/a>[\/vc_column_inner][vc_column_inner width=\u00bb1\/3&#8243;][vc_single_image image=\u00bb18566&#8243; img_size=\u00bbfull\u00bb alignment=\u00bbcenter\u00bb]<div class=\"eltdf-section-title-holder\" style=\"text-align: left\">\n\t\t\t<h3 class=\"eltdf-st-title\" style=\"color: #808080\">\n\t\t\t<span>Brunch en la bodega<\/span>\n\t\t<\/h3>\n        \t\t\t<\/div>[vc_column_text css=\u00bb.vc_custom_1761745932826{padding-right: 4% !important;padding-left: 4% !important;}\u00bb el_class=\u00bbexperiencies-llistat\u00bb]<\/p>\n<h1>DISPONIBILIDAD:<\/h1>\n<h3>DE LUNES A S\u00c1BADO CON RESERVA PREVIA<\/h3>\n<h2>DURACI\u00d3N:<\/h2>\n<h3>2,5h aproximadamente<\/h3>\n<h5>\u00bfQU\u00c8 INCLUYE?<\/h5>\n<ul>\n<li>Visita guiada a las vi\u00f1as y a la bodega.<\/li>\n<li>Cata comentada de 2 vinos y 2 cavas.<\/li>\n<li>Brunch con productos de proximidad, Km0<\/li>\n<\/ul>\n<h4>PRECIO: 50\u20ac<\/h4>\n<h5>*GRUPOS DE M\u00cdNIMO 6 PERSONAS<\/h5>\n<p>[\/vc_column_text]<a itemprop=\"url\" href=\"https:\/\/vinselcep.com\/es\/producte\/xec-regal-brunch-al-celler-2-pax\/\" target=\"_self\"  class=\"eltdf-btn eltdf-btn-medium eltdf-btn-solid experiencies-llistat-boto\"  >\n    <span class=\"eltdf-btn-text\">CHEQUE REGALO<\/span>\n    <\/a>[\/vc_column_inner][\/vc_row_inner][vc_empty_space][vc_row_inner row_content_width=\u00bbgrid\u00bb el_class=\u00bbbanners-experiencies-int\u00bb][vc_column_inner el_class=\u00bbbanner-exp-col-2b\u00bb width=\u00bb1\/3&#8243; css=\u00bb.vc_custom_1660034730147{margin-bottom: 35px !important;}\u00bb][vc_single_image image=\u00bb19978&#8243; img_size=\u00bbfull\u00bb alignment=\u00bbcenter\u00bb]<div class=\"eltdf-section-title-holder\" style=\"text-align: left\">\n\t\t\t<h3 class=\"eltdf-st-title\" style=\"color: #808080\">\n\t\t\t<span>6 Xarel.los<\/span>\n\t\t<\/h3>\n        \t\t\t<\/div>[vc_column_text css=\u00bb.vc_custom_1761757472184{padding-right: 4% !important;padding-left: 4% !important;}\u00bb el_class=\u00bbexperiencies-llistat\u00bb]<\/p>\n<h1>DISPONIBILIDAD:<\/h1>\n<h3>DE LUNES A S\u00c1BADO CON RESERVA PREVIA<\/h3>\n<h2>DURACI\u00d3N:<\/h2>\n<h3>2h aproximadamente<\/h3>\n<h5>\u00bfQU\u00c8 INCLUYE?<\/h5>\n<ul>\n<li>Visita guiada a la vi\u00f1a y a la bodega<\/li>\n<li>Cata especial comentada de 6 vinos de xarel\u00b7lo.<\/li>\n<\/ul>\n<h4>PRECIO: 38\u20ac<\/h4>\n<h5>*GRUPOS DE M\u00cdNIMO 4 PERSONAS<\/h5>\n<p>[\/vc_column_text]<a itemprop=\"url\" href=\"https:\/\/vinselcep.com\/es\/producte\/xec-regal-5-xarellos-2-pax\/\" target=\"_self\"  class=\"eltdf-btn eltdf-btn-medium eltdf-btn-solid experiencies-llistat-boto\"  >\n    <span class=\"eltdf-btn-text\">CHEQUE REGALO<\/span>\n    <\/a>[\/vc_column_inner][vc_column_inner el_class=\u00bbbanner-exp-col-2b\u00bb width=\u00bb1\/3&#8243; css=\u00bb.vc_custom_1660034723875{margin-bottom: 35px !important;}\u00bb][vc_single_image image=\u00bb37206&#8243; img_size=\u00bbfull\u00bb alignment=\u00bbcenter\u00bb css=\u00bb\u00bb]<div class=\"eltdf-section-title-holder\" style=\"text-align: left\">\n\t\t\t<h3 class=\"eltdf-st-title\" style=\"color: #808080\">\n\t\t\t<span>Yoga y cata entre vi\u00f1edos<\/span>\n\t\t<\/h3>\n        \t\t\t<\/div>[vc_column_text css=\u00bb.vc_custom_1761746293847{padding-right: 4% !important;padding-left: 4% !important;}\u00bb el_class=\u00bbexperiencies-llistat\u00bb]<\/p>\n<h1>DISPONIBILIDAD:<\/h1>\n<h3>DE LUNES A S\u00c1BADO CON RESERVA PREVIA<\/h3>\n<h2>DURACI\u00d3N:<\/h2>\n<h3>2,5h aproximadamente<\/h3>\n<h5>\u00bfQU\u00c8 INCLUYE?<\/h5>\n<ul>\n<li>Actividad de yoga con monitora (1h)<\/li>\n<li>Sandwich mini blini de queso fresco, jam\u00f3n dulce y nueces.<\/li>\n<li>Visita guiada a la vi\u00f1a y a la bodega.<\/li>\n<li>Cata comentada de 2 vinos y 2 cavas.<\/li>\n<\/ul>\n<h4>PRECIO: 42\u20ac<\/h4>\n<h5>*GRUPOS DE M\u00cdNIMO 6 PERSONAS<\/h5>\n<p>[\/vc_column_text]<a itemprop=\"url\" href=\"https:\/\/vinselcep.com\/es\/producte\/xec-regal-yoga-i-tast-entre-vinyes-5-pax\/\" target=\"_self\"  class=\"eltdf-btn eltdf-btn-medium eltdf-btn-solid experiencies-llistat-boto\"  >\n    <span class=\"eltdf-btn-text\">CHEQUE REGALO<\/span>\n    <\/a>[\/vc_column_inner][vc_column_inner width=\u00bb1\/3&#8243;][vc_single_image image=\u00bb34364&#8243; img_size=\u00bbfull\u00bb alignment=\u00bbcenter\u00bb]<div class=\"eltdf-section-title-holder\" style=\"text-align: left\">\n\t\t\t<h3 class=\"eltdf-st-title\" style=\"color: #808080\">\n\t\t\t<span>EL PENED\u00c8S EN TRES TEMPS \u00ae<\/span>\n\t\t<\/h3>\n        \t\t\t<\/div>[vc_column_text css=\u00bb.vc_custom_1761757603492{padding-right: 4% !important;padding-left: 4% !important;}\u00bb el_class=\u00bbexperiencies-llistat\u00bb]<\/p>\n<h1>DIA I HORA:<\/h1>\n<h3>DE MI\u00c9RCOLES A S\u00c1BADO (CONSULTAR FESTIVOS)<\/h3>\n<h2>DURACI\u00d3N:<\/h2>\n<h3>8h aproximadamente<\/h3>\n<h5>\u00bfQU\u00c8 INCLUYE?<\/h5>\n<ul>\n<li>Visita guiada a la&nbsp;bodega<strong> Vins el Cep<\/strong>, Espiells: Vi\u00f1edo + bodega + Cata comentada de 2 vinos y 2 cavas (11:00-13:00).<\/li>\n<li>Almuerzo en el Restaurante&nbsp;<strong>El Cigr\u00f3 d\u2019Or<\/strong>, Vilafranca del Pened\u00e8s (14:00-16:00).<\/li>\n<li>Visita al&nbsp;<strong>Vinseum<\/strong>, Vilafranca del Pened\u00e8s (16:00-19:00).<\/li>\n<\/ul>\n<h4>PRECIO: 110\u20ac<\/h4>\n<h5>*GRUPOS DE M\u00cdNIMO 2 PERSONAS<\/h5>\n<p>[\/vc_column_text]<a itemprop=\"url\" href=\"https:\/\/vinselcep.com\/es\/producto\/cheque-regalo-el-penedes-en-3-tiempos\/\" target=\"_self\"  class=\"eltdf-btn eltdf-btn-medium eltdf-btn-solid experiencies-llistat-boto\"  >\n    <span class=\"eltdf-btn-text\">CHEQUE REGALO<\/span>\n    <\/a>[\/vc_column_inner][\/vc_row_inner][vc_empty_space height=\u00bb100px\u00bb][\/vc_column][\/vc_row]<\/p>\n<\/div>","protected":false},"excerpt":{"rendered":"<p>[vc_row][vc_column][vc_column_text][\/vc_column_text][\/vc_column][\/vc_row][vc_row content_text_aligment=\u00bbcenter\u00bb css=\u00bb.vc_custom_1753805706378{padding-top: 0px !important;padding-bottom: 0px !important;background-position: center !important;background-repeat: no-repeat !important;background-size: contain !important;}\u00bb el_class=\u00bbbanners-experiencies-ext\u00bb][vc_column css=\u00bb.vc_custom_1761680752808{margin-left: 0px !important;border-left-width: 0px !important;padding-left: 0px !important;}\u00bb el_class=\u00bbpag-xecs-regal\u00bb][vc_empty_space height=\u00bb147px\u00bb][vc_empty_space][vc_row_inner row_content_width=\u00bbgrid\u00bb el_class=\u00bbbanners-experiencies-int\u00bb][vc_column_inner el_class=\u00bbbanner-exp-col-2b\u00bb width=\u00bb1\/3&#8243; css=\u00bb.vc_custom_1660034730147{margin-bottom: 35px !important;}\u00bb][vc_single_image image=\u00bb20362&#8243; img_size=\u00bbfull\u00bb alignment=\u00bbcenter\u00bb][vc_column_text css=\u00bb.vc_custom_1761757415816{padding-right: 4% !important;padding-left: 4% !important;}\u00bb el_class=\u00bbexperiencies-llistat\u00bb] DISPONIBILIDAD: DE LUNES A S\u00c1BADO DURACI\u00d3N: 1,5h aproximadamente \u00bfQU\u00c8 INCLUYE? Visita guiada a las vi\u00f1as y a la bodega. Cata guiada de 2 vinos y 2 cavas. PRECIO: 28\u20ac *GRUPOS DE M\u00cdNIMO 2 PERSONAS [\/vc_column_text][\/vc_column_inner][vc_column_inner el_class=\u00bbbanner-exp-col-2b\u00bb width=\u00bb1\/3&#8243; css=\u00bb.vc_custom_1660034723875{margin-bottom: 35px !important;}\u00bb][vc_single_image image=\u00bb20138&#8243; img_size=\u00bbfull\u00bb alignment=\u00bbcenter\u00bb][vc_column_text css=\u00bb.vc_custom_1762431844931{padding-right: 4% !important;padding-left: 4% !important;}\u00bb el_class=\u00bbexperiencies-llistat\u00bb] DISPONIBILIDAD: DE LUNES A S\u00c1BADO CON RESERVA PREVIA DURACI\u00d3N: 2h aproximadamente \u00bfQU\u00c8 INCLUYE? Visita guiada a las vi\u00f1as y a la bodega. Maridaje comentado de 5 quesos con nuestros vinos y cavas. PRECIO: 45\u20ac *GRUPOS DE M\u00cdNIMO 2 PERSONAS [\/vc_column_text][\/vc_column_inner][vc_column_inner width=\u00bb1\/3&#8243;][vc_single_image image=\u00bb18566&#8243; img_size=\u00bbfull\u00bb alignment=\u00bbcenter\u00bb][vc_column_text css=\u00bb.vc_custom_1761745932826{padding-right: 4% !important;padding-left: 4% !important;}\u00bb el_class=\u00bbexperiencies-llistat\u00bb] DISPONIBILIDAD: DE LUNES A S\u00c1BADO CON RESERVA PREVIA DURACI\u00d3N: 2,5h aproximadamente \u00bfQU\u00c8 INCLUYE? Visita guiada a las vi\u00f1as y a la bodega. Cata comentada de 2 vinos y 2 cavas. Brunch con productos de proximidad, Km0 PRECIO: 50\u20ac *GRUPOS DE M\u00cdNIMO 6 PERSONAS [\/vc_column_text][\/vc_column_inner][\/vc_row_inner][vc_empty_space][vc_row_inner row_content_width=\u00bbgrid\u00bb el_class=\u00bbbanners-experiencies-int\u00bb][vc_column_inner el_class=\u00bbbanner-exp-col-2b\u00bb width=\u00bb1\/3&#8243; css=\u00bb.vc_custom_1660034730147{margin-bottom: 35px !important;}\u00bb][vc_single_image image=\u00bb19978&#8243; img_size=\u00bbfull\u00bb alignment=\u00bbcenter\u00bb][vc_column_text css=\u00bb.vc_custom_1761757472184{padding-right: 4% !important;padding-left: 4% !important;}\u00bb el_class=\u00bbexperiencies-llistat\u00bb] DISPONIBILIDAD: DE LUNES A S\u00c1BADO CON RESERVA PREVIA DURACI\u00d3N: 2h aproximadamente \u00bfQU\u00c8 INCLUYE? Visita guiada a la vi\u00f1a y a la bodega Cata especial comentada de 6 vinos de xarel\u00b7lo. PRECIO: 38\u20ac *GRUPOS DE M\u00cdNIMO 4 PERSONAS [\/vc_column_text][\/vc_column_inner][vc_column_inner el_class=\u00bbbanner-exp-col-2b\u00bb width=\u00bb1\/3&#8243; css=\u00bb.vc_custom_1660034723875{margin-bottom: 35px !important;}\u00bb][vc_single_image image=\u00bb37206&#8243; img_size=\u00bbfull\u00bb alignment=\u00bbcenter\u00bb css=\u00bb\u00bb][vc_column_text css=\u00bb.vc_custom_1761746293847{padding-right: 4% !important;padding-left: 4% !important;}\u00bb el_class=\u00bbexperiencies-llistat\u00bb] DISPONIBILIDAD: DE LUNES A S\u00c1BADO CON RESERVA PREVIA DURACI\u00d3N: 2,5h aproximadamente \u00bfQU\u00c8 INCLUYE? Actividad de yoga con monitora (1h) Sandwich mini blini de queso fresco, jam\u00f3n dulce y nueces. Visita guiada a la vi\u00f1a y a la bodega. Cata comentada de 2 vinos y 2 cavas. PRECIO: 42\u20ac *GRUPOS DE M\u00cdNIMO 6 PERSONAS [\/vc_column_text][\/vc_column_inner][vc_column_inner width=\u00bb1\/3&#8243;][vc_single_image image=\u00bb34364&#8243; img_size=\u00bbfull\u00bb alignment=\u00bbcenter\u00bb][vc_column_text css=\u00bb.vc_custom_1761757603492{padding-right: 4% !important;padding-left: 4% !important;}\u00bb el_class=\u00bbexperiencies-llistat\u00bb] DIA I HORA: DE MI\u00c9RCOLES A S\u00c1BADO (CONSULTAR FESTIVOS) DURACI\u00d3N: 8h aproximadamente \u00bfQU\u00c8 INCLUYE? Visita guiada a la&nbsp;bodega Vins el Cep, Espiells: Vi\u00f1edo + bodega + Cata comentada de 2 vinos y 2 cavas (11:00-13:00). Almuerzo en el Restaurante&nbsp;El Cigr\u00f3 d\u2019Or, Vilafranca del Pened\u00e8s (14:00-16:00). Visita al&nbsp;Vinseum, Vilafranca del Pened\u00e8s (16:00-19:00). PRECIO: 110\u20ac *GRUPOS DE M\u00cdNIMO 2 PERSONAS [\/vc_column_text][\/vc_column_inner][\/vc_row_inner][vc_empty_space height=\u00bb100px\u00bb][\/vc_column][\/vc_row]<\/p>\n","protected":false},"author":1,"featured_media":37256,"parent":0,"menu_order":0,"comment_status":"closed","ping_status":"closed","template":"full-width.php","meta":{"ngg_post_thumbnail":0,"footnotes":""},"class_list":["post-37195","page","type-page","status-publish","has-post-thumbnail","hentry"],"yoast_head":"<!-- This site is optimized with the Yoast SEO Premium plugin v26.9 (Yoast SEO v26.9) - https:\/\/yoast.com\/product\/yoast-seo-premium-wordpress\/ -->\n<title>Regala Vins El Cep: Cheques regalo para visitar la bodega y los vi\u00f1edos, degustar vinos y cavas y actividades guiadas. | Vins el Cep<\/title>\n<meta name=\"description\" content=\"Visita els nostres cellers i les vinyes al Pened\u00e8s (Catalunya), molt a prop de Barcelona. Gaudeix d\u2019un tast de vins i caves, un maridatge o un exquisit brunch.\" \/>\n<meta name=\"robots\" content=\"index, follow, max-snippet:-1, max-image-preview:large, max-video-preview:-1\" \/>\n<link rel=\"canonical\" href=\"https:\/\/vinselcep.com\/es\/cheques-regalo-enoturismo\/\" \/>\n<meta property=\"og:locale\" content=\"es_ES\" \/>\n<meta property=\"og:type\" content=\"article\" \/>\n<meta property=\"og:title\" content=\"Regala Vins El Cep: Cheques regalo para visitar la bodega y los vi\u00f1edos, degustar vinos y cavas y actividades guiadas.\" \/>\n<meta property=\"og:description\" content=\"Visita els nostres cellers i les vinyes al Pened\u00e8s (Catalunya), molt a prop de Barcelona. Gaudeix d\u2019un tast de vins i caves, un maridatge o un exquisit brunch.\" \/>\n<meta property=\"og:url\" content=\"https:\/\/vinselcep.com\/es\/cheques-regalo-enoturismo\/\" \/>\n<meta property=\"og:site_name\" content=\"Vins el Cep\" \/>\n<meta property=\"article:publisher\" content=\"https:\/\/ca-es.facebook.com\/VinselCep\/\" \/>\n<meta property=\"article:modified_time\" content=\"2025-11-06T12:24:07+00:00\" \/>\n<meta property=\"og:image\" content=\"https:\/\/vinselcep.com\/wp-content\/uploads\/2025\/10\/gift-vouchers.webp\" \/>\n\t<meta property=\"og:image:width\" content=\"720\" \/>\n\t<meta property=\"og:image:height\" content=\"1080\" \/>\n\t<meta property=\"og:image:type\" content=\"image\/webp\" \/>\n<meta name=\"twitter:card\" content=\"summary_large_image\" \/>\n<meta name=\"twitter:site\" content=\"@vinselcep\" \/>\n<meta name=\"twitter:label1\" content=\"Tiempo de lectura\" \/>\n\t<meta name=\"twitter:data1\" content=\"3 minutos\" \/>\n<script type=\"application\/ld+json\" class=\"yoast-schema-graph\">{\"@context\":\"https:\/\/schema.org\",\"@graph\":[{\"@type\":\"WebPage\",\"@id\":\"https:\/\/vinselcep.com\/es\/cheques-regalo-enoturismo\/\",\"url\":\"https:\/\/vinselcep.com\/es\/cheques-regalo-enoturismo\/\",\"name\":\"Regala Vins El Cep: Cheques regalo para visitar la bodega y los vi\u00f1edos, degustar vinos y cavas y actividades guiadas. | Vins el Cep\",\"isPartOf\":{\"@id\":\"https:\/\/vinselcep.com\/es\/#website\"},\"primaryImageOfPage\":{\"@id\":\"https:\/\/vinselcep.com\/es\/cheques-regalo-enoturismo\/#primaryimage\"},\"image\":{\"@id\":\"https:\/\/vinselcep.com\/es\/cheques-regalo-enoturismo\/#primaryimage\"},\"thumbnailUrl\":\"https:\/\/vinselcep.com\/wp-content\/uploads\/2025\/10\/gift-vouchers.webp\",\"datePublished\":\"2025-10-28T17:59:17+00:00\",\"dateModified\":\"2025-11-06T12:24:07+00:00\",\"description\":\"Visita els nostres cellers i les vinyes al Pened\u00e8s (Catalunya), molt a prop de Barcelona. Gaudeix d\u2019un tast de vins i caves, un maridatge o un exquisit brunch.\",\"breadcrumb\":{\"@id\":\"https:\/\/vinselcep.com\/es\/cheques-regalo-enoturismo\/#breadcrumb\"},\"inLanguage\":\"es\",\"potentialAction\":[{\"@type\":\"ReadAction\",\"target\":[\"https:\/\/vinselcep.com\/es\/cheques-regalo-enoturismo\/\"]}]},{\"@type\":\"ImageObject\",\"inLanguage\":\"es\",\"@id\":\"https:\/\/vinselcep.com\/es\/cheques-regalo-enoturismo\/#primaryimage\",\"url\":\"https:\/\/vinselcep.com\/wp-content\/uploads\/2025\/10\/gift-vouchers.webp\",\"contentUrl\":\"https:\/\/vinselcep.com\/wp-content\/uploads\/2025\/10\/gift-vouchers.webp\",\"width\":720,\"height\":1080},{\"@type\":\"BreadcrumbList\",\"@id\":\"https:\/\/vinselcep.com\/es\/cheques-regalo-enoturismo\/#breadcrumb\",\"itemListElement\":[{\"@type\":\"ListItem\",\"position\":1,\"name\":\"Inici\",\"item\":\"https:\/\/vinselcep.com\/es\/\"},{\"@type\":\"ListItem\",\"position\":2,\"name\":\"Regala Vins El Cep: Cheques regalo para visitar la bodega y los vi\u00f1edos, degustar vinos y cavas y actividades guiadas.\"}]},{\"@type\":\"WebSite\",\"@id\":\"https:\/\/vinselcep.com\/es\/#website\",\"url\":\"https:\/\/vinselcep.com\/es\/\",\"name\":\"Vins el Cep\",\"description\":\"Viticultors des de 1448\",\"publisher\":{\"@id\":\"https:\/\/vinselcep.com\/es\/#organization\"},\"potentialAction\":[{\"@type\":\"SearchAction\",\"target\":{\"@type\":\"EntryPoint\",\"urlTemplate\":\"https:\/\/vinselcep.com\/es\/?s={search_term_string}\"},\"query-input\":{\"@type\":\"PropertyValueSpecification\",\"valueRequired\":true,\"valueName\":\"search_term_string\"}}],\"inLanguage\":\"es\"},{\"@type\":\"Organization\",\"@id\":\"https:\/\/vinselcep.com\/es\/#organization\",\"name\":\"Vins el Cep\",\"url\":\"https:\/\/vinselcep.com\/es\/\",\"logo\":{\"@type\":\"ImageObject\",\"inLanguage\":\"es\",\"@id\":\"https:\/\/vinselcep.com\/es\/#\/schema\/logo\/image\/\",\"url\":\"https:\/\/vinselcep.com\/wp-content\/uploads\/2020\/11\/logo-vinselcep-positiu.png\",\"contentUrl\":\"https:\/\/vinselcep.com\/wp-content\/uploads\/2020\/11\/logo-vinselcep-positiu.png\",\"width\":600,\"height\":379,\"caption\":\"Vins el Cep\"},\"image\":{\"@id\":\"https:\/\/vinselcep.com\/es\/#\/schema\/logo\/image\/\"},\"sameAs\":[\"https:\/\/ca-es.facebook.com\/VinselCep\/\",\"https:\/\/x.com\/vinselcep\",\"https:\/\/www.instagram.com\/vinselcep\/\"]}]}<\/script>\n<!-- \/ Yoast SEO Premium plugin. -->","yoast_head_json":{"title":"Regala Vins El Cep: Cheques regalo para visitar la bodega y los vi\u00f1edos, degustar vinos y cavas y actividades guiadas. | Vins el Cep","description":"Visita els nostres cellers i les vinyes al Pened\u00e8s (Catalunya), molt a prop de Barcelona. Gaudeix d\u2019un tast de vins i caves, un maridatge o un exquisit brunch.","robots":{"index":"index","follow":"follow","max-snippet":"max-snippet:-1","max-image-preview":"max-image-preview:large","max-video-preview":"max-video-preview:-1"},"canonical":"https:\/\/vinselcep.com\/es\/cheques-regalo-enoturismo\/","og_locale":"es_ES","og_type":"article","og_title":"Regala Vins El Cep: Cheques regalo para visitar la bodega y los vi\u00f1edos, degustar vinos y cavas y actividades guiadas.","og_description":"Visita els nostres cellers i les vinyes al Pened\u00e8s (Catalunya), molt a prop de Barcelona. Gaudeix d\u2019un tast de vins i caves, un maridatge o un exquisit brunch.","og_url":"https:\/\/vinselcep.com\/es\/cheques-regalo-enoturismo\/","og_site_name":"Vins el Cep","article_publisher":"https:\/\/ca-es.facebook.com\/VinselCep\/","article_modified_time":"2025-11-06T12:24:07+00:00","og_image":[{"width":720,"height":1080,"url":"https:\/\/vinselcep.com\/wp-content\/uploads\/2025\/10\/gift-vouchers.webp","type":"image\/webp"}],"twitter_card":"summary_large_image","twitter_site":"@vinselcep","twitter_misc":{"Tiempo de lectura":"3 minutos"},"schema":{"@context":"https:\/\/schema.org","@graph":[{"@type":"WebPage","@id":"https:\/\/vinselcep.com\/es\/cheques-regalo-enoturismo\/","url":"https:\/\/vinselcep.com\/es\/cheques-regalo-enoturismo\/","name":"Regala Vins El Cep: Cheques regalo para visitar la bodega y los vi\u00f1edos, degustar vinos y cavas y actividades guiadas. | Vins el Cep","isPartOf":{"@id":"https:\/\/vinselcep.com\/es\/#website"},"primaryImageOfPage":{"@id":"https:\/\/vinselcep.com\/es\/cheques-regalo-enoturismo\/#primaryimage"},"image":{"@id":"https:\/\/vinselcep.com\/es\/cheques-regalo-enoturismo\/#primaryimage"},"thumbnailUrl":"https:\/\/vinselcep.com\/wp-content\/uploads\/2025\/10\/gift-vouchers.webp","datePublished":"2025-10-28T17:59:17+00:00","dateModified":"2025-11-06T12:24:07+00:00","description":"Visita els nostres cellers i les vinyes al Pened\u00e8s (Catalunya), molt a prop de Barcelona. Gaudeix d\u2019un tast de vins i caves, un maridatge o un exquisit brunch.","breadcrumb":{"@id":"https:\/\/vinselcep.com\/es\/cheques-regalo-enoturismo\/#breadcrumb"},"inLanguage":"es","potentialAction":[{"@type":"ReadAction","target":["https:\/\/vinselcep.com\/es\/cheques-regalo-enoturismo\/"]}]},{"@type":"ImageObject","inLanguage":"es","@id":"https:\/\/vinselcep.com\/es\/cheques-regalo-enoturismo\/#primaryimage","url":"https:\/\/vinselcep.com\/wp-content\/uploads\/2025\/10\/gift-vouchers.webp","contentUrl":"https:\/\/vinselcep.com\/wp-content\/uploads\/2025\/10\/gift-vouchers.webp","width":720,"height":1080},{"@type":"BreadcrumbList","@id":"https:\/\/vinselcep.com\/es\/cheques-regalo-enoturismo\/#breadcrumb","itemListElement":[{"@type":"ListItem","position":1,"name":"Inici","item":"https:\/\/vinselcep.com\/es\/"},{"@type":"ListItem","position":2,"name":"Regala Vins El Cep: Cheques regalo para visitar la bodega y los vi\u00f1edos, degustar vinos y cavas y actividades guiadas."}]},{"@type":"WebSite","@id":"https:\/\/vinselcep.com\/es\/#website","url":"https:\/\/vinselcep.com\/es\/","name":"Vins el Cep","description":"Viticultors des de 1448","publisher":{"@id":"https:\/\/vinselcep.com\/es\/#organization"},"potentialAction":[{"@type":"SearchAction","target":{"@type":"EntryPoint","urlTemplate":"https:\/\/vinselcep.com\/es\/?s={search_term_string}"},"query-input":{"@type":"PropertyValueSpecification","valueRequired":true,"valueName":"search_term_string"}}],"inLanguage":"es"},{"@type":"Organization","@id":"https:\/\/vinselcep.com\/es\/#organization","name":"Vins el Cep","url":"https:\/\/vinselcep.com\/es\/","logo":{"@type":"ImageObject","inLanguage":"es","@id":"https:\/\/vinselcep.com\/es\/#\/schema\/logo\/image\/","url":"https:\/\/vinselcep.com\/wp-content\/uploads\/2020\/11\/logo-vinselcep-positiu.png","contentUrl":"https:\/\/vinselcep.com\/wp-content\/uploads\/2020\/11\/logo-vinselcep-positiu.png","width":600,"height":379,"caption":"Vins el Cep"},"image":{"@id":"https:\/\/vinselcep.com\/es\/#\/schema\/logo\/image\/"},"sameAs":["https:\/\/ca-es.facebook.com\/VinselCep\/","https:\/\/x.com\/vinselcep","https:\/\/www.instagram.com\/vinselcep\/"]}]}},"_links":{"self":[{"href":"https:\/\/vinselcep.com\/es\/wp-json\/wp\/v2\/pages\/37195","targetHints":{"allow":["GET"]}}],"collection":[{"href":"https:\/\/vinselcep.com\/es\/wp-json\/wp\/v2\/pages"}],"about":[{"href":"https:\/\/vinselcep.com\/es\/wp-json\/wp\/v2\/types\/page"}],"author":[{"embeddable":true,"href":"https:\/\/vinselcep.com\/es\/wp-json\/wp\/v2\/users\/1"}],"replies":[{"embeddable":true,"href":"https:\/\/vinselcep.com\/es\/wp-json\/wp\/v2\/comments?post=37195"}],"version-history":[{"count":0,"href":"https:\/\/vinselcep.com\/es\/wp-json\/wp\/v2\/pages\/37195\/revisions"}],"wp:featuredmedia":[{"embeddable":true,"href":"https:\/\/vinselcep.com\/es\/wp-json\/wp\/v2\/media\/37256"}],"wp:attachment":[{"href":"https:\/\/vinselcep.com\/es\/wp-json\/wp\/v2\/media?parent=37195"}],"curies":[{"name":"wp","href":"https:\/\/api.w.org\/{rel}","templated":true}]}}