{"id":25740,"date":"2024-05-07T09:39:42","date_gmt":"2024-05-07T07:39:42","guid":{"rendered":"https:\/\/vinselcep.com\/?page_id=25740"},"modified":"2025-12-11T13:50:51","modified_gmt":"2025-12-11T12:50:51","slug":"como-llegar-a-vins-el-cep","status":"publish","type":"page","link":"https:\/\/vinselcep.com\/es\/como-llegar-a-vins-el-cep\/","title":{"rendered":"Como llegar a Vins El Cep"},"content":{"rendered":"<div class=\"wpb-content-wrapper\"><p>[vc_row content_text_aligment=\u00bbcenter\u00bb css=\u00bb.vc_custom_1715073145383{padding-top: 0px !important;padding-bottom: 0px !important;background-position: center !important;background-repeat: no-repeat !important;background-size: contain !important;}\u00bb el_class=\u00bbbanners-experiencies-ext\u00bb][vc_column css=\u00bb.vc_custom_1694553499895{margin-left: 0px !important;border-left-width: 0px !important;padding-left: 0px !important;}\u00bb][vc_empty_space height=\u00bb147px\u00bb]<div class=\"eltdf-section-title-holder\" style=\"text-align: center\">\n\t\t\t<h2 class=\"eltdf-st-title\" style=\"color: #808080\">\n\t\t\t<span>A la bodega de Vins El Cep puedes llegar:<\/span>\n\t\t<\/h2>\n                    <div class=\"eltdf-st-separator clearfix\">\n                <div class=\"eltdf-separator\" style=\"border-color: #808080;margin-top: 27px;margin-bottom: 9px\"><\/div>\n            <\/div>\n        \t\t\t<\/div>[\/vc_column][\/vc_row][vc_row][vc_column][vc_empty_space height=\u00bb20px\u00bb][vc_gmaps link=\u00bb#E-8_JTNDaWZyYW1lJTIwc3JjJTNEJTIyaHR0cHMlM0ElMkYlMkZ3d3cuZ29vZ2xlLmNvbSUyRm1hcHMlMkZlbWJlZCUzRnBiJTNEJTIxMW0xOCUyMTFtMTIlMjExbTMlMjExZDE2MDM4MS4yOTY0Mzk0NTIxNiUyMTJkMS44NzgzODM1NjM0NzY2MDg0JTIxM2Q0MS40NTUwNzM3ODczODc5NDYlMjEybTMlMjExZjAlMjEyZjAlMjEzZjAlMjEzbTIlMjExaTEwMjQlMjEyaTc2OCUyMTRmMTMuMSUyMTNtMyUyMTFtMiUyMTFzMHgxMmE0NjJmZThjNWU2NDIxJTI1M0EweDExMjRlMzYxZmZlN2FiZTQlMjEyc1ZJTlMlMjUyMEVMJTI1MjBDRVAlMjE1ZTAlMjEzbTIlMjExc2VzJTIxMnNlcyUyMTR2MTcxNTA3MjgwNzI1MSUyMTVtMiUyMTFzZXMlMjEyc2VzJTIyJTIwd2lkdGglM0QlMjI2MDAlMjIlMjBoZWlnaHQlM0QlMjI0NTAlMjIlMjBzdHlsZSUzRCUyMmJvcmRlciUzQTAlM0IlMjIlMjBhbGxvd2Z1bGxzY3JlZW4lM0QlMjIlMjIlMjBsb2FkaW5nJTNEJTIybGF6eSUyMiUyMHJlZmVycmVycG9saWN5JTNEJTIybm8tcmVmZXJyZXItd2hlbi1kb3duZ3JhZGUlMjIlM0UlM0MlMkZpZnJhbWUlM0U=\u00bb][\/vc_column][\/vc_row][vc_row row_content_width=\u00bbgrid\u00bb][vc_column][vc_empty_space height=\u00bb100px\u00bb][vc_column_text css=\u00bb\u00bb el_id=\u00bbcom-arribar\u00bb]<\/p>\n<h3><strong>TRANSPORTE PRIVADO:<\/strong><\/h3>\n<h4><strong><img fetchpriority=\"high\" decoding=\"async\" class=\"alignnone size-full wp-image-25761\" src=\"https:\/\/vinselcep.com\/wp-content\/uploads\/2024\/05\/car_hires.png\" alt=\"\" width=\"512\" height=\"512\"><\/strong><\/h4>\n<h4><strong>PARTICULAR<\/strong><\/h4>\n<p>Can Llopart de les Alzines s\/n, 08770 Espiells. Sant Sadurn\u00ed d\u2019Anoia (Barcelona).<\/p>\n<p><strong>Desde Barcelona<\/strong>:<br \/>\nToma la autopista AP-7 en direcci\u00f3n Tarragona.<br \/>\nContin\u00faa por la AP-7 hasta la salida 27 hacia Sant Sadurn\u00ed d&#8217;Anoia.<br \/>\nToma la salida 27 y contin\u00faa por la C-243a en direcci\u00f3n a Sant Sadurn\u00ed d&#8217;Anoia.<br \/>\nSigue recto por la C-243a hasta llegar a Can Llopart de les Alzines.<br \/>\nEn Can Llopart de les Alzines, encontrar\u00e1s Vins El Cep ubicado en la direcci\u00f3n indicada.<br \/>\n<a href=\"https:\/\/www.google.es\/maps\/dir\/Barcelona\/VINS+EL+CEP,+Can+Llopart+de+les+Alzines,+08770+Espiells,+Barcelona\/@41.3700851,1.6457705,10.93z\/data=!4m13!4m12!1m5!1m1!1s0x12a49816718e30e5:0x44b0fb3d4f47660a!2m2!1d2.168568!2d41.3873974!1m5!1m1!1s0x12a462fe8c5e6421:0x1124e361ffe7abe4!2m2!1d1.8071168!2d41.45406?hl=es&amp;entry=ttu\" target=\"_blank\" rel=\"noopener\"><em>Ruta Google Maps<\/em><\/a><\/p>\n<h4><strong><img decoding=\"async\" class=\"alignnone size-full wp-image-25761\" src=\"https:\/\/vinselcep.com\/wp-content\/uploads\/2024\/05\/taxi_hires.png\" alt=\"\" width=\"512\" height=\"512\" srcset=\"https:\/\/vinselcep.com\/wp-content\/uploads\/2024\/05\/taxi_hires.png 512w, https:\/\/vinselcep.com\/wp-content\/uploads\/2024\/05\/taxi_hires-300x300.png 300w, https:\/\/vinselcep.com\/wp-content\/uploads\/2024\/05\/taxi_hires-100x100.png 100w, https:\/\/vinselcep.com\/wp-content\/uploads\/2024\/05\/taxi_hires-150x150.png 150w\" sizes=\"(max-width: 512px) 100vw, 512px\" \/><\/strong><\/h4>\n<h4><strong>TAXI<\/strong><\/h4>\n<ul>\n<li><strong>Desde Sant Lloren\u00e7 d\u2019Hortons<\/strong>: Joan Cusc\u00f3, Tel. 610 915 353.<\/li>\n<li><strong>Desde Sant Sadurn\u00ed d&#8217;Anoia<\/strong>: Taxi Angel Pujado, Tel. 619 333 339.<\/li>\n<li><strong>Otras poblaciones cercanas a Vilafranca del Pened\u00e8s<\/strong>:<br \/>\nTaxi Pasqual Vilafranca. Tel. 637 17 70 77.<\/li>\n<li><strong>Desde Barcelona<\/strong>: <a href=\"https:\/\/www.free-now.com\/\" target=\"_blank\" rel=\"noopener\">Free Now<\/a> , <a href=\"https:\/\/www.uber.com\" target=\"_blank\" rel=\"noopener\">UBER<\/a>.<\/li>\n<li><strong>Taxi adaptado para personas con movilidad reducida<\/strong>: Joan Mill\u00e0n, Tel. 630 580 238<\/li>\n<\/ul>\n<h4><strong><img decoding=\"async\" class=\"alignnone size-full wp-image-25767\" src=\"https:\/\/vinselcep.com\/wp-content\/uploads\/2024\/05\/bus_hires.png\" alt=\"\" width=\"512\" height=\"512\" srcset=\"https:\/\/vinselcep.com\/wp-content\/uploads\/2024\/05\/bus_hires.png 512w, https:\/\/vinselcep.com\/wp-content\/uploads\/2024\/05\/bus_hires-300x300.png 300w, https:\/\/vinselcep.com\/wp-content\/uploads\/2024\/05\/bus_hires-100x100.png 100w, https:\/\/vinselcep.com\/wp-content\/uploads\/2024\/05\/bus_hires-150x150.png 150w\" sizes=\"(max-width: 512px) 100vw, 512px\" \/><\/strong><\/h4>\n<h4><strong>VAN-MINIB\u00daS-AUTOB\u00daS<\/strong><\/h4>\n<ul>\n<li>Autocars Vendrell: Tel. 938 922 544 &#8211; <a href=\"mailto:info@autocarsvendrell.com\"><em>info@autocarsvendrell.com<\/em><\/a>.<\/li>\n<li>Esteve Bussines Cars: Tel. 937 716 012 &#8211; <em><a href=\"mailto:esteve@autocarsesteve.com\">esteve@autocarsesteve.com<\/a>.<\/em><\/li>\n<\/ul>\n<p>&nbsp;<\/p>\n<h3><strong>TRANSPORTE P\u00daBLICO<\/strong>:<\/h3>\n<h4><strong><img loading=\"lazy\" decoding=\"async\" class=\"alignnone size-full wp-image-25764\" src=\"https:\/\/vinselcep.com\/wp-content\/uploads\/2024\/05\/tram_hires.png\" alt=\"\" width=\"512\" height=\"512\" srcset=\"https:\/\/vinselcep.com\/wp-content\/uploads\/2024\/05\/tram_hires.png 512w, https:\/\/vinselcep.com\/wp-content\/uploads\/2024\/05\/tram_hires-300x300.png 300w, https:\/\/vinselcep.com\/wp-content\/uploads\/2024\/05\/tram_hires-100x100.png 100w, https:\/\/vinselcep.com\/wp-content\/uploads\/2024\/05\/tram_hires-150x150.png 150w\" sizes=\"(max-width: 512px) 100vw, 512px\" \/><img decoding=\"async\" class=\"alignnone size-full wp-image-25761\" src=\"https:\/\/vinselcep.com\/wp-content\/uploads\/2024\/05\/taxi_hires.png\" alt=\"\" width=\"512\" height=\"512\" srcset=\"https:\/\/vinselcep.com\/wp-content\/uploads\/2024\/05\/taxi_hires.png 512w, https:\/\/vinselcep.com\/wp-content\/uploads\/2024\/05\/taxi_hires-300x300.png 300w, https:\/\/vinselcep.com\/wp-content\/uploads\/2024\/05\/taxi_hires-100x100.png 100w, https:\/\/vinselcep.com\/wp-content\/uploads\/2024\/05\/taxi_hires-150x150.png 150w\" sizes=\"(max-width: 512px) 100vw, 512px\" \/><\/strong><\/h4>\n<h4><strong>TREN RENFE + TAXI<\/strong><\/h4>\n<ul>\n<li>Cercan\u00edas Renfe de Barcelona a Sant Sadurn\u00ed d\u2019Anoia. <a href=\"https:\/\/www.renfe.com\/es\/es\/cercanias\/rodalies-catalunya\/horarios\" target=\"_blank\" rel=\"noopener\"><em>Horario Cercan\u00edas Renfe<\/em><\/a>.<\/li>\n<li>Desde Sant Sadurn\u00ed: Taxi Angel Pujado: Tel. 619 333 339.<\/li>\n<\/ul>\n<h4><strong><img decoding=\"async\" class=\"alignnone size-full wp-image-25767\" src=\"https:\/\/vinselcep.com\/wp-content\/uploads\/2024\/05\/bus_hires.png\" alt=\"\" width=\"512\" height=\"512\" srcset=\"https:\/\/vinselcep.com\/wp-content\/uploads\/2024\/05\/bus_hires.png 512w, https:\/\/vinselcep.com\/wp-content\/uploads\/2024\/05\/bus_hires-300x300.png 300w, https:\/\/vinselcep.com\/wp-content\/uploads\/2024\/05\/bus_hires-100x100.png 100w, https:\/\/vinselcep.com\/wp-content\/uploads\/2024\/05\/bus_hires-150x150.png 150w\" sizes=\"(max-width: 512px) 100vw, 512px\" \/><\/strong><strong><img decoding=\"async\" class=\"alignnone size-full wp-image-25761\" src=\"https:\/\/vinselcep.com\/wp-content\/uploads\/2024\/05\/taxi_hires.png\" alt=\"\" width=\"512\" height=\"512\" srcset=\"https:\/\/vinselcep.com\/wp-content\/uploads\/2024\/05\/taxi_hires.png 512w, https:\/\/vinselcep.com\/wp-content\/uploads\/2024\/05\/taxi_hires-300x300.png 300w, https:\/\/vinselcep.com\/wp-content\/uploads\/2024\/05\/taxi_hires-100x100.png 100w, https:\/\/vinselcep.com\/wp-content\/uploads\/2024\/05\/taxi_hires-150x150.png 150w\" sizes=\"(max-width: 512px) 100vw, 512px\" \/><\/strong><\/h4>\n<h4><strong>AUTOB\u00daS HILLSA + TAXI<\/strong><\/h4>\n<h5><strong>Autob\u00fas:<\/strong><\/h5>\n<ul>\n<li>Barcelona \u2013 Sant Lloren\u00e7 d\u2019Hortons (2,5 km de la bodega).<em> <a href=\"https:\/\/hillsabus.com\/horari-el-grandet-sant-llorenc-gelida-barcelona\/\" target=\"_blank\" rel=\"noopener\">Horario autob\u00fas Hillsa<\/a><\/em>.<\/li>\n<li>Barcelona- Sant Sadurn\u00ed d\u2019Anoia (8 km). <a href=\"https:\/\/hillsabus.com\/horari-sant-sadurni-danoia-barcelona-dies-feiners\/#1496066855360-10ed1d99-ef3d\" target=\"_blank\" rel=\"noopener\"><em>Horario autobus Hillsa<\/em><\/a>.<\/li>\n<\/ul>\n<h5><strong>Taxi:<\/strong><\/h5>\n<ul>\n<li>Desde Sant Lloren\u00e7 d\u2019Hortons: Sr. Joan Cusc\u00f3. Tel. 610 915 353<\/li>\n<li>Desde Sant Sadurn\u00ed: Taxi Angel Pujado. Tel. 619 333 339<\/li>\n<\/ul>\n<p>&nbsp;[\/vc_column_text][\/vc_column][\/vc_row]<\/p>\n<\/div>","protected":false},"excerpt":{"rendered":"<p>[vc_row content_text_aligment=\u00bbcenter\u00bb css=\u00bb.vc_custom_1715073145383{padding-top: 0px !important;padding-bottom: 0px !important;background-position: center !important;background-repeat: no-repeat !important;background-size: contain !important;}\u00bb el_class=\u00bbbanners-experiencies-ext\u00bb][vc_column css=\u00bb.vc_custom_1694553499895{margin-left: 0px !important;border-left-width: 0px !important;padding-left: 0px !important;}\u00bb][vc_empty_space height=\u00bb147px\u00bb][\/vc_column][\/vc_row][vc_row][vc_column][vc_empty_space height=\u00bb20px\u00bb][vc_gmaps link=\u00bb#E-8_JTNDaWZyYW1lJTIwc3JjJTNEJTIyaHR0cHMlM0ElMkYlMkZ3d3cuZ29vZ2xlLmNvbSUyRm1hcHMlMkZlbWJlZCUzRnBiJTNEJTIxMW0xOCUyMTFtMTIlMjExbTMlMjExZDE2MDM4MS4yOTY0Mzk0NTIxNiUyMTJkMS44NzgzODM1NjM0NzY2MDg0JTIxM2Q0MS40NTUwNzM3ODczODc5NDYlMjEybTMlMjExZjAlMjEyZjAlMjEzZjAlMjEzbTIlMjExaTEwMjQlMjEyaTc2OCUyMTRmMTMuMSUyMTNtMyUyMTFtMiUyMTFzMHgxMmE0NjJmZThjNWU2NDIxJTI1M0EweDExMjRlMzYxZmZlN2FiZTQlMjEyc1ZJTlMlMjUyMEVMJTI1MjBDRVAlMjE1ZTAlMjEzbTIlMjExc2VzJTIxMnNlcyUyMTR2MTcxNTA3MjgwNzI1MSUyMTVtMiUyMTFzZXMlMjEyc2VzJTIyJTIwd2lkdGglM0QlMjI2MDAlMjIlMjBoZWlnaHQlM0QlMjI0NTAlMjIlMjBzdHlsZSUzRCUyMmJvcmRlciUzQTAlM0IlMjIlMjBhbGxvd2Z1bGxzY3JlZW4lM0QlMjIlMjIlMjBsb2FkaW5nJTNEJTIybGF6eSUyMiUyMHJlZmVycmVycG9saWN5JTNEJTIybm8tcmVmZXJyZXItd2hlbi1kb3duZ3JhZGUlMjIlM0UlM0MlMkZpZnJhbWUlM0U=\u00bb][\/vc_column][\/vc_row][vc_row row_content_width=\u00bbgrid\u00bb][vc_column][vc_empty_space height=\u00bb100px\u00bb][vc_column_text css=\u00bb\u00bb el_id=\u00bbcom-arribar\u00bb] TRANSPORTE PRIVADO: PARTICULAR Can Llopart de les Alzines s\/n, 08770 Espiells. Sant Sadurn\u00ed d\u2019Anoia (Barcelona). Desde Barcelona: Toma la autopista AP-7 en direcci\u00f3n Tarragona. Contin\u00faa por la AP-7 hasta la salida 27 hacia Sant Sadurn\u00ed d&#8217;Anoia. Toma la salida 27 y contin\u00faa por la C-243a en direcci\u00f3n a Sant Sadurn\u00ed d&#8217;Anoia. Sigue recto por la C-243a hasta llegar a Can Llopart de les Alzines. En Can Llopart de les Alzines, encontrar\u00e1s Vins El Cep ubicado en la direcci\u00f3n indicada. Ruta Google Maps TAXI Desde Sant Lloren\u00e7 d\u2019Hortons: Joan Cusc\u00f3, Tel. 610 915 353. Desde Sant Sadurn\u00ed d&#8217;Anoia: Taxi Angel Pujado, Tel. 619 333 339. Otras poblaciones cercanas a Vilafranca del Pened\u00e8s: Taxi Pasqual Vilafranca. Tel. 637 17 70 77. Desde Barcelona: Free Now , UBER. Taxi adaptado para personas con movilidad reducida: Joan Mill\u00e0n, Tel. 630 580 238 VAN-MINIB\u00daS-AUTOB\u00daS Autocars Vendrell: Tel. 938 922 544 &#8211; info@autocarsvendrell.com. Esteve Bussines Cars: Tel. 937 716 012 &#8211; esteve@autocarsesteve.com. &nbsp; TRANSPORTE P\u00daBLICO: TREN RENFE + TAXI Cercan\u00edas Renfe de Barcelona a Sant Sadurn\u00ed d\u2019Anoia. Horario Cercan\u00edas Renfe. Desde Sant Sadurn\u00ed: Taxi Angel Pujado: Tel. 619 333 339. AUTOB\u00daS HILLSA + TAXI Autob\u00fas: Barcelona \u2013 Sant Lloren\u00e7 d\u2019Hortons (2,5 km de la bodega). Horario autob\u00fas Hillsa. Barcelona- Sant Sadurn\u00ed d\u2019Anoia (8 km). Horario autobus Hillsa. Taxi: Desde Sant Lloren\u00e7 d\u2019Hortons: Sr. Joan Cusc\u00f3. Tel. 610 915 353 Desde Sant Sadurn\u00ed: Taxi Angel Pujado. Tel. 619 333 339 &nbsp;[\/vc_column_text][\/vc_column][\/vc_row]<\/p>\n","protected":false},"author":1,"featured_media":14359,"parent":0,"menu_order":0,"comment_status":"closed","ping_status":"closed","template":"full-width.php","meta":{"ngg_post_thumbnail":0,"footnotes":""},"class_list":["post-25740","page","type-page","status-publish","has-post-thumbnail","hentry"],"yoast_head":"<!-- This site is optimized with the Yoast SEO Premium plugin v26.9 (Yoast SEO v26.9) - https:\/\/yoast.com\/product\/yoast-seo-premium-wordpress\/ -->\n<title>Como llegar a Vins El Cep | Vins el Cep<\/title>\n<meta name=\"description\" content=\"Visita els nostres cellers i les vinyes al Pened\u00e8s (Catalunya), molt a prop de Barcelona. Gaudeix d\u2019un tast de vins i caves, un maridatge o un exquisit brunch.\" \/>\n<meta name=\"robots\" content=\"index, follow, max-snippet:-1, max-image-preview:large, max-video-preview:-1\" \/>\n<link rel=\"canonical\" href=\"https:\/\/vinselcep.com\/es\/como-llegar-a-vins-el-cep\/\" \/>\n<meta property=\"og:locale\" content=\"es_ES\" \/>\n<meta property=\"og:type\" content=\"article\" \/>\n<meta property=\"og:title\" content=\"Como llegar a Vins El Cep\" \/>\n<meta property=\"og:description\" content=\"Visita els nostres cellers i les vinyes al Pened\u00e8s (Catalunya), molt a prop de Barcelona. Gaudeix d\u2019un tast de vins i caves, un maridatge o un exquisit brunch.\" \/>\n<meta property=\"og:url\" content=\"https:\/\/vinselcep.com\/es\/como-llegar-a-vins-el-cep\/\" \/>\n<meta property=\"og:site_name\" content=\"Vins el Cep\" \/>\n<meta property=\"article:publisher\" content=\"https:\/\/ca-es.facebook.com\/VinselCep\/\" \/>\n<meta property=\"article:modified_time\" content=\"2025-12-11T12:50:51+00:00\" \/>\n<meta property=\"og:image\" content=\"https:\/\/vinselcep.com\/wp-content\/uploads\/2020\/12\/vins-el-cep-enoturisme-visites-2.jpg\" \/>\n\t<meta property=\"og:image:width\" content=\"900\" \/>\n\t<meta property=\"og:image:height\" content=\"956\" \/>\n\t<meta property=\"og:image:type\" content=\"image\/jpeg\" \/>\n<meta name=\"twitter:card\" content=\"summary_large_image\" \/>\n<meta name=\"twitter:site\" content=\"@vinselcep\" \/>\n<meta name=\"twitter:label1\" content=\"Tiempo de lectura\" \/>\n\t<meta name=\"twitter:data1\" content=\"3 minutos\" \/>\n<script type=\"application\/ld+json\" class=\"yoast-schema-graph\">{\"@context\":\"https:\/\/schema.org\",\"@graph\":[{\"@type\":\"WebPage\",\"@id\":\"https:\/\/vinselcep.com\/es\/como-llegar-a-vins-el-cep\/\",\"url\":\"https:\/\/vinselcep.com\/es\/como-llegar-a-vins-el-cep\/\",\"name\":\"Como llegar a Vins El Cep | Vins el Cep\",\"isPartOf\":{\"@id\":\"https:\/\/vinselcep.com\/es\/#website\"},\"primaryImageOfPage\":{\"@id\":\"https:\/\/vinselcep.com\/es\/como-llegar-a-vins-el-cep\/#primaryimage\"},\"image\":{\"@id\":\"https:\/\/vinselcep.com\/es\/como-llegar-a-vins-el-cep\/#primaryimage\"},\"thumbnailUrl\":\"https:\/\/vinselcep.com\/wp-content\/uploads\/2020\/12\/vins-el-cep-enoturisme-visites-2.jpg\",\"datePublished\":\"2024-05-07T07:39:42+00:00\",\"dateModified\":\"2025-12-11T12:50:51+00:00\",\"description\":\"Visita els nostres cellers i les vinyes al Pened\u00e8s (Catalunya), molt a prop de Barcelona. Gaudeix d\u2019un tast de vins i caves, un maridatge o un exquisit brunch.\",\"breadcrumb\":{\"@id\":\"https:\/\/vinselcep.com\/es\/como-llegar-a-vins-el-cep\/#breadcrumb\"},\"inLanguage\":\"es\",\"potentialAction\":[{\"@type\":\"ReadAction\",\"target\":[\"https:\/\/vinselcep.com\/es\/como-llegar-a-vins-el-cep\/\"]}]},{\"@type\":\"ImageObject\",\"inLanguage\":\"es\",\"@id\":\"https:\/\/vinselcep.com\/es\/como-llegar-a-vins-el-cep\/#primaryimage\",\"url\":\"https:\/\/vinselcep.com\/wp-content\/uploads\/2020\/12\/vins-el-cep-enoturisme-visites-2.jpg\",\"contentUrl\":\"https:\/\/vinselcep.com\/wp-content\/uploads\/2020\/12\/vins-el-cep-enoturisme-visites-2.jpg\",\"width\":900,\"height\":956},{\"@type\":\"BreadcrumbList\",\"@id\":\"https:\/\/vinselcep.com\/es\/como-llegar-a-vins-el-cep\/#breadcrumb\",\"itemListElement\":[{\"@type\":\"ListItem\",\"position\":1,\"name\":\"Inici\",\"item\":\"https:\/\/vinselcep.com\/es\/\"},{\"@type\":\"ListItem\",\"position\":2,\"name\":\"Como llegar a Vins El Cep\"}]},{\"@type\":\"WebSite\",\"@id\":\"https:\/\/vinselcep.com\/es\/#website\",\"url\":\"https:\/\/vinselcep.com\/es\/\",\"name\":\"Vins el Cep\",\"description\":\"Viticultors des de 1448\",\"publisher\":{\"@id\":\"https:\/\/vinselcep.com\/es\/#organization\"},\"potentialAction\":[{\"@type\":\"SearchAction\",\"target\":{\"@type\":\"EntryPoint\",\"urlTemplate\":\"https:\/\/vinselcep.com\/es\/?s={search_term_string}\"},\"query-input\":{\"@type\":\"PropertyValueSpecification\",\"valueRequired\":true,\"valueName\":\"search_term_string\"}}],\"inLanguage\":\"es\"},{\"@type\":\"Organization\",\"@id\":\"https:\/\/vinselcep.com\/es\/#organization\",\"name\":\"Vins el Cep\",\"url\":\"https:\/\/vinselcep.com\/es\/\",\"logo\":{\"@type\":\"ImageObject\",\"inLanguage\":\"es\",\"@id\":\"https:\/\/vinselcep.com\/es\/#\/schema\/logo\/image\/\",\"url\":\"https:\/\/vinselcep.com\/wp-content\/uploads\/2020\/11\/logo-vinselcep-positiu.png\",\"contentUrl\":\"https:\/\/vinselcep.com\/wp-content\/uploads\/2020\/11\/logo-vinselcep-positiu.png\",\"width\":600,\"height\":379,\"caption\":\"Vins el Cep\"},\"image\":{\"@id\":\"https:\/\/vinselcep.com\/es\/#\/schema\/logo\/image\/\"},\"sameAs\":[\"https:\/\/ca-es.facebook.com\/VinselCep\/\",\"https:\/\/x.com\/vinselcep\",\"https:\/\/www.instagram.com\/vinselcep\/\"]}]}<\/script>\n<!-- \/ Yoast SEO Premium plugin. -->","yoast_head_json":{"title":"Como llegar a Vins El Cep | Vins el Cep","description":"Visita els nostres cellers i les vinyes al Pened\u00e8s (Catalunya), molt a prop de Barcelona. Gaudeix d\u2019un tast de vins i caves, un maridatge o un exquisit brunch.","robots":{"index":"index","follow":"follow","max-snippet":"max-snippet:-1","max-image-preview":"max-image-preview:large","max-video-preview":"max-video-preview:-1"},"canonical":"https:\/\/vinselcep.com\/es\/como-llegar-a-vins-el-cep\/","og_locale":"es_ES","og_type":"article","og_title":"Como llegar a Vins El Cep","og_description":"Visita els nostres cellers i les vinyes al Pened\u00e8s (Catalunya), molt a prop de Barcelona. Gaudeix d\u2019un tast de vins i caves, un maridatge o un exquisit brunch.","og_url":"https:\/\/vinselcep.com\/es\/como-llegar-a-vins-el-cep\/","og_site_name":"Vins el Cep","article_publisher":"https:\/\/ca-es.facebook.com\/VinselCep\/","article_modified_time":"2025-12-11T12:50:51+00:00","og_image":[{"width":900,"height":956,"url":"https:\/\/vinselcep.com\/wp-content\/uploads\/2020\/12\/vins-el-cep-enoturisme-visites-2.jpg","type":"image\/jpeg"}],"twitter_card":"summary_large_image","twitter_site":"@vinselcep","twitter_misc":{"Tiempo de lectura":"3 minutos"},"schema":{"@context":"https:\/\/schema.org","@graph":[{"@type":"WebPage","@id":"https:\/\/vinselcep.com\/es\/como-llegar-a-vins-el-cep\/","url":"https:\/\/vinselcep.com\/es\/como-llegar-a-vins-el-cep\/","name":"Como llegar a Vins El Cep | Vins el Cep","isPartOf":{"@id":"https:\/\/vinselcep.com\/es\/#website"},"primaryImageOfPage":{"@id":"https:\/\/vinselcep.com\/es\/como-llegar-a-vins-el-cep\/#primaryimage"},"image":{"@id":"https:\/\/vinselcep.com\/es\/como-llegar-a-vins-el-cep\/#primaryimage"},"thumbnailUrl":"https:\/\/vinselcep.com\/wp-content\/uploads\/2020\/12\/vins-el-cep-enoturisme-visites-2.jpg","datePublished":"2024-05-07T07:39:42+00:00","dateModified":"2025-12-11T12:50:51+00:00","description":"Visita els nostres cellers i les vinyes al Pened\u00e8s (Catalunya), molt a prop de Barcelona. Gaudeix d\u2019un tast de vins i caves, un maridatge o un exquisit brunch.","breadcrumb":{"@id":"https:\/\/vinselcep.com\/es\/como-llegar-a-vins-el-cep\/#breadcrumb"},"inLanguage":"es","potentialAction":[{"@type":"ReadAction","target":["https:\/\/vinselcep.com\/es\/como-llegar-a-vins-el-cep\/"]}]},{"@type":"ImageObject","inLanguage":"es","@id":"https:\/\/vinselcep.com\/es\/como-llegar-a-vins-el-cep\/#primaryimage","url":"https:\/\/vinselcep.com\/wp-content\/uploads\/2020\/12\/vins-el-cep-enoturisme-visites-2.jpg","contentUrl":"https:\/\/vinselcep.com\/wp-content\/uploads\/2020\/12\/vins-el-cep-enoturisme-visites-2.jpg","width":900,"height":956},{"@type":"BreadcrumbList","@id":"https:\/\/vinselcep.com\/es\/como-llegar-a-vins-el-cep\/#breadcrumb","itemListElement":[{"@type":"ListItem","position":1,"name":"Inici","item":"https:\/\/vinselcep.com\/es\/"},{"@type":"ListItem","position":2,"name":"Como llegar a Vins El Cep"}]},{"@type":"WebSite","@id":"https:\/\/vinselcep.com\/es\/#website","url":"https:\/\/vinselcep.com\/es\/","name":"Vins el Cep","description":"Viticultors des de 1448","publisher":{"@id":"https:\/\/vinselcep.com\/es\/#organization"},"potentialAction":[{"@type":"SearchAction","target":{"@type":"EntryPoint","urlTemplate":"https:\/\/vinselcep.com\/es\/?s={search_term_string}"},"query-input":{"@type":"PropertyValueSpecification","valueRequired":true,"valueName":"search_term_string"}}],"inLanguage":"es"},{"@type":"Organization","@id":"https:\/\/vinselcep.com\/es\/#organization","name":"Vins el Cep","url":"https:\/\/vinselcep.com\/es\/","logo":{"@type":"ImageObject","inLanguage":"es","@id":"https:\/\/vinselcep.com\/es\/#\/schema\/logo\/image\/","url":"https:\/\/vinselcep.com\/wp-content\/uploads\/2020\/11\/logo-vinselcep-positiu.png","contentUrl":"https:\/\/vinselcep.com\/wp-content\/uploads\/2020\/11\/logo-vinselcep-positiu.png","width":600,"height":379,"caption":"Vins el Cep"},"image":{"@id":"https:\/\/vinselcep.com\/es\/#\/schema\/logo\/image\/"},"sameAs":["https:\/\/ca-es.facebook.com\/VinselCep\/","https:\/\/x.com\/vinselcep","https:\/\/www.instagram.com\/vinselcep\/"]}]}},"_links":{"self":[{"href":"https:\/\/vinselcep.com\/es\/wp-json\/wp\/v2\/pages\/25740","targetHints":{"allow":["GET"]}}],"collection":[{"href":"https:\/\/vinselcep.com\/es\/wp-json\/wp\/v2\/pages"}],"about":[{"href":"https:\/\/vinselcep.com\/es\/wp-json\/wp\/v2\/types\/page"}],"author":[{"embeddable":true,"href":"https:\/\/vinselcep.com\/es\/wp-json\/wp\/v2\/users\/1"}],"replies":[{"embeddable":true,"href":"https:\/\/vinselcep.com\/es\/wp-json\/wp\/v2\/comments?post=25740"}],"version-history":[{"count":0,"href":"https:\/\/vinselcep.com\/es\/wp-json\/wp\/v2\/pages\/25740\/revisions"}],"wp:featuredmedia":[{"embeddable":true,"href":"https:\/\/vinselcep.com\/es\/wp-json\/wp\/v2\/media\/14359"}],"wp:attachment":[{"href":"https:\/\/vinselcep.com\/es\/wp-json\/wp\/v2\/media?parent=25740"}],"curies":[{"name":"wp","href":"https:\/\/api.w.org\/{rel}","templated":true}]}}