{"id":17218,"date":"2022-04-15T08:47:39","date_gmt":"2022-04-15T08:47:39","guid":{"rendered":"https:\/\/vinselcep.com\/?page_id=17218"},"modified":"2022-04-15T08:47:40","modified_gmt":"2022-04-15T08:47:40","slug":"galeria","status":"publish","type":"page","link":"https:\/\/vinselcep.com\/es\/galeria\/","title":{"rendered":"Galer\u00eda"},"content":{"rendered":"<div class=\"wpb-content-wrapper\"><p>[vc_row content_text_aligment=\u00bbcenter\u00bb css=\u00bb.vc_custom_1621496394639{padding-top: 147px !important;padding-bottom: 0px !important;background-position: center !important;background-repeat: no-repeat !important;background-size: contain !important;}\u00bb el_class=\u00bbbanners-experiencies-ext\u00bb][vc_column css=\u00bb.vc_custom_1629293664833{margin-left: 0px !important;border-left-width: 0px !important;padding-left: 0px !important;}\u00bb]<div class=\"eltdf-section-title-holder\" style=\"text-align: center\">\n\t\t\t<h2 class=\"eltdf-st-title\" style=\"color: #808080\">\n\t\t\t<span>GALER\u00cdA<\/span>\n\t\t<\/h2>\n                    <div class=\"eltdf-st-separator clearfix\">\n                <div class=\"eltdf-separator\" style=\"border-color: #808080;margin-top: 27px;margin-bottom: 9px\"><\/div>\n            <\/div>\n        \t\t\t<\/div>[vc_empty_space][vc_row_inner row_content_width=\u00bbgrid\u00bb el_class=\u00bbbanners-experiencies-int\u00bb][vc_column_inner el_class=\u00bbbanner-exp-col-2&#8243; offset=\u00bbvc_col-lg-offset-0 vc_col-lg-8 vc_col-md-offset-1 vc_col-md-10&#8243; css=\u00bb.vc_custom_1629293646672{padding-right: 5px !important;padding-left: 0px !important;}\u00bb][vc_single_image image=\u00bb16811&#8243; img_size=\u00bbfull\u00bb alignment=\u00bbcenter\u00bb onclick=\u00bbcustom_link\u00bb link=\u00bbhttps:\/\/vinselcep.com\/galeria-enoturisme\/\u00bb][\/vc_column_inner][vc_column_inner width=\u00bb1\/3&#8243;]<div class=\"eltdf-section-title-holder\" style=\"text-align: left\">\n\t\t\t<h3 class=\"eltdf-st-title\" style=\"color: #808080\">\n\t\t\t<span>Magic Line 2022<\/span>\n\t\t<\/h3>\n        \t\t\t<\/div>[vc_column_text css=\u00bb.vc_custom_1649668800751{padding-right: 4% !important;padding-left: 4% !important;}\u00bb el_class=\u00bbexperiencies-llistat\u00bb][\/vc_column_text]<a itemprop=\"url\" href=\"https:\/\/vinselcep.com\/galeria-enoturisme\/\" target=\"_self\"  class=\"eltdf-btn eltdf-btn-medium eltdf-btn-solid experiencies-llistat-boto\"  >\n    <span class=\"eltdf-btn-text\">Ver<\/span>\n    <\/a>[vc_separator][\/vc_column_inner][\/vc_row_inner][\/vc_column][\/vc_row][vc_row][vc_column][vc_gmaps link=\u00bb#E-8_JTNDaWZyYW1lJTIwc3JjJTNEJTIyaHR0cHMlM0ElMkYlMkZ3d3cuZ29vZ2xlLmNvbSUyRm1hcHMlMkZlbWJlZCUzRnBiJTNEJTIxMW0xOCUyMTFtMTIlMjExbTMlMjExZDExOTYxLjI1NzI5MDgzNTkyMyUyMTJkMS43OTgzOTk2ODY4MTMzNzUlMjEzZDQxLjQ1NDA5NzUxMjI3MTU3JTIxMm0zJTIxMWYwJTIxMmYwJTIxM2YwJTIxM20yJTIxMWkxMDI0JTIxMmk3NjglMjE0ZjEzLjElMjEzbTMlMjExbTIlMjExczB4MCUyNTNBMHgxMTI0ZTM2MWZmZTdhYmU0JTIxMnNWaW5zJTI1MjBFbCUyNTIwQ2VwJTIxNWUwJTIxM20yJTIxMXNlbiUyMTJzZXMlMjE0djE2MDY4Njk1MDUzOTklMjE1bTIlMjExc2VuJTIxMnNlcyUyMiUyMHdpZHRoJTNEJTIyNjAwJTIyJTIwaGVpZ2h0JTNEJTIyNDUwJTIyJTIwZnJhbWVib3JkZXIlM0QlMjIwJTIyJTIwc3R5bGUlM0QlMjJib3JkZXIlM0EwJTNCJTIyJTIwYWxsb3dmdWxsc2NyZWVuJTNEJTIyJTIyJTIwYXJpYS1oaWRkZW4lM0QlMjJmYWxzZSUyMiUyMHRhYmluZGV4JTNEJTIyMCUyMiUzRSUzQyUyRmlmcmFtZSUzRQ==\u00bb][\/vc_column][\/vc_row]<\/p>\n<\/div>","protected":false},"excerpt":{"rendered":"<p>[vc_row content_text_aligment=\u00bbcenter\u00bb css=\u00bb.vc_custom_1621496394639{padding-top: 147px !important;padding-bottom: 0px !important;background-position: center !important;background-repeat: no-repeat !important;background-size: contain !important;}\u00bb el_class=\u00bbbanners-experiencies-ext\u00bb][vc_column css=\u00bb.vc_custom_1629293664833{margin-left: 0px !important;border-left-width: 0px !important;padding-left: 0px !important;}\u00bb][vc_empty_space][vc_row_inner row_content_width=\u00bbgrid\u00bb el_class=\u00bbbanners-experiencies-int\u00bb][vc_column_inner el_class=\u00bbbanner-exp-col-2&#8243; offset=\u00bbvc_col-lg-offset-0 vc_col-lg-8 vc_col-md-offset-1 vc_col-md-10&#8243; css=\u00bb.vc_custom_1629293646672{padding-right: 5px !important;padding-left: 0px !important;}\u00bb][vc_single_image image=\u00bb16811&#8243; img_size=\u00bbfull\u00bb alignment=\u00bbcenter\u00bb onclick=\u00bbcustom_link\u00bb link=\u00bbhttps:\/\/vinselcep.com\/galeria-enoturisme\/\u00bb][\/vc_column_inner][vc_column_inner width=\u00bb1\/3&#8243;][vc_column_text css=\u00bb.vc_custom_1649668800751{padding-right: 4% !important;padding-left: 4% !important;}\u00bb el_class=\u00bbexperiencies-llistat\u00bb][\/vc_column_text][vc_separator][\/vc_column_inner][\/vc_row_inner][\/vc_column][\/vc_row][vc_row][vc_column][vc_gmaps link=\u00bb#E-8_JTNDaWZyYW1lJTIwc3JjJTNEJTIyaHR0cHMlM0ElMkYlMkZ3d3cuZ29vZ2xlLmNvbSUyRm1hcHMlMkZlbWJlZCUzRnBiJTNEJTIxMW0xOCUyMTFtMTIlMjExbTMlMjExZDExOTYxLjI1NzI5MDgzNTkyMyUyMTJkMS43OTgzOTk2ODY4MTMzNzUlMjEzZDQxLjQ1NDA5NzUxMjI3MTU3JTIxMm0zJTIxMWYwJTIxMmYwJTIxM2YwJTIxM20yJTIxMWkxMDI0JTIxMmk3NjglMjE0ZjEzLjElMjEzbTMlMjExbTIlMjExczB4MCUyNTNBMHgxMTI0ZTM2MWZmZTdhYmU0JTIxMnNWaW5zJTI1MjBFbCUyNTIwQ2VwJTIxNWUwJTIxM20yJTIxMXNlbiUyMTJzZXMlMjE0djE2MDY4Njk1MDUzOTklMjE1bTIlMjExc2VuJTIxMnNlcyUyMiUyMHdpZHRoJTNEJTIyNjAwJTIyJTIwaGVpZ2h0JTNEJTIyNDUwJTIyJTIwZnJhbWVib3JkZXIlM0QlMjIwJTIyJTIwc3R5bGUlM0QlMjJib3JkZXIlM0EwJTNCJTIyJTIwYWxsb3dmdWxsc2NyZWVuJTNEJTIyJTIyJTIwYXJpYS1oaWRkZW4lM0QlMjJmYWxzZSUyMiUyMHRhYmluZGV4JTNEJTIyMCUyMiUzRSUzQyUyRmlmcmFtZSUzRQ==\u00bb][\/vc_column][\/vc_row]<\/p>\n","protected":false},"author":1,"featured_media":14359,"parent":0,"menu_order":0,"comment_status":"closed","ping_status":"closed","template":"full-width.php","meta":{"ngg_post_thumbnail":0,"footnotes":""},"class_list":["post-17218","page","type-page","status-publish","has-post-thumbnail","hentry"],"yoast_head":"<!-- This site is optimized with the Yoast SEO Premium plugin v26.9 (Yoast SEO v26.9) - https:\/\/yoast.com\/product\/yoast-seo-premium-wordpress\/ -->\n<title>Galer\u00eda | Vins el Cep<\/title>\n<meta name=\"description\" content=\"Amb la visita a Vins el Cep passejar\u00e0s entre vinyes i boscos, visitar\u00e0s el nostre celler i gaudir\u00e0s d\u2019un tast de vins i caves en un indret del Pened\u00e8s.\" \/>\n<meta name=\"robots\" content=\"index, follow, max-snippet:-1, max-image-preview:large, max-video-preview:-1\" \/>\n<link rel=\"canonical\" href=\"https:\/\/vinselcep.com\/es\/galeria\/\" \/>\n<meta property=\"og:locale\" content=\"es_ES\" \/>\n<meta property=\"og:type\" content=\"article\" \/>\n<meta property=\"og:title\" content=\"Galer\u00eda\" \/>\n<meta property=\"og:description\" content=\"Amb la visita a Vins el Cep passejar\u00e0s entre vinyes i boscos, visitar\u00e0s el nostre celler i gaudir\u00e0s d\u2019un tast de vins i caves en un indret del Pened\u00e8s.\" \/>\n<meta property=\"og:url\" content=\"https:\/\/vinselcep.com\/es\/galeria\/\" \/>\n<meta property=\"og:site_name\" content=\"Vins el Cep\" \/>\n<meta property=\"article:publisher\" content=\"https:\/\/ca-es.facebook.com\/VinselCep\/\" \/>\n<meta property=\"article:modified_time\" content=\"2022-04-15T08:47:40+00:00\" \/>\n<meta property=\"og:image\" content=\"https:\/\/vinselcep.com\/wp-content\/uploads\/2020\/12\/vins-el-cep-enoturisme-visites-2.jpg\" \/>\n\t<meta property=\"og:image:width\" content=\"900\" \/>\n\t<meta property=\"og:image:height\" content=\"956\" \/>\n\t<meta property=\"og:image:type\" content=\"image\/jpeg\" \/>\n<meta name=\"twitter:card\" content=\"summary_large_image\" \/>\n<meta name=\"twitter:site\" content=\"@vinselcep\" \/>\n<meta name=\"twitter:label1\" content=\"Tiempo de lectura\" \/>\n\t<meta name=\"twitter:data1\" content=\"1 minuto\" \/>\n<script type=\"application\/ld+json\" class=\"yoast-schema-graph\">{\"@context\":\"https:\/\/schema.org\",\"@graph\":[{\"@type\":\"WebPage\",\"@id\":\"https:\/\/vinselcep.com\/es\/galeria\/\",\"url\":\"https:\/\/vinselcep.com\/es\/galeria\/\",\"name\":\"Galer\u00eda | Vins el Cep\",\"isPartOf\":{\"@id\":\"https:\/\/vinselcep.com\/es\/#website\"},\"primaryImageOfPage\":{\"@id\":\"https:\/\/vinselcep.com\/es\/galeria\/#primaryimage\"},\"image\":{\"@id\":\"https:\/\/vinselcep.com\/es\/galeria\/#primaryimage\"},\"thumbnailUrl\":\"https:\/\/vinselcep.com\/wp-content\/uploads\/2020\/12\/vins-el-cep-enoturisme-visites-2.jpg\",\"datePublished\":\"2022-04-15T08:47:39+00:00\",\"dateModified\":\"2022-04-15T08:47:40+00:00\",\"description\":\"Amb la visita a Vins el Cep passejar\u00e0s entre vinyes i boscos, visitar\u00e0s el nostre celler i gaudir\u00e0s d\u2019un tast de vins i caves en un indret del Pened\u00e8s.\",\"breadcrumb\":{\"@id\":\"https:\/\/vinselcep.com\/es\/galeria\/#breadcrumb\"},\"inLanguage\":\"es\",\"potentialAction\":[{\"@type\":\"ReadAction\",\"target\":[\"https:\/\/vinselcep.com\/es\/galeria\/\"]}]},{\"@type\":\"ImageObject\",\"inLanguage\":\"es\",\"@id\":\"https:\/\/vinselcep.com\/es\/galeria\/#primaryimage\",\"url\":\"https:\/\/vinselcep.com\/wp-content\/uploads\/2020\/12\/vins-el-cep-enoturisme-visites-2.jpg\",\"contentUrl\":\"https:\/\/vinselcep.com\/wp-content\/uploads\/2020\/12\/vins-el-cep-enoturisme-visites-2.jpg\",\"width\":900,\"height\":956},{\"@type\":\"BreadcrumbList\",\"@id\":\"https:\/\/vinselcep.com\/es\/galeria\/#breadcrumb\",\"itemListElement\":[{\"@type\":\"ListItem\",\"position\":1,\"name\":\"Inici\",\"item\":\"https:\/\/vinselcep.com\/es\/\"},{\"@type\":\"ListItem\",\"position\":2,\"name\":\"Galer\u00eda\"}]},{\"@type\":\"WebSite\",\"@id\":\"https:\/\/vinselcep.com\/es\/#website\",\"url\":\"https:\/\/vinselcep.com\/es\/\",\"name\":\"Vins el Cep\",\"description\":\"Viticultors des de 1448\",\"publisher\":{\"@id\":\"https:\/\/vinselcep.com\/es\/#organization\"},\"potentialAction\":[{\"@type\":\"SearchAction\",\"target\":{\"@type\":\"EntryPoint\",\"urlTemplate\":\"https:\/\/vinselcep.com\/es\/?s={search_term_string}\"},\"query-input\":{\"@type\":\"PropertyValueSpecification\",\"valueRequired\":true,\"valueName\":\"search_term_string\"}}],\"inLanguage\":\"es\"},{\"@type\":\"Organization\",\"@id\":\"https:\/\/vinselcep.com\/es\/#organization\",\"name\":\"Vins el Cep\",\"url\":\"https:\/\/vinselcep.com\/es\/\",\"logo\":{\"@type\":\"ImageObject\",\"inLanguage\":\"es\",\"@id\":\"https:\/\/vinselcep.com\/es\/#\/schema\/logo\/image\/\",\"url\":\"https:\/\/vinselcep.com\/wp-content\/uploads\/2020\/11\/logo-vinselcep-positiu.png\",\"contentUrl\":\"https:\/\/vinselcep.com\/wp-content\/uploads\/2020\/11\/logo-vinselcep-positiu.png\",\"width\":600,\"height\":379,\"caption\":\"Vins el Cep\"},\"image\":{\"@id\":\"https:\/\/vinselcep.com\/es\/#\/schema\/logo\/image\/\"},\"sameAs\":[\"https:\/\/ca-es.facebook.com\/VinselCep\/\",\"https:\/\/x.com\/vinselcep\",\"https:\/\/www.instagram.com\/vinselcep\/\"]}]}<\/script>\n<!-- \/ Yoast SEO Premium plugin. -->","yoast_head_json":{"title":"Galer\u00eda | Vins el Cep","description":"Amb la visita a Vins el Cep passejar\u00e0s entre vinyes i boscos, visitar\u00e0s el nostre celler i gaudir\u00e0s d\u2019un tast de vins i caves en un indret del Pened\u00e8s.","robots":{"index":"index","follow":"follow","max-snippet":"max-snippet:-1","max-image-preview":"max-image-preview:large","max-video-preview":"max-video-preview:-1"},"canonical":"https:\/\/vinselcep.com\/es\/galeria\/","og_locale":"es_ES","og_type":"article","og_title":"Galer\u00eda","og_description":"Amb la visita a Vins el Cep passejar\u00e0s entre vinyes i boscos, visitar\u00e0s el nostre celler i gaudir\u00e0s d\u2019un tast de vins i caves en un indret del Pened\u00e8s.","og_url":"https:\/\/vinselcep.com\/es\/galeria\/","og_site_name":"Vins el Cep","article_publisher":"https:\/\/ca-es.facebook.com\/VinselCep\/","article_modified_time":"2022-04-15T08:47:40+00:00","og_image":[{"width":900,"height":956,"url":"https:\/\/vinselcep.com\/wp-content\/uploads\/2020\/12\/vins-el-cep-enoturisme-visites-2.jpg","type":"image\/jpeg"}],"twitter_card":"summary_large_image","twitter_site":"@vinselcep","twitter_misc":{"Tiempo de lectura":"1 minuto"},"schema":{"@context":"https:\/\/schema.org","@graph":[{"@type":"WebPage","@id":"https:\/\/vinselcep.com\/es\/galeria\/","url":"https:\/\/vinselcep.com\/es\/galeria\/","name":"Galer\u00eda | Vins el Cep","isPartOf":{"@id":"https:\/\/vinselcep.com\/es\/#website"},"primaryImageOfPage":{"@id":"https:\/\/vinselcep.com\/es\/galeria\/#primaryimage"},"image":{"@id":"https:\/\/vinselcep.com\/es\/galeria\/#primaryimage"},"thumbnailUrl":"https:\/\/vinselcep.com\/wp-content\/uploads\/2020\/12\/vins-el-cep-enoturisme-visites-2.jpg","datePublished":"2022-04-15T08:47:39+00:00","dateModified":"2022-04-15T08:47:40+00:00","description":"Amb la visita a Vins el Cep passejar\u00e0s entre vinyes i boscos, visitar\u00e0s el nostre celler i gaudir\u00e0s d\u2019un tast de vins i caves en un indret del Pened\u00e8s.","breadcrumb":{"@id":"https:\/\/vinselcep.com\/es\/galeria\/#breadcrumb"},"inLanguage":"es","potentialAction":[{"@type":"ReadAction","target":["https:\/\/vinselcep.com\/es\/galeria\/"]}]},{"@type":"ImageObject","inLanguage":"es","@id":"https:\/\/vinselcep.com\/es\/galeria\/#primaryimage","url":"https:\/\/vinselcep.com\/wp-content\/uploads\/2020\/12\/vins-el-cep-enoturisme-visites-2.jpg","contentUrl":"https:\/\/vinselcep.com\/wp-content\/uploads\/2020\/12\/vins-el-cep-enoturisme-visites-2.jpg","width":900,"height":956},{"@type":"BreadcrumbList","@id":"https:\/\/vinselcep.com\/es\/galeria\/#breadcrumb","itemListElement":[{"@type":"ListItem","position":1,"name":"Inici","item":"https:\/\/vinselcep.com\/es\/"},{"@type":"ListItem","position":2,"name":"Galer\u00eda"}]},{"@type":"WebSite","@id":"https:\/\/vinselcep.com\/es\/#website","url":"https:\/\/vinselcep.com\/es\/","name":"Vins el Cep","description":"Viticultors des de 1448","publisher":{"@id":"https:\/\/vinselcep.com\/es\/#organization"},"potentialAction":[{"@type":"SearchAction","target":{"@type":"EntryPoint","urlTemplate":"https:\/\/vinselcep.com\/es\/?s={search_term_string}"},"query-input":{"@type":"PropertyValueSpecification","valueRequired":true,"valueName":"search_term_string"}}],"inLanguage":"es"},{"@type":"Organization","@id":"https:\/\/vinselcep.com\/es\/#organization","name":"Vins el Cep","url":"https:\/\/vinselcep.com\/es\/","logo":{"@type":"ImageObject","inLanguage":"es","@id":"https:\/\/vinselcep.com\/es\/#\/schema\/logo\/image\/","url":"https:\/\/vinselcep.com\/wp-content\/uploads\/2020\/11\/logo-vinselcep-positiu.png","contentUrl":"https:\/\/vinselcep.com\/wp-content\/uploads\/2020\/11\/logo-vinselcep-positiu.png","width":600,"height":379,"caption":"Vins el Cep"},"image":{"@id":"https:\/\/vinselcep.com\/es\/#\/schema\/logo\/image\/"},"sameAs":["https:\/\/ca-es.facebook.com\/VinselCep\/","https:\/\/x.com\/vinselcep","https:\/\/www.instagram.com\/vinselcep\/"]}]}},"_links":{"self":[{"href":"https:\/\/vinselcep.com\/es\/wp-json\/wp\/v2\/pages\/17218","targetHints":{"allow":["GET"]}}],"collection":[{"href":"https:\/\/vinselcep.com\/es\/wp-json\/wp\/v2\/pages"}],"about":[{"href":"https:\/\/vinselcep.com\/es\/wp-json\/wp\/v2\/types\/page"}],"author":[{"embeddable":true,"href":"https:\/\/vinselcep.com\/es\/wp-json\/wp\/v2\/users\/1"}],"replies":[{"embeddable":true,"href":"https:\/\/vinselcep.com\/es\/wp-json\/wp\/v2\/comments?post=17218"}],"version-history":[{"count":0,"href":"https:\/\/vinselcep.com\/es\/wp-json\/wp\/v2\/pages\/17218\/revisions"}],"wp:featuredmedia":[{"embeddable":true,"href":"https:\/\/vinselcep.com\/es\/wp-json\/wp\/v2\/media\/14359"}],"wp:attachment":[{"href":"https:\/\/vinselcep.com\/es\/wp-json\/wp\/v2\/media?parent=17218"}],"curies":[{"name":"wp","href":"https:\/\/api.w.org\/{rel}","templated":true}]}}