{"id":14322,"date":"2020-12-22T12:33:42","date_gmt":"2020-12-22T12:33:42","guid":{"rendered":"https:\/\/vinselcep.com\/tienda\/"},"modified":"2023-10-13T00:26:38","modified_gmt":"2023-10-12T22:26:38","slug":"tienda-cava-vinos-enoturismo-barcelona","status":"publish","type":"page","link":"https:\/\/vinselcep.com\/es\/tienda-cava-vinos-enoturismo-barcelona\/","title":{"rendered":"Comprar cava, vino y experiencias de enoturismo en el Pened\u00e8s (Barcelona)"},"content":{"rendered":"","protected":false},"excerpt":{"rendered":"","protected":false},"author":1,"featured_media":14114,"parent":0,"menu_order":0,"comment_status":"closed","ping_status":"closed","template":"","meta":{"ngg_post_thumbnail":0,"footnotes":""},"class_list":["post-14322","page","type-page","status-publish","has-post-thumbnail","hentry"],"yoast_head":"<!-- This site is optimized with the Yoast SEO Premium plugin v26.9 (Yoast SEO v26.9) - https:\/\/yoast.com\/product\/yoast-seo-premium-wordpress\/ -->\n<title>Comprar cava, vino y experiencias de enoturismo en el Pened\u00e8s (Barcelona) | Vins el Cep<\/title>\n<meta name=\"description\" content=\"Comprar cavas premium, vinos ecol\u00f3gicos del Pened\u00e8s, cava de Paraje Calificado, vinos org\u00e1nicos. Compra directamente en la Bodega de Vins el Cep vinos y cavas de viticultura org\u00e1nica y biodin\u00e1mica.\" \/>\n<meta name=\"robots\" content=\"index, follow, max-snippet:-1, max-image-preview:large, max-video-preview:-1\" \/>\n<link rel=\"canonical\" href=\"https:\/\/vinselcep.com\/es\/tienda-cava-vinos-enoturismo-barcelona\/\" \/>\n<meta property=\"og:locale\" content=\"es_ES\" \/>\n<meta property=\"og:type\" content=\"article\" \/>\n<meta property=\"og:title\" content=\"Comprar cava, vino y experiencias de enoturismo en el Pened\u00e8s (Barcelona)\" \/>\n<meta property=\"og:description\" content=\"Comprar cavas premium, vinos ecol\u00f3gicos del Pened\u00e8s, cava de Paraje Calificado, vinos org\u00e1nicos. Compra directamente en la Bodega de Vins el Cep vinos y cavas de viticultura org\u00e1nica y biodin\u00e1mica.\" \/>\n<meta property=\"og:url\" content=\"https:\/\/vinselcep.com\/es\/tienda-cava-vinos-enoturismo-barcelona\/\" \/>\n<meta property=\"og:site_name\" content=\"Vins el Cep\" \/>\n<meta property=\"article:publisher\" content=\"https:\/\/ca-es.facebook.com\/VinselCep\/\" \/>\n<meta property=\"article:modified_time\" content=\"2023-10-12T22:26:38+00:00\" \/>\n<meta property=\"og:image\" content=\"https:\/\/vinselcep.com\/wp-content\/uploads\/2020\/12\/colleccio-basica-botiga.jpg\" \/>\n\t<meta property=\"og:image:width\" content=\"800\" \/>\n\t<meta property=\"og:image:height\" content=\"800\" \/>\n\t<meta property=\"og:image:type\" content=\"image\/jpeg\" \/>\n<meta name=\"twitter:card\" content=\"summary_large_image\" \/>\n<meta name=\"twitter:site\" content=\"@vinselcep\" \/>\n<script type=\"application\/ld+json\" class=\"yoast-schema-graph\">{\"@context\":\"https:\/\/schema.org\",\"@graph\":[{\"@type\":\"WebPage\",\"@id\":\"https:\/\/vinselcep.com\/es\/tienda-cava-vinos-enoturismo-barcelona\/\",\"url\":\"https:\/\/vinselcep.com\/es\/tienda-cava-vinos-enoturismo-barcelona\/\",\"name\":\"Comprar cava, vino y experiencias de enoturismo en el Pened\u00e8s (Barcelona) | Vins el Cep\",\"isPartOf\":{\"@id\":\"https:\/\/vinselcep.com\/es\/#website\"},\"primaryImageOfPage\":{\"@id\":\"https:\/\/vinselcep.com\/es\/tienda-cava-vinos-enoturismo-barcelona\/#primaryimage\"},\"image\":{\"@id\":\"https:\/\/vinselcep.com\/es\/tienda-cava-vinos-enoturismo-barcelona\/#primaryimage\"},\"thumbnailUrl\":\"https:\/\/vinselcep.com\/wp-content\/uploads\/2020\/12\/colleccio-basica-botiga.jpg\",\"datePublished\":\"2020-12-22T12:33:42+00:00\",\"dateModified\":\"2023-10-12T22:26:38+00:00\",\"description\":\"Comprar cavas premium, vinos ecol\u00f3gicos del Pened\u00e8s, cava de Paraje Calificado, vinos org\u00e1nicos. Compra directamente en la Bodega de Vins el Cep vinos y cavas de viticultura org\u00e1nica y biodin\u00e1mica.\",\"breadcrumb\":{\"@id\":\"https:\/\/vinselcep.com\/es\/tienda-cava-vinos-enoturismo-barcelona\/#breadcrumb\"},\"inLanguage\":\"es\",\"potentialAction\":[{\"@type\":\"ReadAction\",\"target\":[\"https:\/\/vinselcep.com\/es\/tienda-cava-vinos-enoturismo-barcelona\/\"]}]},{\"@type\":\"ImageObject\",\"inLanguage\":\"es\",\"@id\":\"https:\/\/vinselcep.com\/es\/tienda-cava-vinos-enoturismo-barcelona\/#primaryimage\",\"url\":\"https:\/\/vinselcep.com\/wp-content\/uploads\/2020\/12\/colleccio-basica-botiga.jpg\",\"contentUrl\":\"https:\/\/vinselcep.com\/wp-content\/uploads\/2020\/12\/colleccio-basica-botiga.jpg\",\"width\":800,\"height\":800,\"caption\":\"Col\u00b7leci\u00f3 B\u00e0sica\"},{\"@type\":\"BreadcrumbList\",\"@id\":\"https:\/\/vinselcep.com\/es\/tienda-cava-vinos-enoturismo-barcelona\/#breadcrumb\",\"itemListElement\":[{\"@type\":\"ListItem\",\"position\":1,\"name\":\"Inici\",\"item\":\"https:\/\/vinselcep.com\/es\/\"},{\"@type\":\"ListItem\",\"position\":2,\"name\":\"Comprar cava, vino y experiencias de enoturismo en el Pened\u00e8s (Barcelona)\"}]},{\"@type\":\"WebSite\",\"@id\":\"https:\/\/vinselcep.com\/es\/#website\",\"url\":\"https:\/\/vinselcep.com\/es\/\",\"name\":\"Vins el Cep\",\"description\":\"Viticultors des de 1448\",\"publisher\":{\"@id\":\"https:\/\/vinselcep.com\/es\/#organization\"},\"potentialAction\":[{\"@type\":\"SearchAction\",\"target\":{\"@type\":\"EntryPoint\",\"urlTemplate\":\"https:\/\/vinselcep.com\/es\/?s={search_term_string}\"},\"query-input\":{\"@type\":\"PropertyValueSpecification\",\"valueRequired\":true,\"valueName\":\"search_term_string\"}}],\"inLanguage\":\"es\"},{\"@type\":\"Organization\",\"@id\":\"https:\/\/vinselcep.com\/es\/#organization\",\"name\":\"Vins el Cep\",\"url\":\"https:\/\/vinselcep.com\/es\/\",\"logo\":{\"@type\":\"ImageObject\",\"inLanguage\":\"es\",\"@id\":\"https:\/\/vinselcep.com\/es\/#\/schema\/logo\/image\/\",\"url\":\"https:\/\/vinselcep.com\/wp-content\/uploads\/2020\/11\/logo-vinselcep-positiu.png\",\"contentUrl\":\"https:\/\/vinselcep.com\/wp-content\/uploads\/2020\/11\/logo-vinselcep-positiu.png\",\"width\":600,\"height\":379,\"caption\":\"Vins el Cep\"},\"image\":{\"@id\":\"https:\/\/vinselcep.com\/es\/#\/schema\/logo\/image\/\"},\"sameAs\":[\"https:\/\/ca-es.facebook.com\/VinselCep\/\",\"https:\/\/x.com\/vinselcep\",\"https:\/\/www.instagram.com\/vinselcep\/\"]}]}<\/script>\n<!-- \/ Yoast SEO Premium plugin. -->","yoast_head_json":{"title":"Comprar cava, vino y experiencias de enoturismo en el Pened\u00e8s (Barcelona) | Vins el Cep","description":"Comprar cavas premium, vinos ecol\u00f3gicos del Pened\u00e8s, cava de Paraje Calificado, vinos org\u00e1nicos. Compra directamente en la Bodega de Vins el Cep vinos y cavas de viticultura org\u00e1nica y biodin\u00e1mica.","robots":{"index":"index","follow":"follow","max-snippet":"max-snippet:-1","max-image-preview":"max-image-preview:large","max-video-preview":"max-video-preview:-1"},"canonical":"https:\/\/vinselcep.com\/es\/tienda-cava-vinos-enoturismo-barcelona\/","og_locale":"es_ES","og_type":"article","og_title":"Comprar cava, vino y experiencias de enoturismo en el Pened\u00e8s (Barcelona)","og_description":"Comprar cavas premium, vinos ecol\u00f3gicos del Pened\u00e8s, cava de Paraje Calificado, vinos org\u00e1nicos. Compra directamente en la Bodega de Vins el Cep vinos y cavas de viticultura org\u00e1nica y biodin\u00e1mica.","og_url":"https:\/\/vinselcep.com\/es\/tienda-cava-vinos-enoturismo-barcelona\/","og_site_name":"Vins el Cep","article_publisher":"https:\/\/ca-es.facebook.com\/VinselCep\/","article_modified_time":"2023-10-12T22:26:38+00:00","og_image":[{"width":800,"height":800,"url":"https:\/\/vinselcep.com\/wp-content\/uploads\/2020\/12\/colleccio-basica-botiga.jpg","type":"image\/jpeg"}],"twitter_card":"summary_large_image","twitter_site":"@vinselcep","schema":{"@context":"https:\/\/schema.org","@graph":[{"@type":"WebPage","@id":"https:\/\/vinselcep.com\/es\/tienda-cava-vinos-enoturismo-barcelona\/","url":"https:\/\/vinselcep.com\/es\/tienda-cava-vinos-enoturismo-barcelona\/","name":"Comprar cava, vino y experiencias de enoturismo en el Pened\u00e8s (Barcelona) | Vins el Cep","isPartOf":{"@id":"https:\/\/vinselcep.com\/es\/#website"},"primaryImageOfPage":{"@id":"https:\/\/vinselcep.com\/es\/tienda-cava-vinos-enoturismo-barcelona\/#primaryimage"},"image":{"@id":"https:\/\/vinselcep.com\/es\/tienda-cava-vinos-enoturismo-barcelona\/#primaryimage"},"thumbnailUrl":"https:\/\/vinselcep.com\/wp-content\/uploads\/2020\/12\/colleccio-basica-botiga.jpg","datePublished":"2020-12-22T12:33:42+00:00","dateModified":"2023-10-12T22:26:38+00:00","description":"Comprar cavas premium, vinos ecol\u00f3gicos del Pened\u00e8s, cava de Paraje Calificado, vinos org\u00e1nicos. Compra directamente en la Bodega de Vins el Cep vinos y cavas de viticultura org\u00e1nica y biodin\u00e1mica.","breadcrumb":{"@id":"https:\/\/vinselcep.com\/es\/tienda-cava-vinos-enoturismo-barcelona\/#breadcrumb"},"inLanguage":"es","potentialAction":[{"@type":"ReadAction","target":["https:\/\/vinselcep.com\/es\/tienda-cava-vinos-enoturismo-barcelona\/"]}]},{"@type":"ImageObject","inLanguage":"es","@id":"https:\/\/vinselcep.com\/es\/tienda-cava-vinos-enoturismo-barcelona\/#primaryimage","url":"https:\/\/vinselcep.com\/wp-content\/uploads\/2020\/12\/colleccio-basica-botiga.jpg","contentUrl":"https:\/\/vinselcep.com\/wp-content\/uploads\/2020\/12\/colleccio-basica-botiga.jpg","width":800,"height":800,"caption":"Col\u00b7leci\u00f3 B\u00e0sica"},{"@type":"BreadcrumbList","@id":"https:\/\/vinselcep.com\/es\/tienda-cava-vinos-enoturismo-barcelona\/#breadcrumb","itemListElement":[{"@type":"ListItem","position":1,"name":"Inici","item":"https:\/\/vinselcep.com\/es\/"},{"@type":"ListItem","position":2,"name":"Comprar cava, vino y experiencias de enoturismo en el Pened\u00e8s (Barcelona)"}]},{"@type":"WebSite","@id":"https:\/\/vinselcep.com\/es\/#website","url":"https:\/\/vinselcep.com\/es\/","name":"Vins el Cep","description":"Viticultors des de 1448","publisher":{"@id":"https:\/\/vinselcep.com\/es\/#organization"},"potentialAction":[{"@type":"SearchAction","target":{"@type":"EntryPoint","urlTemplate":"https:\/\/vinselcep.com\/es\/?s={search_term_string}"},"query-input":{"@type":"PropertyValueSpecification","valueRequired":true,"valueName":"search_term_string"}}],"inLanguage":"es"},{"@type":"Organization","@id":"https:\/\/vinselcep.com\/es\/#organization","name":"Vins el Cep","url":"https:\/\/vinselcep.com\/es\/","logo":{"@type":"ImageObject","inLanguage":"es","@id":"https:\/\/vinselcep.com\/es\/#\/schema\/logo\/image\/","url":"https:\/\/vinselcep.com\/wp-content\/uploads\/2020\/11\/logo-vinselcep-positiu.png","contentUrl":"https:\/\/vinselcep.com\/wp-content\/uploads\/2020\/11\/logo-vinselcep-positiu.png","width":600,"height":379,"caption":"Vins el Cep"},"image":{"@id":"https:\/\/vinselcep.com\/es\/#\/schema\/logo\/image\/"},"sameAs":["https:\/\/ca-es.facebook.com\/VinselCep\/","https:\/\/x.com\/vinselcep","https:\/\/www.instagram.com\/vinselcep\/"]}]}},"_links":{"self":[{"href":"https:\/\/vinselcep.com\/es\/wp-json\/wp\/v2\/pages\/14322","targetHints":{"allow":["GET"]}}],"collection":[{"href":"https:\/\/vinselcep.com\/es\/wp-json\/wp\/v2\/pages"}],"about":[{"href":"https:\/\/vinselcep.com\/es\/wp-json\/wp\/v2\/types\/page"}],"author":[{"embeddable":true,"href":"https:\/\/vinselcep.com\/es\/wp-json\/wp\/v2\/users\/1"}],"replies":[{"embeddable":true,"href":"https:\/\/vinselcep.com\/es\/wp-json\/wp\/v2\/comments?post=14322"}],"version-history":[{"count":0,"href":"https:\/\/vinselcep.com\/es\/wp-json\/wp\/v2\/pages\/14322\/revisions"}],"wp:featuredmedia":[{"embeddable":true,"href":"https:\/\/vinselcep.com\/es\/wp-json\/wp\/v2\/media\/14114"}],"wp:attachment":[{"href":"https:\/\/vinselcep.com\/es\/wp-json\/wp\/v2\/media?parent=14322"}],"curies":[{"name":"wp","href":"https:\/\/api.w.org\/{rel}","templated":true}]}}