{"id":13545,"date":"2020-12-09T11:57:15","date_gmt":"2020-12-09T11:57:15","guid":{"rendered":"https:\/\/vinselcep.com\/viticultura\/"},"modified":"2023-09-23T14:30:49","modified_gmt":"2023-09-23T12:30:49","slug":"viticultura-ecologica-cultivo-biodinamico","status":"publish","type":"page","link":"https:\/\/vinselcep.com\/es\/viticultura-ecologica-cultivo-biodinamico\/","title":{"rendered":"Pioneros en viticultura ecol\u00f3gica y cultivo biodin\u00e1mico elaborando vinos y cavas catalanes."},"content":{"rendered":"<div class=\"wpb-content-wrapper\"><p>[vc_row row_content_width=\u00bbgrid\u00bb css=\u00bb.vc_custom_1607605705726{padding-top: 75px !important;}\u00bb el_id=\u00bbbiodinamica\u00bb][vc_column css=\u00bb.vc_custom_1607526711068{padding-right: 20px !important;padding-left: 20px !important;}\u00bb el_id=\u00bbbiodinamica\u00bb]<div class=\"eltdf-elements-holder eltdf-responsive-mode-768\" ><div class=\"eltdf-eh-item \" data-item-class=\"eltdf-eh-custom-939759\" data-1280-1600=\"0 22% 0 20%\" data-1024-1280=\"0 20% 0 20%\" data-768-1024=\"0 12% 0 12%\" data-600-768=\"0 7% 0 7%\" data-480=\"0 5% 0 5%\" >\n\t<div class=\"eltdf-eh-item-inner\" >\n\t\t<div class=\"eltdf-eh-item-content eltdf-eh-custom-939759\" style=\"padding: 0 10 0 10\">\n\t\t\t<div class=\"eltdf-section-title-holder\" style=\"text-align: center\">\n\t\t\t<h2 class=\"eltdf-st-title\" >\n\t\t\t<span>BIODIN\u00c1MICA: PIONEROS Y CONVENCIDOS<\/span>\n\t\t<\/h2>\n                    <div class=\"eltdf-st-separator clearfix\">\n                <div class=\"eltdf-separator\" ><\/div>\n            <\/div>\n        \t\t\t<\/div>[vc_column_text]<\/p>\n<p style=\"text-align: center;\"><span style=\"font-weight: 400;\">A lo largo de nuestra historia, cada generaci\u00f3n ha aportado su grano de arena, sus avances, pero tambi\u00e9n el acierto de saber ver y reflexionar. La experiencia que nos aporta este contacto directo con la tierra nos condujo, en 2000 a encaminar nuestra agricultura hacia el cultivo ecol\u00f3gico.<\/span><\/p>\n<p style=\"text-align: center;\"><span style=\"font-weight: 400;\">Poco despu\u00e9s, con la inquietud de seguir mejorando a todos los niveles, decidimos dar un paso m\u00e1s all\u00e1 y aplicar la agricultura biodin\u00e1mica. Aunque en ese momento era un tipo de agricultura bastante desconocida en nuestro pa\u00eds, los resultados hablaban por s\u00ed mismos y decidimos apostar por ella. Y seguimos apostando.<\/span><\/p>\n<p>[\/vc_column_text][vc_empty_space height=\u00bb35px\u00bb][vc_column_text]<\/p>\n<p style=\"text-align: center;\"><span style=\"font-weight: 400;\">Vins El Cep ha nacido y ha crecido en este paisaje de vi\u00f1edos y bosques que impregnan car\u00e1cter. Amamos nuestra tierra y por ello la cuidamos, la escuchamos y tratamos de entenderla para poder actuar, porque sabemos que todo empieza aqu\u00ed, en el suelo, en las cepas, en las plantas y los animales que conviven en un mismo ecosistema, se entienden y establecen un equilibrio natural.<\/span><\/p>\n<p>[\/vc_column_text][vc_column_text]<\/p>\n<p style=\"text-align: center;\"><span style=\"font-weight: 400;\">Observaci\u00f3n, esfuerzo y convencimiento nos han llevado, desde el a\u00f1o 2003 hasta la actualidad, a seguir trabajando en esa direcci\u00f3n, luchando para conseguir el equilibrio perfecto entre el respeto por la naturaleza y la alta calidad en la bodega. Nuestro cava Claror, primer cava biodin\u00e1mico del mundo, es un ejemplo de nuestra labor.<\/span><\/p>\n<p>[\/vc_column_text][vc_column_text]<\/p>\n<p style=\"text-align: center;\"><span style=\"font-weight: 400;\">Es sabido que el camino del vino empieza en el vi\u00f1edo. La personalidad, el sentimiento, la expresi\u00f3n de nuestros vinos \u00fanicamente tienen sentido si la vi\u00f1a est\u00e1 cada d\u00eda m\u00e1s viva.<\/span><\/p>\n<p>[\/vc_column_text][vc_empty_space height=\u00bb35px\u00bb][vc_column_text]<\/p>\n<blockquote><p><span style=\"font-weight: 400;\">Las vi\u00f1as son nuestro patrimonio, las ra\u00edces nuestro paisaje.<\/span><\/p><\/blockquote>\n<p>[\/vc_column_text][vc_empty_space height=\u00bb65px\u00bb]\t\t<\/div>\n\t<\/div>\n\t<\/div><\/div>[vc_separator][\/vc_column][\/vc_row][vc_row row_content_width=\u00bbgrid\u00bb css=\u00bb.vc_custom_1607602118991{padding-top: 147px !important;}\u00bb el_id=\u00bbterru\u00f1os\u00bb][vc_column css=\u00bb.vc_custom_1607526385209{padding-right: 20px !important;padding-left: 20px !important;}\u00bb el_id=\u00bbterrers-i-paratges\u00bb]<div class=\"eltdf-elements-holder eltdf-responsive-mode-768\" ><div class=\"eltdf-eh-item \" data-item-class=\"eltdf-eh-custom-325373\" data-1280-1600=\"0 22% 0 20%\" data-1024-1280=\"0 20% 0 20%\" data-768-1024=\"0 12% 0 12%\" data-600-768=\"0 7% 0 7%\" data-480=\"0 5% 0 5%\" >\n\t<div class=\"eltdf-eh-item-inner\" >\n\t\t<div class=\"eltdf-eh-item-content eltdf-eh-custom-325373\" style=\"padding: 0 10 0 10\">\n\t\t\t<div class=\"eltdf-section-title-holder\" style=\"text-align: center\">\n\t\t\t<h2 class=\"eltdf-st-title\" >\n\t\t\t<span>TERRU\u00d1OS Y PARAJES<\/span>\n\t\t<\/h2>\n                    <div class=\"eltdf-st-separator clearfix\">\n                <div class=\"eltdf-separator\" ><\/div>\n            <\/div>\n        \t\t\t<\/div>[vc_column_text]<\/p>\n<p style=\"text-align: center;\"><span style=\"font-weight: 400;\">Hace miles de a\u00f1os estas tierras formaban parte del fondo marino y de hecho m\u00e1s de 500 a\u00f1os atr\u00e1s ya hab\u00eda vi\u00f1a. Tenemos en nuestras manos, pues, un legado que viene de muy lejos.<\/span><\/p>\n<p>[\/vc_column_text][vc_column_text]<\/p>\n<p style=\"text-align: center;\"><span style=\"font-weight: 400;\">Nuestras vi\u00f1as son, en gran parte, vi\u00f1as viejas situadas en Costers de l\u2019Anoia y localizadas entre los t\u00e9rminos de Sant Sadurn\u00ed d\u2019Anoia, Gelida y Sant Lloren\u00e7, en la provincia de Barcelona. Vi\u00f1edos de marcado car\u00e1cter, cualidad que se necesita para obtener nuestros vinos de terru\u00f1o.<\/span><\/p>\n<p>[\/vc_column_text][vc_empty_space height=\u00bb35px\u00bb][vc_single_image image=\u00bb11986&#8243; img_size=\u00bbfull\u00bb alignment=\u00bbcenter\u00bb][vc_empty_space height=\u00bb35px\u00bb][vc_column_text]<\/p>\n<p style=\"text-align: center;\"><span style=\"font-weight: 400;\">La uva se hace entre laderas suavemente onduladas, atravesadas por torrentes profundos y un clima t\u00edpicamente mediterr\u00e1neo: veranos moderadamente calurosos y secos, inviernos templados y lluvias irregulares. A las variedades aut\u00f3ctonas, que son las que ocupan gran parte de nuestros vi\u00f1edos, como Macabeo, Xarel\u00b7lo, Parellada y Tempranillo, se suman otras como la Cabernet Sauvignon, Chardonnay, Pinot Noir, Merlot o Syrah que nos permiten encontrar el equilibrio en los coupages.<\/span><\/p>\n<p>[\/vc_column_text][vc_column_text]<\/p>\n<p style=\"text-align: center;\"><span style=\"font-weight: 400;\">Las ra\u00edces, moderadamente profundas, se enganchan en un suelo franco-arcillo-limoso, bien estructurado, poroso y activo a nivel de fauna. Gracias a la agricultura que se aplica, ecol\u00f3gica y biodin\u00e1mica, hormigas, gusanos y todo tipo de organismos viven y se desarrollan, propiciando el equilibrio natural necesario.<\/span><\/p>\n<p>[\/vc_column_text]\t\t<\/div>\n\t<\/div>\n\t<\/div><\/div>[\/vc_column][\/vc_row][vc_row css=\u00bb.vc_custom_1607518176702{padding-top: 147px !important;}\u00bb][vc_column css=\u00bb.vc_custom_1605861225797{padding-right: 20px !important;padding-left: 20px !important;}\u00bb][\/vc_column][\/vc_row]<\/p>\n<\/div>","protected":false},"excerpt":{"rendered":"<p>[vc_row row_content_width=\u00bbgrid\u00bb css=\u00bb.vc_custom_1607605705726{padding-top: 75px !important;}\u00bb el_id=\u00bbbiodinamica\u00bb][vc_column css=\u00bb.vc_custom_1607526711068{padding-right: 20px !important;padding-left: 20px !important;}\u00bb el_id=\u00bbbiodinamica\u00bb][vc_separator][\/vc_column][\/vc_row][vc_row row_content_width=\u00bbgrid\u00bb css=\u00bb.vc_custom_1607602118991{padding-top: 147px !important;}\u00bb el_id=\u00bbterru\u00f1os\u00bb][vc_column css=\u00bb.vc_custom_1607526385209{padding-right: 20px !important;padding-left: 20px !important;}\u00bb el_id=\u00bbterrers-i-paratges\u00bb][\/vc_column][\/vc_row][vc_row css=\u00bb.vc_custom_1607518176702{padding-top: 147px !important;}\u00bb][vc_column css=\u00bb.vc_custom_1605861225797{padding-right: 20px !important;padding-left: 20px !important;}\u00bb][\/vc_column][\/vc_row]<\/p>\n","protected":false},"author":1,"featured_media":0,"parent":0,"menu_order":0,"comment_status":"closed","ping_status":"closed","template":"full-width.php","meta":{"ngg_post_thumbnail":0,"footnotes":""},"class_list":["post-13545","page","type-page","status-publish","hentry"],"yoast_head":"<!-- This site is optimized with the Yoast SEO Premium plugin v26.9 (Yoast SEO v26.9) - https:\/\/yoast.com\/product\/yoast-seo-premium-wordpress\/ -->\n<title>Pioneros en viticultura ecol\u00f3gica y cultivo biodin\u00e1mico elaborando vinos y cavas catalanes. | Vins el Cep<\/title>\n<meta name=\"description\" content=\"Vins el Cep ha nacido y ha crecido en un paisaje de vi\u00f1edos y bosques que impregnan car\u00e1cter. Amamos nuestra tierra, la cuidamos y la escuchamos\" \/>\n<meta name=\"robots\" content=\"index, follow, max-snippet:-1, max-image-preview:large, max-video-preview:-1\" \/>\n<link rel=\"canonical\" href=\"https:\/\/vinselcep.com\/es\/viticultura-ecologica-cultivo-biodinamico\/\" \/>\n<meta property=\"og:locale\" content=\"es_ES\" \/>\n<meta property=\"og:type\" content=\"article\" \/>\n<meta property=\"og:title\" content=\"Pioneros en viticultura ecol\u00f3gica y cultivo biodin\u00e1mico elaborando vinos y cavas catalanes.\" \/>\n<meta property=\"og:description\" content=\"Vins el Cep ha nacido y ha crecido en un paisaje de vi\u00f1edos y bosques que impregnan car\u00e1cter. Amamos nuestra tierra, la cuidamos y la escuchamos\" \/>\n<meta property=\"og:url\" content=\"https:\/\/vinselcep.com\/es\/viticultura-ecologica-cultivo-biodinamico\/\" \/>\n<meta property=\"og:site_name\" content=\"Vins el Cep\" \/>\n<meta property=\"article:publisher\" content=\"https:\/\/ca-es.facebook.com\/VinselCep\/\" \/>\n<meta property=\"article:modified_time\" content=\"2023-09-23T12:30:49+00:00\" \/>\n<meta name=\"twitter:card\" content=\"summary_large_image\" \/>\n<meta name=\"twitter:site\" content=\"@vinselcep\" \/>\n<meta name=\"twitter:label1\" content=\"Tiempo de lectura\" \/>\n\t<meta name=\"twitter:data1\" content=\"3 minutos\" \/>\n<script type=\"application\/ld+json\" class=\"yoast-schema-graph\">{\"@context\":\"https:\/\/schema.org\",\"@graph\":[{\"@type\":\"WebPage\",\"@id\":\"https:\/\/vinselcep.com\/es\/viticultura-ecologica-cultivo-biodinamico\/\",\"url\":\"https:\/\/vinselcep.com\/es\/viticultura-ecologica-cultivo-biodinamico\/\",\"name\":\"Pioneros en viticultura ecol\u00f3gica y cultivo biodin\u00e1mico elaborando vinos y cavas catalanes. | Vins el Cep\",\"isPartOf\":{\"@id\":\"https:\/\/vinselcep.com\/es\/#website\"},\"datePublished\":\"2020-12-09T11:57:15+00:00\",\"dateModified\":\"2023-09-23T12:30:49+00:00\",\"description\":\"Vins el Cep ha nacido y ha crecido en un paisaje de vi\u00f1edos y bosques que impregnan car\u00e1cter. Amamos nuestra tierra, la cuidamos y la escuchamos\",\"breadcrumb\":{\"@id\":\"https:\/\/vinselcep.com\/es\/viticultura-ecologica-cultivo-biodinamico\/#breadcrumb\"},\"inLanguage\":\"es\",\"potentialAction\":[{\"@type\":\"ReadAction\",\"target\":[\"https:\/\/vinselcep.com\/es\/viticultura-ecologica-cultivo-biodinamico\/\"]}]},{\"@type\":\"BreadcrumbList\",\"@id\":\"https:\/\/vinselcep.com\/es\/viticultura-ecologica-cultivo-biodinamico\/#breadcrumb\",\"itemListElement\":[{\"@type\":\"ListItem\",\"position\":1,\"name\":\"Inici\",\"item\":\"https:\/\/vinselcep.com\/es\/\"},{\"@type\":\"ListItem\",\"position\":2,\"name\":\"Pioneros en viticultura ecol\u00f3gica y cultivo biodin\u00e1mico elaborando vinos y cavas catalanes.\"}]},{\"@type\":\"WebSite\",\"@id\":\"https:\/\/vinselcep.com\/es\/#website\",\"url\":\"https:\/\/vinselcep.com\/es\/\",\"name\":\"Vins el Cep\",\"description\":\"Viticultors des de 1448\",\"publisher\":{\"@id\":\"https:\/\/vinselcep.com\/es\/#organization\"},\"potentialAction\":[{\"@type\":\"SearchAction\",\"target\":{\"@type\":\"EntryPoint\",\"urlTemplate\":\"https:\/\/vinselcep.com\/es\/?s={search_term_string}\"},\"query-input\":{\"@type\":\"PropertyValueSpecification\",\"valueRequired\":true,\"valueName\":\"search_term_string\"}}],\"inLanguage\":\"es\"},{\"@type\":\"Organization\",\"@id\":\"https:\/\/vinselcep.com\/es\/#organization\",\"name\":\"Vins el Cep\",\"url\":\"https:\/\/vinselcep.com\/es\/\",\"logo\":{\"@type\":\"ImageObject\",\"inLanguage\":\"es\",\"@id\":\"https:\/\/vinselcep.com\/es\/#\/schema\/logo\/image\/\",\"url\":\"https:\/\/vinselcep.com\/wp-content\/uploads\/2020\/11\/logo-vinselcep-positiu.png\",\"contentUrl\":\"https:\/\/vinselcep.com\/wp-content\/uploads\/2020\/11\/logo-vinselcep-positiu.png\",\"width\":600,\"height\":379,\"caption\":\"Vins el Cep\"},\"image\":{\"@id\":\"https:\/\/vinselcep.com\/es\/#\/schema\/logo\/image\/\"},\"sameAs\":[\"https:\/\/ca-es.facebook.com\/VinselCep\/\",\"https:\/\/x.com\/vinselcep\",\"https:\/\/www.instagram.com\/vinselcep\/\"]}]}<\/script>\n<!-- \/ Yoast SEO Premium plugin. -->","yoast_head_json":{"title":"Pioneros en viticultura ecol\u00f3gica y cultivo biodin\u00e1mico elaborando vinos y cavas catalanes. | Vins el Cep","description":"Vins el Cep ha nacido y ha crecido en un paisaje de vi\u00f1edos y bosques que impregnan car\u00e1cter. Amamos nuestra tierra, la cuidamos y la escuchamos","robots":{"index":"index","follow":"follow","max-snippet":"max-snippet:-1","max-image-preview":"max-image-preview:large","max-video-preview":"max-video-preview:-1"},"canonical":"https:\/\/vinselcep.com\/es\/viticultura-ecologica-cultivo-biodinamico\/","og_locale":"es_ES","og_type":"article","og_title":"Pioneros en viticultura ecol\u00f3gica y cultivo biodin\u00e1mico elaborando vinos y cavas catalanes.","og_description":"Vins el Cep ha nacido y ha crecido en un paisaje de vi\u00f1edos y bosques que impregnan car\u00e1cter. Amamos nuestra tierra, la cuidamos y la escuchamos","og_url":"https:\/\/vinselcep.com\/es\/viticultura-ecologica-cultivo-biodinamico\/","og_site_name":"Vins el Cep","article_publisher":"https:\/\/ca-es.facebook.com\/VinselCep\/","article_modified_time":"2023-09-23T12:30:49+00:00","twitter_card":"summary_large_image","twitter_site":"@vinselcep","twitter_misc":{"Tiempo de lectura":"3 minutos"},"schema":{"@context":"https:\/\/schema.org","@graph":[{"@type":"WebPage","@id":"https:\/\/vinselcep.com\/es\/viticultura-ecologica-cultivo-biodinamico\/","url":"https:\/\/vinselcep.com\/es\/viticultura-ecologica-cultivo-biodinamico\/","name":"Pioneros en viticultura ecol\u00f3gica y cultivo biodin\u00e1mico elaborando vinos y cavas catalanes. | Vins el Cep","isPartOf":{"@id":"https:\/\/vinselcep.com\/es\/#website"},"datePublished":"2020-12-09T11:57:15+00:00","dateModified":"2023-09-23T12:30:49+00:00","description":"Vins el Cep ha nacido y ha crecido en un paisaje de vi\u00f1edos y bosques que impregnan car\u00e1cter. Amamos nuestra tierra, la cuidamos y la escuchamos","breadcrumb":{"@id":"https:\/\/vinselcep.com\/es\/viticultura-ecologica-cultivo-biodinamico\/#breadcrumb"},"inLanguage":"es","potentialAction":[{"@type":"ReadAction","target":["https:\/\/vinselcep.com\/es\/viticultura-ecologica-cultivo-biodinamico\/"]}]},{"@type":"BreadcrumbList","@id":"https:\/\/vinselcep.com\/es\/viticultura-ecologica-cultivo-biodinamico\/#breadcrumb","itemListElement":[{"@type":"ListItem","position":1,"name":"Inici","item":"https:\/\/vinselcep.com\/es\/"},{"@type":"ListItem","position":2,"name":"Pioneros en viticultura ecol\u00f3gica y cultivo biodin\u00e1mico elaborando vinos y cavas catalanes."}]},{"@type":"WebSite","@id":"https:\/\/vinselcep.com\/es\/#website","url":"https:\/\/vinselcep.com\/es\/","name":"Vins el Cep","description":"Viticultors des de 1448","publisher":{"@id":"https:\/\/vinselcep.com\/es\/#organization"},"potentialAction":[{"@type":"SearchAction","target":{"@type":"EntryPoint","urlTemplate":"https:\/\/vinselcep.com\/es\/?s={search_term_string}"},"query-input":{"@type":"PropertyValueSpecification","valueRequired":true,"valueName":"search_term_string"}}],"inLanguage":"es"},{"@type":"Organization","@id":"https:\/\/vinselcep.com\/es\/#organization","name":"Vins el Cep","url":"https:\/\/vinselcep.com\/es\/","logo":{"@type":"ImageObject","inLanguage":"es","@id":"https:\/\/vinselcep.com\/es\/#\/schema\/logo\/image\/","url":"https:\/\/vinselcep.com\/wp-content\/uploads\/2020\/11\/logo-vinselcep-positiu.png","contentUrl":"https:\/\/vinselcep.com\/wp-content\/uploads\/2020\/11\/logo-vinselcep-positiu.png","width":600,"height":379,"caption":"Vins el Cep"},"image":{"@id":"https:\/\/vinselcep.com\/es\/#\/schema\/logo\/image\/"},"sameAs":["https:\/\/ca-es.facebook.com\/VinselCep\/","https:\/\/x.com\/vinselcep","https:\/\/www.instagram.com\/vinselcep\/"]}]}},"_links":{"self":[{"href":"https:\/\/vinselcep.com\/es\/wp-json\/wp\/v2\/pages\/13545","targetHints":{"allow":["GET"]}}],"collection":[{"href":"https:\/\/vinselcep.com\/es\/wp-json\/wp\/v2\/pages"}],"about":[{"href":"https:\/\/vinselcep.com\/es\/wp-json\/wp\/v2\/types\/page"}],"author":[{"embeddable":true,"href":"https:\/\/vinselcep.com\/es\/wp-json\/wp\/v2\/users\/1"}],"replies":[{"embeddable":true,"href":"https:\/\/vinselcep.com\/es\/wp-json\/wp\/v2\/comments?post=13545"}],"version-history":[{"count":0,"href":"https:\/\/vinselcep.com\/es\/wp-json\/wp\/v2\/pages\/13545\/revisions"}],"wp:attachment":[{"href":"https:\/\/vinselcep.com\/es\/wp-json\/wp\/v2\/media?parent=13545"}],"curies":[{"name":"wp","href":"https:\/\/api.w.org\/{rel}","templated":true}]}}