{"id":12959,"date":"2020-11-23T00:16:34","date_gmt":"2020-11-23T00:16:34","guid":{"rendered":"https:\/\/vinselcep.com\/sostenibilitat\/"},"modified":"2024-06-06T16:40:38","modified_gmt":"2024-06-06T14:40:38","slug":"vino-y-cava-ecologico-biodinamico","status":"publish","type":"page","link":"https:\/\/vinselcep.com\/es\/vino-y-cava-ecologico-biodinamico\/","title":{"rendered":"Una viticultura ecol\u00f3gica y sostenible: nuestro compromiso con la naturaleza."},"content":{"rendered":"<div class=\"wpb-content-wrapper\"><p>[vc_row row_content_width=\u00bbgrid\u00bb css=\u00bb.vc_custom_1607602799542{padding-top: 147px !important;}\u00bb el_id=\u00bbcompromiso\u00bb][vc_column css=\u00bb.vc_custom_1605861225797{padding-right: 20px !important;padding-left: 20px !important;}\u00bb el_id=\u00bbbiodinamica\u00bb]<div class=\"eltdf-elements-holder eltdf-responsive-mode-768\" ><div class=\"eltdf-eh-item \" data-item-class=\"eltdf-eh-custom-218820\" data-1280-1600=\"0 22% 0 20%\" data-1024-1280=\"0 20% 0 20%\" data-768-1024=\"0 12% 0 12%\" data-600-768=\"0 7% 0 7%\" data-480=\"0 5% 0 5%\" >\n\t<div class=\"eltdf-eh-item-inner\" >\n\t\t<div class=\"eltdf-eh-item-content eltdf-eh-custom-218820\" style=\"padding: 0 10 0 10\">\n\t\t\t<div class=\"eltdf-section-title-holder\" style=\"text-align: center\">\n\t\t\t<h2 class=\"eltdf-st-title\" >\n\t\t\t<span>COMPROMISO<\/span>\n\t\t<\/h2>\n                    <div class=\"eltdf-st-separator clearfix\">\n                <div class=\"eltdf-separator\" ><\/div>\n            <\/div>\n        \t\t\t<\/div>[vc_column_text]<\/p>\n<p style=\"text-align: center;\"><span style=\"font-weight: 400;\">Somos una bodega sostenible, responsable y eficiente.<\/span><\/p>\n<p style=\"text-align: center;\"><span style=\"font-weight: 400;\">Trabajamos d\u00eda a d\u00eda para cumplir nuestro compromiso con el paisaje. Trabajamos sosteniblemente con energ\u00edas renovables, respetando al m\u00e1ximo el medio ambiente en el vi\u00f1edo y en bodega. <\/span><\/p>\n<p style=\"text-align: center;\"><span style=\"font-weight: 400;\">Velamos para mejorar la gesti\u00f3n del agua, la reducci\u00f3n de residuos y la eficiencia energ\u00e9tica. Invertimos para funcionar con energ\u00eda fotovoltaica.<\/span><\/p>\n<blockquote>\n<p style=\"text-align: center;\"><span style=\"font-weight: 400;\">Somos aquello que veis.<\/span><\/p>\n<\/blockquote>\n<p>[\/vc_column_text][vc_empty_space height=\u00bb35px\u00bb]\t\t<\/div>\n\t<\/div>\n\t<\/div><\/div>[vc_separator][vc_empty_space height=\u00bb60px\u00bb][\/vc_column][\/vc_row][vc_row el_id=\u00bbelaboracion\u00bb][vc_column]<div class=\"eltdf-elements-holder eltdf-responsive-mode-768\" ><div class=\"eltdf-eh-item \" data-item-class=\"eltdf-eh-custom-298928\" data-1280-1600=\"0 10% 0 10%\" data-1024-1280=\"0 5% 0 5%\" >\n\t<div class=\"eltdf-eh-item-inner\" >\n\t\t<div class=\"eltdf-eh-item-content eltdf-eh-custom-298928\" >\n\t\t\t[vc_row_inner row_content_width=\u00bbgrid\u00bb][vc_column_inner css=\u00bb.vc_custom_1608208444960{padding-right: 10px !important;padding-left: 10px !important;}\u00bb]<div class=\"eltdf-section-title-holder\" style=\"text-align: center\">\n\t\t\t<h2 class=\"eltdf-st-title\" >\n\t\t\t<span>ELABORACI\u00d3N INTEGRAL<\/span>\n\t\t<\/h2>\n                    <div class=\"eltdf-st-separator clearfix\">\n                <div class=\"eltdf-separator\" ><\/div>\n            <\/div>\n        \t\t\t<\/div>[vc_column_text el_id=\u00bbelaboracio-integral2&#8243; el_class=\u00bbelaboracio-integral\u00bb]<\/p>\n<div class=\"logo-elaborador\"><img decoding=\"async\" src=\"https:\/\/vinselcep.com\/wp-content\/uploads\/2024\/06\/logo-elaboracio-integral-150x150.png\" alt=\"\" width=\"150\" height=\"150\"><\/div>\n<div class=\"elaborador-txt\">\n<p style=\"text-align: left;\">Primeros elaboradores integrales. 100% Prensado y elaborado en nuestra bodega.<\/p>\n<\/div>\n<p>[\/vc_column_text][\/vc_column_inner][\/vc_row_inner][vc_row_inner row_content_width=\u00bbgrid\u00bb][vc_column_inner width=\u00bb1\/2&#8243; css=\u00bb.vc_custom_1608208551942{padding-right: 10px !important;padding-left: 10px !important;}\u00bb][vc_empty_space height=\u00bb8px\u00bb][vc_column_text]<\/p>\n<h5 style=\"text-align: left;\"><span style=\"color: #8a8a8a;\">EXPERIENCIA Y PASI\u00d3N<\/span><\/h5>\n<p>[\/vc_column_text][vc_column_text]<\/p>\n<p style=\"text-align: justify;\"><span style=\"font-weight: 400;\">Dos generaciones combinan la experiencia y la tradici\u00f3n con la pasi\u00f3n y las nuevas apuestas. <\/span><span style=\"font-weight: 400;\">Un estricto control, tecnolog\u00eda y el cupage acertado, son la clave del \u00e9xito de nuestros vinos y cavas.<\/span><\/p>\n<p>[\/vc_column_text][vc_empty_space][\/vc_column_inner][vc_column_inner width=\u00bb1\/2&#8243; css=\u00bb.vc_custom_1608208559507{padding-right: 10px !important;padding-left: 10px !important;}\u00bb][vc_empty_space height=\u00bb8px\u00bb][vc_column_text]<\/p>\n<h5><span style=\"color: #8a8a8a;\">VINIFICACI\u00d3N<\/span><\/h5>\n<p>[\/vc_column_text][vc_column_text]<\/p>\n<p style=\"text-align: justify;\"><span style=\"font-weight: 400;\">La situaci\u00f3n de la bodega, junto a nuestros vi\u00f1edos, hace que la uva llegue en las mejores condiciones. Esta uva se prensa con una suave presi\u00f3n para extraer la fracci\u00f3n m\u00e1s noble del mosto, m\u00e1ximo un 50%, esto garantiza la m\u00e1xima calidad de nuestros vinos. En peque\u00f1os dep\u00f3sitos, y un estricto control durante la fermentaci\u00f3n, vinificamos por separado cada variedad seg\u00fan la vi\u00f1a de donde procede para personalizar cada uno de los vinos que obtendremos.<\/span><\/p>\n<p>[\/vc_column_text][vc_empty_space][\/vc_column_inner][\/vc_row_inner][vc_row_inner row_content_width=\u00bbgrid\u00bb][vc_column_inner width=\u00bb1\/2&#8243; css=\u00bb.vc_custom_1608208567463{padding-right: 10px !important;padding-left: 10px !important;}\u00bb][vc_empty_space height=\u00bb8px\u00bb][vc_column_text]<\/p>\n<h5><span style=\"color: #8a8a8a;\">CRIANZA<\/span><\/h5>\n<p>[\/vc_column_text][vc_column_text]<\/p>\n<p style=\"text-align: justify;\"><span style=\"font-weight: 400;\">En el interior de las cavas, protegidas de la luz, con una humedad constante y a bajas temperaturas, reposan nuestras botellas. S\u00f3lo con estas \u00f3ptimas condiciones y una larga crianza es posible, a\u00f1o tras a\u00f1o, transformar la uva en un cava excepcional. <\/span><span style=\"font-weight: 400;\">Las crianzas largas aportan la complejidad del bouquet, la finura y la integraci\u00f3n del carb\u00f3nico de nuestros cavas reserva y gran reserva.<\/span><\/p>\n<p>[\/vc_column_text][vc_empty_space][\/vc_column_inner][vc_column_inner width=\u00bb1\/2&#8243; css=\u00bb.vc_custom_1608208580654{padding-right: 10px !important;padding-left: 10px !important;}\u00bb][vc_empty_space height=\u00bb8px\u00bb][vc_column_text]<\/p>\n<h5><span style=\"color: #8a8a8a;\">TIRAJE<\/span><\/h5>\n<p>[\/vc_column_text][vc_column_text]<\/p>\n<p style=\"text-align: justify;\"><span style=\"font-weight: 400;\">Durante los primeros meses del a\u00f1o, cuando las temperaturas son m\u00e1s bajas, embotellamos nuestros vinos y cavas. En estas condiciones se lleva a cabo una lenta fermentaci\u00f3n en la botella para obtener los mejores aromas y unas finas burbujas que se combinar\u00e1n para iniciar el largo proceso de crianza. Las levaduras seleccionadas dar\u00e1n complejidad y car\u00e1cter a nuestros cavas.<\/span><\/p>\n<p>[\/vc_column_text][vc_empty_space][\/vc_column_inner][\/vc_row_inner]\t\t<\/div>\n\t<\/div>\n\t<\/div><\/div>[vc_row_inner content_text_aligment=\u00bbcenter\u00bb css=\u00bb.vc_custom_1490608379548{padding-top: 100px !important;}\u00bb][vc_column_inner]<div class=\"eltdf-elements-holder eltdf-responsive-mode-768\" ><div class=\"eltdf-eh-item eltdf-horizontal-alignment-center\" data-item-class=\"eltdf-eh-custom-686403\" >\n\t<div class=\"eltdf-eh-item-inner\" style=\"background-image: url(https:\/\/vinselcep.com\/wp-content\/uploads\/2020\/11\/vins-el-cep-sostenibilitat-2.jpg);background-size: cover\">\n\t\t<div class=\"eltdf-eh-item-content eltdf-eh-custom-686403\" style=\"padding: 16% 0%\">\n\t\t\t\t\t<\/div>\n\t<\/div>\n\t<\/div><\/div>[\/vc_column_inner][\/vc_row_inner][\/vc_column][\/vc_row]<\/p>\n<\/div>","protected":false},"excerpt":{"rendered":"<p>[vc_row row_content_width=\u00bbgrid\u00bb css=\u00bb.vc_custom_1607602799542{padding-top: 147px !important;}\u00bb el_id=\u00bbcompromiso\u00bb][vc_column css=\u00bb.vc_custom_1605861225797{padding-right: 20px !important;padding-left: 20px !important;}\u00bb el_id=\u00bbbiodinamica\u00bb][vc_separator][vc_empty_space height=\u00bb60px\u00bb][\/vc_column][\/vc_row][vc_row el_id=\u00bbelaboracion\u00bb][vc_column][vc_row_inner content_text_aligment=\u00bbcenter\u00bb css=\u00bb.vc_custom_1490608379548{padding-top: 100px !important;}\u00bb][vc_column_inner][\/vc_column_inner][\/vc_row_inner][\/vc_column][\/vc_row]<\/p>\n","protected":false},"author":2,"featured_media":0,"parent":0,"menu_order":0,"comment_status":"closed","ping_status":"closed","template":"full-width.php","meta":{"ngg_post_thumbnail":0,"footnotes":""},"class_list":["post-12959","page","type-page","status-publish","hentry"],"yoast_head":"<!-- This site is optimized with the Yoast SEO Premium plugin v26.9 (Yoast SEO v26.9) - https:\/\/yoast.com\/product\/yoast-seo-premium-wordpress\/ -->\n<title>Una viticultura ecol\u00f3gica y sostenible: nuestro compromiso con la naturaleza. | Vins el Cep<\/title>\n<meta name=\"description\" content=\"En los vi\u00f1edos y la bodega respetamos al m\u00e1ximo el medio ambiente. Trabajamos de manera sostenible con energ\u00edas renovables, respetando al m\u00e1ximo el medio ambiente en el vi\u00f1edo y en la bodega.\" \/>\n<meta name=\"robots\" content=\"index, follow, max-snippet:-1, max-image-preview:large, max-video-preview:-1\" \/>\n<link rel=\"canonical\" href=\"https:\/\/vinselcep.com\/es\/vino-y-cava-ecologico-biodinamico\/\" \/>\n<meta property=\"og:locale\" content=\"es_ES\" \/>\n<meta property=\"og:type\" content=\"article\" \/>\n<meta property=\"og:title\" content=\"Una viticultura ecol\u00f3gica y sostenible: nuestro compromiso con la naturaleza.\" \/>\n<meta property=\"og:description\" content=\"En los vi\u00f1edos y la bodega respetamos al m\u00e1ximo el medio ambiente. Trabajamos de manera sostenible con energ\u00edas renovables, respetando al m\u00e1ximo el medio ambiente en el vi\u00f1edo y en la bodega.\" \/>\n<meta property=\"og:url\" content=\"https:\/\/vinselcep.com\/es\/vino-y-cava-ecologico-biodinamico\/\" \/>\n<meta property=\"og:site_name\" content=\"Vins el Cep\" \/>\n<meta property=\"article:publisher\" content=\"https:\/\/ca-es.facebook.com\/VinselCep\/\" \/>\n<meta property=\"article:modified_time\" content=\"2024-06-06T14:40:38+00:00\" \/>\n<meta property=\"og:image\" content=\"https:\/\/vinselcep.com\/wp-content\/uploads\/2024\/06\/logo-elaboracio-integral-150x150.png\" \/>\n<meta name=\"twitter:card\" content=\"summary_large_image\" \/>\n<meta name=\"twitter:site\" content=\"@vinselcep\" \/>\n<meta name=\"twitter:label1\" content=\"Tiempo de lectura\" \/>\n\t<meta name=\"twitter:data1\" content=\"3 minutos\" \/>\n<script type=\"application\/ld+json\" class=\"yoast-schema-graph\">{\"@context\":\"https:\/\/schema.org\",\"@graph\":[{\"@type\":\"WebPage\",\"@id\":\"https:\/\/vinselcep.com\/es\/vino-y-cava-ecologico-biodinamico\/\",\"url\":\"https:\/\/vinselcep.com\/es\/vino-y-cava-ecologico-biodinamico\/\",\"name\":\"Una viticultura ecol\u00f3gica y sostenible: nuestro compromiso con la naturaleza. | Vins el Cep\",\"isPartOf\":{\"@id\":\"https:\/\/vinselcep.com\/es\/#website\"},\"primaryImageOfPage\":{\"@id\":\"https:\/\/vinselcep.com\/es\/vino-y-cava-ecologico-biodinamico\/#primaryimage\"},\"image\":{\"@id\":\"https:\/\/vinselcep.com\/es\/vino-y-cava-ecologico-biodinamico\/#primaryimage\"},\"thumbnailUrl\":\"https:\/\/vinselcep.com\/wp-content\/uploads\/2024\/06\/logo-elaboracio-integral-150x150.png\",\"datePublished\":\"2020-11-23T00:16:34+00:00\",\"dateModified\":\"2024-06-06T14:40:38+00:00\",\"description\":\"En los vi\u00f1edos y la bodega respetamos al m\u00e1ximo el medio ambiente. Trabajamos de manera sostenible con energ\u00edas renovables, respetando al m\u00e1ximo el medio ambiente en el vi\u00f1edo y en la bodega.\",\"breadcrumb\":{\"@id\":\"https:\/\/vinselcep.com\/es\/vino-y-cava-ecologico-biodinamico\/#breadcrumb\"},\"inLanguage\":\"es\",\"potentialAction\":[{\"@type\":\"ReadAction\",\"target\":[\"https:\/\/vinselcep.com\/es\/vino-y-cava-ecologico-biodinamico\/\"]}]},{\"@type\":\"ImageObject\",\"inLanguage\":\"es\",\"@id\":\"https:\/\/vinselcep.com\/es\/vino-y-cava-ecologico-biodinamico\/#primaryimage\",\"url\":\"https:\/\/vinselcep.com\/wp-content\/uploads\/2024\/06\/logo-elaboracio-integral-150x150.png\",\"contentUrl\":\"https:\/\/vinselcep.com\/wp-content\/uploads\/2024\/06\/logo-elaboracio-integral-150x150.png\"},{\"@type\":\"BreadcrumbList\",\"@id\":\"https:\/\/vinselcep.com\/es\/vino-y-cava-ecologico-biodinamico\/#breadcrumb\",\"itemListElement\":[{\"@type\":\"ListItem\",\"position\":1,\"name\":\"Inici\",\"item\":\"https:\/\/vinselcep.com\/es\/\"},{\"@type\":\"ListItem\",\"position\":2,\"name\":\"Una viticultura ecol\u00f3gica y sostenible: nuestro compromiso con la naturaleza.\"}]},{\"@type\":\"WebSite\",\"@id\":\"https:\/\/vinselcep.com\/es\/#website\",\"url\":\"https:\/\/vinselcep.com\/es\/\",\"name\":\"Vins el Cep\",\"description\":\"Viticultors des de 1448\",\"publisher\":{\"@id\":\"https:\/\/vinselcep.com\/es\/#organization\"},\"potentialAction\":[{\"@type\":\"SearchAction\",\"target\":{\"@type\":\"EntryPoint\",\"urlTemplate\":\"https:\/\/vinselcep.com\/es\/?s={search_term_string}\"},\"query-input\":{\"@type\":\"PropertyValueSpecification\",\"valueRequired\":true,\"valueName\":\"search_term_string\"}}],\"inLanguage\":\"es\"},{\"@type\":\"Organization\",\"@id\":\"https:\/\/vinselcep.com\/es\/#organization\",\"name\":\"Vins el Cep\",\"url\":\"https:\/\/vinselcep.com\/es\/\",\"logo\":{\"@type\":\"ImageObject\",\"inLanguage\":\"es\",\"@id\":\"https:\/\/vinselcep.com\/es\/#\/schema\/logo\/image\/\",\"url\":\"https:\/\/vinselcep.com\/wp-content\/uploads\/2020\/11\/logo-vinselcep-positiu.png\",\"contentUrl\":\"https:\/\/vinselcep.com\/wp-content\/uploads\/2020\/11\/logo-vinselcep-positiu.png\",\"width\":600,\"height\":379,\"caption\":\"Vins el Cep\"},\"image\":{\"@id\":\"https:\/\/vinselcep.com\/es\/#\/schema\/logo\/image\/\"},\"sameAs\":[\"https:\/\/ca-es.facebook.com\/VinselCep\/\",\"https:\/\/x.com\/vinselcep\",\"https:\/\/www.instagram.com\/vinselcep\/\"]}]}<\/script>\n<!-- \/ Yoast SEO Premium plugin. -->","yoast_head_json":{"title":"Una viticultura ecol\u00f3gica y sostenible: nuestro compromiso con la naturaleza. | Vins el Cep","description":"En los vi\u00f1edos y la bodega respetamos al m\u00e1ximo el medio ambiente. Trabajamos de manera sostenible con energ\u00edas renovables, respetando al m\u00e1ximo el medio ambiente en el vi\u00f1edo y en la bodega.","robots":{"index":"index","follow":"follow","max-snippet":"max-snippet:-1","max-image-preview":"max-image-preview:large","max-video-preview":"max-video-preview:-1"},"canonical":"https:\/\/vinselcep.com\/es\/vino-y-cava-ecologico-biodinamico\/","og_locale":"es_ES","og_type":"article","og_title":"Una viticultura ecol\u00f3gica y sostenible: nuestro compromiso con la naturaleza.","og_description":"En los vi\u00f1edos y la bodega respetamos al m\u00e1ximo el medio ambiente. Trabajamos de manera sostenible con energ\u00edas renovables, respetando al m\u00e1ximo el medio ambiente en el vi\u00f1edo y en la bodega.","og_url":"https:\/\/vinselcep.com\/es\/vino-y-cava-ecologico-biodinamico\/","og_site_name":"Vins el Cep","article_publisher":"https:\/\/ca-es.facebook.com\/VinselCep\/","article_modified_time":"2024-06-06T14:40:38+00:00","og_image":[{"url":"https:\/\/vinselcep.com\/wp-content\/uploads\/2024\/06\/logo-elaboracio-integral-150x150.png","type":"","width":"","height":""}],"twitter_card":"summary_large_image","twitter_site":"@vinselcep","twitter_misc":{"Tiempo de lectura":"3 minutos"},"schema":{"@context":"https:\/\/schema.org","@graph":[{"@type":"WebPage","@id":"https:\/\/vinselcep.com\/es\/vino-y-cava-ecologico-biodinamico\/","url":"https:\/\/vinselcep.com\/es\/vino-y-cava-ecologico-biodinamico\/","name":"Una viticultura ecol\u00f3gica y sostenible: nuestro compromiso con la naturaleza. | Vins el Cep","isPartOf":{"@id":"https:\/\/vinselcep.com\/es\/#website"},"primaryImageOfPage":{"@id":"https:\/\/vinselcep.com\/es\/vino-y-cava-ecologico-biodinamico\/#primaryimage"},"image":{"@id":"https:\/\/vinselcep.com\/es\/vino-y-cava-ecologico-biodinamico\/#primaryimage"},"thumbnailUrl":"https:\/\/vinselcep.com\/wp-content\/uploads\/2024\/06\/logo-elaboracio-integral-150x150.png","datePublished":"2020-11-23T00:16:34+00:00","dateModified":"2024-06-06T14:40:38+00:00","description":"En los vi\u00f1edos y la bodega respetamos al m\u00e1ximo el medio ambiente. Trabajamos de manera sostenible con energ\u00edas renovables, respetando al m\u00e1ximo el medio ambiente en el vi\u00f1edo y en la bodega.","breadcrumb":{"@id":"https:\/\/vinselcep.com\/es\/vino-y-cava-ecologico-biodinamico\/#breadcrumb"},"inLanguage":"es","potentialAction":[{"@type":"ReadAction","target":["https:\/\/vinselcep.com\/es\/vino-y-cava-ecologico-biodinamico\/"]}]},{"@type":"ImageObject","inLanguage":"es","@id":"https:\/\/vinselcep.com\/es\/vino-y-cava-ecologico-biodinamico\/#primaryimage","url":"https:\/\/vinselcep.com\/wp-content\/uploads\/2024\/06\/logo-elaboracio-integral-150x150.png","contentUrl":"https:\/\/vinselcep.com\/wp-content\/uploads\/2024\/06\/logo-elaboracio-integral-150x150.png"},{"@type":"BreadcrumbList","@id":"https:\/\/vinselcep.com\/es\/vino-y-cava-ecologico-biodinamico\/#breadcrumb","itemListElement":[{"@type":"ListItem","position":1,"name":"Inici","item":"https:\/\/vinselcep.com\/es\/"},{"@type":"ListItem","position":2,"name":"Una viticultura ecol\u00f3gica y sostenible: nuestro compromiso con la naturaleza."}]},{"@type":"WebSite","@id":"https:\/\/vinselcep.com\/es\/#website","url":"https:\/\/vinselcep.com\/es\/","name":"Vins el Cep","description":"Viticultors des de 1448","publisher":{"@id":"https:\/\/vinselcep.com\/es\/#organization"},"potentialAction":[{"@type":"SearchAction","target":{"@type":"EntryPoint","urlTemplate":"https:\/\/vinselcep.com\/es\/?s={search_term_string}"},"query-input":{"@type":"PropertyValueSpecification","valueRequired":true,"valueName":"search_term_string"}}],"inLanguage":"es"},{"@type":"Organization","@id":"https:\/\/vinselcep.com\/es\/#organization","name":"Vins el Cep","url":"https:\/\/vinselcep.com\/es\/","logo":{"@type":"ImageObject","inLanguage":"es","@id":"https:\/\/vinselcep.com\/es\/#\/schema\/logo\/image\/","url":"https:\/\/vinselcep.com\/wp-content\/uploads\/2020\/11\/logo-vinselcep-positiu.png","contentUrl":"https:\/\/vinselcep.com\/wp-content\/uploads\/2020\/11\/logo-vinselcep-positiu.png","width":600,"height":379,"caption":"Vins el Cep"},"image":{"@id":"https:\/\/vinselcep.com\/es\/#\/schema\/logo\/image\/"},"sameAs":["https:\/\/ca-es.facebook.com\/VinselCep\/","https:\/\/x.com\/vinselcep","https:\/\/www.instagram.com\/vinselcep\/"]}]}},"_links":{"self":[{"href":"https:\/\/vinselcep.com\/es\/wp-json\/wp\/v2\/pages\/12959","targetHints":{"allow":["GET"]}}],"collection":[{"href":"https:\/\/vinselcep.com\/es\/wp-json\/wp\/v2\/pages"}],"about":[{"href":"https:\/\/vinselcep.com\/es\/wp-json\/wp\/v2\/types\/page"}],"author":[{"embeddable":true,"href":"https:\/\/vinselcep.com\/es\/wp-json\/wp\/v2\/users\/2"}],"replies":[{"embeddable":true,"href":"https:\/\/vinselcep.com\/es\/wp-json\/wp\/v2\/comments?post=12959"}],"version-history":[{"count":0,"href":"https:\/\/vinselcep.com\/es\/wp-json\/wp\/v2\/pages\/12959\/revisions"}],"wp:attachment":[{"href":"https:\/\/vinselcep.com\/es\/wp-json\/wp\/v2\/media?parent=12959"}],"curies":[{"name":"wp","href":"https:\/\/api.w.org\/{rel}","templated":true}]}}