{"id":12954,"date":"2020-11-23T16:18:21","date_gmt":"2020-11-23T16:18:21","guid":{"rendered":"https:\/\/vinselcep.com\/nota-legal\/"},"modified":"2022-12-28T20:21:42","modified_gmt":"2022-12-28T19:21:42","slug":"nota-legal","status":"publish","type":"page","link":"https:\/\/vinselcep.com\/es\/nota-legal\/","title":{"rendered":"Nota Legal"},"content":{"rendered":"<div class=\"wpb-content-wrapper\"><p>[vc_row css=\u00bb.vc_custom_1606148135661{padding-top: 80px !important;padding-bottom: 80px !important;}\u00bb][vc_column]<div class=\"eltdf-elements-holder eltdf-responsive-mode-768 eltdf-one-column-alignment-left\" ><div class=\"eltdf-eh-item eltdf-horizontal-alignment-center\" data-item-class=\"eltdf-eh-custom-440823\" data-1280-1600=\"0 10% 0 10%\" data-1024-1280=\"0 10% 0 10%\" data-768-1024=\"0 10% 0 10%\" data-600-768=\"0 5% 0 5%\" data-480=\"0 5% 0 5%\" >\n\t<div class=\"eltdf-eh-item-inner\" >\n\t\t<div class=\"eltdf-eh-item-content eltdf-eh-custom-440823\" style=\"padding: 0 12% 0 12%\">\n\t\t\t<div class=\"eltdf-section-title-holder\" >\n\t\t\t<h2 class=\"eltdf-st-title\" >\n\t\t\t<span>CONDICIONES DE USO<\/span>\n\t\t<\/h2>\n                    <div class=\"eltdf-st-separator clearfix\">\n                <div class=\"eltdf-separator\" ><\/div>\n            <\/div>\n        \t\t\t<\/div>[vc_column_text]<\/p>\n<p style=\"text-align: left;\">1. <strong>DATOS DE VINS EL CEP<\/strong><br \/>\nEl sitio web www.vinselcep.com (en adelante, el \u201cSitio web\u201d) es titularidad de la compa\u00f1\u00eda VINS EL CEP, S.L, sociedad constituida conforme a la legislaci\u00f3n espa\u00f1ola, con &nbsp;domicilio en Can Llopart Alzines, s\/n, 08770 Sant Sadur\u00ed d\u2019Anoia, (Barcelona), titular del C.I.F n\u00famero B-60140605, inscrita en el Registro Mercantil de Barcelona en el Vol\u00famen 26369, Folio 69, hoja B-103311,Inscripci\u00f3n 8\u00aa.<\/p>\n<p style=\"text-align: left;\">2. <strong>OBJETO Y \u00c1MBITO DE APLICACI\u00d3N DE LAS CONDICIONES DE USO<\/strong><br \/>\nLas presentes condiciones de uso constituyen junto con la Pol\u00edtica de Privacidad y la Pol\u00edtica de Cookies el marco jur\u00eddico que regula el uso del sitio web www.vinselcep.com. Las presentes condiciones de uso estar\u00e1n a tu disposici\u00f3n en el sitio web en espa\u00f1ol para que puedas consultarlas, archivarlas o imprimirlas en cualquier momento y siempre que quieras.<br \/>\nPara conocer cualquier cuesti\u00f3n relativa al tratamiento que realiza VINS EL CEP de tus datos de car\u00e1cter personal, por favor visita nuestra Pol\u00edtica de Privacidad y nuestra Pol\u00edtica de Cookies. Ambas pol\u00edticas estar\u00e1n igualmente a tu disposici\u00f3n en espa\u00f1ol para que puedas consultarlas, archivarlas o imprimirlas en cualquier momento.<br \/>\nVins El Cep emplea cookies de terceros en el Sitio web. Para saber m\u00e1s del tipo de cookies empleadas en la web www.vinselcep.com, de su finalidad y de c\u00f3mo configurar tu navegador en caso de que no desees que empleemos dichas cookies, por favor visita nuestra Pol\u00edtica de Cookies.<br \/>\nTanto las presentes condiciones de uso, como la Pol\u00edtica de Privacidad y la Pol\u00edtica de Cookies han sido elaboradas de conformidad con lo dispuesto en la normativa aplicable vigente, entre otras, la Ley 34\/2002, de Servicios de la Sociedad de la Informaci\u00f3n y de Comercio Electr\u00f3nico y la Ley Org\u00e1nica 15\/1999, de 13 de diciembre, de Protecci\u00f3n de Datos de Car\u00e1cter Personal.<\/p>\n<p style=\"text-align: left;\">3. <strong>ACCESO AL SITIO WEB<\/strong><br \/>\nEl acceso al Sitio web es gratuito salvo en la parte relativa al coste de la conexi\u00f3n a trav\u00e9s de la red de telecomunicaciones suministrada por el proveedor de acceso a Internet que hayas contratado. Puedes navegar libremente por el Sitio web y acceder al mismo tantas veces como quieras. Para acceder y navegar por el Sitio web no es necesario que te registres.<br \/>\nEl uso del sitio web te atribuye la condici\u00f3n de usuario del sitio web (en adelante, el \u201cUsuario\u201d) e implica tu aceptaci\u00f3n plena y sin reservas de las presentes condiciones de uso, as\u00ed como de la Pol\u00edtica de Privacidad y la Pol\u00edtica de Cookies del Sitio web.<br \/>\nAl acceder al Sitio web y navegar por \u00e9l, declaras bajo tu responsabilidad que eres mayor de edad y que dispones de la capacidad legal necesaria para acceder al Sitio Web y usarlo, declarando igualmente que comprendes y aceptas \u00edntegramente y sin reservas las presentes condiciones de uso.<\/p>\n<p style=\"text-align: left;\">4. <strong>CONDICIONES DE USO DEL SITIO WEB<\/strong><br \/>\nEl Usuario se compromete a usar el Sitio web conforme a las presentes condiciones de uso, la legislaci\u00f3n vigente y la buena fe. As\u00ed, el Usuario responder\u00e1 ante VINS EL CEP y ante cualquier tercero por los da\u00f1os y perjuicios derivados del uso contrario a las presentes condiciones, a la legislaci\u00f3n y a la buena fe que haga el Usuario del Sitio web.<br \/>\nEl Usuario deber\u00e1 abstenerse en todo caso de:<br \/>\nReproducir, distribuir, comunicar p\u00fablicamente, transformar o modificar el Sitio web o cualquiera de sus contenidos, incluidas las presentes condiciones de uso, independientemente del fin con que dicho uso se realice, sin autorizaci\u00f3n previa y por escrito de VINS EL CEP.<br \/>\nIntroducir en el Sitio web o su red programas de datos susceptibles de provocar da\u00f1os en los sistemas inform\u00e1ticos de VINS EL CEP, sus proveedores, otros usuarios o terceros.<br \/>\nRealizar cualquier tipo de actividad il\u00edcita, fraudulenta, contraria a las presentes condiciones de uso, la legislaci\u00f3n vigente o la buena fe o que impida y\/o dificulte la correcta utilizaci\u00f3n del Sitio web o sus contenidos.<br \/>\nInsertar en p\u00e1ginas webs, plataformas, foros, chats, blogs o redes sociales ajenas cualquier tipo de enlace o v\u00ednculo que permita vincular o reproducir el Sitio web o los contenidos del mismo con dichas webs, plataformas, foros, chats, blogs o redes sociales ajenas salvo si el enlace \u00fanicamente vincula directamente a la p\u00e1gina principal del Sitio web sin que pueda reproducirlo de ninguna forma.<br \/>\nVincular o reproducir el Sitio Web o sus contenidos desde webs, plataformas, foros, chats, blogs o redes sociales ajenas que sean contrarias a la ley, ofensivas o atentatorias contra la dignidad humana, los derechos fundamentales y\/o sean susceptibles de ser consideradas como delictivas.<br \/>\nIntroducir y\/o difundir en el Sitio web contenidos il\u00edcitos o que atenten contra los derechos humanos y la dignidad de las personas como por ejemplo contenido racista, xen\u00f3fobo, pornogr\u00e1fico o que supongan apolog\u00eda del terrorismo.<\/p>\n<p style=\"text-align: left;\">5. <strong>DERECHOS DE PROPIEDAD INTELECTUAL E INDUSTRIAL<\/strong><br \/>\nEl Sitio web y sus contenidos son objeto de protecci\u00f3n en aplicaci\u00f3n de la normativa vigente nacional en materia de Propiedad Intelectual y\/o Industrial, as\u00ed como en aplicaci\u00f3n de los convenios internacionales aplicables en dichas materias. VINS EL CEP es la titular o tiene debidamente licenciados todos los derechos de Propiedad Intelectual e Industrial sobre el Sitio web y sus contenidos.<br \/>\nQueda prohibida cualquier forma de reproducci\u00f3n, distribuci\u00f3n, comunicaci\u00f3n p\u00fablica, transformaci\u00f3n, puesta a disposici\u00f3n y, en general, cualquier otro acto de explotaci\u00f3n tenga o no fines comerciales del Sitio web o de sus contenidos, sin el previo consentimiento previo y expreso de VINS EL CEP. Queda expresamente prohibido borrar los datos identificativos de VINS EL CEP como titular de los derechos de Propiedad Intelectual e Industrial del Sitio web o sus contenidos.<br \/>\nVINS EL CEP se reserva todos los derechos de Propiedad Intelectual e Industrial sobre el Sitio web y sus contenidos, reserv\u00e1ndose asimismo el ejercicio de cuantas acciones legales le correspondan con el fin de cesar, impedir o perseguir cualquier uso il\u00edcito del Sitio Web o de sus contenidos. En ning\u00fan caso y bajo ning\u00fan concepto el acceso al Sitio web o su uso por el Usuario o terceros constituyen o suponen una cesi\u00f3n de ning\u00fan tipo por parte de VINS EL CEP de los derechos de Propiedad Intelectual o Industrial del Sitio web o sus contenidos. En ning\u00fan caso la falta de requerimiento por parte de VINS EL CEP al cese de uso del Sitio web o de sus contenidos il\u00edcitos o contrarios a las presentes condiciones podr\u00e1 entenderse como consentimiento t\u00e1cito por parte de VINS EL CEP a dichos usos o como una renuncia al ejercicio de cualquier acci\u00f3n legal que pudiera corresponderle.<\/p>\n<p style=\"text-align: left;\">6. <strong>PROTECCI\u00d3N DE DATOS<\/strong><br \/>\nTal y como se establece en su Pol\u00edtica de Privacidad, VINS EL CEP se compromete en la utilizaci\u00f3n de los datos de los Usuarios, a respetar su confidencialidad y a utilizarlos de acuerdo con las finalidades descritas en la Pol\u00edtica de Privacidad, as\u00ed como a dar cumplimiento a su obligaci\u00f3n de guardarlos y adaptar todas las medidas para evitar la alteraci\u00f3n, p\u00e9rdida, tratamiento o acceso no autorizado de acuerdo con lo establecido en la legislaci\u00f3n vigente referente a la protecci\u00f3n de datos de car\u00e1cter personal.<br \/>\nEl Sitio web incorpora las salvaguardas adecuadas y utiliza la tecnolog\u00eda est\u00e1ndar del sector para mejorar la seguridad, integridad, exhaustividad, exactitud y protecci\u00f3n de los datos personales que tiene recopilados, y ha establecido las precauciones razonables para proteger esa informaci\u00f3n de posibles p\u00e9rdidas o malos usos. Sus normas sobre protecci\u00f3n de datos y seguridad se revisan peri\u00f3dicamente y se mejoran cuando es necesario, y se esfuerza para asegurar que s\u00f3lo las personas autorizadas puedan acceder a la informaci\u00f3n que proporciona el Usuario.<br \/>\nPara saber m\u00e1s sobre la gesti\u00f3n y tratamiento que realiza VINS EL CEP de tus datos por favor lee nuestra Pol\u00edtica de Privacidad y nuestra Pol\u00edtica de Cookies.<\/p>\n<p style=\"text-align: left;\">7. <strong>DURACI\u00d3N Y MODIFICACI\u00d3N<\/strong><br \/>\nLas presentes condiciones de uso estar\u00e1n vigentes durante el tiempo que est\u00e9n expuestas a los usuarios, de manera que en cuanto sean modificadas o actualizadas total o parcialmente, las presentes condiciones dejar\u00e1n de estar vigentes, siendo las nuevas condiciones de uso las que pasen a regular el uso del Sitio web.<br \/>\nVINS EL CEP se reserva la facultad de revisar, modificar o actualizar en cualquier momento las presentes condiciones de uso. Ante cualquier cambio en las presentes condiciones de uso por cualquier causa, VINS EL CEP, avisar\u00e1 a los usuarios en el home page de la web sobre dicha circunstancia con el fin de que estos est\u00e9n debidamente informados y puedan consultar las revisiones, modificaciones o actualizaciones de las presentes condiciones de uso a su entera satisfacci\u00f3n.<\/p>\n<p style=\"text-align: left;\">10. <strong>GENERALIDADES<\/strong><br \/>\nEn ning\u00fan caso y bajo ning\u00fan concepto la falta de ejercicio de sus derechos por parte de VINS EL CEP podr\u00e1 entenderse como una renuncia a los mismos.<br \/>\nLos encabezamientos contenidos en las presentes condiciones son meramente orientativas o informativas, de manera que no afectan, califican o ampl\u00edan la interpretaci\u00f3n de las mismas.<br \/>\nEn el caso de que cualquiera de las cl\u00e1usulas contenidas en las presentes condiciones fuera declarada nula, abusiva o inaplicable, total o parcialmente, por un \u00f3rgano judicial o administrativo, dicha declaraci\u00f3n afectar\u00e1 de manera individual a la cl\u00e1usula en cuesti\u00f3n, teni\u00e9ndose la misma por no puesta y sin que la declaraci\u00f3n de nulidad, abuso o inaplicabilidad pueda extenderse bajo ning\u00fan concepto al resto de condiciones, que subsistir\u00e1n.<br \/>\nLas presentes condiciones de uso, as\u00ed como la Pol\u00edtica de Privacidad y la Pol\u00edtica de Cookies se rigen por la normativa espa\u00f1ola vigente en cada momento.<\/p>\n<p>[\/vc_column_text]\t\t<\/div>\n\t<\/div>\n\t<\/div><\/div>[\/vc_column][\/vc_row]<\/p>\n<\/div>","protected":false},"excerpt":{"rendered":"<p>[vc_row css=\u00bb.vc_custom_1606148135661{padding-top: 80px !important;padding-bottom: 80px !important;}\u00bb][vc_column][\/vc_column][\/vc_row]<\/p>\n","protected":false},"author":1,"featured_media":0,"parent":0,"menu_order":0,"comment_status":"closed","ping_status":"closed","template":"","meta":{"ngg_post_thumbnail":0,"footnotes":""},"class_list":["post-12954","page","type-page","status-publish","hentry"],"yoast_head":"<!-- This site is optimized with the Yoast SEO Premium plugin v26.9 (Yoast SEO v26.9) - https:\/\/yoast.com\/product\/yoast-seo-premium-wordpress\/ -->\n<title>Nota Legal | Vins el Cep<\/title>\n<meta name=\"robots\" content=\"noindex, nofollow\" \/>\n<meta property=\"og:locale\" content=\"es_ES\" \/>\n<meta property=\"og:type\" content=\"article\" \/>\n<meta property=\"og:title\" content=\"Nota Legal\" \/>\n<meta property=\"og:description\" content=\"[vc_row css=\u00bb.vc_custom_1606148135661{padding-top: 80px !important;padding-bottom: 80px !important;}\u00bb][vc_column][\/vc_column][\/vc_row]\" \/>\n<meta property=\"og:url\" content=\"https:\/\/vinselcep.com\/es\/nota-legal\/\" \/>\n<meta property=\"og:site_name\" content=\"Vins el Cep\" \/>\n<meta property=\"article:publisher\" content=\"https:\/\/ca-es.facebook.com\/VinselCep\/\" \/>\n<meta property=\"article:modified_time\" content=\"2022-12-28T19:21:42+00:00\" \/>\n<meta name=\"twitter:card\" content=\"summary_large_image\" \/>\n<meta name=\"twitter:site\" content=\"@vinselcep\" \/>\n<meta name=\"twitter:label1\" content=\"Tiempo de lectura\" \/>\n\t<meta name=\"twitter:data1\" content=\"9 minutos\" \/>\n<script type=\"application\/ld+json\" class=\"yoast-schema-graph\">{\"@context\":\"https:\/\/schema.org\",\"@graph\":[{\"@type\":\"WebPage\",\"@id\":\"https:\/\/vinselcep.com\/es\/nota-legal\/\",\"url\":\"https:\/\/vinselcep.com\/es\/nota-legal\/\",\"name\":\"Nota Legal | Vins el Cep\",\"isPartOf\":{\"@id\":\"https:\/\/vinselcep.com\/es\/#website\"},\"datePublished\":\"2020-11-23T16:18:21+00:00\",\"dateModified\":\"2022-12-28T19:21:42+00:00\",\"breadcrumb\":{\"@id\":\"https:\/\/vinselcep.com\/es\/nota-legal\/#breadcrumb\"},\"inLanguage\":\"es\",\"potentialAction\":[{\"@type\":\"ReadAction\",\"target\":[\"https:\/\/vinselcep.com\/es\/nota-legal\/\"]}]},{\"@type\":\"BreadcrumbList\",\"@id\":\"https:\/\/vinselcep.com\/es\/nota-legal\/#breadcrumb\",\"itemListElement\":[{\"@type\":\"ListItem\",\"position\":1,\"name\":\"Inici\",\"item\":\"https:\/\/vinselcep.com\/es\/\"},{\"@type\":\"ListItem\",\"position\":2,\"name\":\"Nota Legal\"}]},{\"@type\":\"WebSite\",\"@id\":\"https:\/\/vinselcep.com\/es\/#website\",\"url\":\"https:\/\/vinselcep.com\/es\/\",\"name\":\"Vins el Cep\",\"description\":\"Viticultors des de 1448\",\"publisher\":{\"@id\":\"https:\/\/vinselcep.com\/es\/#organization\"},\"potentialAction\":[{\"@type\":\"SearchAction\",\"target\":{\"@type\":\"EntryPoint\",\"urlTemplate\":\"https:\/\/vinselcep.com\/es\/?s={search_term_string}\"},\"query-input\":{\"@type\":\"PropertyValueSpecification\",\"valueRequired\":true,\"valueName\":\"search_term_string\"}}],\"inLanguage\":\"es\"},{\"@type\":\"Organization\",\"@id\":\"https:\/\/vinselcep.com\/es\/#organization\",\"name\":\"Vins el Cep\",\"url\":\"https:\/\/vinselcep.com\/es\/\",\"logo\":{\"@type\":\"ImageObject\",\"inLanguage\":\"es\",\"@id\":\"https:\/\/vinselcep.com\/es\/#\/schema\/logo\/image\/\",\"url\":\"https:\/\/vinselcep.com\/wp-content\/uploads\/2020\/11\/logo-vinselcep-positiu.png\",\"contentUrl\":\"https:\/\/vinselcep.com\/wp-content\/uploads\/2020\/11\/logo-vinselcep-positiu.png\",\"width\":600,\"height\":379,\"caption\":\"Vins el Cep\"},\"image\":{\"@id\":\"https:\/\/vinselcep.com\/es\/#\/schema\/logo\/image\/\"},\"sameAs\":[\"https:\/\/ca-es.facebook.com\/VinselCep\/\",\"https:\/\/x.com\/vinselcep\",\"https:\/\/www.instagram.com\/vinselcep\/\"]}]}<\/script>\n<!-- \/ Yoast SEO Premium plugin. -->","yoast_head_json":{"title":"Nota Legal | Vins el Cep","robots":{"index":"noindex","follow":"nofollow"},"og_locale":"es_ES","og_type":"article","og_title":"Nota Legal","og_description":"[vc_row css=\u00bb.vc_custom_1606148135661{padding-top: 80px !important;padding-bottom: 80px !important;}\u00bb][vc_column][\/vc_column][\/vc_row]","og_url":"https:\/\/vinselcep.com\/es\/nota-legal\/","og_site_name":"Vins el Cep","article_publisher":"https:\/\/ca-es.facebook.com\/VinselCep\/","article_modified_time":"2022-12-28T19:21:42+00:00","twitter_card":"summary_large_image","twitter_site":"@vinselcep","twitter_misc":{"Tiempo de lectura":"9 minutos"},"schema":{"@context":"https:\/\/schema.org","@graph":[{"@type":"WebPage","@id":"https:\/\/vinselcep.com\/es\/nota-legal\/","url":"https:\/\/vinselcep.com\/es\/nota-legal\/","name":"Nota Legal | Vins el Cep","isPartOf":{"@id":"https:\/\/vinselcep.com\/es\/#website"},"datePublished":"2020-11-23T16:18:21+00:00","dateModified":"2022-12-28T19:21:42+00:00","breadcrumb":{"@id":"https:\/\/vinselcep.com\/es\/nota-legal\/#breadcrumb"},"inLanguage":"es","potentialAction":[{"@type":"ReadAction","target":["https:\/\/vinselcep.com\/es\/nota-legal\/"]}]},{"@type":"BreadcrumbList","@id":"https:\/\/vinselcep.com\/es\/nota-legal\/#breadcrumb","itemListElement":[{"@type":"ListItem","position":1,"name":"Inici","item":"https:\/\/vinselcep.com\/es\/"},{"@type":"ListItem","position":2,"name":"Nota Legal"}]},{"@type":"WebSite","@id":"https:\/\/vinselcep.com\/es\/#website","url":"https:\/\/vinselcep.com\/es\/","name":"Vins el Cep","description":"Viticultors des de 1448","publisher":{"@id":"https:\/\/vinselcep.com\/es\/#organization"},"potentialAction":[{"@type":"SearchAction","target":{"@type":"EntryPoint","urlTemplate":"https:\/\/vinselcep.com\/es\/?s={search_term_string}"},"query-input":{"@type":"PropertyValueSpecification","valueRequired":true,"valueName":"search_term_string"}}],"inLanguage":"es"},{"@type":"Organization","@id":"https:\/\/vinselcep.com\/es\/#organization","name":"Vins el Cep","url":"https:\/\/vinselcep.com\/es\/","logo":{"@type":"ImageObject","inLanguage":"es","@id":"https:\/\/vinselcep.com\/es\/#\/schema\/logo\/image\/","url":"https:\/\/vinselcep.com\/wp-content\/uploads\/2020\/11\/logo-vinselcep-positiu.png","contentUrl":"https:\/\/vinselcep.com\/wp-content\/uploads\/2020\/11\/logo-vinselcep-positiu.png","width":600,"height":379,"caption":"Vins el Cep"},"image":{"@id":"https:\/\/vinselcep.com\/es\/#\/schema\/logo\/image\/"},"sameAs":["https:\/\/ca-es.facebook.com\/VinselCep\/","https:\/\/x.com\/vinselcep","https:\/\/www.instagram.com\/vinselcep\/"]}]}},"_links":{"self":[{"href":"https:\/\/vinselcep.com\/es\/wp-json\/wp\/v2\/pages\/12954","targetHints":{"allow":["GET"]}}],"collection":[{"href":"https:\/\/vinselcep.com\/es\/wp-json\/wp\/v2\/pages"}],"about":[{"href":"https:\/\/vinselcep.com\/es\/wp-json\/wp\/v2\/types\/page"}],"author":[{"embeddable":true,"href":"https:\/\/vinselcep.com\/es\/wp-json\/wp\/v2\/users\/1"}],"replies":[{"embeddable":true,"href":"https:\/\/vinselcep.com\/es\/wp-json\/wp\/v2\/comments?post=12954"}],"version-history":[{"count":0,"href":"https:\/\/vinselcep.com\/es\/wp-json\/wp\/v2\/pages\/12954\/revisions"}],"wp:attachment":[{"href":"https:\/\/vinselcep.com\/es\/wp-json\/wp\/v2\/media?parent=12954"}],"curies":[{"name":"wp","href":"https:\/\/api.w.org\/{rel}","templated":true}]}}