{"id":33983,"date":"2025-02-27T15:22:22","date_gmt":"2025-02-27T14:22:22","guid":{"rendered":"https:\/\/vinselcep.com\/?post_type=product&#038;p=33983"},"modified":"2026-01-29T12:55:11","modified_gmt":"2026-01-29T11:55:11","slug":"el-penedes-en-tres-temps","status":"publish","type":"product","link":"https:\/\/vinselcep.com\/en\/botiga-cava-vins-enoturisme-barcelona\/enoturisme-en\/el-penedes-en-tres-temps\/","title":{"rendered":"El Pened\u00e8s en Tres Temps \u00ae"},"content":{"rendered":"<p><em>For any other questions or doubts related to visits, contact <a href=\"mailto:reserva@vinselcep.com\">reserva@vinselcep.com<\/a> or send a Whatsapp to 620246257.<br \/>\n<\/em><\/p>\n","protected":false},"excerpt":{"rendered":"<div class=\"experiencies-1\">\n<h1 class=\"ai-optimize-24\">AVAILABILITY:<\/h1>\n<h3 class=\"ai-optimize-25\"><span class=\"VIiyi\" lang=\"en\"><span class=\"JLqJ4b ChMk0b\" data-language-for-alternatives=\"en\" data-language-to-translate-into=\"ca\" data-phrase-index=\"0\" data-number-of-phrases=\"1\">TUESDAY TO SATURDAY (CHECK FOR HOLIDAYS)<\/span><\/span><\/h3>\n<h2 class=\"ai-optimize-26\">DURATION:<\/h2>\n<h3 class=\"ai-optimize-27\">Approximately 8 hours<\/h3>\n<h3 class=\"ai-optimize-28\">PRIOR RESERVATION REQUIRED 48 HOURS IN ADVANCE<\/h3>\n<h3 class=\"ai-optimize-29\">MINIMUM GROUP OF 2 PEOPLE<\/h3>\n<p class=\"ai-optimize-30\"><strong>Treat yourself to a special day in El Pened\u00e8s, surrounded by vineyards, cooking, and history!<\/strong><\/p>\n<p class=\"ai-optimize-31\"><strong>FIRST STEP: VINEYARDS AND WINERY<\/strong><br \/>\nStart the morning at <strong>Vins el Cep<\/strong>, a winery with roots dating back to 1448. Learn about the history of the union of four winemaking families and their estates. Walk through vineyards and forests, explore our winery, and enjoy a wine and cava tasting in the privileged surroundings of Espiells.<\/p>\n<p class=\"ai-optimize-32\"><strong>SECOND STEP: CULINARY EXPERIENCE WITH IDENTITY<\/strong><br \/>\nAt midday, enjoy lunch at the <strong>restaurant El Cigr\u00f3 d&#8217;Or<\/strong>, where <strong>chef Oriol Llavina<\/strong> brings Catalan cuisine to life using local, seasonal products. A warm and welcoming space located at the Vilafranca del Pened\u00e8s Meat Market. El Cigr\u00f3 d&#8217;Or is a safe bet for food lovers.<br \/>\n<a href=\"https:\/\/www.elcigrodor.com\/\" target=\"_blank\" rel=\"noopener\">https:\/\/www.elcigrodor.com\/&nbsp;<\/a><\/p>\n<p class=\"ai-optimize-33\"><strong>THIRD STEP: HISTORY AND CULTURE OF WINE<\/strong><br \/>\nJust a two-minute walk away, end the day with a visit to<strong> VINSEUM<\/strong>, the Museum of the Cultures of Wine in Catalonia. This newly renovated museum is located in a former house-palace in Vilafranca del Pened\u00e8s. A fascinating journey through 3,000 years of winemaking history. <a href=\"https:\/\/vinseum.cat\/es\/\" target=\"_blank\" rel=\"noopener\">https:\/\/vinseum.cat\/es\/<\/a><\/p>\n<p class=\"ai-optimize-34\"><strong>The activity includes<\/strong>:<\/p>\n<ol>\n<li class=\"ai-optimize-35\">Guided tour of the <strong>Vins el Cep winery<\/strong>, Espiells: Vineyard + winery + Tasting of 2 wines and 2 cavas (12:00h).<\/li>\n<li class=\"ai-optimize-36\">Lunch at <strong>El Cigr\u00f3 d&#8217;Or<\/strong> Restaurant, Vilafranca del Pened\u00e8s (14:00h).<\/li>\n<li class=\"ai-optimize-37\">Visit to <strong>Vinseum<\/strong>, Vilafranca del Pened\u00e8s (16:00h).<\/li>\n<\/ol>\n<p class=\"ai-optimize-38\">* Minimum group of 2 people.<br \/>\n*Transportation between activities is the visitor\u2019s responsibility. However, the winery can help arrange public transport.<br \/>\n*The Vinseum activity does not include a glass. A glass can be offered for an additional 3\u20ac.<br \/>\n*For any other inquiries or questions regarding the visits, please contact reserva@vinselcep.com or send a WhatsApp to 620246257.<\/p>\n<p class=\"ai-optimize-39\" style=\"text-align: center;\"><strong>BOOK<\/strong><\/p>\n<\/div>\n","protected":false},"featured_media":37857,"template":"","meta":{"ngg_post_thumbnail":0},"product_brand":[],"product_cat":[299],"product_tag":[],"class_list":{"0":"post-33983","1":"product","2":"type-product","3":"status-publish","4":"has-post-thumbnail","6":"product_cat-enoturisme-en","8":"first","9":"instock","10":"virtual","11":"sold-individually","12":"purchasable","13":"product-type-booking"},"yoast_head":"<!-- This site is optimized with the Yoast SEO Premium plugin v26.9 (Yoast SEO v26.9) - https:\/\/yoast.com\/product\/yoast-seo-premium-wordpress\/ -->\n<title>The Pened\u00e8s in three steps<\/title>\n<meta name=\"description\" content=\"Guided tour of the Vins el Cep winery, Espiells: Vineyard + winery + Tasting of 2 wines and 2 cavas.Lunch at El Cigr\u00f3 d&#039;Or Restaurant, Vilafranca del Pened\u00e8s.Visit to Vinseum, Vilafranca del Pened\u00e8s.\" \/>\n<meta name=\"robots\" content=\"index, follow, max-snippet:-1, max-image-preview:large, max-video-preview:-1\" \/>\n<link rel=\"canonical\" href=\"https:\/\/vinselcep.com\/en\/botiga-cava-vins-enoturisme-barcelona\/enoturisme-en\/el-penedes-en-tres-temps\/\" \/>\n<meta property=\"og:locale\" content=\"en_US\" \/>\n<meta property=\"og:type\" content=\"article\" \/>\n<meta property=\"og:title\" content=\"El Pened\u00e8s en Tres Temps \u00ae\" \/>\n<meta property=\"og:description\" content=\"Guided tour of the Vins el Cep winery, Espiells: Vineyard + winery + Tasting of 2 wines and 2 cavas.Lunch at El Cigr\u00f3 d&#039;Or Restaurant, Vilafranca del Pened\u00e8s.Visit to Vinseum, Vilafranca del Pened\u00e8s.\" \/>\n<meta property=\"og:url\" content=\"https:\/\/vinselcep.com\/en\/botiga-cava-vins-enoturisme-barcelona\/enoturisme-en\/el-penedes-en-tres-temps\/\" \/>\n<meta property=\"og:site_name\" content=\"Vins el Cep\" \/>\n<meta property=\"article:publisher\" content=\"https:\/\/ca-es.facebook.com\/VinselCep\/\" \/>\n<meta property=\"article:modified_time\" content=\"2026-01-29T11:55:11+00:00\" \/>\n<meta property=\"og:image\" content=\"https:\/\/vinselcep.com\/wp-content\/uploads\/2025\/02\/FOTO-PORTADA.webp\" \/>\n\t<meta property=\"og:image:width\" content=\"1080\" \/>\n\t<meta property=\"og:image:height\" content=\"720\" \/>\n\t<meta property=\"og:image:type\" content=\"image\/webp\" \/>\n<meta name=\"twitter:card\" content=\"summary_large_image\" \/>\n<meta name=\"twitter:site\" content=\"@vinselcep\" \/>\n<meta name=\"twitter:label1\" content=\"Price\" \/>\n\t<meta name=\"twitter:data1\" content=\"&euro;220.00\" \/>\n\t<meta name=\"twitter:label2\" content=\"Availability\" \/>\n\t<meta name=\"twitter:data2\" content=\"In stock\" \/>\n<script type=\"application\/ld+json\" class=\"yoast-schema-graph\">{\"@context\":\"https:\/\/schema.org\",\"@graph\":[{\"@type\":[\"WebPage\",\"ItemPage\"],\"@id\":\"https:\/\/vinselcep.com\/en\/botiga-cava-vins-enoturisme-barcelona\/enoturisme-en\/el-penedes-en-tres-temps\/\",\"url\":\"https:\/\/vinselcep.com\/en\/botiga-cava-vins-enoturisme-barcelona\/enoturisme-en\/el-penedes-en-tres-temps\/\",\"name\":\"The Pened\u00e8s in three steps\",\"isPartOf\":{\"@id\":\"https:\/\/vinselcep.com\/en\/#website\"},\"primaryImageOfPage\":{\"@id\":\"https:\/\/vinselcep.com\/en\/botiga-cava-vins-enoturisme-barcelona\/enoturisme-en\/el-penedes-en-tres-temps\/#primaryimage\"},\"image\":{\"@id\":\"https:\/\/vinselcep.com\/en\/botiga-cava-vins-enoturisme-barcelona\/enoturisme-en\/el-penedes-en-tres-temps\/#primaryimage\"},\"thumbnailUrl\":\"https:\/\/vinselcep.com\/wp-content\/uploads\/2025\/02\/el-penedes-en-3-temps-2.webp\",\"datePublished\":\"2025-02-27T14:22:22+00:00\",\"dateModified\":\"2026-01-29T11:55:11+00:00\",\"description\":\"Guided tour of the Vins el Cep winery, Espiells: Vineyard + winery + Tasting of 2 wines and 2 cavas.Lunch at El Cigr\u00f3 d'Or Restaurant, Vilafranca del Pened\u00e8s.Visit to Vinseum, Vilafranca del Pened\u00e8s.\",\"breadcrumb\":{\"@id\":\"https:\/\/vinselcep.com\/en\/botiga-cava-vins-enoturisme-barcelona\/enoturisme-en\/el-penedes-en-tres-temps\/#breadcrumb\"},\"inLanguage\":\"en-US\",\"potentialAction\":[{\"@type\":\"ReadAction\",\"target\":[\"https:\/\/vinselcep.com\/en\/botiga-cava-vins-enoturisme-barcelona\/enoturisme-en\/el-penedes-en-tres-temps\/\"]}]},{\"@type\":\"ImageObject\",\"inLanguage\":\"en-US\",\"@id\":\"https:\/\/vinselcep.com\/en\/botiga-cava-vins-enoturisme-barcelona\/enoturisme-en\/el-penedes-en-tres-temps\/#primaryimage\",\"url\":\"https:\/\/vinselcep.com\/wp-content\/uploads\/2025\/02\/el-penedes-en-3-temps-2.webp\",\"contentUrl\":\"https:\/\/vinselcep.com\/wp-content\/uploads\/2025\/02\/el-penedes-en-3-temps-2.webp\",\"width\":900,\"height\":600},{\"@type\":\"BreadcrumbList\",\"@id\":\"https:\/\/vinselcep.com\/en\/botiga-cava-vins-enoturisme-barcelona\/enoturisme-en\/el-penedes-en-tres-temps\/#breadcrumb\",\"itemListElement\":[{\"@type\":\"ListItem\",\"position\":1,\"name\":\"Inici\",\"item\":\"https:\/\/vinselcep.com\/en\/\"},{\"@type\":\"ListItem\",\"position\":2,\"name\":\"Buy cava, wine and wine tourism experiences in the Pened\u00e8s (Barcelona)\",\"item\":\"https:\/\/vinselcep.com\/en\/shop-wine-wine-wine-tourism-barcelona\/\"},{\"@type\":\"ListItem\",\"position\":3,\"name\":\"El Pened\u00e8s en Tres Temps \u00ae\"}]},{\"@type\":\"WebSite\",\"@id\":\"https:\/\/vinselcep.com\/en\/#website\",\"url\":\"https:\/\/vinselcep.com\/en\/\",\"name\":\"Vins el Cep\",\"description\":\"Viticultors des de 1448\",\"publisher\":{\"@id\":\"https:\/\/vinselcep.com\/en\/#organization\"},\"potentialAction\":[{\"@type\":\"SearchAction\",\"target\":{\"@type\":\"EntryPoint\",\"urlTemplate\":\"https:\/\/vinselcep.com\/en\/?s={search_term_string}\"},\"query-input\":{\"@type\":\"PropertyValueSpecification\",\"valueRequired\":true,\"valueName\":\"search_term_string\"}}],\"inLanguage\":\"en-US\"},{\"@type\":\"Organization\",\"@id\":\"https:\/\/vinselcep.com\/en\/#organization\",\"name\":\"Vins el Cep\",\"url\":\"https:\/\/vinselcep.com\/en\/\",\"logo\":{\"@type\":\"ImageObject\",\"inLanguage\":\"en-US\",\"@id\":\"https:\/\/vinselcep.com\/en\/#\/schema\/logo\/image\/\",\"url\":\"https:\/\/vinselcep.com\/wp-content\/uploads\/2020\/11\/logo-vinselcep-positiu.png\",\"contentUrl\":\"https:\/\/vinselcep.com\/wp-content\/uploads\/2020\/11\/logo-vinselcep-positiu.png\",\"width\":600,\"height\":379,\"caption\":\"Vins el Cep\"},\"image\":{\"@id\":\"https:\/\/vinselcep.com\/en\/#\/schema\/logo\/image\/\"},\"sameAs\":[\"https:\/\/ca-es.facebook.com\/VinselCep\/\",\"https:\/\/x.com\/vinselcep\",\"https:\/\/www.instagram.com\/vinselcep\/\"]}]}<\/script>\n<meta property=\"product:price:amount\" content=\"220.00\" \/>\n<meta property=\"product:price:currency\" content=\"EUR\" \/>\n<meta property=\"og:availability\" content=\"instock\" \/>\n<meta property=\"product:availability\" content=\"instock\" \/>\n<meta property=\"product:retailer_item_id\" content=\"12JZE-1\" \/>\n<meta property=\"product:condition\" content=\"new\" \/>\n<!-- \/ Yoast SEO Premium plugin. -->","yoast_head_json":{"title":"The Pened\u00e8s in three steps","description":"Guided tour of the Vins el Cep winery, Espiells: Vineyard + winery + Tasting of 2 wines and 2 cavas.Lunch at El Cigr\u00f3 d'Or Restaurant, Vilafranca del Pened\u00e8s.Visit to Vinseum, Vilafranca del Pened\u00e8s.","robots":{"index":"index","follow":"follow","max-snippet":"max-snippet:-1","max-image-preview":"max-image-preview:large","max-video-preview":"max-video-preview:-1"},"canonical":"https:\/\/vinselcep.com\/en\/botiga-cava-vins-enoturisme-barcelona\/enoturisme-en\/el-penedes-en-tres-temps\/","og_locale":"en_US","og_type":"article","og_title":"El Pened\u00e8s en Tres Temps \u00ae","og_description":"Guided tour of the Vins el Cep winery, Espiells: Vineyard + winery + Tasting of 2 wines and 2 cavas.Lunch at El Cigr\u00f3 d'Or Restaurant, Vilafranca del Pened\u00e8s.Visit to Vinseum, Vilafranca del Pened\u00e8s.","og_url":"https:\/\/vinselcep.com\/en\/botiga-cava-vins-enoturisme-barcelona\/enoturisme-en\/el-penedes-en-tres-temps\/","og_site_name":"Vins el Cep","article_publisher":"https:\/\/ca-es.facebook.com\/VinselCep\/","article_modified_time":"2026-01-29T11:55:11+00:00","og_image":[{"width":1080,"height":720,"url":"https:\/\/vinselcep.com\/wp-content\/uploads\/2025\/02\/FOTO-PORTADA.webp","type":"image\/webp"}],"twitter_card":"summary_large_image","twitter_site":"@vinselcep","twitter_misc":{"Price":"&euro;220.00","Availability":"In stock"},"schema":{"@context":"https:\/\/schema.org","@graph":[{"@type":["WebPage","ItemPage"],"@id":"https:\/\/vinselcep.com\/en\/botiga-cava-vins-enoturisme-barcelona\/enoturisme-en\/el-penedes-en-tres-temps\/","url":"https:\/\/vinselcep.com\/en\/botiga-cava-vins-enoturisme-barcelona\/enoturisme-en\/el-penedes-en-tres-temps\/","name":"The Pened\u00e8s in three steps","isPartOf":{"@id":"https:\/\/vinselcep.com\/en\/#website"},"primaryImageOfPage":{"@id":"https:\/\/vinselcep.com\/en\/botiga-cava-vins-enoturisme-barcelona\/enoturisme-en\/el-penedes-en-tres-temps\/#primaryimage"},"image":{"@id":"https:\/\/vinselcep.com\/en\/botiga-cava-vins-enoturisme-barcelona\/enoturisme-en\/el-penedes-en-tres-temps\/#primaryimage"},"thumbnailUrl":"https:\/\/vinselcep.com\/wp-content\/uploads\/2025\/02\/el-penedes-en-3-temps-2.webp","datePublished":"2025-02-27T14:22:22+00:00","dateModified":"2026-01-29T11:55:11+00:00","description":"Guided tour of the Vins el Cep winery, Espiells: Vineyard + winery + Tasting of 2 wines and 2 cavas.Lunch at El Cigr\u00f3 d'Or Restaurant, Vilafranca del Pened\u00e8s.Visit to Vinseum, Vilafranca del Pened\u00e8s.","breadcrumb":{"@id":"https:\/\/vinselcep.com\/en\/botiga-cava-vins-enoturisme-barcelona\/enoturisme-en\/el-penedes-en-tres-temps\/#breadcrumb"},"inLanguage":"en-US","potentialAction":[{"@type":"ReadAction","target":["https:\/\/vinselcep.com\/en\/botiga-cava-vins-enoturisme-barcelona\/enoturisme-en\/el-penedes-en-tres-temps\/"]}]},{"@type":"ImageObject","inLanguage":"en-US","@id":"https:\/\/vinselcep.com\/en\/botiga-cava-vins-enoturisme-barcelona\/enoturisme-en\/el-penedes-en-tres-temps\/#primaryimage","url":"https:\/\/vinselcep.com\/wp-content\/uploads\/2025\/02\/el-penedes-en-3-temps-2.webp","contentUrl":"https:\/\/vinselcep.com\/wp-content\/uploads\/2025\/02\/el-penedes-en-3-temps-2.webp","width":900,"height":600},{"@type":"BreadcrumbList","@id":"https:\/\/vinselcep.com\/en\/botiga-cava-vins-enoturisme-barcelona\/enoturisme-en\/el-penedes-en-tres-temps\/#breadcrumb","itemListElement":[{"@type":"ListItem","position":1,"name":"Inici","item":"https:\/\/vinselcep.com\/en\/"},{"@type":"ListItem","position":2,"name":"Buy cava, wine and wine tourism experiences in the Pened\u00e8s (Barcelona)","item":"https:\/\/vinselcep.com\/en\/shop-wine-wine-wine-tourism-barcelona\/"},{"@type":"ListItem","position":3,"name":"El Pened\u00e8s en Tres Temps \u00ae"}]},{"@type":"WebSite","@id":"https:\/\/vinselcep.com\/en\/#website","url":"https:\/\/vinselcep.com\/en\/","name":"Vins el Cep","description":"Viticultors des de 1448","publisher":{"@id":"https:\/\/vinselcep.com\/en\/#organization"},"potentialAction":[{"@type":"SearchAction","target":{"@type":"EntryPoint","urlTemplate":"https:\/\/vinselcep.com\/en\/?s={search_term_string}"},"query-input":{"@type":"PropertyValueSpecification","valueRequired":true,"valueName":"search_term_string"}}],"inLanguage":"en-US"},{"@type":"Organization","@id":"https:\/\/vinselcep.com\/en\/#organization","name":"Vins el Cep","url":"https:\/\/vinselcep.com\/en\/","logo":{"@type":"ImageObject","inLanguage":"en-US","@id":"https:\/\/vinselcep.com\/en\/#\/schema\/logo\/image\/","url":"https:\/\/vinselcep.com\/wp-content\/uploads\/2020\/11\/logo-vinselcep-positiu.png","contentUrl":"https:\/\/vinselcep.com\/wp-content\/uploads\/2020\/11\/logo-vinselcep-positiu.png","width":600,"height":379,"caption":"Vins el Cep"},"image":{"@id":"https:\/\/vinselcep.com\/en\/#\/schema\/logo\/image\/"},"sameAs":["https:\/\/ca-es.facebook.com\/VinselCep\/","https:\/\/x.com\/vinselcep","https:\/\/www.instagram.com\/vinselcep\/"]}]},"product_price_amount":"220.00","product_price_currency":"EUR","og_availability":"instock","product_availability":"instock","product_retailer_item_id":"12JZE-1","product_condition":"new"},"_links":{"self":[{"href":"https:\/\/vinselcep.com\/en\/wp-json\/wp\/v2\/product\/33983","targetHints":{"allow":["GET"]}}],"collection":[{"href":"https:\/\/vinselcep.com\/en\/wp-json\/wp\/v2\/product"}],"about":[{"href":"https:\/\/vinselcep.com\/en\/wp-json\/wp\/v2\/types\/product"}],"wp:featuredmedia":[{"embeddable":true,"href":"https:\/\/vinselcep.com\/en\/wp-json\/wp\/v2\/media\/37857"}],"wp:attachment":[{"href":"https:\/\/vinselcep.com\/en\/wp-json\/wp\/v2\/media?parent=33983"}],"wp:term":[{"taxonomy":"product_brand","embeddable":true,"href":"https:\/\/vinselcep.com\/en\/wp-json\/wp\/v2\/product_brand?post=33983"},{"taxonomy":"product_cat","embeddable":true,"href":"https:\/\/vinselcep.com\/en\/wp-json\/wp\/v2\/product_cat?post=33983"},{"taxonomy":"product_tag","embeddable":true,"href":"https:\/\/vinselcep.com\/en\/wp-json\/wp\/v2\/product_tag?post=33983"}],"curies":[{"name":"wp","href":"https:\/\/api.w.org\/{rel}","templated":true}]}}